{"id":326,"date":"2024-07-05T20:16:31","date_gmt":"2024-07-05T12:16:31","guid":{"rendered":"https:\/\/ruiqigo.com\/?post_type=product&#038;p=326"},"modified":"2024-09-26T17:45:54","modified_gmt":"2024-09-26T09:45:54","slug":"bath-and-body-lotion","status":"publish","type":"product","link":"https:\/\/www.ruiqigo.com\/de\/product\/bath-and-body-lotion","title":{"rendered":"Bade- und K\u00f6rperlotion"},"content":{"rendered":"<h3 class=\"wp-block-heading\">Herstellung von Bade- und K\u00f6rperlotionen \u2013 g\u00e4ngige Formeln<\/h3>\n\n\n\n<p>Diese Lotion besteht aus vielen hochwertigen nat\u00fcrlichen Inhaltsstoffen: Natriumhyaluronat hat eine ausgezeichnete feuchtigkeitsspendende Wirkung und kann die Haut tiefgehend mit Feuchtigkeit versorgen und n\u00e4hren; Allantoin st\u00e4rkt die Hautbarriere und lindert Trockenheit; Aloe Vera Cura\u00e7ao-Wasser ist reich an Vitaminen und Mineralien, was die Haut wirksam aufhellt und weich macht. Diese Inhaltsstoffe sind sanft und sicher, ohne chemische Zus\u00e4tze und k\u00f6nnen Ihnen ein reines, zusatzstofffreies Hautpflegeerlebnis bieten.<\/p>\n\n\n\n<h3 class=\"wp-block-heading\">Bade- und K\u00f6rperlotion Anwendbare Szenarien<\/h3>\n\n\n\n<p>Bade- und K\u00f6rperlotionen sind f\u00fcr alle Klimazonen geeignet. In den trockenen Wintermonaten spendet sie der Haut tiefenwirksam Feuchtigkeit und n\u00e4hrt sie, wodurch Trockenheit und Spannungsgef\u00fchl durch die K\u00e4lte gelindert werden; in den hei\u00dfen Sommermonaten zieht ihre erfrischende und seidige Textur schnell ein, ohne ein klebriges Gef\u00fchl zu hinterlassen, und versorgt die Haut langanhaltend mit Feuchtigkeit. Oder wir haben mehr <a href=\"https:\/\/www.ruiqigo.com\/de\/products\/body-lotion\/\">K\u00f6rperlotion<\/a> Optionen, aus denen Sie ausw\u00e4hlen k\u00f6nnen.<\/p>\n\n\n\n<h3 class=\"wp-block-heading\">F\u00fcr wen ist Bade- und K\u00f6rperlotion geeignet?<\/h3>\n\n\n\n<p>Bade- und K\u00f6rperlotionen sind f\u00fcr Menschen jeden Alters geeignet. Sie lindern Trockenheit, die durch eine hohe Talgproduktion verursacht wird, und helfen gegen Alterung und altersbedingte Erschlaffung und Rauheit der Haut. Sie eignen sich besonders f\u00fcr Menschen mit von Natur aus trockener Haut und bieten ein langanhaltendes feuchtigkeitsspendendes und revitalisierendes Hautpflegeerlebnis. Wenn Sie weitere Bed\u00fcrfnisse haben, erfahren Sie gerne mehr \u00fcber 3TOP <a href=\"https:\/\/www.ruiqigo.com\/de\/products\/body-care\/\">K\u00f6rperpflege<\/a> Produkte.<\/p>\n\n\n\n<h3 class=\"wp-block-heading\">Herstellungsprozess von Bade- und K\u00f6rperlotionen<\/h3>\n\n\n\n<p>Erstens kontrollieren wir die Herkunft der Rohstoffe und die Produktionsprozesse streng, um sicherzustellen, dass das Produkt sicher und unbedenklich ist. Zweitens verwenden wir eine einzigartige Emulgierungstechnologie, die die Emulsionstextur glatter und zarter macht und eine sanfte Absorption erm\u00f6glicht. Dar\u00fcber hinaus sind wir beim Design der Verpackung besonders sorgf\u00e4ltig und verwenden ein ergonomisches Design des Flaschenk\u00f6rpers, damit Sie ihn leicht mit einer Hand greifen k\u00f6nnen. Wenn Sie mehr wissen m\u00f6chten, lesen Sie bitte die entsprechenden <a href=\"https:\/\/www.ruiqigo.com\/de\/body-lotion-manufacturer-elevating-skincare-standards.html\/\">K\u00f6rperlotion<\/a> Herstellungsinformationen.<\/p>","protected":false},"excerpt":{"rendered":"Bath and body lotion manufacturing Common Formulas This lotion is made with many high quality natural ingredients: Sodium Hyaluronate has excellent moisturizing effect and can deeply hydrate and nourish the skin; Allantoin strengthens the skin barrier and improves dryness; Aloe Vera Cura\u00e7ao Water is rich in vitamins and minerals, which is effective in whitening and [&hellip;]","protected":false},"featured_media":327,"menu_order":0,"template":"","meta":[],"product-tag":[],"products":[56],"class_list":["post-326","product","type-product","status-publish","has-post-thumbnail","hentry","products-body-lotion"],"acf":[],"_links":{"self":[{"href":"https:\/\/www.ruiqigo.com\/de\/wp-json\/wp\/v2\/product\/326","targetHints":{"allow":["GET"]}}],"collection":[{"href":"https:\/\/www.ruiqigo.com\/de\/wp-json\/wp\/v2\/product"}],"about":[{"href":"https:\/\/www.ruiqigo.com\/de\/wp-json\/wp\/v2\/types\/product"}],"version-history":[{"count":0,"href":"https:\/\/www.ruiqigo.com\/de\/wp-json\/wp\/v2\/product\/326\/revisions"}],"wp:featuredmedia":[{"embeddable":true,"href":"https:\/\/www.ruiqigo.com\/de\/wp-json\/wp\/v2\/media\/327"}],"wp:attachment":[{"href":"https:\/\/www.ruiqigo.com\/de\/wp-json\/wp\/v2\/media?parent=326"}],"wp:term":[{"taxonomy":"product-tag","embeddable":true,"href":"https:\/\/www.ruiqigo.com\/de\/wp-json\/wp\/v2\/product-tag?post=326"},{"taxonomy":"products","embeddable":true,"href":"https:\/\/www.ruiqigo.com\/de\/wp-json\/wp\/v2\/products?post=326"}],"curies":[{"name":"wp","href":"https:\/\/api.w.org\/{rel}","templated":true}]}}