{"id":3276,"date":"2025-04-29T15:41:35","date_gmt":"2025-04-29T07:41:35","guid":{"rendered":"https:\/\/www.ruiqigo.com\/?post_type=product&#038;p=3276"},"modified":"2025-04-29T15:41:35","modified_gmt":"2025-04-29T07:41:35","slug":"kids-electric-toothbrush","status":"publish","type":"product","link":"https:\/\/www.ruiqigo.com\/de\/product\/kids-electric-toothbrush","title":{"rendered":"Elektrische Zahnb\u00fcrste f\u00fcr Kinder"},"content":{"rendered":"<h2 class=\"wp-block-heading\">Funktionen der elektrischen Kinderzahnb\u00fcrste<\/h2>\n\n\n\n<p>1.<strong> Borsten und B\u00fcrstenk\u00f6pfe: <\/strong>Unsere elektrische Kinderzahnb\u00fcrste wurde speziell f\u00fcr Kinder entwickelt und verf\u00fcgt \u00fcber einen kleinen B\u00fcrstenkopf, der f\u00fcr die Verwendung durch Kinder geeignet ist. Die Borsten sind weich und fein, wodurch das empfindliche Zahnfleisch von Kindern effektiv gepflegt und Sch\u00e4den vorgebeugt werden k\u00f6nnen.<\/p>\n\n\n\n<p>2. <strong>Umweltfreundlicher K\u00f6rper: <\/strong>Das Geh\u00e4use der elektrischen Kinderzahnb\u00fcrste besteht aus lebensmittelechten, umweltfreundlichen Materialien. Sie ist klein und leicht und liegt gut in der Hand von Kindern. Der Griff ist ergonomisch, bequem und rutschfest.<\/p>\n\n\n\n<p>3. <strong>S\u00fc\u00dfe Form:<\/strong> Elektrische Zahnb\u00fcrsten f\u00fcr Kinder sind farbenfroh und vielf\u00e4ltig und weisen h\u00e4ufig Cartoon-Muster auf, die das Interesse der Kinder am Z\u00e4hneputzen steigern und ihnen gute Mundhygienegewohnheiten vermitteln k\u00f6nnen.<\/p>\n\n\n\n<p>4. <strong>Wasserdichtes Design:<\/strong> Das Geh\u00e4use besteht aus Material der Schutzklasse IPX7 und ist f\u00fcr den Einsatz in feuchten Umgebungen geeignet.<\/p>\n\n\n\n<p>5. <strong>Einfach aufzuladen: <\/strong>Die elektrische Zahnb\u00fcrste f\u00fcr Kinder kann auf verschiedene Arten aufgeladen werden, z. B. per USB-Laden, per Akku-Laden oder per kabellosem Laden, was bequem zu verwenden ist.<\/p>\n\n\n\n<h2 class=\"wp-block-heading\">Vorteile einer elektrischen Kinderzahnb\u00fcrste<\/h2>\n\n\n\n<p>1.<strong> Starke Reinigungskraft: <\/strong>Unsere elektrische Kinderzahnb\u00fcrste ist mit intelligenter Schallvibrationstechnologie und Rotationsreinigungstechnologie ausgestattet, die die Zahnzwischenr\u00e4ume gr\u00fcndlich reinigen, Plaque und R\u00fcckst\u00e4nde leicht entfernen und eine sehr gr\u00fcndliche Reinigungswirkung erzielen kann.<\/p>\n\n\n\n<p>2. <strong>Lange Akkulaufzeit:<\/strong> Die elektrische Kinderzahnb\u00fcrste kann per USB-Schnellladung oder kabellosem Induktionsladen aufgeladen werden. Das Aufladen dauert nur 2 Stunden und h\u00e4lt \u00fcber 25 Tage. Sie m\u00fcssen sich keine Sorgen mehr machen, dass der Zahnb\u00fcrste unterwegs der Strom ausgeht.<\/p>\n\n\n\n<p>3. <strong>Sch\u00fctzen Sie Z\u00e4hne und Zahnfleisch: <\/strong>Die Vibrationsintensit\u00e4t unserer elektrischen Kinderzahnb\u00fcrste wird von Fachleuten eingestellt. Die Vibrationsintensit\u00e4t ist moderat, sanft und effizient und schont das empfindliche Zahnfleisch. Sie eignet sich hervorragend f\u00fcr die fr\u00fche Zahnpflege von Kindern. Gleichzeitig bieten wir verschiedene Modi wie Reinigungsmodus, Sensitivmodus usw. an, um den Bed\u00fcrfnissen von Kindern unterschiedlichen Alters gerecht zu werden.<\/p>\n\n\n\n<p>4. <strong>Der B\u00fcrstenkopf ist austauschbar: <\/strong>Der B\u00fcrstenkopf der elektrischen Kinderzahnb\u00fcrste kann ausgetauscht werden. Wenn die Reinigungskraft der Borsten nachl\u00e4sst, k\u00f6nnen Sie den neuen B\u00fcrstenkopf austauschen. Das ist sehr umweltfreundlich und wirtschaftlich und eignet sich f\u00fcr den Langzeitgebrauch.<\/p>\n\n\n\n<p>5. <strong>Interessantes Design:<\/strong> Das Geh\u00e4use elektrischer Kinderzahnb\u00fcrsten ist h\u00e4ufig mit Cartoon-Elementen gestaltet, die die Initiative und das Interesse der Kinder am Z\u00e4hneputzen steigern, den Widerstand verringern und auf einfache Weise gute Gewohnheiten entwickeln k\u00f6nnen.<\/p>\n\n\n\n<p>6. <strong>Klein und leicht: <\/strong>Die elektrische Kinderzahnb\u00fcrste ist klein und leicht und kann mit einer Hand gehalten werden. Die Handmuskulatur von Kindern ist noch nicht vollst\u00e4ndig entwickelt, daher ist die leichte Zahnb\u00fcrste f\u00fcr Kinder ab 3 Jahren zur selbstst\u00e4ndigen Bedienung geeignet.<\/p>\n\n\n\n<h2 class=\"wp-block-heading\">Zielgruppe der elektrischen Zahnb\u00fcrste f\u00fcr Kinder<\/h2>\n\n\n\n<ul class=\"wp-block-list\">\n<li>Kinder ab 3 Jahren, insbesondere in der Phase des Milchzahnwechsels und des Zahnersatzes, ben\u00f6tigen eine verst\u00e4rkte Mundpflege.<\/li>\n<\/ul>\n\n\n\n<ul class=\"wp-block-list\">\n<li>Kinder, die sich gegen herk\u00f6mmliche Zahnb\u00fcrsten str\u00e4uben und wenig motiviert sind, ihre Z\u00e4hne zu putzen.<\/li>\n<\/ul>\n\n\n\n<ul class=\"wp-block-list\">\n<li>Kinder, die w\u00e4hrend einer kieferorthop\u00e4dischen Behandlung eine Zahnspange tragen.<\/li>\n<\/ul>\n\n\n\n<ul class=\"wp-block-list\">\n<li>Familien, die auf die Mundgesundheit ihrer Kinder achten.<\/li>\n<\/ul>\n\n\n\n<h2 class=\"wp-block-heading\">Anwendungsgebiete f\u00fcr elektrische Kinderzahnb\u00fcrsten<\/h2>\n\n\n\n<ul class=\"wp-block-list\">\n<li>T\u00e4gliche Mundpflege f\u00fcr Kinder zu Hause.<\/li>\n<\/ul>\n\n\n\n<ul class=\"wp-block-list\">\n<li>Tragbares Zahnputzset f\u00fcr Kinder f\u00fcr Familienreisen.<\/li>\n<\/ul>\n\n\n\n<ul class=\"wp-block-list\">\n<li>Mundhygiene-Lehrmittel f\u00fcr Kinderg\u00e4rten, Grundschulen und andere Einrichtungen.<\/li>\n<\/ul>\n\n\n\n<h2 class=\"wp-block-heading\">Herstellungstechnik f\u00fcr elektrische Kinderzahnb\u00fcrsten<\/h2>\n\n\n\n<p>Unsere elektrische Kinderzahnb\u00fcrste besteht aus lebensmittelechten Materialien wie PP-Kunststoff, TPE-Weichgummi usw. Sie nutzt vollautomatisches Spritzgussverfahren und intelligente Montagetechnologie, um eine stabile Schwingfrequenz und geringe Ger\u00e4uschentwicklung zu gew\u00e4hrleisten. Sie ist absolut wasserdicht und nutzt Ultraschallschwei\u00dfen oder eine Dichtungsringstruktur, um eine umfassende Wasserdichtigkeit zu gew\u00e4hrleisten. Bevor sie das Werk verl\u00e4sst, f\u00fchren wir mehrere Qualit\u00e4tspr\u00fcfungen durch, wie z. B. Fallfestigkeitstests, Wasserdichtigkeitstests usw., um sicherzustellen, dass sie internationalen Sicherheitszertifizierungsstandards entspricht. Die elektrische Kinderzahnb\u00fcrste unterst\u00fctzt OEM\/ODM-Anpassungen, und B\u00fcrstenmuster, Logo, Verpackung usw. k\u00f6nnen personalisiert werden. <\/p>\n\n\n\n<h2 class=\"wp-block-heading\">So verwenden Sie die elektrische Kinderzahnb\u00fcrste<\/h2>\n\n\n\n<p>1. Bitte laden Sie die Batterien vor dem ersten Gebrauch vollst\u00e4ndig auf oder legen Sie neue Batterien ein.<\/p>\n\n\n\n<p>2. Entfernen Sie die Schutzabdeckung am B\u00fcrstenkopf und dr\u00fccken Sie eine angemessene Menge Kinderzahnpasta auf die Borsten.<\/p>\n\n\n\n<p>3. Setzen Sie den B\u00fcrstenkopf in den Mund ein, ber\u00fchren Sie die Zahnoberfl\u00e4che und schalten Sie dann das Ger\u00e4t ein.<\/p>\n\n\n\n<p>4. Bewegen Sie die Zahnb\u00fcrste sanft und putzen Sie nacheinander die oberen Z\u00e4hne, die unteren Z\u00e4hne und die Kaufl\u00e4che. Putzen Sie jedes Mal etwa 2 Minuten lang und putzen Sie das Gef\u00fchl in verschiedenen Bereichen.<\/p>\n\n\n\n<p>5. Schalten Sie nach Gebrauch die Stromversorgung aus, sp\u00fclen Sie den B\u00fcrstenkopf mit klarem Wasser ab, trocknen Sie den K\u00f6rper und legen Sie ihn an einen bel\u00fcfteten und trockenen Ort.<\/p>\n\n\n\n<p>6. Empfehlung: Ersetzen Sie den B\u00fcrstenkopf alle drei Monate, um Hygiene und Reinigungswirkung zu gew\u00e4hrleisten. <\/p>\n\n\n\n<h2 class=\"wp-block-heading\">Abschluss<\/h2>\n\n\n\n<p>Die elektrische Kinderzahnb\u00fcrste von 3TOP ist sicher, intelligent und macht Spa\u00df. Sie sch\u00fctzt nicht nur die Mundgesundheit von Kindern, sondern f\u00f6rdert auch die Entwicklung guter Putzgewohnheiten. Wir bieten au\u00dferdem eine Vielzahl ma\u00dfgeschneiderter L\u00f6sungen f\u00fcr die unterschiedlichen Bed\u00fcrfnisse unserer Kunden. Bei Fragen kontaktieren Sie uns gerne!<\/p>","protected":false},"excerpt":{"rendered":"Kids electric toothbrush features 1. Bristles and brush heads: Our kids electric toothbrush is specially designed for children, with a small brush head, suitable for children to use. The bristles are soft and fine, which can effectively care for children&#8217;s delicate gums and prevent damage. 2. Environmentally friendly body: The body of the kids electric [&hellip;]","protected":false},"featured_media":3277,"menu_order":0,"template":"","meta":[],"product-tag":[],"products":[167],"class_list":["post-3276","product","type-product","status-publish","has-post-thumbnail","hentry","products-toothbrush"],"acf":[],"_links":{"self":[{"href":"https:\/\/www.ruiqigo.com\/de\/wp-json\/wp\/v2\/product\/3276","targetHints":{"allow":["GET"]}}],"collection":[{"href":"https:\/\/www.ruiqigo.com\/de\/wp-json\/wp\/v2\/product"}],"about":[{"href":"https:\/\/www.ruiqigo.com\/de\/wp-json\/wp\/v2\/types\/product"}],"version-history":[{"count":0,"href":"https:\/\/www.ruiqigo.com\/de\/wp-json\/wp\/v2\/product\/3276\/revisions"}],"wp:featuredmedia":[{"embeddable":true,"href":"https:\/\/www.ruiqigo.com\/de\/wp-json\/wp\/v2\/media\/3277"}],"wp:attachment":[{"href":"https:\/\/www.ruiqigo.com\/de\/wp-json\/wp\/v2\/media?parent=3276"}],"wp:term":[{"taxonomy":"product-tag","embeddable":true,"href":"https:\/\/www.ruiqigo.com\/de\/wp-json\/wp\/v2\/product-tag?post=3276"},{"taxonomy":"products","embeddable":true,"href":"https:\/\/www.ruiqigo.com\/de\/wp-json\/wp\/v2\/products?post=3276"}],"curies":[{"name":"wp","href":"https:\/\/api.w.org\/{rel}","templated":true}]}}