{"id":331,"date":"2024-07-05T20:22:01","date_gmt":"2024-07-05T12:22:01","guid":{"rendered":"https:\/\/ruiqigo.com\/?post_type=product&#038;p=331"},"modified":"2024-09-26T17:44:36","modified_gmt":"2024-09-26T09:44:36","slug":"retinol-body-lotion","status":"publish","type":"product","link":"https:\/\/www.ruiqigo.com\/de\/product\/retinol-body-lotion","title":{"rendered":"Retinol-K\u00f6rperlotion"},"content":{"rendered":"<h3 class=\"wp-block-heading\">Herstellung von Retinol-K\u00f6rperlotionen \u2013 g\u00e4ngige Formeln<\/h3>\n\n\n\n<p>Der Hauptbestandteil unserer Retinol-K\u00f6rperlotion ist Retinol, ein fettl\u00f6sliches Vitamin mit hervorragenden antioxidativen und regenerierenden Eigenschaften, das trockene und raue Haut effektiv verbessern kann. Gleichzeitig f\u00f6rdert es auch die Kollagensynthese, wodurch die Hautstruktur verbessert wird und Ihre Haut zarter und geschmeidiger wird. Dar\u00fcber hinaus enth\u00e4lt das Produkt auch Vitamin E, Glycerin und andere nat\u00fcrliche Pflegestoffe, die die Haut tiefgehend n\u00e4hren und die Feuchtigkeit der weichen und glatten Textur wiederherstellen k\u00f6nnen.<\/p>\n\n\n\n<h3 class=\"wp-block-heading\">Retinol-K\u00f6rperlotion Anwendbare Szenarien<\/h3>\n\n\n\n<p>Unsere Retinol-K\u00f6rperlotionen sind f\u00fcr alle klimatischen Bedingungen geeignet. In den kalten, trockenen Wintermonaten konzentriert es sich darauf, die Feuchtigkeit und N\u00e4hrstoffe der Haut wieder aufzuf\u00fcllen und Rauheit und Mattheit zu lindern, die durch die trockene Umgebung verursacht werden. In den hei\u00dfen, schwei\u00dftreibenden Sommermonaten zieht es schnell ein, ohne ein klebriges Gef\u00fchl zu verursachen, und h\u00e4lt die Haut hydratisiert und befeuchtet. Oder wir haben mehr <a href=\"https:\/\/www.ruiqigo.com\/de\/products\/body-lotion\/\">K\u00f6rperlotion<\/a> Optionen, aus denen Sie ausw\u00e4hlen k\u00f6nnen.<\/p>\n\n\n\n<h3 class=\"wp-block-heading\">F\u00fcr wen ist Retinol Bodylotion geeignet?<\/h3>\n\n\n\n<p>Unsere Retinol-K\u00f6rperlotionen sind f\u00fcr alle Menschen geeignet. Bei Jugendlichen lindert sie die durch die Talgproduktion verursachte Trockenheit. Bei Menschen mittleren und h\u00f6heren Alters kann sie die durch den Lauf der Zeit verursachte Rauheit und Trockenheit der Haut beheben. Sie ist auch f\u00fcr Menschen mit trockener Haut geeignet und sorgt f\u00fcr ein langanhaltendes feuchtigkeitsspendendes und verj\u00fcngendes Erlebnis. Wenn Sie weitere Bed\u00fcrfnisse haben, erfahren Sie gerne mehr \u00fcber 3TOP <a href=\"https:\/\/www.ruiqigo.com\/de\/products\/body-care\/\">K\u00f6rperpflege<\/a> Produkte.<\/p>\n\n\n\n<h3 class=\"wp-block-heading\">Produktionsprozess f\u00fcr Retinol-K\u00f6rperlotion<\/h3>\n\n\n\n<p>Was Retinol-K\u00f6rperlotionen so besonders macht, ist die Auswahl der Wirkstoffe und der schonende Herstellungsprozess. Hochwertiges Retinol, ein Vitamin-A-Derivat, das f\u00fcr seine Anti-Aging-Eigenschaften bekannt ist, wird verwendet, um feine Linien zu reduzieren und die Hautelastizit\u00e4t zu verbessern. W\u00e4hrend des Herstellungsprozesses wird besonderes Augenmerk darauf gelegt, die Stabilit\u00e4t und Aktivit\u00e4t von Retinol aufrechtzuerhalten, mit schonenden Formulierungen und Niedrigtemperatur-Extraktionstechniken, um den Abbau des Inhaltsstoffs zu vermeiden. Dar\u00fcber hinaus wird das Produkt einer strengen Qualit\u00e4tskontrolle unterzogen, um sicherzustellen, dass jede Anwendung die Haut sanft und dennoch wirksam n\u00e4hrt und repariert. Wenn Sie mehr wissen m\u00f6chten, lesen Sie bitte die zugeh\u00f6rigen <a href=\"https:\/\/www.ruiqigo.com\/de\/body-lotion-manufacturer-elevating-skincare-standards.html\/\">K\u00f6rperlotion<\/a> Herstellungsinformationen.<\/p>","protected":false},"excerpt":{"rendered":"Retinol body lotion manufacturing Common Formulas The core ingredient of our retinol body lotion is retinol, a fat-soluble vitamin with excellent antioxidant and restorative properties, which can effectively improve dry and rough skin. At the same time, it also promotes collagen synthesis, thus improving skin texture and leaving you with a more delicate and supple [&hellip;]","protected":false},"featured_media":332,"menu_order":0,"template":"","meta":[],"product-tag":[],"products":[56],"class_list":["post-331","product","type-product","status-publish","has-post-thumbnail","hentry","products-body-lotion"],"acf":[],"_links":{"self":[{"href":"https:\/\/www.ruiqigo.com\/de\/wp-json\/wp\/v2\/product\/331","targetHints":{"allow":["GET"]}}],"collection":[{"href":"https:\/\/www.ruiqigo.com\/de\/wp-json\/wp\/v2\/product"}],"about":[{"href":"https:\/\/www.ruiqigo.com\/de\/wp-json\/wp\/v2\/types\/product"}],"version-history":[{"count":0,"href":"https:\/\/www.ruiqigo.com\/de\/wp-json\/wp\/v2\/product\/331\/revisions"}],"wp:featuredmedia":[{"embeddable":true,"href":"https:\/\/www.ruiqigo.com\/de\/wp-json\/wp\/v2\/media\/332"}],"wp:attachment":[{"href":"https:\/\/www.ruiqigo.com\/de\/wp-json\/wp\/v2\/media?parent=331"}],"wp:term":[{"taxonomy":"product-tag","embeddable":true,"href":"https:\/\/www.ruiqigo.com\/de\/wp-json\/wp\/v2\/product-tag?post=331"},{"taxonomy":"products","embeddable":true,"href":"https:\/\/www.ruiqigo.com\/de\/wp-json\/wp\/v2\/products?post=331"}],"curies":[{"name":"wp","href":"https:\/\/api.w.org\/{rel}","templated":true}]}}