{"id":3311,"date":"2025-05-08T10:24:36","date_gmt":"2025-05-08T02:24:36","guid":{"rendered":"https:\/\/www.ruiqigo.com\/?post_type=product&#038;p=3311"},"modified":"2025-05-08T10:24:36","modified_gmt":"2025-05-08T02:24:36","slug":"adult-toothbrush","status":"publish","type":"product","link":"https:\/\/www.ruiqigo.com\/de\/product\/adult-toothbrush","title":{"rendered":"Zahnb\u00fcrste f\u00fcr Erwachsene"},"content":{"rendered":"<h2 class=\"wp-block-heading\">Funktionen der Zahnb\u00fcrste f\u00fcr Erwachsene<\/h2>\n\n\n\n<p>Die Zahnb\u00fcrste f\u00fcr Erwachsene verf\u00fcgt \u00fcber viele praktische Designs, wie beispielsweise einen ergonomischen Griff, eine angemessene B\u00fcrstenkopfgr\u00f6\u00dfe, weiche und mittelharte Borsten usw. Sie kann die Bed\u00fcrfnisse von Erwachsenen nach gr\u00fcndlicher Reinigung und Komfort bei der Mundreinigung erf\u00fcllen und ist f\u00fcr unterschiedliche Personen und Reinigungsszenarien geeignet.<\/p>\n\n\n\n<p>1. <strong>Ergonomischer Griff: <\/strong>angenehm zu halten, rutschfestes Design, flexible Bedienung, einfache Reinigung der Mundh\u00f6hle, ergonomisch und gutes Benutzererlebnis.<\/p>\n\n\n\n<p>2. <strong>Abwechslungsreiches Borstendesign: <\/strong>Zahnb\u00fcrsten f\u00fcr Erwachsene bieten eine Vielzahl von Borstenoptionen, darunter weiche, mittelharte und harte Borsten, die den individuellen Reinigungsanforderungen der Benutzer gerecht werden k\u00f6nnen.<\/p>\n\n\n\n<p>3. <strong>Umweltfreundliche und sichere Materialien: <\/strong>Unsere Zahnb\u00fcrste f\u00fcr Erwachsene besteht aus umweltfreundlichen und sicheren Materialien. Die Borsten bestehen \u00fcblicherweise aus PBT, Nylon und anderen Materialien. Der Griff besteht aus PP, Bambus oder Maisst\u00e4rke-Verbundwerkstoffen, was dem Konzept des Umweltschutzes entspricht.<\/p>\n\n\n\n<p>4. <strong>Es stehen verschiedene Stile zur Verf\u00fcgung: <\/strong>Wir bieten normale Zahnb\u00fcrsten, umweltfreundliche Zahnb\u00fcrsten mit Bambusgriff, biologisch abbaubare Zahnb\u00fcrsten, tragbare Reiseverpackungen und andere Modelle an, um den unterschiedlichen Nutzungsanforderungen verschiedener Benutzer gerecht zu werden.<\/p>\n\n\n\n<p>5. <strong>Die Gr\u00f6\u00dfe des B\u00fcrstenkopfes ist passend: <\/strong>Die Gr\u00f6\u00dfe des B\u00fcrstenkopfes unserer Zahnb\u00fcrste f\u00fcr Erwachsene entspricht der Mundstruktur von Erwachsenen, sodass die hinteren Z\u00e4hne und die Zahnzwischenr\u00e4ume problemlos gereinigt werden k\u00f6nnen und so die Mundreinigungswirkung sowie Hygiene und Gesundheit gew\u00e4hrleistet werden.<\/p>\n\n\n\n<h2 class=\"wp-block-heading\">Vorteile einer Zahnb\u00fcrste f\u00fcr Erwachsene<\/h2>\n\n\n\n<p>Unsere Zahnb\u00fcrste f\u00fcr Erwachsene bietet die Vorteile des Zahnfleischschutzes, der starken Reinigungskraft und der umweltfreundlichen Materialien. Sie eignet sich f\u00fcr den Langzeitgebrauch und den Eigenheimkauf, entspricht dem Konzept des gr\u00fcnen Umweltschutzes und kann die Bed\u00fcrfnisse der Benutzer nach einem gr\u00fcnen Leben erf\u00fcllen.<\/p>\n\n\n\n<p>1. <strong>Effektive Mundreinigung: <\/strong>Unsere Zahnb\u00fcrste f\u00fcr Erwachsene kann Zahnbelag und Speisereste gr\u00fcndlich reinigen, Zahnbelag und Mundgeruch wirksam reduzieren und f\u00fcr Mundhygiene sorgen.<\/p>\n\n\n\n<p>2. <strong>Weiche und dichte Borsten: <\/strong>Die Borsten der Zahnb\u00fcrste f\u00fcr Erwachsene sind sehr weich und dicht, wodurch die Stimulation des Zahnfleisches wirksam reduziert wird und es nicht so leicht besch\u00e4digt wird. Sie ist f\u00fcr Menschen mit empfindlichem Zahnfleisch geeignet.<\/p>\n\n\n\n<p>3. <strong>Wirtschaftlich und praktisch:<\/strong> Zahnb\u00fcrsten f\u00fcr Erwachsene sind g\u00fcnstig und von hoher Qualit\u00e4t, bieten ein gutes Preis-Leistungs-Verh\u00e4ltnis und eignen sich sehr gut f\u00fcr den Langzeitgebrauch und den Familienkauf.<\/p>\n\n\n\n<p>4. <strong>Aufrechterhaltung der Mundgesundheit:<\/strong> Die langfristige Verwendung einer Zahnb\u00fcrste f\u00fcr Erwachsene kann das Auftreten h\u00e4ufiger Mundprobleme wie Karies und Zahnfleischentz\u00fcndungen verringern und die Mundgesundheit erhalten.<\/p>\n\n\n\n<h2 class=\"wp-block-heading\">Zielgruppe f\u00fcr Zahnb\u00fcrsten f\u00fcr Erwachsene<\/h2>\n\n\n\n<p>Unsere Zahnb\u00fcrste f\u00fcr Erwachsene ist f\u00fcr eine gro\u00dfe Bandbreite an Erwachsenen geeignet.<\/p>\n\n\n\n<p>1. <strong>Allgemeine t\u00e4gliche Mundpflege f\u00fcr Erwachsene: <\/strong>Die Erwachsenenzahnb\u00fcrste k\u00f6nnen Sie zur t\u00e4glichen Mundreinigung und -pflege verwenden.<\/p>\n\n\n\n<p>2. <strong>Menschen mit empfindlichen Z\u00e4hnen:<\/strong> Unsere Zahnb\u00fcrste f\u00fcr Erwachsene mit weichen Borsten kann Zahnfleischbeschwerden beim Z\u00e4hneputzen wirksam lindern und die Mundreinigungswirkung bei Menschen mit empfindlichen Z\u00e4hnen sicherstellen.<\/p>\n\n\n\n<p>3. <strong>Outdoor-Reise oder Gesch\u00e4ftsreise: <\/strong>Unsere Zahnb\u00fcrste f\u00fcr Erwachsene verf\u00fcgt \u00fcber eine Reiseverpackung, die sehr tragbar ist und auf Reisen oder Gesch\u00e4ftsreisen mitgenommen werden kann, ohne viel Platz einzunehmen.<\/p>\n\n\n\n<h2 class=\"wp-block-heading\">Herstellungsprozess von Zahnb\u00fcrsten f\u00fcr Erwachsene<\/h2>\n\n\n\n<p>Unsere Zahnb\u00fcrsten f\u00fcr Erwachsene verwenden haupts\u00e4chlich moderne Verfahren wie automatisches Spritzgie\u00dfen, Haartransplantationstechnologie und Hei\u00dfschmelzen, um eine pr\u00e4zise und standardisierte Griffform und eine gleichm\u00e4\u00dfige und korrekte Platzierung der Borsten in den Borstenl\u00f6chern zu gew\u00e4hrleisten. Nach der Produktion werden die Produkte regelm\u00e4\u00dfig gereinigt, um die Hygiene der Zahnb\u00fcrsten f\u00fcr Erwachsene zu gew\u00e4hrleisten.<\/p>\n\n\n\n<p>Wenn Sie eine individuelle Anpassung ben\u00f6tigen, k\u00f6nnen Logo, Borstendichte und -h\u00e4rte, Farbe und Verpackung personalisierte L\u00f6sungen bieten. <\/p>\n\n\n\n<h2 class=\"wp-block-heading\">Anwendungsgebiete der Zahnb\u00fcrste f\u00fcr Erwachsene<\/h2>\n\n\n\n<p>Die Zahnb\u00fcrste f\u00fcr Erwachsene eignet sich f\u00fcr folgende Anwendungsszenarien und verf\u00fcgt \u00fcber eine breite Marktanpassungsf\u00e4higkeit.<\/p>\n\n\n\n<p>1. <strong>T\u00e4gliche Mundpflege zu Hause: <\/strong>Verwenden Sie jeden Morgen und Abend eine Zahnb\u00fcrste f\u00fcr Erwachsene, um eine gute Mundhygiene aufrechtzuerhalten.<\/p>\n\n\n\n<p>2. <strong>Reise- und Gesch\u00e4ftsnutzung: <\/strong>Wir haben ein tragbares Zahnb\u00fcrstenset f\u00fcr Erwachsene, das f\u00fcr unterwegs unverzichtbar ist.<\/p>\n\n\n\n<p>3. <strong>Hotels, Fluggesellschaften und andere unterst\u00fctzende Einrichtungen: <\/strong>Einwegzahnb\u00fcrsten f\u00fcr Erwachsene werden h\u00e4ufig in Unterk\u00fcnften und auf Reisen, beispielsweise in Hotels und Fluggesellschaften, verwendet, um den Mundpflegebed\u00fcrfnissen der Benutzer gerecht zu werden.<\/p>\n\n\n\n<p>4. <strong>Werbung, Verkaufsf\u00f6rderung und Schenken: <\/strong>Als praktischer Artikel zur Mundpflege ist die Zahnb\u00fcrste f\u00fcr Erwachsene eine gute Wahl f\u00fcr Werbezwecke und als Geschenk.<\/p>\n\n\n\n<h2 class=\"wp-block-heading\">So verwenden Sie die Zahnb\u00fcrste f\u00fcr Erwachsene<\/h2>\n\n\n\n<p>1. Befeuchten Sie die Zahnb\u00fcrste mit Wasser und geben Sie eine sojabohnengro\u00dfe Menge Zahnpasta darauf.<\/p>\n\n\n\n<p>2. Putzen Sie sanft in einem 45\u00b0-Winkel nahe am Zahnfleischrand.<\/p>\n\n\n\n<p>3. Putzen Sie die Innen-, Au\u00dfen- und Okklusionsseite der Z\u00e4hne nacheinander jeweils mindestens zwei Minuten lang.<\/p>\n\n\n\n<p>4. Sp\u00fclen Sie die Zahnb\u00fcrste nach dem Z\u00e4hneputzen aus und legen Sie sie zum Trocknen mit dem B\u00fcrstenkopf nach oben an einen bel\u00fcfteten Ort.<\/p>\n\n\n\n<p>Um die Reinigungswirkung sicherzustellen, empfiehlt es sich, die Z\u00e4hne zweimal t\u00e4glich mindestens zwei Minuten lang zu putzen und die Zahnb\u00fcrste alle drei Monate auszutauschen. <\/p>","protected":false},"excerpt":{"rendered":"Adult toothbrush features The adult toothbrush has many practical designs, such as an ergonomic handle, a reasonable brush head size, soft and medium bristles, etc. It can meet the deep cleaning and comfort needs of adults in oral cleaning and is suitable for different people and cleaning scenarios. 1. Ergonomic handle: comfortable to hold, non-slip [&hellip;]","protected":false},"featured_media":3312,"menu_order":0,"template":"","meta":[],"product-tag":[],"products":[167],"class_list":["post-3311","product","type-product","status-publish","has-post-thumbnail","hentry","products-toothbrush"],"acf":[],"_links":{"self":[{"href":"https:\/\/www.ruiqigo.com\/de\/wp-json\/wp\/v2\/product\/3311","targetHints":{"allow":["GET"]}}],"collection":[{"href":"https:\/\/www.ruiqigo.com\/de\/wp-json\/wp\/v2\/product"}],"about":[{"href":"https:\/\/www.ruiqigo.com\/de\/wp-json\/wp\/v2\/types\/product"}],"version-history":[{"count":0,"href":"https:\/\/www.ruiqigo.com\/de\/wp-json\/wp\/v2\/product\/3311\/revisions"}],"wp:featuredmedia":[{"embeddable":true,"href":"https:\/\/www.ruiqigo.com\/de\/wp-json\/wp\/v2\/media\/3312"}],"wp:attachment":[{"href":"https:\/\/www.ruiqigo.com\/de\/wp-json\/wp\/v2\/media?parent=3311"}],"wp:term":[{"taxonomy":"product-tag","embeddable":true,"href":"https:\/\/www.ruiqigo.com\/de\/wp-json\/wp\/v2\/product-tag?post=3311"},{"taxonomy":"products","embeddable":true,"href":"https:\/\/www.ruiqigo.com\/de\/wp-json\/wp\/v2\/products?post=3311"}],"curies":[{"name":"wp","href":"https:\/\/api.w.org\/{rel}","templated":true}]}}