{"id":3317,"date":"2025-05-08T10:27:55","date_gmt":"2025-05-08T02:27:55","guid":{"rendered":"https:\/\/www.ruiqigo.com\/?post_type=product&#038;p=3317"},"modified":"2025-05-08T10:27:56","modified_gmt":"2025-05-08T02:27:56","slug":"kids-toothbrush","status":"publish","type":"product","link":"https:\/\/www.ruiqigo.com\/de\/product\/kids-toothbrush","title":{"rendered":"Kinderzahnb\u00fcrste"},"content":{"rendered":"<h2 class=\"wp-block-heading\">Funktionen der Kinderzahnb\u00fcrste<\/h2>\n\n\n\n<p>Das Design von Kinderzahnb\u00fcrsten ber\u00fccksichtigt die Mundstruktur und die Nutzungsgewohnheiten von Kindern. Sie verf\u00fcgen in der Regel \u00fcber einen kleinen B\u00fcrstenkopf, weiche Borsten, einen rutschfesten Griff und ein Cartoon-Design, das sowohl praktisch als auch interessant ist.<\/p>\n\n\n\n<p>1. <strong>Kleiner B\u00fcrstenkopf: <\/strong>Der B\u00fcrstenkopf der Kinderzahnb\u00fcrste ist speziell auf die Mundstruktur von Kindern abgestimmt. Der B\u00fcrstenkopf ist kleiner, was eine gr\u00fcndliche Reinigung jedes Milchzahns erm\u00f6glicht.<\/p>\n\n\n\n<p>2. <strong>Weiche Borsten: <\/strong>Um das empfindliche Zahnfleisch von Kindern wirksam zu sch\u00fctzen und Blutungen oder Abnutzung vorzubeugen, verf\u00fcgt unsere Kinderzahnb\u00fcrste \u00fcber superweiche Borsten.<\/p>\n\n\n\n<p>3. <strong>Anti-Rutsch-Griff: <\/strong>Der Griff ist ergonomisch gestaltet, liegt gut in der Hand von Kindern, ist angenehm zu halten und rutscht nicht so leicht ab.<\/p>\n\n\n\n<p>4. <strong>Cartoon-Auftritt: <\/strong>Das Erscheinungsbild der Kinderzahnb\u00fcrsten weist ein Cartoon-Design auf, meist mit Tier- und Cartoon-Mustern, was den Spa\u00df erh\u00f6ht, die Begeisterung der Kinder f\u00fcr das Z\u00e4hneputzen steigert, sie dazu anregt, die Initiative zum Z\u00e4hneputzen zu ergreifen und gute Gewohnheiten zu entwickeln.<\/p>\n\n\n\n<p>5. <strong>Bunte Farbabstimmung: <\/strong>Kinderzahnb\u00fcrsten haben normalerweise kr\u00e4ftige und leuchtende Farben, die die Aufmerksamkeit von Kindern erregen, sie zum Z\u00e4hneputzen anregen und dabei helfen, gute Hygienegewohnheiten zu etablieren.<\/p>\n\n\n\n<h2 class=\"wp-block-heading\">Vorteile einer Kinderzahnb\u00fcrste<\/h2>\n\n\n\n<p>Im Vergleich zu herk\u00f6mmlichen Zahnb\u00fcrsten bietet die Verwendung einer Kinderzahnb\u00fcrste erhebliche Vorteile f\u00fcr die Mundpflege von Kindern. Sie besteht nicht nur aus sichererem Material und hat weichere Borsten, sondern die speziell auf Kinder abgestimmte Gr\u00f6\u00dfe und Form hilft Kindern auch dabei, gute Mundhygienegewohnheiten zu entwickeln.<\/p>\n\n\n\n<p>1. <strong>Materialsicherheit: <\/strong>Die Kinderzahnb\u00fcrste besteht aus lebensmittelechtem PP, TPE oder Silikonmaterial, das umweltfreundlich, sicher, ungiftig und geruchlos ist und den Sicherheitsstandards f\u00fcr Kinderprodukte entspricht.<\/p>\n\n\n\n<p>2. <strong>Milchz\u00e4hne sch\u00fctzen: <\/strong>Eine f\u00fcr Kinder entwickelte Kinderzahnb\u00fcrste mit weichen Borsten kann Zahnbelag wirksam entfernen, Karies und Zahnfleischproblemen bei Kindern vorbeugen und ihnen dabei helfen, eine gesunde Mundgesundheit zu entwickeln.<\/p>\n\n\n\n<p>3. <strong>Lehrreich und unterhaltsam: <\/strong>Das lustige Cartoon-Design und die farbenfrohe Farbabstimmung k\u00f6nnen die Begeisterung von Kindern f\u00fcr das t\u00e4gliche Z\u00e4hneputzen steigern und gute Gewohnheiten f\u00fcr die Mundhygiene entwickeln.<\/p>\n\n\n\n<p>4.<strong> Gro\u00dfe Altersspanne:<\/strong> Von 1 bis 12 Jahren decken unsere Kinderzahnb\u00fcrsten ein sehr breites Altersspektrum ab.<\/p>\n\n\n\n<h2 class=\"wp-block-heading\">Zielgruppe der Kinderzahnb\u00fcrste<\/h2>\n\n\n\n<p>Kinderzahnb\u00fcrsten eignen sich vor allem f\u00fcr S\u00e4uglinge und Kleinkinder im Alter von 1 bis 12 Jahren. Bei Babys im Alter von 1\u20133 Jahren, deren Z\u00e4hne gerade durchgebrochen sind, k\u00f6nnen Sie mit der Kinderzahnb\u00fcrste das Zahnfleisch sanft massieren, um es an das Z\u00e4hneputzen zu gew\u00f6hnen. F\u00fcr Vorschulkinder im Alter von 3\u20136 Jahren, die gerade Milchz\u00e4hne bekommen, eignen sich weiche Borsten und kleine B\u00fcrstenk\u00f6pfe f\u00fcr eine sanfte und einfache Mundreinigung. F\u00fcr Kinder ab 6 Jahren, die gerade Z\u00e4hne bekommen, kann eine Kinderzahnb\u00fcrste die Mundhygiene und -gesundheit effektiv unterst\u00fctzen.<\/p>\n\n\n\n<p>Dar\u00fcber hinaus sind Kinderzahnb\u00fcrsten auch in Kinderg\u00e4rten, Kinderkrankenh\u00e4usern und anderen Bereichen unverzichtbar f\u00fcr die Mundgesundheitserziehung und -pflege.<\/p>\n\n\n\n<h2 class=\"wp-block-heading\">Herstellungsprozess von Kinderzahnb\u00fcrsten<\/h2>\n\n\n\n<p>Bei Kids Toothbrush wird die Qualit\u00e4t jedes einzelnen Glieds im Herstellungsprozess streng kontrolliert, vom Spritzguss \u00fcber die Borstenimplantation bis hin zum abschlie\u00dfenden Polieren und Aufdruck des Aussehens. Dabei kommen hochpr\u00e4zise Prozessger\u00e4te und umweltfreundliche Rohstoffe zum Einsatz, um die Sicherheit und Haltbarkeit des Produkts zu gew\u00e4hrleisten.&nbsp;<\/p>\n\n\n\n<p>Jede Kinderzahnb\u00fcrste wird vor Verlassen des Werks strengen Kontrollen unterzogen, darunter Tests auf Borstenechtheit, Fremdk\u00f6rpererkennung und Materialsicherheit usw., um sicherzustellen, dass das Produkt den internationalen Sicherheitsstandards f\u00fcr Kinderprodukte entspricht.<\/p>\n\n\n\n<h2 class=\"wp-block-heading\">Kinderzahnb\u00fcrstenanwendungen<\/h2>\n\n\n\n<p>Kinderzahnb\u00fcrsten haben ein breites Anwendungsspektrum. Sie k\u00f6nnen als t\u00e4gliches Mundpflegeprodukt f\u00fcr Kinder zu Hause verwendet werden und eignen sich auch f\u00fcr die Mundgesundheitserziehung in kinderorientierten Einrichtungen wie Kinderg\u00e4rten.<\/p>\n\n\n\n<p>Putzen Sie Ihre Z\u00e4hne zu Hause t\u00e4glich morgens und abends gr\u00fcndlich mit Kinderzahnpasta, um die Mundgesundheit zu erhalten. Kinderzahnb\u00fcrsten sind zudem leicht und einfach zu verstauen und eignen sich auch f\u00fcr unterwegs. In Kinderg\u00e4rten und anderen Einrichtungen k\u00f6nnen sie als Demonstrationsobjekt f\u00fcr die Mundhygiene-Erziehung eingesetzt werden, um Kindern das Z\u00e4hneputzen beizubringen.<\/p>\n\n\n\n<h2 class=\"wp-block-heading\">So verwenden Sie die Kinderzahnb\u00fcrste<\/h2>\n\n\n\n<p>W\u00e4hlen Sie vor dem Z\u00e4hneputzen eine altersgerechte Zahnb\u00fcrste f\u00fcr Ihr Kind. Weichen Sie die Kinderzahnb\u00fcrste in Wasser ein, geben Sie eine erbsengro\u00dfe Menge Kinderzahnpasta darauf und tragen Sie diese auf. Beginnen Sie au\u00dfen an den Z\u00e4hnen und putzen Sie nacheinander die Au\u00dfen-, Innen- und Okklusionsseite. Sp\u00fclen Sie die Zahnb\u00fcrste nach dem Putzen mit klarem Wasser ab und legen Sie sie an einen bel\u00fcfteten Ort.<\/p>\n\n\n\n<p>Es wird empfohlen, die Z\u00e4hne t\u00e4glich morgens und abends mit Kinderzahnpasta zu putzen und jedes Mal mindestens zwei Minuten lang zu putzen, um die Z\u00e4hne gr\u00fcndlich zu reinigen. Sp\u00fclen Sie die Kinderzahnb\u00fcrste nach dem Z\u00e4hneputzen rechtzeitig aus und wechseln Sie sie alle zwei bis drei Monate.<\/p>","protected":false},"excerpt":{"rendered":"Kids toothbrush features The design of kids toothbrushes fully considers the oral structure and usage habits of children. It usually has a small brush head, soft bristles, a non-slip handle and a cartoon appearance, which is both practical and interesting. 1. Small brush head: The brush head of kids toothbrush is specially designed for children&#8217;s [&hellip;]","protected":false},"featured_media":3318,"menu_order":0,"template":"","meta":[],"product-tag":[],"products":[167],"class_list":["post-3317","product","type-product","status-publish","has-post-thumbnail","hentry","products-toothbrush"],"acf":[],"_links":{"self":[{"href":"https:\/\/www.ruiqigo.com\/de\/wp-json\/wp\/v2\/product\/3317","targetHints":{"allow":["GET"]}}],"collection":[{"href":"https:\/\/www.ruiqigo.com\/de\/wp-json\/wp\/v2\/product"}],"about":[{"href":"https:\/\/www.ruiqigo.com\/de\/wp-json\/wp\/v2\/types\/product"}],"version-history":[{"count":0,"href":"https:\/\/www.ruiqigo.com\/de\/wp-json\/wp\/v2\/product\/3317\/revisions"}],"wp:featuredmedia":[{"embeddable":true,"href":"https:\/\/www.ruiqigo.com\/de\/wp-json\/wp\/v2\/media\/3318"}],"wp:attachment":[{"href":"https:\/\/www.ruiqigo.com\/de\/wp-json\/wp\/v2\/media?parent=3317"}],"wp:term":[{"taxonomy":"product-tag","embeddable":true,"href":"https:\/\/www.ruiqigo.com\/de\/wp-json\/wp\/v2\/product-tag?post=3317"},{"taxonomy":"products","embeddable":true,"href":"https:\/\/www.ruiqigo.com\/de\/wp-json\/wp\/v2\/products?post=3317"}],"curies":[{"name":"wp","href":"https:\/\/api.w.org\/{rel}","templated":true}]}}