{"id":3330,"date":"2025-05-08T10:20:55","date_gmt":"2025-05-08T02:20:55","guid":{"rendered":"https:\/\/www.ruiqigo.com\/?post_type=product&#038;p=3330"},"modified":"2025-05-08T10:20:56","modified_gmt":"2025-05-08T02:20:56","slug":"adult-electric-toothbrush","status":"publish","type":"product","link":"https:\/\/www.ruiqigo.com\/de\/product\/adult-electric-toothbrush","title":{"rendered":"Elektrische Zahnb\u00fcrste f\u00fcr Erwachsene"},"content":{"rendered":"<h2 class=\"wp-block-heading\">Funktionen der elektrischen Zahnb\u00fcrste f\u00fcr Erwachsene<\/h2>\n\n\n\n<p>Die elektrische Zahnb\u00fcrste f\u00fcr Erwachsene verf\u00fcgt \u00fcber viele praktische Funktionen wie Hochfrequenzvibration, mehrere Reinigungsmodi und ein wasserdichtes Design. Sie verbessert den Bedienkomfort bei gleichbleibender Reinigungskraft und erf\u00fcllt die Mundhygienebed\u00fcrfnisse verschiedener Benutzer.<\/p>\n\n\n\n<p>1. <strong>Hochfrequente Vibration<\/strong>: Die elektrische Zahnb\u00fcrste f\u00fcr Erwachsene verwendet eine Vibrationsfrequenz von bis zu 30.000 bis 40.000 Mal pro Minute und verwendet Schallwellen oder Rotationsvibrationstechnologie, um Zahnbelag effizient zu reinigen.<\/p>\n\n\n\n<p>2. <strong>Mehrere Reinigungsmodi: <\/strong>Unsere elektrischen Zahnb\u00fcrsten f\u00fcr Erwachsene verf\u00fcgen in der Regel \u00fcber mehrere Zahnreinigungsmodi, darunter Reinigen, Sensitiv, Aufhellen, Massage usw., die je nach den aktuellen Mundpflegebed\u00fcrfnissen des Benutzers flexibel umgeschaltet werden k\u00f6nnen.<\/p>\n\n\n\n<p>3. <strong>Wasserdichtes Design:<\/strong> Elektrische Zahnb\u00fcrsten verf\u00fcgen in der Regel \u00fcber ein wasserdichtes IPX7-Design und k\u00f6nnen vollst\u00e4ndig gewaschen werden.<\/p>\n\n\n\n<p>4. <strong>Lange Akkulaufzeit: <\/strong>Elektrische Zahnb\u00fcrsten f\u00fcr Erwachsene verf\u00fcgen \u00fcber ein USB-Ladedesign und k\u00f6nnen mit einer einzigen Ladung 7\u201330 Tage lang verwendet werden, was auf Reisen sehr praktisch ist.<\/p>\n\n\n\n<p>5. <strong>Austauschbarer B\u00fcrstenkopf: <\/strong>Ausgestattet mit einem abnehmbaren B\u00fcrstenkopf kann er sehr schnell ausgetauscht werden, wenn der B\u00fcrstenkopf alt ist oder ein Unfall passiert, was Zeit und Kosten spart.<\/p>\n\n\n\n<h2 class=\"wp-block-heading\">Vorteile elektrischer Zahnb\u00fcrsten f\u00fcr Erwachsene<\/h2>\n\n\n\n<p>Im Vergleich zu herk\u00f6mmlichen Zahnb\u00fcrsten f\u00fcr Erwachsene bieten elektrische Zahnb\u00fcrsten f\u00fcr Erwachsene erhebliche Vorteile hinsichtlich der Reinigungseffizienz und des Benutzererlebnisses und eignen sich besonders f\u00fcr Menschen, die auf ihre Mundgesundheit achten.<\/p>\n\n\n\n<p>1. <strong>H\u00f6here Reinigungseffizienz: <\/strong>Im Vergleich zu herk\u00f6mmlichen Handzahnb\u00fcrsten k\u00f6nnen elektrische Zahnb\u00fcrsten f\u00fcr Erwachsene tief in die Zahnzwischenr\u00e4ume und den Zahnfleischrand eindringen, Zahnbelag wirksam entfernen und die Reinigungswirkung verbessern.<\/p>\n\n\n\n<p>2. <strong>Zahnfleisch sch\u00fctzen: <\/strong>Eine elektrische Zahnb\u00fcrste f\u00fcr Erwachsene kann durch pr\u00e4zise Vibrationsfrequenz und weiche Borsten Zahnfleischsch\u00e4den reduzieren, die beim Z\u00e4hneputzen entstehen k\u00f6nnen.<\/p>\n\n\n\n<p>3. <strong>Reduzieren Sie den toten Winkel beim Z\u00e4hneputzen: <\/strong>Die intelligente Vibrationsfrequenz hilft dem B\u00fcrstenkopf, beim Putzen jeden Zahn vollst\u00e4ndig zu erfassen und so eine unzureichende lokale Reinigung zu vermeiden.<\/p>\n\n\n\n<p>4. <strong>Starke Benutzererfahrung: <\/strong>Das Erscheinungsbild der elektrischen Zahnb\u00fcrste f\u00fcr Erwachsene ist sehr modern und das Induktionsladen, der Moduswechsel und andere Designs k\u00f6nnen das Benutzererlebnis effektiv verbessern.<\/p>\n\n\n\n<p>5. <strong>Geeignet f\u00fcr Menschen mit Mundproblemen: <\/strong>F\u00fcr Menschen mit Mundproblemen wie empfindlichem Zahnfleisch und kieferorthop\u00e4dischen Problemen kann die Verwendung einer elektrischen Zahnb\u00fcrste f\u00fcr Erwachsene ein besseres Reinigungserlebnis bieten.<\/p>\n\n\n\n<h2 class=\"wp-block-heading\">Zielgruppe f\u00fcr elektrische Zahnb\u00fcrsten f\u00fcr Erwachsene<\/h2>\n\n\n\n<p>Eine elektrische Zahnb\u00fcrste f\u00fcr Erwachsene eignet sich vor allem f\u00fcr Erwachsene \u00fcber 18 Jahre, insbesondere f\u00fcr Personen mit empfindlichen Z\u00e4hnen und Zahnspangentr\u00e4gern. Gleichzeitig eignet sie sich auch f\u00fcr Menschen mit Mundproblemen wie Mundgeruch, Zahnverf\u00e4rbungen und Zahnbelag, f\u00fcr Menschen, die schon lange eine Zahnspange tragen oder gerade eine kieferorthop\u00e4dische Behandlung abgeschlossen haben, sowie f\u00fcr Menschen, die eine effiziente Mundreinigung ben\u00f6tigen.<\/p>\n\n\n\n<h2 class=\"wp-block-heading\">Herstellungsprozess elektrischer Zahnb\u00fcrsten f\u00fcr Erwachsene<\/h2>\n\n\n\n<p>Unsere elektrische Zahnb\u00fcrste f\u00fcr Erwachsene wird haupts\u00e4chlich in mehreren Verfahren hergestellt, beispielsweise im Spritzgussverfahren, durch Pr\u00e4zisionsmontage und wasserdichte Versiegelung. Der Zahnb\u00fcrstenk\u00f6rper wird im Hochpr\u00e4zisions-Spritzgussverfahren aus ABS oder lebensmittelechtem Kunststoff hergestellt, w\u00e4hrend die Borsten durch Hei\u00dfschmelzen oder Metallpflanzverfahren befestigt werden und die Au\u00dfenh\u00fclle durch Ultraschallschwei\u00dfen oder Spiralversiegelung wasserdicht versiegelt wird.<\/p>\n\n\n\n<p>Nach Abschluss der Herstellung f\u00fchren wir an jeder elektrischen Zahnb\u00fcrste kontinuierliche Vibrationstests, Wasserdichtigkeitstests usw. durch, um die Haltbarkeit und Sicherheit des Produkts zu gew\u00e4hrleisten.<\/p>\n\n\n\n<h2 class=\"wp-block-heading\">Anwendungsgebiete f\u00fcr elektrische Zahnb\u00fcrsten f\u00fcr Erwachsene<\/h2>\n\n\n\n<p>Die elektrische Zahnb\u00fcrste f\u00fcr Erwachsene ist praktisch und sch\u00f6n zugleich und bietet vielf\u00e4ltige Anwendungsszenarien.<\/p>\n\n\n\n<p>1. <strong>T\u00e4gliche Mundpflege zu Hause: <\/strong>Die elektrische Zahnb\u00fcrste f\u00fcr Erwachsene kann die Handzahnb\u00fcrste als Hauptzahnputzger\u00e4t zur Gew\u00e4hrleistung der Mundhygiene ersetzen.<\/p>\n\n\n\n<p>2. <strong>Ein Must-Have f\u00fcr Gesch\u00e4ftsreisen: <\/strong>Die elektrische Zahnb\u00fcrste f\u00fcr Erwachsene ist leicht zu tragen und verf\u00fcgt \u00fcber eine hervorragende Akkulaufzeit, sodass sie sich f\u00fcr Reisende und Gesch\u00e4ftsleute auf Gesch\u00e4ftsreisen eignet.<\/p>\n\n\n\n<p>3. <strong>Kieferorthop\u00e4dische Patientenversorgung: <\/strong>Unsere elektrische Zahnb\u00fcrste f\u00fcr Erwachsene kann kieferorthop\u00e4dischen Patienten dabei helfen, die toten Ecken der Zahnspangen zu reinigen, die Ansammlung von Zahnbelag zu verhindern und die Mundhygiene und -gesundheit aufrechtzuerhalten.<\/p>\n\n\n\n<p>4. <strong>Schenken: <\/strong>Eine elektrische Zahnb\u00fcrste f\u00fcr Erwachsene ist ein gutes Geschenk und eignet sich als Weihnachtsgeschenk, zur individuellen Gestaltung von Firmenveranstaltungen und als Wohlfahrtsgeschenk usw.<\/p>\n\n\n\n<h2 class=\"wp-block-heading\">So verwenden Sie die elektrische Zahnb\u00fcrste f\u00fcr Erwachsene<\/h2>\n\n\n\n<p>1. <strong>Setzen Sie den B\u00fcrstenkopf ein und tragen Sie Zahnpasta auf:<\/strong> Setzen Sie den B\u00fcrstenkopf in die Griffschnittstelle ein, um eine feste Verbindung sicherzustellen. Dr\u00fccken Sie anschlie\u00dfend eine angemessene Menge Zahnpasta auf die Borsten.<\/p>\n\n\n\n<p>2. <strong>Starten Sie den Schalter:<\/strong> W\u00e4hlen Sie einen f\u00fcr Sie passenden Putzmodus, z. B. Reinigen, Sensitiv usw., und starten Sie den Zahnb\u00fcrstenschalter.<\/p>\n\n\n\n<p>3. <strong>Geteiltes B\u00fcrsten: <\/strong>Reinigen Sie nacheinander verschiedene Bereiche der Z\u00e4hne, jeweils etwa 30 Sekunden lang, und putzen Sie Ihre Z\u00e4hne insgesamt mindestens 2 Minuten lang.<\/p>\n\n\n\n<p>4. <strong>Reinigen Sie die Zahnb\u00fcrste nach dem Z\u00e4hneputzen: <\/strong>Sp\u00fclen Sie nach dem Z\u00e4hneputzen den B\u00fcrstenkopf und den Griff mit klarem Wasser ab und legen Sie sie zum Trocknen an einen bel\u00fcfteten Ort.<\/p>\n\n\n\n<p>Um die Reinigungswirkung und Hygiene zu gew\u00e4hrleisten, wird empfohlen, den B\u00fcrstenkopf alle 3 Monate auszutauschen. Putzen Sie Ihre Z\u00e4hne mit sanften Bewegungen und \u00fcben Sie keinen starken Druck aus.<\/p>","protected":false},"excerpt":{"rendered":"Adult electric toothbrush features The adult electric toothbrush has many practical features such as high-frequency vibration, multiple cleaning modes, and a waterproof design. It improves the comfort of use while maintaining the cleaning power and meets the oral needs of various users. 1. High-frequency vibration: The adult electric toothbrush uses a vibration frequency of up [&hellip;]","protected":false},"featured_media":3331,"menu_order":0,"template":"","meta":[],"product-tag":[],"products":[167],"class_list":["post-3330","product","type-product","status-publish","has-post-thumbnail","hentry","products-toothbrush"],"acf":[],"_links":{"self":[{"href":"https:\/\/www.ruiqigo.com\/de\/wp-json\/wp\/v2\/product\/3330","targetHints":{"allow":["GET"]}}],"collection":[{"href":"https:\/\/www.ruiqigo.com\/de\/wp-json\/wp\/v2\/product"}],"about":[{"href":"https:\/\/www.ruiqigo.com\/de\/wp-json\/wp\/v2\/types\/product"}],"version-history":[{"count":0,"href":"https:\/\/www.ruiqigo.com\/de\/wp-json\/wp\/v2\/product\/3330\/revisions"}],"wp:featuredmedia":[{"embeddable":true,"href":"https:\/\/www.ruiqigo.com\/de\/wp-json\/wp\/v2\/media\/3331"}],"wp:attachment":[{"href":"https:\/\/www.ruiqigo.com\/de\/wp-json\/wp\/v2\/media?parent=3330"}],"wp:term":[{"taxonomy":"product-tag","embeddable":true,"href":"https:\/\/www.ruiqigo.com\/de\/wp-json\/wp\/v2\/product-tag?post=3330"},{"taxonomy":"products","embeddable":true,"href":"https:\/\/www.ruiqigo.com\/de\/wp-json\/wp\/v2\/products?post=3330"}],"curies":[{"name":"wp","href":"https:\/\/api.w.org\/{rel}","templated":true}]}}