{"id":3350,"date":"2025-05-08T17:01:12","date_gmt":"2025-05-08T09:01:12","guid":{"rendered":"https:\/\/www.ruiqigo.com\/?post_type=product&#038;p=3350"},"modified":"2025-05-08T17:01:13","modified_gmt":"2025-05-08T09:01:13","slug":"portable-oral-irrigator","status":"publish","type":"product","link":"https:\/\/www.ruiqigo.com\/de\/product\/portable-oral-irrigator","title":{"rendered":"Tragbarer Munddusche"},"content":{"rendered":"<h2 class=\"wp-block-heading\">Funktionen tragbarer Mundduschen<\/h2>\n\n\n\n<p>Der tragbare Munddusche nutzt eine Hochfrequenz-Pulswasserflusstechnologie, kombiniert mit ergonomischem Design und multifunktionalen D\u00fcsen, um ein pers\u00f6nliches Mundpflegeger\u00e4t zu schaffen, das effizientes Sp\u00fclen und Reinigen mit einem angenehmen Erlebnis verbindet.<\/p>\n\n\n\n<p>1. <strong>Hochfrequenz-Pulswasserflusstechnologie: <\/strong>Die tragbare Munddusche reinigt mit pulsierenden Hochdruckwassers\u00e4ulen die Zahnzwischenr\u00e4ume und Zahnfleischtaschen gr\u00fcndlich und entfernt darin verbliebene Speisereste und Zahnbelag.<\/p>\n\n\n\n<p>2. <strong>Reinigungsmodus mit mehreren Geschwindigkeiten:<\/strong> Die tragbare Munddusche bietet Reinigungs- und Sp\u00fclmodi mit mehreren Geschwindigkeiten von Standard \u00fcber Sanft bis Puls, um den unterschiedlichen Reinigungsanforderungen der Benutzer gerecht zu werden.<\/p>\n\n\n\n<p>3. <strong>Kompakt und tragbar: <\/strong>Unsere tragbare Munddusche ist kompakt und leicht und kann zusammengeklappt oder vom Wassertank getrennt werden. Sie ist sehr tragbar und kann auf Reisen einfach in eine Tasche oder einen Rucksack gesteckt werden.<\/p>\n\n\n\n<p>4. <strong>Wassertank-Design mit gro\u00dfem Fassungsverm\u00f6gen: <\/strong>Obwohl es sehr tragbar ist, ist das Fassungsverm\u00f6gen des Wassertanks nicht gering, etwa 120\u2013200 ml, was f\u00fcr eine vollst\u00e4ndige Mundreinigung ausreicht.<\/p>\n\n\n\n<p>5. <strong>Austauschbare D\u00fcse: <\/strong>Die tragbare Munddusche verf\u00fcgt \u00fcber mehrere D\u00fcsen, beispielsweise kieferorthop\u00e4dische D\u00fcsen, D\u00fcsen zur Zahnfleischpflege usw., um sicherzustellen, dass sie f\u00fcr die verschiedenen Pflegebed\u00fcrfnisse verschiedener Benutzer geeignet ist.<\/p>\n\n\n\n<h2 class=\"wp-block-heading\">Vorteile einer tragbaren Munddusche<\/h2>\n\n\n\n<p>Im Vergleich zu herk\u00f6mmlicher Zahnseide reinigt die tragbare Munddusche gr\u00fcndlicher und schonender. Sie eignet sich besonders f\u00fcr Menschen mit gro\u00dfen Zahnl\u00fccken und Zahnspangentr\u00e4ger. Sie kann Zahnfleischbluten und Plaquebildung deutlich reduzieren und Parodontitis vorbeugen.<\/p>\n\n\n\n<p>1. <strong>Reduzieren Sie blinde Flecken bei der Mundreinigung: <\/strong>Durch die Verwendung einer tragbaren Munddusche k\u00f6nnen schwer zu reinigende Bereiche wie Zahnzwischenr\u00e4ume und Zahnfleischtaschen erreicht, blinde Flecken beim Reinigen reduziert und die Mundhygiene sichergestellt werden.<\/p>\n\n\n\n<p>2. <strong>Sch\u00fctzen Sie die Gesundheit Ihres Zahnfleisches: <\/strong>Der Wasserstrahl einer tragbaren Munddusche kann das Zahnfleisch massieren, die Durchblutung f\u00f6rdern, Zahnfleischbluten reduzieren und die Gesundheit des Zahnfleisches sch\u00fctzen.<\/p>\n\n\n\n<p>3. <strong>Einfache Bedienung und effiziente Reinigung: <\/strong>Die tragbare Munddusche ist sehr einfach zu bedienen und l\u00e4sst sich bequem mit nur einer Taste starten und bedienen. Gleichzeitig kann eine umfassende Mundreinigung in kurzer Zeit schnell durchgef\u00fchrt werden.<\/p>\n\n\n\n<p>4. <strong>Energieeinsparung und Umweltschutz: <\/strong>Es ist wiederaufladbar und die Batterielebensdauer ist nach einmaligem Aufladen lang. Au\u00dferdem kann es die Batterieverschmutzung reduzieren und dem Konzept des Umweltschutzes folgen.<\/p>\n\n\n\n<p>5. <strong>Leicht zu tragen: <\/strong>Die tragbare Munddusche ist klein und leicht und somit ein guter Partner f\u00fcr Gesch\u00e4ftsreisen und Reisen.<\/p>\n\n\n\n<h2 class=\"wp-block-heading\">Zielgruppe der tragbaren Munddusche<\/h2>\n\n\n\n<p>Eine tragbare Munddusche eignet sich f\u00fcr alle Menschen, denen die Mundgesundheit am Herzen liegt, insbesondere f\u00fcr diejenigen mit besonderen Bed\u00fcrfnissen bei der Mundpflege, wie etwa Tr\u00e4ger kieferorthop\u00e4discher Ger\u00e4te, Menschen mit empfindlichem Zahnfleisch und \u00e4ltere Menschen.&nbsp;<\/p>\n\n\n\n<p>Auch Kinder k\u00f6nnen es unter Anleitung ihrer Eltern verwenden, um schon in jungen Jahren gute Mundhygienegewohnheiten zu entwickeln. Je nach Reinigungsbedarf k\u00f6nnen Benutzer verschiedene Modi w\u00e4hlen, um den besten Reinigungseffekt zu erzielen.<\/p>\n\n\n\n<h2 class=\"wp-block-heading\">Herstellungsprozess tragbarer Mundduschen<\/h2>\n\n\n\n<p>Die tragbare Munddusche besteht aus lebensmittelechtem ABS-Kunststoff und wasserdichten Silikondichtungen. Sie wird im Spritzgussverfahren und anderen Verfahren hergestellt und zeichnet sich durch eine kompakte Bauweise und Langlebigkeit aus. Sie entspricht den internationalen CE-, RoHS- und anderen Normen, um die Sicherheit, den Standard und die Stabilit\u00e4t des Produkts zu gew\u00e4hrleisten.&nbsp;<\/p>\n\n\n\n<p>Bevor es das Werk verl\u00e4sst, wird es mehreren Inspektionen unterzogen, darunter einer Pr\u00fcfung der Batterielebensdauer, eines Drucktests und der Versiegelung des Wassertanks sowie einer umfassenden Qualit\u00e4tskontrolle, um die Produktqualit\u00e4t sicherzustellen.<\/p>\n\n\n\n<h2 class=\"wp-block-heading\">Anwendungen f\u00fcr tragbare Mundduschen<\/h2>\n\n\n\n<p>Dank seines tragbaren Designs und der langen Akkulaufzeit eignet sich dieser tragbare Munddusche nicht nur f\u00fcr den t\u00e4glichen Gebrauch zu Hause zum Reinigen von Zahnbelag, sondern findet auch breiten Einsatz in verschiedenen Szenarien, beispielsweise auf Gesch\u00e4ftsreisen oder in der Mittagspause im B\u00fcro usw. Sein kleines und elegantes Geh\u00e4use l\u00e4sst sich leicht in einem Kulturbeutel verstauen und Sie k\u00f6nnen ihn verwenden, um unterwegs f\u00fcr Mundhygiene und -gesundheit zu sorgen und das Auftreten von Mundproblemen zu reduzieren.<\/p>\n\n\n\n<h2 class=\"wp-block-heading\">So verwenden Sie die tragbare Munddusche<\/h2>\n\n\n\n<p>Die tragbare Munddusche ist einfach zu bedienen und kann auch beim ersten Gebrauch schnell verwendet werden. Das Produkt unterst\u00fctzt Funktionen wie intelligente Abschaltung und Memory-Getriebe, die den Bedienkomfort und das Benutzererlebnis erheblich verbessern.<\/p>\n\n\n\n<p>1. <strong>Installieren Sie die D\u00fcse: <\/strong>Stecken Sie die passende D\u00fcse in die D\u00fcse der mobilen Munddusche und fixieren Sie diese fest.<\/p>\n\n\n\n<p>2. <strong>Wasser in den Wassertank f\u00fcllen: <\/strong>\u00d6ffnen Sie den Wassereinlass des Wassertanks und gie\u00dfen Sie eine entsprechende Menge sauberes Wasser oder Mundwasser in den Wassertank.<\/p>\n\n\n\n<p>3. <strong>W\u00e4hlen Sie den Modus:<\/strong> Schalten Sie den Strom ein und w\u00e4hlen Sie den passenden Gang entsprechend Ihren pers\u00f6nlichen Bed\u00fcrfnissen.<\/p>\n\n\n\n<p>4. <strong>Sp\u00fclen starten: <\/strong>Richten Sie die D\u00fcse auf den Zahnzwischenraum und bewegen Sie sie sanft zwischen Zahnfleisch und Z\u00e4hnen, um sicherzustellen, dass die Reinigung und Sp\u00fclung an Ort und Stelle bleibt.<\/p>\n\n\n\n<p>5. <strong>Nach dem Sp\u00fclen reinigen: <\/strong>Nachdem Sie den Mund ausgesp\u00fclt haben, leeren Sie den Wassertank, reinigen Sie das Hauptger\u00e4t und legen Sie es an einen bel\u00fcfteten und trockenen Ort.<\/p>\n\n\n\n<p>Um ein unangenehmes Gef\u00fchl zu vermeiden, empfiehlt es sich, bei der ersten Anwendung den Modus \u201esanft\u201c auszuw\u00e4hlen.<\/p>","protected":false},"excerpt":{"rendered":"Portable oral irrigator features The portable oral irrigator uses high-frequency pulse water flow technology, combined with ergonomic design and multi-functional nozzles, to create a personal oral care tool that integrates efficient rinsing and cleaning with a comfortable experience. 1. High-frequency pulse water flow technology: The portable oral irrigator uses pulsed high-pressure water columns to deeply [&hellip;]","protected":false},"featured_media":3351,"menu_order":0,"template":"","meta":[],"product-tag":[],"products":[168],"class_list":["post-3350","product","type-product","status-publish","has-post-thumbnail","hentry","products-oral-irrigator"],"acf":[],"_links":{"self":[{"href":"https:\/\/www.ruiqigo.com\/de\/wp-json\/wp\/v2\/product\/3350","targetHints":{"allow":["GET"]}}],"collection":[{"href":"https:\/\/www.ruiqigo.com\/de\/wp-json\/wp\/v2\/product"}],"about":[{"href":"https:\/\/www.ruiqigo.com\/de\/wp-json\/wp\/v2\/types\/product"}],"version-history":[{"count":0,"href":"https:\/\/www.ruiqigo.com\/de\/wp-json\/wp\/v2\/product\/3350\/revisions"}],"wp:featuredmedia":[{"embeddable":true,"href":"https:\/\/www.ruiqigo.com\/de\/wp-json\/wp\/v2\/media\/3351"}],"wp:attachment":[{"href":"https:\/\/www.ruiqigo.com\/de\/wp-json\/wp\/v2\/media?parent=3350"}],"wp:term":[{"taxonomy":"product-tag","embeddable":true,"href":"https:\/\/www.ruiqigo.com\/de\/wp-json\/wp\/v2\/product-tag?post=3350"},{"taxonomy":"products","embeddable":true,"href":"https:\/\/www.ruiqigo.com\/de\/wp-json\/wp\/v2\/products?post=3350"}],"curies":[{"name":"wp","href":"https:\/\/api.w.org\/{rel}","templated":true}]}}