{"id":3359,"date":"2025-05-15T14:12:54","date_gmt":"2025-05-15T06:12:54","guid":{"rendered":"https:\/\/www.ruiqigo.com\/?post_type=product&#038;p=3359"},"modified":"2025-05-15T14:12:54","modified_gmt":"2025-05-15T06:12:54","slug":"moisturizing-face-cream","status":"publish","type":"product","link":"https:\/\/www.ruiqigo.com\/de\/product\/moisturizing-face-cream","title":{"rendered":"Feuchtigkeitsspendende Gesichtscreme"},"content":{"rendered":"<h2 class=\"wp-block-heading\">Herstellung von feuchtigkeitsspendenden Gesichtscremes \u2013 g\u00e4ngige Formeln<\/h2>\n\n\n\n<p>Als professioneller Hersteller feuchtigkeitsspendender Gesichtscremes w\u00e4hlen wir eine Vielzahl hochwirksamer und sanfter feuchtigkeitsspendender und reparierender Inhaltsstoffe wie Ceramide und Hyalurons\u00e4ure aus, um die Haut tiefenwirksam mit Feuchtigkeit zu versorgen, die Barriere zu reparieren und die allgemeine Hautqualit\u00e4t zu verbessern.<\/p>\n\n\n\n<p>1. <strong>Ceramid:<\/strong> Ceramide k\u00f6nnen den Wasserverlust reduzieren, die Hautbarriere effektiv reparieren und die Widerstandsf\u00e4higkeit der Haut gegen \u00e4u\u00dfere Reize verbessern. Es ist f\u00fcr trockene oder empfindliche Haut geeignet.<\/p>\n\n\n\n<p>2. <strong>Hyalurons\u00e4ure: <\/strong>Hyalurons\u00e4ure ist ein nat\u00fcrlicher Feuchtigkeitsfaktor, der das Tausendfache seines Gewichts an Wasser aufnehmen kann, Feuchtigkeit tief einschlie\u00dft und einen Feuchtigkeitsfilm auf der Hautoberfl\u00e4che bildet, sodass die Haut den ganzen Tag \u00fcber mit Feuchtigkeit versorgt und prall bleibt.<\/p>\n\n\n\n<p>3. <strong>Squalan:<\/strong> Squalan ist zudem ein nat\u00fcrlicher Feuchtigkeitsspender mit guter Hautvertr\u00e4glichkeit. Es zieht schnell ein, spendet der Haut langanhaltende Feuchtigkeit und macht sie geschmeidig, ohne zu fetten oder Akne zu verursachen.<\/p>\n\n\n\n<p>4. <strong>Glyzerin:<\/strong> Glycerin ist ein nat\u00fcrlicher hydrophiler Feuchtigkeitsspender, der Feuchtigkeit aus der Luft aufnehmen und in die tiefen Hautschichten leiten kann, um die Feuchtigkeit und Elastizit\u00e4t der Haut zu erhalten.<\/p>\n\n\n\n<p>5. <strong>Centella asiatica-Extrakt: <\/strong>Es hat eine beruhigende und reparierende Wirkung, kann Hautbeschwerden lindern, die Kollagenproduktion f\u00f6rdern und die Selbstheilungsf\u00e4higkeit der Haut verbessern.<\/p>\n\n\n\n<h2 class=\"wp-block-heading\">Die Funktionen der feuchtigkeitsspendenden Gesichtscreme<\/h2>\n\n\n\n<p>Die feuchtigkeitsspendende Gesichtscreme von 3TOP zeichnet sich nicht nur durch milde und nat\u00fcrliche Inhaltsstoffe aus, sondern ist auch vielseitig einsetzbar und hervorragend anpassbar. Sie l\u00e4sst sich vielseitig an verschiedene Altersgruppen, Hauttypen und Anwendungsszenarien anpassen. Sie ist ein Hautpflegeprodukt, das sowohl sicher als auch funktional ist.<\/p>\n\n\n\n<p>1. <strong>Langanhaltende Feuchtigkeitsversorgung: <\/strong>Als feuchtigkeitsspendende Gesichtscreme verf\u00fcgt die feuchtigkeitsspendende Gesichtscreme \u00fcber mehrere Wasserbindungsmechanismen, um die Feuchtigkeit der Haut l\u00e4nger als 12 Stunden aufrechtzuerhalten und das Problem trockener und sich sch\u00e4lender Haut zu l\u00f6sen. Sie ist besonders geeignet f\u00fcr kalte, trockene oder saisonal bedingte Perioden empfindlicher Haut.<\/p>\n\n\n\n<p>2. <strong>Repariert die Hautbarriere: <\/strong>Die feuchtigkeitsspendende Gesichtscreme ist reich an reparierenden Inhaltsstoffen wie Ceramid und Centella asiatica, die gesch\u00e4digter Haut bei der Regeneration helfen, die Hautbarriere stabilisieren und die allgemeine Hautvertr\u00e4glichkeit und Reizhemmungsf\u00e4higkeit verbessern k\u00f6nnen.<\/p>\n\n\n\n<p>3. <strong>Zieht schnell ein und fettet nicht: <\/strong>Die feuchtigkeitsspendende Gesichtscreme hat eine feuchte, leichte und nicht klebrige Cremetextur, die eine starke Verstopfung der Poren verhindert. Sie eignet sich sehr gut f\u00fcr die t\u00e4gliche Feuchtigkeitspflege und hat eine gute Wirkung auf Mischhaut.<\/p>\n\n\n\n<p>4.<strong> Geeignet f\u00fcr empfindliche Haut: <\/strong>Unsere feuchtigkeitsspendende Gesichtscreme enth\u00e4lt milde Inhaltsstoffe und ist frei von Alkohol, Pigmenten oder Reizstoffen. Sie birgt ein geringes Risiko f\u00fcr Allergien und R\u00f6tungen. Sie kann sicher auf empfindlicher Haut angewendet werden, um die Hautgesundheit zu sch\u00fctzen.<\/p>\n\n\n\n<h2 class=\"wp-block-heading\">So verwenden Sie feuchtigkeitsspendende Gesichtscreme<\/h2>\n\n\n\n<p>Als letzter Schritt der t\u00e4glichen Hautpflegeroutine empfiehlt sich die Anwendung einer feuchtigkeitsspendenden Gesichtscreme, um die N\u00e4hrstoffe der zuvor verwendeten Pflegeprodukte zu speichern und die Haut langanhaltend mit Feuchtigkeit zu versorgen.<\/p>\n\n\n\n<p>1. <strong>Reinigen Sie das Gesicht: <\/strong>Verwenden Sie Reinigungsprodukte, um Schmutz, \u00d6l und Make-up gr\u00fcndlich aus dem Gesicht zu entfernen.<\/p>\n\n\n\n<p>2. <strong>Lotion\/Toner verwenden: <\/strong>Pflegt die Hornschicht und unterst\u00fctzt die Aufnahme nachfolgender Pflegeprodukte.<\/p>\n\n\n\n<p>3. <strong>Nehmen Sie eine entsprechende Menge Creme heraus und tragen Sie sie auf das Gesicht auf: <\/strong>Mit dem Ringfinger oder den Fingerspitzen eine sojabohnengro\u00dfe Menge Creme entnehmen.<\/p>\n\n\n\n<p>4. <strong>Gleichm\u00e4\u00dfig auftragen und sanft einklopfen, damit es einzieht:<\/strong> Auf Stirn, Wangen, Nase und Kinn auftragen, sanft kreisend einmassieren und gleichm\u00e4\u00dfig verteilen. F\u00fcr eine bessere Aufnahme k\u00f6nnen Sie die Creme durch leichtes Einklopfen oder Einmassieren einmassieren.<\/p>\n\n\n\n<h2 class=\"wp-block-heading\"><strong>Vorsicht<\/strong><\/h2>\n\n\n\n<p>1. <strong>Bitte f\u00fchren Sie beim ersten Mal einen Hauttest durch:<\/strong> F\u00fchren Sie eine kleine Testmenge hinter dem Ohr oder an der Innenseite des Handgelenks durch und verwenden Sie sie nach 24 Stunden ohne Auff\u00e4lligkeiten formell, um Allergien zu vermeiden.<\/p>\n\n\n\n<p>2. <strong>Vermeiden Sie die Verwendung mit stark reizenden Produkten: <\/strong>Vermeiden Sie die Verwendung hochkonzentrierter S\u00e4ure- oder Retinolprodukte, um Hautbeschwerden vorzubeugen.<\/p>\n\n\n\n<p>3. <strong>Nach dem \u00d6ffnen m\u00f6glichst bald verbrauchen: <\/strong>Es wird empfohlen, die feuchtigkeitsspendende Gesichtscreme innerhalb von 6\u201312 Monaten nach dem \u00d6ffnen aufzubrauchen, um eine Oxidation und Unwirksamkeit der Wirkstoffe zu vermeiden.<\/p>\n\n\n\n<p>4. <strong>K\u00fchl und trocken lagern: <\/strong>Um die Aktivit\u00e4t und Stabilit\u00e4t des Produkts aufrechtzuerhalten, sollte die Lagerumgebung direkte Sonneneinstrahlung sowie hohe Temperaturen und Luftfeuchtigkeit vermeiden.<\/p>\n\n\n\n<p>5. <strong>Beenden Sie die Anwendung sofort, wenn Sie Unwohlsein versp\u00fcren: <\/strong>Sollten Sie w\u00e4hrend der Anwendung ein Kribbeln, R\u00f6tungen oder andere Beschwerden versp\u00fcren, beenden Sie die Anwendung bitte sofort und suchen Sie rechtzeitig einen Arzt auf.<\/p>\n\n\n\n<h2 class=\"wp-block-heading\">Abschluss<\/h2>\n\n\n\n<p>Die feuchtigkeitsspendende Gesichtscreme ist eine Hautpflegecreme, die hochwirksame Feuchtigkeitspflege mit sanfter Reparatur kombiniert. Sie eignet sich f\u00fcr verschiedene Anwendungsbereiche, z. B. f\u00fcr die t\u00e4gliche Hautpflege und professionelle Anwendungen. 3TOP verwendet nat\u00fcrliche und sichere Inhaltsstoffe, um ein langanhaltendes, feuchtigkeitsspendendes und pflegendes Hauterlebnis zu bieten. Unsere feuchtigkeitsspendende Gesichtscreme ist f\u00fcr viele Menschen geeignet und erf\u00fcllt die vielf\u00e4ltigen Hautpflegebed\u00fcrfnisse unserer Anwender.<\/p>","protected":false},"excerpt":{"rendered":"Moisturizing Face Cream Manufacturing Common Formulas As a professional moisturizing face cream manufacturer, we select a variety of highly effective and gentle moisturizing and repairing ingredients, such as ceramide and hyaluronic acid, to help the skin deeply hydrate, repair the barrier, and improve the overall skin quality. 1. Ceramide: Ceramide can help reduce water loss, [&hellip;]","protected":false},"featured_media":3360,"menu_order":0,"template":"","meta":[],"product-tag":[],"products":[161],"class_list":["post-3359","product","type-product","status-publish","has-post-thumbnail","hentry","products-face-cream"],"acf":[],"_links":{"self":[{"href":"https:\/\/www.ruiqigo.com\/de\/wp-json\/wp\/v2\/product\/3359","targetHints":{"allow":["GET"]}}],"collection":[{"href":"https:\/\/www.ruiqigo.com\/de\/wp-json\/wp\/v2\/product"}],"about":[{"href":"https:\/\/www.ruiqigo.com\/de\/wp-json\/wp\/v2\/types\/product"}],"version-history":[{"count":0,"href":"https:\/\/www.ruiqigo.com\/de\/wp-json\/wp\/v2\/product\/3359\/revisions"}],"wp:featuredmedia":[{"embeddable":true,"href":"https:\/\/www.ruiqigo.com\/de\/wp-json\/wp\/v2\/media\/3360"}],"wp:attachment":[{"href":"https:\/\/www.ruiqigo.com\/de\/wp-json\/wp\/v2\/media?parent=3359"}],"wp:term":[{"taxonomy":"product-tag","embeddable":true,"href":"https:\/\/www.ruiqigo.com\/de\/wp-json\/wp\/v2\/product-tag?post=3359"},{"taxonomy":"products","embeddable":true,"href":"https:\/\/www.ruiqigo.com\/de\/wp-json\/wp\/v2\/products?post=3359"}],"curies":[{"name":"wp","href":"https:\/\/api.w.org\/{rel}","templated":true}]}}