{"id":336,"date":"2024-07-05T20:30:17","date_gmt":"2024-07-05T12:30:17","guid":{"rendered":"https:\/\/ruiqigo.com\/?post_type=product&#038;p=336"},"modified":"2024-09-26T17:43:34","modified_gmt":"2024-09-26T09:43:34","slug":"body-lotion-with-spf","status":"publish","type":"product","link":"https:\/\/www.ruiqigo.com\/de\/product\/body-lotion-with-spf","title":{"rendered":"K\u00f6rperlotion mit Lichtschutzfaktor"},"content":{"rendered":"<h3 class=\"wp-block-heading\">K\u00f6rperlotion mit Lichtschutzfaktor Herstellung Allgemeine Formeln<\/h3>\n\n\n\n<p>Die wichtigsten Sonnenschutzbestandteile dieser K\u00f6rperlotion mit Lichtschutzfaktor sind Zinkoxid und Titandioxid, die als hochwirksame physikalische Sonnenschutzmittel gelten, die einen Breitbandschutz gegen UVA-\/UVB-Strahlen bieten und eine zuverl\u00e4ssige Barriere f\u00fcr Ihre Haut bilden. Dar\u00fcber hinaus enth\u00e4lt das Produkt Vitamin E, ein starkes Antioxidans, das freie Radikale neutralisiert und die Haut vor Lichtsch\u00e4den sch\u00fctzt. Gleichzeitig enth\u00e4lt die Formel auch Glycerin, Pflanzen\u00f6le und andere pflegende Inhaltsstoffe, die die Haut tiefenwirksam n\u00e4hren, Trockenheit lindern und Ihre Haut feucht und geschmeidig halten.<\/p>\n\n\n\n<h3 class=\"wp-block-heading\">K\u00f6rperlotion mit Lichtschutzfaktor Anwendbare Szenarien<\/h3>\n\n\n\n<p>Diese K\u00f6rperlotion mit Lichtschutzfaktor ist ein Allwetter-Pflegeprodukt, eignet sich jedoch am besten f\u00fcr die hei\u00dfen, sonnigen Sommermonate, da sie Ihre Haut wirksam vor der Sonne sch\u00fctzt, UVA-\/UVB-Strahlen blockiert und Sonnenbrand und Hyperpigmentierung verhindert. Oder wir haben mehr <a href=\"https:\/\/www.ruiqigo.com\/de\/products\/body-lotion\/\">K\u00f6rperlotion<\/a> Optionen, aus denen Sie ausw\u00e4hlen k\u00f6nnen.<\/p>\n\n\n\n<h3 class=\"wp-block-heading\">F\u00fcr wen ist K\u00f6rperlotion mit Lichtschutzfaktor geeignet?<\/h3>\n\n\n\n<p>Diese f\u00fcr alle geeignete K\u00f6rperlotion mit Lichtschutzfaktor bietet wirksamen Schutz f\u00fcr br\u00e4unungsanf\u00e4llige Haut und beugt Hyperpigmentierung vor. Ihre reichhaltigen, pflegenden Inhaltsstoffe lindern die mit dem Alter einhergehende Trockenheit. Diese K\u00f6rperfeuchtigkeitscreme ist ideal f\u00fcr alle, die gerne im Freien sind, und bietet der Haut jederzeit umfassende After-Sun-Pflege. Wenn Sie weitere Bed\u00fcrfnisse haben, erfahren Sie mehr \u00fcber 3TOP <a href=\"https:\/\/www.ruiqigo.com\/de\/products\/body-care\/\">K\u00f6rperpflege <\/a>Produkte.<\/p>\n\n\n\n<h3 class=\"wp-block-heading\">K\u00f6rperlotion mit Lichtschutzfaktor Herstellungsprozess<\/h3>\n\n\n\n<p>K\u00f6rperlotion mit Lichtschutzfaktor wird mit besonderem Augenmerk auf die Kombination hochwirksamer Sonnenschutzmittel mit feuchtigkeitsspendenden Inhaltsstoffen hergestellt. Die Breitband-Sonnenschutztechnologie sorgt f\u00fcr umfassenden UVA- und UVB-Schutz, w\u00e4hrend antioxidative und feuchtigkeitsspendende Inhaltsstoffe wie Vitamin E und nat\u00fcrliche Pflanzen\u00f6le hinzugef\u00fcgt werden, um die Hautbarriere zu st\u00e4rken. Die Stabilit\u00e4t und Dispersion von Sonnenschutzmitteln wird w\u00e4hrend des Produktionsprozesses streng kontrolliert, und es werden Hautvertr\u00e4glichkeitstests durchgef\u00fchrt, um sicherzustellen, dass das Produkt sicher und nicht reizend ist. Dar\u00fcber hinaus ist die leichte Textur so konzipiert, dass sie schnell einzieht und lang anhaltende Feuchtigkeit spendet, um den doppelten Anforderungen an t\u00e4glichen Sonnenschutz und Hautpflege gerecht zu werden. Wenn Sie mehr wissen m\u00f6chten, lesen Sie bitte die zugeh\u00f6rigen <a href=\"https:\/\/www.ruiqigo.com\/de\/body-lotion-manufacturer-elevating-skincare-standards.html\/\">K\u00f6rperlotion<\/a> Herstellungsinformationen.<\/p>","protected":false},"excerpt":{"rendered":"Body lotion with spf manufacturing Common Formulas The core sunscreen ingredients in this spf body lotion are Zinc Oxide and Titanium Dioxide, which are recognized as highly effective physical sunscreens that provide broad-spectrum protection against UVA\/UVB rays, creating a reliable barrier for your skin. In addition, the product contains Vitamin E, a powerful antioxidant that [&hellip;]","protected":false},"featured_media":337,"menu_order":0,"template":"","meta":[],"product-tag":[],"products":[56],"class_list":["post-336","product","type-product","status-publish","has-post-thumbnail","hentry","products-body-lotion"],"acf":[],"_links":{"self":[{"href":"https:\/\/www.ruiqigo.com\/de\/wp-json\/wp\/v2\/product\/336","targetHints":{"allow":["GET"]}}],"collection":[{"href":"https:\/\/www.ruiqigo.com\/de\/wp-json\/wp\/v2\/product"}],"about":[{"href":"https:\/\/www.ruiqigo.com\/de\/wp-json\/wp\/v2\/types\/product"}],"version-history":[{"count":0,"href":"https:\/\/www.ruiqigo.com\/de\/wp-json\/wp\/v2\/product\/336\/revisions"}],"wp:featuredmedia":[{"embeddable":true,"href":"https:\/\/www.ruiqigo.com\/de\/wp-json\/wp\/v2\/media\/337"}],"wp:attachment":[{"href":"https:\/\/www.ruiqigo.com\/de\/wp-json\/wp\/v2\/media?parent=336"}],"wp:term":[{"taxonomy":"product-tag","embeddable":true,"href":"https:\/\/www.ruiqigo.com\/de\/wp-json\/wp\/v2\/product-tag?post=336"},{"taxonomy":"products","embeddable":true,"href":"https:\/\/www.ruiqigo.com\/de\/wp-json\/wp\/v2\/products?post=336"}],"curies":[{"name":"wp","href":"https:\/\/api.w.org\/{rel}","templated":true}]}}