{"id":3386,"date":"2025-05-15T14:17:15","date_gmt":"2025-05-15T06:17:15","guid":{"rendered":"https:\/\/www.ruiqigo.com\/?post_type=product&#038;p=3386"},"modified":"2025-05-15T14:17:15","modified_gmt":"2025-05-15T06:17:15","slug":"dark-circle-eye-cream","status":"publish","type":"product","link":"https:\/\/www.ruiqigo.com\/de\/product\/dark-circle-eye-cream","title":{"rendered":"Augencreme f\u00fcr dunkle Augenringe"},"content":{"rendered":"<h2 class=\"wp-block-heading\">Herstellung von Augencremes f\u00fcr dunkle Augenringe, g\u00e4ngige Formeln<\/h2>\n\n\n\n<p>3TOP ist ein professioneller Hersteller von Augencremes gegen Augenringe. Wir verwenden ausschlie\u00dflich sichere, milde und hochaktive Inhaltsstoffe, die speziell entwickelt wurden, um Augenringe zu reduzieren, den Hautton aufzuhellen und Tr\u00e4nens\u00e4cke zu verbessern. Die Creme repariert die Haut um die Augen bei Augenproblemen wie Pigmentflecken und schlechter Durchblutung und verbessert die Leuchtkraft und Festigkeit der Haut.<\/p>\n\n\n\n<p>1. <strong>Niacinamid: <\/strong>Als aktive Form von Vitamin B3 kann Niacinamid den Melanintransport hemmen, pigmentierte Augenringe aufhellen und die Hautbarriere st\u00e4rken. Langfristige Anwendung kann die Haut um die Augen aufhellen und das gesamte Hautbild verbessern.<\/p>\n\n\n\n<p>2. <strong>Koffein:<\/strong> Koffein kann die Durchblutung der Augenpartie f\u00f6rdern und \u00d6deme reduzieren, wodurch dunkle Augenringe effektiv gemildert werden k\u00f6nnen. Es kann au\u00dferdem den Zellstoffwechsel anregen, fahle Haut aufhellen und die Augenpartie vitaler wirken lassen.<\/p>\n\n\n\n<p>3. <strong>Vitamin C-Derivate: <\/strong>Vitamin-C-Derivate k\u00f6nnen die Haut um die Augen sanft aufhellen, die Kollagensynthese f\u00f6rdern und gleichzeitig der Oxidation entgegenwirken, Mattheit und M\u00fcdigkeit verbessern und den Hautglanz verbessern.<\/p>\n\n\n\n<p>4. <strong>Tetrapeptide:<\/strong> Tetrapeptide k\u00f6nnen die Kollagensynthese anregen, die Elastizit\u00e4t der Augenhaut verbessern und altersbedingte Augenfalten sowie schlaffe Augenpartien reduzieren. Sie k\u00f6nnen au\u00dferdem Hautentz\u00fcndungen verlangsamen und die Haut um die Augen straffer und j\u00fcnger machen.<\/p>\n\n\n\n<h2 class=\"wp-block-heading\">Die Funktionen der Augencreme gegen dunkle Augenringe<\/h2>\n\n\n\n<p>1. <strong>Langanhaltend feuchtigkeitsspendend und wasserbindend: <\/strong>Die Dark Circle Eye Cream enth\u00e4lt Hyalurons\u00e4ure und mehrere feuchtigkeitsspendende Inhaltsstoffe, die die Haut um die Augen langanhaltend mit Feuchtigkeit versorgen, der Bildung trockener Linien vorbeugen und die Augen mit Feuchtigkeit versorgen und prall halten.<\/p>\n\n\n\n<p>2. <strong>Schnelle Absorption:<\/strong> Dark Circle Eye Cream hat eine leichte Cremetextur, die leicht einzieht und schnell in die Haut um die Augen eindringt. Sie ist nicht fettend und eignet sich f\u00fcr die Anwendung tags\u00fcber oder vor dem Schminken, ohne das Make-up zu beeintr\u00e4chtigen.<\/p>\n\n\n\n<p>3. <strong>Sanft und nicht reizend: <\/strong>Unsere Augencreme gegen Augenringe ist parf\u00fcm- und alkoholfrei und enth\u00e4lt milde Inhaltsstoffe, sodass sie auch von Menschen mit empfindlicher Haut und Schwangeren angewendet werden kann. Das Produkt wurde auf Augenvertr\u00e4glichkeit getestet, um sicherzustellen, dass es bei t\u00e4glicher Anwendung keine Reizungen oder Beschwerden verursacht.<\/p>\n\n\n\n<p>4. <strong>Mehrere Funktionen: <\/strong>Neben ihren vielf\u00e4ltigen Funktionen wie Straffung, Beruhigung und Antioxidation kann die Augencreme gegen Augenringe auch viele Augenprobleme l\u00f6sen, wie z. B. das Verblassen von Augenringen und die Verlangsamung feiner F\u00e4ltchen. Ein Produkt mit mehreren Funktionen verbessert die allgemeine Wirksamkeit der Hautpflege.<\/p>\n\n\n\n<h2 class=\"wp-block-heading\">So verwenden Sie die Augencreme f\u00fcr dunkle Augenringe<\/h2>\n\n\n\n<p>Die richtige Anwendung einer Augencreme gegen Augenringe kann ihre Absorptionseffizienz deutlich verbessern und die Wirkung dunkler Ringe verringern.<\/p>\n\n\n\n<p>1. Verwenden Sie nach der Reinigung ein Gesichtswasser, um die Haut zu pflegen und mit Feuchtigkeit zu versorgen.<\/p>\n\n\n\n<p>2. Nehmen Sie eine angemessene Menge Augencreme und tragen Sie sie unter den Augen, am Augenrand und auf dem Brauenknochen auf.<\/p>\n\n\n\n<p>3. Klopfen Sie die Creme mit dem Ringfinger sanft ein, bis sie eingezogen ist. Vermeiden Sie dabei, an der Haut zu ziehen, da sich diese dadurch entspannt. Die Anwendung mit einem Augenmassageger\u00e4t verst\u00e4rkt den Effekt.<\/p>\n\n\n\n<p><strong>Empfehlung:<\/strong> T\u00e4glich einmal morgens und abends mit sanften Massagegriffen anwenden, damit die Inhaltsstoffe besser in die untere Hautschicht eindringen und die Mikrozirkulation der Augen aktivieren k\u00f6nnen.<\/p>\n\n\n\n<h2 class=\"wp-block-heading\">Vorsicht<\/h2>\n\n\n\n<p>1. <strong>Die Augenmassage sollte moderat sein: <\/strong>Die Massage sollte sanft erfolgen und starkes Ziehen vermieden werden, um die empfindliche Augenpartie nicht zu reizen und negative Auswirkungen zu verursachen.<\/p>\n\n\n\n<p>2. <strong>Vermeiden Sie direkten Kontakt mit dem Augapfel: <\/strong>Vermeiden Sie bei der Anwendung der Augencreme den Bereich um den Augapfel und die Wimpernwurzel. Sollte die Creme versehentlich in die Augen gelangen, sp\u00fclen Sie diese bitte sofort mit klarem Wasser aus.<\/p>\n\n\n\n<p>3. <strong>F\u00fchren Sie vor der ersten Anwendung einen Empfindlichkeitstest durch: <\/strong>Es wird empfohlen, es 24 Stunden lang hinter den Ohren oder um die Augen herum auszuprobieren und es dann normal zu verwenden, nachdem sichergestellt wurde, dass keine Reizungen auftreten.<\/p>\n\n\n\n<p>4. <strong>Verwendung mit Sonnenschutzmitteln: <\/strong>Nach der Verwendung dieses Produkts wird empfohlen, Sonnenschutzprodukte zu verwenden, um zu verhindern, dass ultraviolette Strahlen die Pigmentablagerung verschlimmern und um das Verblassen dunkler Augenringe zu verbessern.<\/p>\n\n\n\n<h2 class=\"wp-block-heading\">Abschluss<\/h2>\n\n\n\n<p>Die Dark Circle Eye Cream ist ein hochwirksames Hautpflegeprodukt, das speziell f\u00fcr Augenprobleme entwickelt wurde. Sie kombiniert mehrere Wirkstoffe, um Augenringe zu reduzieren, die Augenhaut zu straffen und Schwellungen zu lindern. Die milde Textur zieht schnell ein, ist f\u00fcr jeden Hauttyp geeignet und bietet ein ausgewogenes Verh\u00e4ltnis zwischen Wirksamkeit und Hautgef\u00fchl. 3TOP unterst\u00fctzt die Produktanpassung, um Kunden zu helfen, sich differenziert zu pr\u00e4sentieren und die Bed\u00fcrfnisse verschiedener M\u00e4rkte optimal zu erf\u00fcllen.<\/p>","protected":false},"excerpt":{"rendered":"Dark Circle Eye Cream Manufacturing Common Formulas 3TOP is a professional dark circle eye cream manufacturer. We insist on using safe and mild, highly active ingredients, which are specially designed to reduce dark circles, brighten skin tone, and improve eye bags. It repairs the skin around the eyes for eye problems such as pigmentation and [&hellip;]","protected":false},"featured_media":3387,"menu_order":0,"template":"","meta":[],"product-tag":[],"products":[162],"class_list":["post-3386","product","type-product","status-publish","has-post-thumbnail","hentry","products-eye-cream"],"acf":[],"_links":{"self":[{"href":"https:\/\/www.ruiqigo.com\/de\/wp-json\/wp\/v2\/product\/3386","targetHints":{"allow":["GET"]}}],"collection":[{"href":"https:\/\/www.ruiqigo.com\/de\/wp-json\/wp\/v2\/product"}],"about":[{"href":"https:\/\/www.ruiqigo.com\/de\/wp-json\/wp\/v2\/types\/product"}],"version-history":[{"count":0,"href":"https:\/\/www.ruiqigo.com\/de\/wp-json\/wp\/v2\/product\/3386\/revisions"}],"wp:featuredmedia":[{"embeddable":true,"href":"https:\/\/www.ruiqigo.com\/de\/wp-json\/wp\/v2\/media\/3387"}],"wp:attachment":[{"href":"https:\/\/www.ruiqigo.com\/de\/wp-json\/wp\/v2\/media?parent=3386"}],"wp:term":[{"taxonomy":"product-tag","embeddable":true,"href":"https:\/\/www.ruiqigo.com\/de\/wp-json\/wp\/v2\/product-tag?post=3386"},{"taxonomy":"products","embeddable":true,"href":"https:\/\/www.ruiqigo.com\/de\/wp-json\/wp\/v2\/products?post=3386"}],"curies":[{"name":"wp","href":"https:\/\/api.w.org\/{rel}","templated":true}]}}