{"id":3392,"date":"2025-05-15T14:18:35","date_gmt":"2025-05-15T06:18:35","guid":{"rendered":"https:\/\/www.ruiqigo.com\/?post_type=product&#038;p=3392"},"modified":"2025-05-15T14:18:36","modified_gmt":"2025-05-15T06:18:36","slug":"collagen-eye-mask","status":"publish","type":"product","link":"https:\/\/www.ruiqigo.com\/de\/product\/collagen-eye-mask","title":{"rendered":"Kollagen-Augenmaske"},"content":{"rendered":"<h2 class=\"wp-block-heading\">Herstellung von Kollagen-Augenmasken \u2013 G\u00e4ngige Rezepturen<\/h2>\n\n\n\n<p>Als professioneller Hersteller von Kollagen-Augenmasken w\u00e4hlen wir Wirkstoffe wie hochreines hydrolysiertes Kollagen, Natriumhyaluronat und Vitamin-C-Derivate aus, um die Haut um die Augen zu straffen, dunkle Augenringe zu mildern, feine Linien zu gl\u00e4tten und den Augen langanhaltende Feuchtigkeit und beruhigende Wirkung zu verleihen.<\/p>\n\n\n\n<p>1.<strong> Hydrolysiertes Kollagen:<\/strong> Hydrolysiertes Kollagen f\u00f6rdert die Regeneration des Hautelastins, verbessert die Festigkeit der Augenpartie, mildert feine Linien und Erschlaffungen um die Augen und l\u00e4sst die Haut um die Augen j\u00fcnger und praller wirken.<\/p>\n\n\n\n<p>2. <strong>Natriumhyaluronat: <\/strong>Natriumhyaluronat ist ein hochwirksamer Feuchtigkeitsspender, der die Augenpartie schnell mit Feuchtigkeit versorgt, Trockenheit um die Augen lindert, die Hautbarriere repariert und den Tragekomfort des Produkts w\u00e4hrend der Anwendung sowie die langfristige Feuchtigkeitsversorgung und Wasserspeicherung verbessert.<\/p>\n\n\n\n<p>3. <strong>Vitamin C-Derivate: <\/strong>Vitamin-C-Derivate sind milde und stabile Aufhellungsfaktoren, die die Melaninproduktion wirksam hemmen, den Hautton der Augen aufhellen und Pigmentflecken verbessern k\u00f6nnen.<\/p>\n\n\n\n<p>4. <strong>Koffein: <\/strong>Koffein kann die Durchblutung um die Augen beschleunigen, Schwellungen und dunkle Augenringe lindern und die Haut um die Augen erfrischen.<\/p>\n\n\n\n<p>5. <strong>Hamamelis-Extrakt:<\/strong> Es hat eine beruhigende und adstringierende Wirkung, kann helfen, die Haut um die Augen zu beruhigen, R\u00f6tungen und Schwellungen zu reduzieren und ist f\u00fcr Menschen mit empfindlicher Haut geeignet.<\/p>\n\n\n\n<h2 class=\"wp-block-heading\">Die Funktionen der Kollagen-Augenmaske<\/h2>\n\n\n\n<p>1. <strong>K\u00e4ltekompresse und wohltuende Doppelwirkung in einem:<\/strong> Die Kollagen-Augenmaske besteht aus Hydrogelmaterial, das nicht nur eine hervorragende Passform und einfache Handhabung bietet, sondern w\u00e4hrend der Anwendung auch kontinuierlich k\u00fchlt und die Augenerm\u00fcdung lindert, wodurch die doppelte Wirkung einer K\u00e4ltekompresse und einer beruhigenden Wirkung erzielt wird.<\/p>\n\n\n\n<p>2. <strong>Schnelle Reparatur, schnelle Wirkung: <\/strong>Die Kollagen-Augenmaske wirkt sehr schnell. Schon nach 15 Minuten ist eine deutliche Verbesserung der Feuchtigkeitsversorgung der Augenpartie sp\u00fcrbar. Sie ist ideal f\u00fcr die intensive Feuchtigkeitspflege, beispielsweise nach einer langen Nacht oder vor dem Schminken.<\/p>\n\n\n\n<p>3. <strong>Hohe Durchdringungs- und Absorptionseffizienz: <\/strong>Unsere Kollagen-Augenmaske ist weich und haftet optimal. Sie verrutscht nicht so leicht auf der Haut um die Augen. In Kombination mit einer sanften Massage f\u00f6rdert sie die Aufnahme wichtiger Inhaltsstoffe und verbessert deren Wirkung.<\/p>\n\n\n\n<p>4. <strong>Ein Patch mit mehreren Effekten:<\/strong> Die Kollagen-Augenmaske bek\u00e4mpft nicht nur Augenringe, sondern lindert gleichzeitig auch Probleme wie feine Linien und Tr\u00e4nens\u00e4cke und tr\u00e4gt so zu einem jugendlicheren Aussehen der Augenpartie bei.<\/p>\n\n\n\n<h2 class=\"wp-block-heading\">Anwendung der Kollagen-Augenmaske<\/h2>\n\n\n\n<p>Die Kollagen-Augenmaske ist einfach anzuwenden und wirksam und eignet sich daher perfekt f\u00fcr die t\u00e4gliche Hautpflege und als Make-up-Vorbereitung. Wir empfehlen, sie nach der Reinigung zu verwenden, um die feuchtigkeitsspendende und straffende Wirkung der Augenmaske zu maximieren.<\/p>\n\n\n\n<p>1. <strong>Reinigen Sie die Augenpartie: <\/strong>Verwenden Sie ein mildes Reinigungsprodukt, um Ihr Gesicht gr\u00fcndlich zu reinigen und sicherzustellen, dass sich keine \u00d6l- oder Make-up-Reste um Ihre Augen befinden.<\/p>\n\n\n\n<p>2. <strong>Augenmaske abnehmen: <\/strong>Nach dem \u00d6ffnen der Verpackung die Augenmaske vorsichtig entnehmen, um ein Verformen durch starkes Ziehen zu vermeiden.<\/p>\n\n\n\n<p>3. <strong>Auf die Augen auftragen:<\/strong> Setzen Sie die Augenmaske vorsichtig auf die Tr\u00e4nens\u00e4cke und passen Sie sie an.<\/p>\n\n\n\n<p>4. <strong>Warten Sie 10-20 Minuten: <\/strong>Warten Sie, bis die Haut um die Augen die Essenz der Augenmaske aufgenommen hat.<\/p>\n\n\n\n<p>5. <strong>Entfernen und einmassieren:<\/strong> Nehmen Sie die Augenmaske von den Augen und tupfen Sie die Augenpartie mit dem Ringfinger ab, um die restliche Essenz besser aufzunehmen.<\/p>\n\n\n\n<h2 class=\"wp-block-heading\">Vorsicht<\/h2>\n\n\n\n<p>1. <strong>Direkten Augenkontakt vermeiden:<\/strong> Bei der Anwendung die Augenlider und Wimpernwurzeln aussparen, um zu verhindern, dass die Essenz in die Augen gelangt. Sollte sie versehentlich in die Augen gelangen, sofort mit klarem Wasser aussp\u00fclen.<\/p>\n\n\n\n<p>2. <strong>Nicht zusammen mit stark wirkenden Augenessenzen verwenden:<\/strong> Um Reizungen durch \u00dcberlappung oder Beeintr\u00e4chtigung der Absorption zu vermeiden, verwenden Sie dieses Produkt bitte nicht zusammen mit hochwirksamen Produkten wie Fruchts\u00e4ure und Retinol.<\/p>\n\n\n\n<p>3. <strong>Bitte f\u00fchren Sie vor der ersten Verwendung einen lokalen Test durch: <\/strong>Obwohl die Formel der Kollagen-Augenmaske mild ist, empfehlen wir dennoch, sie vor der ersten Anwendung hinter dem Ohr oder am Handgelenk zu testen, um sicherzustellen, dass keine Hautreizungen auftreten.<\/p>\n\n\n\n<p>4. <strong>K\u00fchl und trocken lagern:<\/strong> Hohe Temperaturen und Sonneneinstrahlung k\u00f6nnen die Konsistenz des Gels und die Stabilit\u00e4t der Wirkstoffe beeintr\u00e4chtigen. Es wird empfohlen, direkte Sonneneinstrahlung zu vermeiden und das Gel k\u00fchl und trocken zu lagern.<\/p>\n\n\n\n<h2 class=\"wp-block-heading\">Abschluss<\/h2>\n\n\n\n<p>Die Kollagen-Augenmaske ist dank ihrer Kombination aus hochwirksamen und sanften Inhaltsstoffen, ihrer angenehmen Textur und ihrer vielf\u00e4ltigen Anwendungsm\u00f6glichkeiten ein beliebtes Augenpflegeprodukt. Ob zur t\u00e4glichen Pflege oder als Erste-Hilfe-Ma\u00dfnahme vor dem Schminken \u2013 sie \u00fcberzeugt durch ihre sichtbare Wirkung und das angenehme Tragegef\u00fchl.<\/p>","protected":false},"excerpt":{"rendered":"Collagen Eye Mask Manufacturing Common Formulas As a professional collagen eye mask manufacturer, we select active ingredients such as high-purity hydrolyzed collagen, sodium hyaluronate, and vitamin C derivatives to help tighten the skin around the eyes, fade dark circles, smooth fine lines, and bring long-lasting moisturizing and soothing effects to the eyes. 1. Hydrolyzed collagen: [&hellip;]","protected":false},"featured_media":3393,"menu_order":0,"template":"","meta":[],"product-tag":[],"products":[163],"class_list":["post-3392","product","type-product","status-publish","has-post-thumbnail","hentry","products-eye-mask"],"acf":[],"_links":{"self":[{"href":"https:\/\/www.ruiqigo.com\/de\/wp-json\/wp\/v2\/product\/3392","targetHints":{"allow":["GET"]}}],"collection":[{"href":"https:\/\/www.ruiqigo.com\/de\/wp-json\/wp\/v2\/product"}],"about":[{"href":"https:\/\/www.ruiqigo.com\/de\/wp-json\/wp\/v2\/types\/product"}],"version-history":[{"count":0,"href":"https:\/\/www.ruiqigo.com\/de\/wp-json\/wp\/v2\/product\/3392\/revisions"}],"wp:featuredmedia":[{"embeddable":true,"href":"https:\/\/www.ruiqigo.com\/de\/wp-json\/wp\/v2\/media\/3393"}],"wp:attachment":[{"href":"https:\/\/www.ruiqigo.com\/de\/wp-json\/wp\/v2\/media?parent=3392"}],"wp:term":[{"taxonomy":"product-tag","embeddable":true,"href":"https:\/\/www.ruiqigo.com\/de\/wp-json\/wp\/v2\/product-tag?post=3392"},{"taxonomy":"products","embeddable":true,"href":"https:\/\/www.ruiqigo.com\/de\/wp-json\/wp\/v2\/products?post=3392"}],"curies":[{"name":"wp","href":"https:\/\/api.w.org\/{rel}","templated":true}]}}