{"id":3400,"date":"2025-05-15T14:19:58","date_gmt":"2025-05-15T06:19:58","guid":{"rendered":"https:\/\/www.ruiqigo.com\/?post_type=product&#038;p=3400"},"modified":"2025-05-15T14:19:58","modified_gmt":"2025-05-15T06:19:58","slug":"brightening-ampoule","status":"publish","type":"product","link":"https:\/\/www.ruiqigo.com\/de\/product\/brightening-ampoule","title":{"rendered":"Aufhellende Ampulle"},"content":{"rendered":"<h2 class=\"wp-block-heading\">Herstellung von aufhellenden Ampullen \u2013 g\u00e4ngige Formeln<\/h2>\n\n\n\n<p>Die Formel der aufhellenden Ampulle verwendet mehrere hautaufhellende Faktoren wie hochreines Niacinamid, Tranexams\u00e4ure, Arbutin und Natriumhyaluronat. Dank stabiler Technologie und ausgereifter Prozesse tr\u00e4gt sie dazu bei, Mattheit aufzuhellen, den Hautton aufzuhellen und der Haut ein strahlendes und transparentes Gef\u00fchl zu verleihen.<\/p>\n\n\n\n<p>1. <strong>Niacinamid:<\/strong> Niacinamid ist ein aufhellender Wirkstoff mit breitem Wirkungsspektrum, der den Melanintransport hemmt und die Hautbarriere st\u00e4rken kann. Es ist mild und nicht reizend und ein wirksamer Inhaltsstoff zur Linderung verschiedener Probleme mit stumpfer Haut.<\/p>\n\n\n\n<p>2. <strong>Tranexams\u00e4ure:<\/strong> Tranexams\u00e4ure kann durch UV-Strahlung verursachte Pigmentierung hemmen, Flecken und Aknenarben aufhellen und wirkt entz\u00fcndungshemmend. Sie ist sehr gut f\u00fcr empfindliche Haut geeignet. Sie repariert die Haut, hellt den Hautton auf und beugt Pigmentierung vor.<\/p>\n\n\n\n<p>3. <strong>Arbutin: <\/strong>Arbutin ist ein sicherer und milder Aufheller, der die Melaninproduktion effektiv reduzieren und einem fahlen Hautton vorbeugen kann, indem er die Tyrosinase-Aktivit\u00e4t hemmt. Es ist hochstabil und f\u00fcr die Langzeitanwendung geeignet. Es kann helfen, den Hautton auszugleichen und die Ausstrahlung der Haut zu verbessern.<\/p>\n\n\n\n<p>4. <strong>Natriumhyaluronat: <\/strong>Als klassischer feuchtigkeitsspendender Inhaltsstoff kann Natriumhyaluronat Feuchtigkeit wirksam einschlie\u00dfen, den Feuchtigkeitsgehalt der Haut erh\u00f6hen, die Penetrationseffizienz von aufhellenden Inhaltsstoffen und den Hautkomfort verbessern und die Haut beim Aufhellen mit Feuchtigkeit versorgen.<\/p>\n\n\n\n<p>5. <strong>Glutathion: <\/strong>Glutathion ist ein starkes Antioxidans, das h\u00e4ufig in der Hautpflege verwendet wird, um die Melaninbildung zu reduzieren. Es kann freie Radikale neutralisieren, den Zellstoffwechsel f\u00f6rdern, die Haut von innen heraus strahlen lassen und die Hautalterung verz\u00f6gern.<\/p>\n\n\n\n<h2 class=\"wp-block-heading\">Die Funktionen der aufhellenden Ampulle<\/h2>\n\n\n\n<p>1. <strong>Hochkonzentrierte Essenz: <\/strong>Die aufhellende Ampulle verwendet eine hochkonzentrierte Wirkstofftextur, die stark eindringt und schnell bis in die Haut gelangt. Sie kann einen matten und m\u00fcden Hautton in kurzer Zeit verbessern und eignet sich zum Aufwecken der Haut oder zur reparierenden Pflege.<\/p>\n\n\n\n<p>2. <strong>Geeignet f\u00fcr verschiedene Hauttypen:<\/strong> Die aufhellende Ampulle enth\u00e4lt keine reizenden Inhaltsstoffe und keinen Alkohol, hat eine erfrischende und nicht klebrige Textur, spendet viel Feuchtigkeit und ist f\u00fcr trockene, fettige und empfindliche Haut geeignet. Sie kann zu jeder Jahreszeit verwendet werden.<\/p>\n\n\n\n<p>3. <strong>Reine und leichte Textur: <\/strong>Die aufhellende Ampulle hat eine transparente und reine Textur. Sie wird nach Gebrauch nicht wei\u00df oder dickfl\u00fcssig und l\u00e4sst sich beim Schminken nicht so leicht mit Schlamm abreiben, was die nachfolgende Hautpflege oder das Make-up nicht beeintr\u00e4chtigt.<\/p>\n\n\n\n<p>4. <strong>Geeignet f\u00fcr die Verwendung mit einer Vielzahl von Hautpflegeprodukten: <\/strong>Die aufhellende Ampulle kann allein oder mit Sch\u00f6nheitsger\u00e4ten wie Sch\u00f6nheitsinstrumenten und Kaltspray-Instrumenten verwendet werden, um die Absorptionseffizienz zu verbessern. Sie eignet sich nicht nur f\u00fcr die h\u00e4usliche Pflege, sondern auch f\u00fcr Projekte im Sch\u00f6nheitssalon.<\/p>\n\n\n\n<h2 class=\"wp-block-heading\">So verwenden Sie die Aufhellende Ampulle<\/h2>\n\n\n\n<p>Die aufhellende Ampulle ist einfach anzuwenden und sollte nach dem Toner und vor der Creme verwendet werden.<\/p>\n\n\n\n<p>1. Verwenden Sie nach der Reinigung ein Gesichtswasser, um Ihre Haut zu pflegen.<\/p>\n\n\n\n<p>2. \u00d6ffnen Sie die aufhellende Ampulle und tropfen Sie die Essenz auf Ihre Handfl\u00e4che oder tragen Sie sie direkt auf Ihr Gesicht auf.<\/p>\n\n\n\n<p>3. Reiben und tupfen Sie sanft mit den Fingerspitzen, damit Ihre Haut die Essenz aufnehmen kann.<\/p>\n\n\n\n<p>4. Nach dem Einziehen eine Lotion oder Creme verwenden, um die Feuchtigkeit zu spenden und einzuschlie\u00dfen.<\/p>\n\n\n\n<p><strong>Empfehlung: <\/strong>Einmal morgens und einmal abends anwenden.<\/p>\n\n\n\n<h2 class=\"wp-block-heading\">Vorsicht<\/h2>\n\n\n\n<p>1. <strong>F\u00fchren Sie vor der ersten Anwendung einen Hauttest durch:<\/strong> Da die konzentrierten Essenzbestandteile hochaktiv sind, wird Erstanwendern empfohlen, vor der Anwendung im gesamten Gesicht einen Hauttest hinter den Ohren oder entlang der Kieferpartie durchzuf\u00fchren, um sicherzustellen, dass keine Beschwerden auftreten.<\/p>\n\n\n\n<p>2. <strong>Vermeiden Sie die Verwendung mit stark s\u00e4urehaltigen Produkten: <\/strong>Die Aufhellungsampulle enth\u00e4lt aufhellende Wirkstoffe. Bitte vermeiden Sie die Verwendung mit Fruchts\u00e4ure- oder A-S\u00e4ure-Produkten, um die Hautbarriere nicht zu belasten.<\/p>\n\n\n\n<p>3. <strong>Nach der Anwendung auf Sonnenschutz achten: <\/strong>Aufhellende Produkte k\u00f6nnen die Transparenz der Haut verbessern, sind aber auch anf\u00e4lliger f\u00fcr UV-Strahlung. Verwenden Sie nach der Anwendung dieses Produkts Sonnenschutzmittel mit hohem Lichtschutzfaktor, um eine Verdunkelung zu vermeiden.<\/p>\n\n\n\n<p>4. <strong>Nicht auf besch\u00e4digten oder entz\u00fcndeten Stellen anwenden:<\/strong> Wenn im Gesicht offensichtliche Wunden oder Entz\u00fcndungen vorhanden sind, vermeiden Sie bitte die Verwendung dieses Produkts, um Beschwerden zu vermeiden oder die Genesung zu beeintr\u00e4chtigen.<\/p>\n\n\n\n<p>5. <strong>An einem dunklen Ort aufbewahren: <\/strong>Um die beste Reparaturwirkung zu erzielen, lagern Sie dieses Produkt bitte an einem k\u00fchlen, trockenen und lichtgesch\u00fctzten Ort.<\/p>\n\n\n\n<h2 class=\"wp-block-heading\">Abschluss<\/h2>\n\n\n\n<p>Die Aufhellungsampulle zeichnet sich durch ihre hochaktive Formel und hocheffiziente Aufhellung aus und sticht unter vielen Hautaufhellungsprodukten hervor. Das Produkt kombiniert wissenschaftlich fundierte und sanfte Inhaltsstoffe, um eine sichere Anwendung und stabile Wirksamkeit zu gew\u00e4hrleisten und gleichzeitig das Hautgef\u00fchl des Anwenders zu verbessern. Ob als aufhellende Pflege in der t\u00e4glichen Hautpflege oder als Hautaufhellungsprojekt in der Sch\u00f6nheitssalonpflege \u2013 sie ist eine gute Wahl.<\/p>","protected":false},"excerpt":{"rendered":"Brightening Ampoule Manufacturing Common Formulas The brightening ampoule formula uses multiple skin-lightening factors such as high-purity niacinamide, tranexamic acid, arbutin and sodium hyaluronate. Through stable technology and mature processes, it helps to lighten dullness, brighten skin tone, and bring a bright and transparent feeling to the skin. 1. Niacinamide: Niacinamide is a broad-spectrum whitening ingredient [&hellip;]","protected":false},"featured_media":3401,"menu_order":0,"template":"","meta":[],"product-tag":[],"products":[171],"class_list":["post-3400","product","type-product","status-publish","has-post-thumbnail","hentry","products-ampoule"],"acf":[],"_links":{"self":[{"href":"https:\/\/www.ruiqigo.com\/de\/wp-json\/wp\/v2\/product\/3400","targetHints":{"allow":["GET"]}}],"collection":[{"href":"https:\/\/www.ruiqigo.com\/de\/wp-json\/wp\/v2\/product"}],"about":[{"href":"https:\/\/www.ruiqigo.com\/de\/wp-json\/wp\/v2\/types\/product"}],"version-history":[{"count":0,"href":"https:\/\/www.ruiqigo.com\/de\/wp-json\/wp\/v2\/product\/3400\/revisions"}],"wp:featuredmedia":[{"embeddable":true,"href":"https:\/\/www.ruiqigo.com\/de\/wp-json\/wp\/v2\/media\/3401"}],"wp:attachment":[{"href":"https:\/\/www.ruiqigo.com\/de\/wp-json\/wp\/v2\/media?parent=3400"}],"wp:term":[{"taxonomy":"product-tag","embeddable":true,"href":"https:\/\/www.ruiqigo.com\/de\/wp-json\/wp\/v2\/product-tag?post=3400"},{"taxonomy":"products","embeddable":true,"href":"https:\/\/www.ruiqigo.com\/de\/wp-json\/wp\/v2\/products?post=3400"}],"curies":[{"name":"wp","href":"https:\/\/api.w.org\/{rel}","templated":true}]}}