{"id":341,"date":"2024-07-05T21:27:41","date_gmt":"2024-07-05T13:27:41","guid":{"rendered":"https:\/\/ruiqigo.com\/?post_type=product&#038;p=341"},"modified":"2024-09-26T17:43:03","modified_gmt":"2024-09-26T09:43:03","slug":"vitamin-c-body-lotion","status":"publish","type":"product","link":"https:\/\/www.ruiqigo.com\/de\/product\/vitamin-c-body-lotion","title":{"rendered":"Vitamin C K\u00f6rperlotion"},"content":{"rendered":"<h2 class=\"wp-block-heading\">Herstellung von Vitamin C-K\u00f6rperlotionen \u2013 g\u00e4ngige Formeln<\/h2>\n\n\n\n<p>Der Hauptbestandteil dieser Vitamin-C-K\u00f6rperlotion ist Ascorbins\u00e4ure (Vitamin C), ein starkes Antioxidans, das freie Radikale neutralisiert, Mattheit und Pigmentierung verbessert und die Ausstrahlung der Haut wiederherstellt. Dar\u00fcber hinaus enth\u00e4lt die Formel auch Jojobasamen\u00f6l und Tocopherole sowie andere pflegende Inhaltsstoffe, die die Haut tiefgehend mit Feuchtigkeit versorgen und pflegen, das Problem der Trockenheit und Rauheit verbessern, sodass die Haut weich und mit Feuchtigkeit versorgt ist.<\/p>\n\n\n\n<h2 class=\"wp-block-heading\">Vitamin C K\u00f6rperlotion Anwendbare Szenarien<\/h2>\n\n\n\n<p>Vitamin C-K\u00f6rperlotionen sind eine ganzt\u00e4gige Aufhellungsbehandlung, die perfekt f\u00fcr diejenigen ist, die ihre Haut aufhellen und ihre Ausstrahlung durch Hautpflege steigern m\u00f6chten. In den hei\u00dfen, trockenen Sommermonaten spendet es der Haut tiefe Feuchtigkeit und verbessert Glanz, Mattheit, Trockenheit und Rauheit. In den kalten, nassen Wintermonaten n\u00e4hren seine reichhaltigen, pflegenden Inhaltsstoffe die Haut und lindern k\u00e4ltebedingte Hautbeschwerden. Oder wir haben mehr <a href=\"https:\/\/www.ruiqigo.com\/de\/products\/body-lotion\/\">K\u00f6rperlotion<\/a> Optionen, aus denen Sie ausw\u00e4hlen k\u00f6nnen.<\/p>\n\n\n\n<h2 class=\"wp-block-heading\">F\u00fcr wen ist Vitamin C Bodylotion geeignet?<\/h2>\n\n\n\n<p>Vitamin-C-K\u00f6rperlotionen sind f\u00fcr Anwender jeden Alters geeignet. Bei Jugendlichen k\u00f6nnen sie effektiv stumpfe, raue Haut und andere Probleme verbessern, sodass die Haut ihren Glanz zur\u00fcckgewinnt; f\u00fcr die Gruppe der mittleren und \u00e4lteren Menschen ist sie reich an pflegenden Inhaltsstoffen, um die durch das Alter verursachte Trockenheit zu verbessern, sodass die Haut weich und mit Feuchtigkeit versorgt ist; gleichzeitig ist sie auch f\u00fcr diejenigen geeignet, die gerne Outdoor-Aktivit\u00e4ten aus\u00fcben, sodass die Haut immer eine umfassende Pflege genie\u00dft. Wenn Sie weitere Bed\u00fcrfnisse haben, erfahren Sie gerne mehr \u00fcber 3TOP <a href=\"https:\/\/www.ruiqigo.com\/de\/products\/body-care\/\">K\u00f6rperpflege<\/a> Produkte.<\/p>\n\n\n\n<h2 class=\"wp-block-heading\">Herstellungsprozess einer Vitamin-C-K\u00f6rperlotion<\/h2>\n\n\n\n<p>Was Vitamin C-K\u00f6rperlotionen so besonders macht, ist ihre einzigartige antioxidative Formel und ihre fortschrittliche Produktionstechnologie. Die Auswahl hochstabiler Vitamin C-Derivate neutralisiert wirksam freie Radikale und f\u00f6rdert die Aufhellung und Reparatur der Haut. Im Produktionsprozess werden Niedertemperatur-Kaltextraktion und Sauerstoffbarrieretechnologie eingesetzt, um sicherzustellen, dass die Wirkstoffe von Vitamin C nicht zerst\u00f6rt werden, w\u00e4hrend gleichzeitig feuchtigkeitsspendende Inhaltsstoffe wie Hyalurons\u00e4ure integriert werden, um eine tiefe N\u00e4hrstoffversorgung zu erreichen. Strenge Qualit\u00e4tskontrollen und eine zusatzstofffreie Formulierung gew\u00e4hrleisten die Sicherheit und Wirksamkeit des Produkts, das f\u00fcr alle Hauttypen geeignet ist. Wenn Sie mehr wissen m\u00f6chten, lesen Sie bitte die zugeh\u00f6rigen <a href=\"https:\/\/www.ruiqigo.com\/de\/body-lotion-manufacturer-elevating-skincare-standards.html\/\">K\u00f6rperlotion <\/a>Herstellungsinformationen.<\/p>","protected":false},"excerpt":{"rendered":"Vitamin C body lotion manufacturing Common Formulas The core ingredient of this Vitamin C Body Lotion is Ascorbic Acid (Vitamin C), a powerful antioxidant that neutralizes free radicals, improves dullness and pigmentation, and restores skin&#8217;s radiance. In addition, the formula also contains jojoba seed oil and tocopherols and other nourishing ingredients, can deeply hydrate and [&hellip;]","protected":false},"featured_media":342,"menu_order":0,"template":"","meta":[],"product-tag":[],"products":[56],"class_list":["post-341","product","type-product","status-publish","has-post-thumbnail","hentry","products-body-lotion"],"acf":[],"_links":{"self":[{"href":"https:\/\/www.ruiqigo.com\/de\/wp-json\/wp\/v2\/product\/341","targetHints":{"allow":["GET"]}}],"collection":[{"href":"https:\/\/www.ruiqigo.com\/de\/wp-json\/wp\/v2\/product"}],"about":[{"href":"https:\/\/www.ruiqigo.com\/de\/wp-json\/wp\/v2\/types\/product"}],"version-history":[{"count":0,"href":"https:\/\/www.ruiqigo.com\/de\/wp-json\/wp\/v2\/product\/341\/revisions"}],"wp:featuredmedia":[{"embeddable":true,"href":"https:\/\/www.ruiqigo.com\/de\/wp-json\/wp\/v2\/media\/342"}],"wp:attachment":[{"href":"https:\/\/www.ruiqigo.com\/de\/wp-json\/wp\/v2\/media?parent=341"}],"wp:term":[{"taxonomy":"product-tag","embeddable":true,"href":"https:\/\/www.ruiqigo.com\/de\/wp-json\/wp\/v2\/product-tag?post=341"},{"taxonomy":"products","embeddable":true,"href":"https:\/\/www.ruiqigo.com\/de\/wp-json\/wp\/v2\/products?post=341"}],"curies":[{"name":"wp","href":"https:\/\/api.w.org\/{rel}","templated":true}]}}