{"id":3453,"date":"2025-05-21T10:12:35","date_gmt":"2025-05-21T02:12:35","guid":{"rendered":"https:\/\/www.ruiqigo.com\/?post_type=product&#038;p=3453"},"modified":"2025-05-21T10:12:35","modified_gmt":"2025-05-21T02:12:35","slug":"oral-care-kit","status":"publish","type":"product","link":"https:\/\/www.ruiqigo.com\/de\/product\/oral-care-kit","title":{"rendered":"Mundpflegeset"},"content":{"rendered":"<h2 class=\"wp-block-heading\">Funktionen des Mundpflegesets<\/h2>\n\n\n\n<p>Das Mundpflegeset enth\u00e4lt verschiedene grundlegende Mundreinigungsutensilien wie Zahnb\u00fcrsten, Zahnpasta, Zahnseide usw. Die praktische Kombination deckt den t\u00e4glichen Bedarf an umfassender Mundpflege. Alle Komponenten bestehen aus lebensmittelechten oder medizinisch unbedenklichen Materialien, sind hygienisch, gesund und f\u00fcr den Langzeitgebrauch geeignet. Die Verpackung ist separat und bequem aufzubewahren.<\/p>\n\n\n\n<p><strong>1. Eine Kombination verschiedener Mundpflegemittel: <\/strong>Zu den \u00fcblichen Zusammenstellungen geh\u00f6ren Zahnb\u00fcrsten, Zahnpasta, Zahnseide, Mundwasser, Zungenschaber usw. Einige Sets k\u00f6nnen zudem individuell angepasst werden, indem Zubeh\u00f6r wie Zahnaufkleber und Zahnreinigungsgel hinzugef\u00fcgt werden.<\/p>\n\n\n\n<p><strong>2. Tragbare Verpackung: <\/strong>F\u00fcr Mundpflegesets werden normalerweise tragbare Beutel, versiegelte Beutel oder Einzelverpackungen verwendet, was f\u00fcr Reisen, Gesch\u00e4ftsreisen oder Krankenhausaufenthalte praktisch ist.<\/p>\n\n\n\n<p><strong>3. Passen Sie sich verschiedenen Mundpflegebed\u00fcrfnissen an: <\/strong>Es sind viele Werkzeuge vorhanden. Ob einfache Mundpflege oder gr\u00fcndliche Mundreinigung, Mundpflegesets k\u00f6nnen Ihnen ein gutes Erlebnis bieten.<\/p>\n\n\n\n<p><strong>4. Sicherheit und Hygiene:<\/strong> Alle Pflegeaccessoires bestehen aus Einweg- oder Mehrwegmaterialien, sind aber leicht zu reinigen, sicher und hygienisch und erf\u00fcllen die Standards und Anforderungen der medizinischen oder pers\u00f6nlichen Pflege.<\/p>\n\n\n\n<h2 class=\"wp-block-heading\">Vorteile des Mundpflegesets<\/h2>\n\n\n\n<p>Das Mundpflegeset erm\u00f6glicht eine sorgf\u00e4ltige Reinigung durch professionelle Anpassung und deckt Z\u00e4hne, Zahnzwischenr\u00e4ume, Zungenbelag und blinde Flecken im Mund ab. Es ist \u00e4u\u00dferst tragbar, praktisch und hygienisch und eignet sich f\u00fcr den t\u00e4glichen Gebrauch und zum Mitnehmen. Das Gesamtdesign ber\u00fccksichtigt sowohl Funktion als auch Erfahrung und erm\u00f6glicht dem Benutzer eine hochwertige Mundpflege mit einfacher Bedienung.<\/p>\n\n\n\n<p><strong>1. Ein Set f\u00fcr die Mundpflege: <\/strong>Das Mundpflegeset bietet grundlegendes und komplettes Mundpflegezubeh\u00f6r, was beim Einkaufen Zeit spart und sehr effizient ist.<\/p>\n\n\n\n<p><strong>2. Leicht zu tragen:<\/strong> Es l\u00e4sst sich problemlos auf Gesch\u00e4ftsreisen, Reisen, Krankenhausaufenthalten, Outdoor-Aktivit\u00e4ten usw. mitnehmen, um Ihre Mundhygiene jederzeit aufrechtzuerhalten und Ihnen eine umfassende L\u00f6sung f\u00fcr die Mundpflege zu bieten.<\/p>\n\n\n\n<p><strong>3. Kostenersparnis: <\/strong>Im Vergleich zum herk\u00f6mmlichen Einzelkauf mehrerer Pflegewerkzeuge ist der Preis des gesamten Sets g\u00fcnstiger, die Kosten sind geringer und es ist kosteng\u00fcnstiger.<\/p>\n\n\n\n<p><strong>4. Hilft, gute Mundhygienegewohnheiten zu entwickeln:<\/strong> Durch die integrierte Kombination von Mundpflege-Tools k\u00f6nnen Benutzer dazu inspiriert werden, t\u00e4gliche Mundpflegegewohnheiten zu etablieren und die Mundhygiene und -gesundheit zu f\u00f6rdern.<\/p>\n\n\n\n<h2 class=\"wp-block-heading\">Zielgruppe des Mundpflegesets<\/h2>\n\n\n\n<p>Das Mundpflegeset ist je nach Altersgruppe und Pflegebedarf unterschiedlich konfiguriert. Die Kinderversion legt Wert auf Sicherheit und Sanftheit, w\u00e4hrend die Erwachsenenversion auf Reinigungskraft und Atemkontrolle setzt. Dar\u00fcber hinaus ist dieses Produkt auch f\u00fcr Zahnspangentr\u00e4ger, postoperative Pflegekr\u00e4fte usw. geeignet und somit eine durchdachte Wahl f\u00fcr alle Anwender.<\/p>\n\n\n\n<p><strong>1. Menschen, die eine t\u00e4gliche Mundpflege ben\u00f6tigen:<\/strong> Menschen jeden Alters, die eine t\u00e4gliche Mundpflege ben\u00f6tigen und Wert auf ihre Mundgesundheit legen.<\/p>\n\n\n\n<p><strong>2. Kinder und Jugendliche: <\/strong>Speziell f\u00fcr das empfindliche Zahnfleisch von Kindern und Jugendlichen entwickelte Modelle zur Gew\u00e4hrleistung der Mundgesundheit.<\/p>\n\n\n\n<p><strong>3. Kieferorthop\u00e4den: <\/strong>Ausgestattet mit Interdentalb\u00fcrsten und Zahnseide-Sticks, geeignet f\u00fcr Menschen, die sich einer oralen Korrektur unterziehen und eine Zahnspange tragen.<\/p>\n\n\n\n<p><strong>4. Personen, die gesch\u00e4ftlich unterwegs sind: <\/strong>Auf Gesch\u00e4ftsreisen k\u00f6nnen Sie ein tragbares Mundpflegeset mitnehmen.<\/p>\n\n\n\n<h2 class=\"wp-block-heading\">Anwendungen f\u00fcr Mundpflegesets<\/h2>\n\n\n\n<p>Das Mundpflegeset eignet sich f\u00fcr viele Lebens- und Arbeitsszenarien, beispielsweise f\u00fcr den t\u00e4glichen Gebrauch zu Hause, auf Gesch\u00e4ftsreisen, als medizinisches Pflegeset usw.<\/p>\n\n\n\n<p><strong>1. Mundpflege zu Hause: <\/strong>Verwenden Sie es jeden Morgen und Abend, um gute Mundhygienegewohnheiten zu entwickeln.<\/p>\n\n\n\n<p><strong>2. Wichtige Reise- und Gesch\u00e4ftsreiseinformationen: <\/strong>leicht zu tragen, unverzichtbar f\u00fcr Reisen.<\/p>\n\n\n\n<p><strong>3. Erste-Hilfe-Kasten: <\/strong>Es kann bei der Reinigung der Mundh\u00f6hle w\u00e4hrend der postoperativen Pflege oder eines Krankenhausaufenthalts helfen, um bakterielle Infektionen zu verhindern.<\/p>\n\n\n\n<p><strong>4. Gesch\u00e4ftsgeschenke:<\/strong> Wird h\u00e4ufig bei Unternehmensaktivit\u00e4ten im Gesundheits- und Medizinbereich verwendet.<\/p>\n\n\n\n<p><strong>5. Notfallset-Konfiguration: <\/strong>Sorgen Sie bei Katastrophenhilfe oder Outdoor-Abenteuern f\u00fcr eine grundlegende Mundhygiene.<\/p>\n\n\n\n<h2 class=\"wp-block-heading\">So verwenden Sie das Mundpflegeset<\/h2>\n\n\n\n<p>Das Mundpflegeset ist sehr einfach und intuitiv zu bedienen. Benutzer k\u00f6nnen die Mundinnenseite entsprechend der t\u00e4glichen Mundpflege nacheinander reinigen, um den gesamten Pflegeprozess abzuschlie\u00dfen.<\/p>\n\n\n\n<p><strong>1. Putzen Sie Ihre Z\u00e4hne einmal morgens und einmal abends: <\/strong>Nehmen Sie die Zahnb\u00fcrste und Zahnpasta heraus, dr\u00fccken Sie eine erbsengro\u00dfe Menge Zahnpasta heraus, putzen Sie Ihre Z\u00e4hne 2\u20133 Minuten lang an verschiedenen Stellen und sp\u00fclen Sie Ihren Mund nach dem Z\u00e4hneputzen aus.<\/p>\n\n\n\n<p><strong>2. Verwenden Sie Zahnseide oder Zahnseidenstifte: <\/strong>F\u00fchren Sie es vorsichtig in die Zahnzwischenr\u00e4ume ein und ziehen Sie es langsam hin und her, um Zahnbelag zu entfernen.<\/p>\n\n\n\n<p><strong>3. Interdentalb\u00fcrsten verwenden (falls erforderlich): <\/strong>F\u00fchren Sie es in die Zahnzwischenr\u00e4ume ein, um R\u00fcckst\u00e4nde in gr\u00f6\u00dferen Zwischenr\u00e4umen zu entfernen. Es eignet sich f\u00fcr Personen in kieferorthop\u00e4discher Behandlung oder mit gr\u00f6\u00dferen Zahnzwischenr\u00e4umen.<\/p>\n\n\n\n<p><strong>4. Reinigen Sie den Zungenbelag mit einem Zungenschaber (falls erforderlich): <\/strong>Kratzen Sie den Schmutz auf der Zungenoberfl\u00e4che vorsichtig von innen nach au\u00dfen ab, um den Atem zu erfrischen.<\/p>\n\n\n\n<p><strong>5. Verwenden Sie Mundwasser: <\/strong>Gie\u00dfen Sie eine angemessene Menge Mundwasser aus, gurgeln Sie 30 Sekunden lang und spucken Sie es aus. Nachsp\u00fclen mit Wasser ist nicht erforderlich.<\/p>\n\n\n\n<p><strong>Empfehlung: <\/strong>Ersetzen Sie regelm\u00e4\u00dfig Einweg- oder leicht verbrauchbares Zubeh\u00f6r wie Zahnb\u00fcrsten und Zahnseide im Mundpflegeset.<\/p>\n\n\n\n<h2 class=\"wp-block-heading\">Abschluss<\/h2>\n\n\n\n<p>Mit dem zunehmenden Lebenstempo und dem steigenden Gesundheitsbewusstsein beschr\u00e4nkt sich die Mundpflege nicht mehr nur auf das Badezimmer, sondern ist zu einem wichtigen Bestandteil des t\u00e4glichen Lebens geworden. Die vielseitige Anwendbarkeit des Mundpflegesets erh\u00f6ht nicht nur die Anwendungsh\u00e4ufigkeit von Mundpflegeprodukten, sondern bietet Anwendern auch Schutz f\u00fcr die Mundhygiene in verschiedenen Situationen. Es ist eine ideale Wahl, die sowohl Praktikabilit\u00e4t als auch Image ber\u00fccksichtigt.<\/p>","protected":false},"excerpt":{"rendered":"Oral Care Kit Features The oral care kit integrates a variety of basic oral cleaning tools, including toothbrushes, toothpaste, dental floss, etc. The combination is practical and can meet the daily comprehensive oral care needs. All components are supported by food-grade or medical safety materials, which are hygienic and healthy and suitable for long-term use. [&hellip;]","protected":false},"featured_media":3454,"menu_order":0,"template":"","meta":[],"product-tag":[],"products":[160],"class_list":["post-3453","product","type-product","status-publish","has-post-thumbnail","hentry","products-oral-care-kit"],"acf":[],"_links":{"self":[{"href":"https:\/\/www.ruiqigo.com\/de\/wp-json\/wp\/v2\/product\/3453","targetHints":{"allow":["GET"]}}],"collection":[{"href":"https:\/\/www.ruiqigo.com\/de\/wp-json\/wp\/v2\/product"}],"about":[{"href":"https:\/\/www.ruiqigo.com\/de\/wp-json\/wp\/v2\/types\/product"}],"version-history":[{"count":0,"href":"https:\/\/www.ruiqigo.com\/de\/wp-json\/wp\/v2\/product\/3453\/revisions"}],"wp:featuredmedia":[{"embeddable":true,"href":"https:\/\/www.ruiqigo.com\/de\/wp-json\/wp\/v2\/media\/3454"}],"wp:attachment":[{"href":"https:\/\/www.ruiqigo.com\/de\/wp-json\/wp\/v2\/media?parent=3453"}],"wp:term":[{"taxonomy":"product-tag","embeddable":true,"href":"https:\/\/www.ruiqigo.com\/de\/wp-json\/wp\/v2\/product-tag?post=3453"},{"taxonomy":"products","embeddable":true,"href":"https:\/\/www.ruiqigo.com\/de\/wp-json\/wp\/v2\/products?post=3453"}],"curies":[{"name":"wp","href":"https:\/\/api.w.org\/{rel}","templated":true}]}}