{"id":346,"date":"2024-07-08T10:40:04","date_gmt":"2024-07-08T02:40:04","guid":{"rendered":"https:\/\/ruiqigo.com\/?post_type=product&#038;p=346"},"modified":"2024-09-26T17:42:19","modified_gmt":"2024-09-26T09:42:19","slug":"hyaluronic-acid-body-lotion","status":"publish","type":"product","link":"https:\/\/www.ruiqigo.com\/de\/product\/hyaluronic-acid-body-lotion","title":{"rendered":"Hyalurons\u00e4ure-K\u00f6rperlotion"},"content":{"rendered":"<h3 class=\"wp-block-heading\">Herstellung von Hyalurons\u00e4ure-K\u00f6rperlotionen \u2013 g\u00e4ngige Formeln<\/h3>\n\n\n\n<p>Der Hauptbestandteil dieser Hyalurons\u00e4ure-K\u00f6rperlotion ist Natriumhyaluronat, ein nat\u00fcrliches Polymerpolysaccharid mit hervorragenden feuchtigkeitsspendenden Eigenschaften. Es kann schnell in die Haut eindringen und einen Schutzfilm in der inneren Hautschicht bilden, der die Feuchtigkeit langanhaltend bindet, sodass die Haut immer voller Elastizit\u00e4t und Feuchtigkeit ist. Gleichzeitig enth\u00e4lt die Formel auch Glycerin und andere pflegende Inhaltsstoffe, kann die Haut tiefgehend mit Feuchtigkeit versorgen und pflegen und das Problem von Trockenheit und Rauheit verbessern.<\/p>\n\n\n\n<h3 class=\"wp-block-heading\">Hyalurons\u00e4ure-K\u00f6rperlotion Anwendbare Szenarien<\/h3>\n\n\n\n<p>Diese Hyalurons\u00e4ure-K\u00f6rperlotion ist eine ganzt\u00e4gige Behandlung f\u00fcr tiefe Feuchtigkeitsversorgung und langanhaltenden Feuchtigkeitsbedarf. In den hei\u00dfen, trockenen Sommermonaten spendet sie schnell Feuchtigkeit, um die Haut feucht und prall zu halten, w\u00e4hrend in den kalten, nassen Wintermonaten ihre reichhaltigen, pflegenden Inhaltsstoffe die Haut n\u00e4hren und die Beschwerden k\u00e4ltebedingter Trockenheit lindern. Egal in welchem Klima Sie sich befinden, diese Lotion bietet Ihnen umfassende Hautpflege. Oder wir haben mehr <a href=\"https:\/\/www.ruiqigo.com\/de\/products\/body-lotion\/\">K\u00f6rperlotion<\/a> Optionen, aus denen Sie ausw\u00e4hlen k\u00f6nnen.<\/p>\n\n\n\n<h3 class=\"wp-block-heading\">F\u00fcr wen sind Hyalurons\u00e4ure-K\u00f6rperlotionen geeignet?<\/h3>\n\n\n\n<p>Hyalurons\u00e4ure-K\u00f6rperlotionen sind f\u00fcr diejenigen, die tiefe Feuchtigkeit und langanhaltende Feuchtigkeitsversorgung suchen. Sie eignen sich besonders f\u00fcr trockene oder reife Haut, da Hyalurons\u00e4ure gro\u00dfe Mengen an Feuchtigkeit anzieht und speichert und so Trockenheit und Spannungsgef\u00fchl reduziert. Diese Lotion ist auch eine ideale Wahl f\u00fcr Personen, die die Elastizit\u00e4t und Geschmeidigkeit ihrer Haut verbessern m\u00f6chten. Wenn Sie weitere Bed\u00fcrfnisse haben, erfahren Sie gerne mehr \u00fcber 3TOP <a href=\"https:\/\/www.ruiqigo.com\/de\/products\/body-care\/\">K\u00f6rperpflege<\/a> Produkte.<\/p>\n\n\n\n<h3 class=\"wp-block-heading\">Herstellungsprozess einer Hyalurons\u00e4ure-K\u00f6rperlotion<\/h3>\n\n\n\n<p>Die Besonderheiten der Hyalurons\u00e4ure-K\u00f6rperlotionen liegen in ihrer einzigartigen Formel und dem sorgf\u00e4ltigen Herstellungsverfahren. Durch fortschrittliche Molekularschneidtechnologie wird hochreine Hyalurons\u00e4ure verwendet, um ein schnelles Eindringen und eine tiefe Feuchtigkeitswirkung auf die Haut zu gew\u00e4hrleisten. Der pH-Wert und die Temperatur werden w\u00e4hrend des Produktionsprozesses streng kontrolliert, um die Stabilit\u00e4t und Aktivit\u00e4t der Hyalurons\u00e4ure aufrechtzuerhalten. Dar\u00fcber hinaus werden keine Duftstoffe und kein Alkohol hinzugef\u00fcgt, um das Risiko von Beschwerden zu verringern, die bei empfindlicher Haut auftreten k\u00f6nnen. Wenn Sie mehr wissen m\u00f6chten, lesen Sie bitte die entsprechenden <a href=\"https:\/\/www.ruiqigo.com\/de\/body-lotion-manufacturer-elevating-skincare-standards.html\/\">K\u00f6rperlotion<\/a> Herstellungsinformationen.<\/p>","protected":false},"excerpt":{"rendered":"Hyaluronic acid body lotion manufacturing Common Formulas The core ingredient of this hyaluronic acid body lotion is sodium hyaluronate, a natural polymer polysaccharide with excellent moisturizing properties. It can quickly penetrate the skin, forming a protective film in the inner layer of the skin, long-lasting lock moisture, so that the skin is always full of [&hellip;]","protected":false},"featured_media":440,"menu_order":0,"template":"","meta":[],"product-tag":[],"products":[56],"class_list":["post-346","product","type-product","status-publish","has-post-thumbnail","hentry","products-body-lotion"],"acf":[],"_links":{"self":[{"href":"https:\/\/www.ruiqigo.com\/de\/wp-json\/wp\/v2\/product\/346","targetHints":{"allow":["GET"]}}],"collection":[{"href":"https:\/\/www.ruiqigo.com\/de\/wp-json\/wp\/v2\/product"}],"about":[{"href":"https:\/\/www.ruiqigo.com\/de\/wp-json\/wp\/v2\/types\/product"}],"version-history":[{"count":0,"href":"https:\/\/www.ruiqigo.com\/de\/wp-json\/wp\/v2\/product\/346\/revisions"}],"wp:featuredmedia":[{"embeddable":true,"href":"https:\/\/www.ruiqigo.com\/de\/wp-json\/wp\/v2\/media\/440"}],"wp:attachment":[{"href":"https:\/\/www.ruiqigo.com\/de\/wp-json\/wp\/v2\/media?parent=346"}],"wp:term":[{"taxonomy":"product-tag","embeddable":true,"href":"https:\/\/www.ruiqigo.com\/de\/wp-json\/wp\/v2\/product-tag?post=346"},{"taxonomy":"products","embeddable":true,"href":"https:\/\/www.ruiqigo.com\/de\/wp-json\/wp\/v2\/products?post=346"}],"curies":[{"name":"wp","href":"https:\/\/api.w.org\/{rel}","templated":true}]}}