{"id":3463,"date":"2025-05-21T15:46:41","date_gmt":"2025-05-21T07:46:41","guid":{"rendered":"https:\/\/www.ruiqigo.com\/?post_type=product&#038;p=3463"},"modified":"2025-05-21T15:46:41","modified_gmt":"2025-05-21T07:46:41","slug":"natural-hair-mousse","status":"publish","type":"product","link":"https:\/\/www.ruiqigo.com\/de\/product\/natural-hair-mousse","title":{"rendered":"Nat\u00fcrliches Haarmousse"},"content":{"rendered":"<h2 class=\"wp-block-heading\">Herstellung von nat\u00fcrlichem Haarschaum, g\u00e4ngige Formeln<\/h2>\n\n\n\n<p>3TOP&#039;s natural setzt auf die Auswahl sicherer, sanfter und wirksamer pflanzlicher Inhaltsstoffe ohne Silikon\u00f6l, synthetische Duftstoffe usw., um die Gesundheit von Haar und Kopfhaut beim Styling zu sch\u00fctzen. Die Formel des nat\u00fcrlichen Haarschaums enth\u00e4lt verschiedene pflanzliche Wirkstoffe mit reparierender, pflegender und antioxidativer Wirkung. Sie sorgen f\u00fcr ein erfrischendes und nat\u00fcrliches Aussehen und st\u00e4rken die Widerstandsf\u00e4higkeit des Haares.<\/p>\n\n\n\n<p><strong>1. Xanthangummi: <\/strong>Xanthangummi wird durch Pflanzenfermentation gewonnen und kann f\u00fcr eine leichte bis mittlere Stylingkraft sorgen und die Elastizit\u00e4t und Flauschigkeit des Haares erh\u00f6hen.<\/p>\n\n\n\n<p><strong>2. Kokos\u00f6l: <\/strong>Kokos\u00f6l ist reich an mittelkettigen Fetts\u00e4uren wie Laurins\u00e4ure, die tief in den Haarschaft eindringen, besch\u00e4digte Haarschuppen reparieren, Proteinverlust verhindern und das Haar glatt und kr\u00e4ftig machen k\u00f6nnen.<\/p>\n\n\n\n<p><strong>3. Glycerin: <\/strong>Glycerin ist ein nat\u00fcrlicher Feuchtigkeitsspender, der Feuchtigkeit aus der Luft aufnehmen und im Haar einschlie\u00dfen kann. Dadurch wird das Austrocknen des Haars verhindert und die weiche Textur des Mousse-Schaums sowie die Elastizit\u00e4t des Haares bewahrt.<\/p>\n\n\n\n<p><strong>4. Aloe Vera Saft: <\/strong>Aloe-Vera-Saft ist au\u00dferdem ein nat\u00fcrlicher Feuchtigkeitsspender, der die Kopfhaut beruhigt, R\u00f6tungen und Juckreiz lindert und gesch\u00e4digtes Haar repariert. Gleichzeitig kann er helfen, Feuchtigkeit zu speichern und das Haar beim Stylen weich zu halten.<\/p>\n\n\n\n<p><strong>5. Sheabutter: <\/strong>Sheabutter ist reich an Fetts\u00e4uren und Vitamin E und wirkt stark feuchtigkeitsspendend und antioxidativ. Sie kann eine nat\u00fcrliche Barriere auf der Haaroberfl\u00e4che bilden, das Haar vor Sch\u00e4den durch hei\u00dfe Ger\u00e4te sch\u00fctzen und Frizz und statische Elektrizit\u00e4t wirksam bek\u00e4mpfen.<\/p>\n\n\n\n<h2 class=\"wp-block-heading\">Die Funktionen von nat\u00fcrlichem Haarschaum<\/h2>\n\n\n\n<p>Natural Hair Mousse folgt dem Prinzip \u201eLeichtigkeit und Multieffekt\u201c und ist f\u00fcr nat\u00fcrliches Styling und Haarpflege konzipiert. Ob glattes, lockiges, kurzes oder langes Haar \u2013 Sie k\u00f6nnen eine ideale Frisur kreieren und gleichzeitig die allgemeine Gesundheit Ihres Haares pflegen.<\/p>\n\n\n\n<p><strong>1. Starke Abbindekraft: <\/strong>Durch die Nutzung der Pflanzenaktivit\u00e4t und milder Polymere zur Erzielung einer flexiblen Fixierung wirkt die Frisur nat\u00fcrlicher, ist nicht steif oder klumpig und eignet sich f\u00fcr das t\u00e4gliche Styling und die Ver\u00e4nderung nat\u00fcrlicher Locken.<\/p>\n\n\n\n<p><strong>2. Leichte Textur:<\/strong> Nat\u00fcrliches Haarmousse hat einen feinen und gleichm\u00e4\u00dfigen Schaum, liegt leicht in der Hand, kann schnell in die Haarfaser eindringen, verstopft die Poren nicht, hinterl\u00e4sst keine Klumpen und ist f\u00fcr die ganzt\u00e4gige Anwendung geeignet.<\/p>\n\n\n\n<p><strong>3. Feuchtigkeit einschlie\u00dfen und befeuchten, Anti-Frizz:<\/strong> Nat\u00fcrliches Haarmousse f\u00fcgt mehrere nat\u00fcrliche feuchtigkeitsspendende Inhaltsstoffe hinzu, um einen unsichtbaren Wasserfilm au\u00dferhalb des Haares zu bilden, der statische Elektrizit\u00e4t, Trockenheit und Kr\u00e4useln wirksam bek\u00e4mpft und das Haar weich, gl\u00e4nzend und geschmeidig macht.<\/p>\n\n\n\n<p><strong>4. Hautfreundlich und nicht reizend:<\/strong> Es enth\u00e4lt keinen Alkohol, keine k\u00fcnstlichen Duftstoffe, keine \u00fcblichen allergenen Konservierungsstoffe usw. Es hilft, R\u00f6tungen und Schuppenbildung der Kopfhaut zu vermeiden und kann auch von empfindlichen Personen bedenkenlos verwendet werden.<\/p>\n\n\n\n<p><strong>5. Keine R\u00fcckst\u00e4nde, leicht abzusp\u00fclen: <\/strong>Nat\u00fcrliches Haarmousse haftet nicht so leicht an der Kopfhaut und den Haarschuppen und l\u00e4sst sich nach der Haarw\u00e4sche leicht entfernen, sodass Sie Ihr Haar ohne die Verwendung starker Reinigungsprodukte frisch und unbeschwert halten k\u00f6nnen.<\/p>\n\n\n\n<h2 class=\"wp-block-heading\">So verwenden Sie nat\u00fcrliches Haarmousse<\/h2>\n\n\n\n<p>Die Anwendung von nat\u00fcrlichem Haarschaum ist ganz einfach. Befolgen Sie nach der Haarw\u00e4sche einfach die folgenden Schritte.<\/p>\n\n\n\n<p><strong>1. Reinigen Sie Ihr Haar: <\/strong>Verwenden Sie zur Reinigung Ihres Haares ein mildes, nicht reizendes Shampoo und achten Sie darauf, dass es sauber und fettfrei ist.<\/p>\n\n\n\n<p><strong>2. Haare trocknen: <\/strong>Trocknen Sie Ihr Haar vorsichtig mit einem trockenen Handtuch, sodass es leicht feucht bleibt.<\/p>\n\n\n\n<p><strong>3. Verwenden Sie das Produkt: <\/strong>Sch\u00fctteln Sie die Mousse-Flasche gut und spr\u00fchen Sie eine angemessene Menge Schaum (etwa in der Gr\u00f6\u00dfe eines Eies) in Ihre H\u00e4nde.<\/p>\n\n\n\n<p><strong>4. Gleichm\u00e4\u00dfig auftragen:<\/strong> Tragen Sie den Schaum gleichm\u00e4\u00dfig auf Ihr Haar auf, vom Ansatz bis in die Spitzen, und achten Sie darauf, dass jede Stelle bedeckt ist.<\/p>\n\n\n\n<p><strong>5. Stil: <\/strong>Verwenden Sie bei Bedarf einen Haartrockner oder lassen Sie das Haar an der Luft trocknen, um den Stil zu vervollst\u00e4ndigen.<\/p>\n\n\n\n<h2 class=\"wp-block-heading\">Vorsicht<\/h2>\n\n\n\n<p><strong>1. Allergietest:<\/strong> Bitte testen Sie vor der ersten Anwendung eine kleine Stelle hinter dem Ohr oder an der Innenseite des Handgelenks, um sicherzustellen, dass keine allergische Reaktion vorliegt.<\/p>\n\n\n\n<p><strong>2. Vermeiden Sie \u00fcberm\u00e4\u00dfigen Gebrauch: <\/strong>\u00dcberm\u00e4\u00dfiger Gebrauch von nat\u00fcrlichem Haarschaum kann das Haar beschweren und das nat\u00fcrliche, flauschige Gef\u00fchl beeintr\u00e4chtigen.<\/p>\n\n\n\n<p><strong>3. Kontakt mit den Augen vermeiden:<\/strong> Vermeiden Sie bei der Anwendung den Kontakt mit den Augen. Sollte das Produkt versehentlich in die Augen gelangen, sp\u00fclen Sie diese sofort mit klarem Wasser aus.<\/p>\n\n\n\n<p><strong>4. Au\u00dferhalb der Reichweite von Kindern aufbewahren: <\/strong>Bitte bewahren Sie das Produkt au\u00dferhalb der Reichweite von Kindern auf, um Missbrauch zu vermeiden.<\/p>\n\n\n\n<p><strong>5. K\u00fchl lagern:<\/strong> Bitte lagern Sie dieses Produkt an einem Ort, der vor direkter Sonneneinstrahlung und hohen Temperaturen gesch\u00fctzt ist, um Sicherheitsrisiken zu vermeiden.<\/p>\n\n\n\n<h2 class=\"wp-block-heading\">Abschluss<\/h2>\n\n\n\n<p>Nat\u00fcrliches Haarmousse hat sich dank seiner nat\u00fcrlichen Inhaltsstoffe, der hervorragenden Stylingwirkung und der vielf\u00e4ltigen Pflegevorteile zu einem idealen Haarstylingprodukt f\u00fcr Verbraucher entwickelt. Ob f\u00fcr den t\u00e4glichen Gebrauch oder das professionelle Styling, es bietet dem Anwender ein gesundes, nat\u00fcrliches und langanhaltendes Haarstyling-Erlebnis.<\/p>","protected":false},"excerpt":{"rendered":"Natural Hair Mousse Manufacturing Common Formulas 3TOP&#8217;s natural is committed to selecting safe, gentle, and effective plant-derived ingredients that do not contain silicone oil, synthetic fragrances, etc., to protect the health of hair and scalp while styling. The common formula of natural hair mousse incorporates a variety of plant active ingredients with repairing, nourishing, and [&hellip;]","protected":false},"featured_media":3464,"menu_order":0,"template":"","meta":[],"product-tag":[],"products":[165],"class_list":["post-3463","product","type-product","status-publish","has-post-thumbnail","hentry","products-hair-mousse"],"acf":[],"_links":{"self":[{"href":"https:\/\/www.ruiqigo.com\/de\/wp-json\/wp\/v2\/product\/3463","targetHints":{"allow":["GET"]}}],"collection":[{"href":"https:\/\/www.ruiqigo.com\/de\/wp-json\/wp\/v2\/product"}],"about":[{"href":"https:\/\/www.ruiqigo.com\/de\/wp-json\/wp\/v2\/types\/product"}],"version-history":[{"count":0,"href":"https:\/\/www.ruiqigo.com\/de\/wp-json\/wp\/v2\/product\/3463\/revisions"}],"wp:featuredmedia":[{"embeddable":true,"href":"https:\/\/www.ruiqigo.com\/de\/wp-json\/wp\/v2\/media\/3464"}],"wp:attachment":[{"href":"https:\/\/www.ruiqigo.com\/de\/wp-json\/wp\/v2\/media?parent=3463"}],"wp:term":[{"taxonomy":"product-tag","embeddable":true,"href":"https:\/\/www.ruiqigo.com\/de\/wp-json\/wp\/v2\/product-tag?post=3463"},{"taxonomy":"products","embeddable":true,"href":"https:\/\/www.ruiqigo.com\/de\/wp-json\/wp\/v2\/products?post=3463"}],"curies":[{"name":"wp","href":"https:\/\/api.w.org\/{rel}","templated":true}]}}