{"id":3468,"date":"2025-05-22T11:45:22","date_gmt":"2025-05-22T03:45:22","guid":{"rendered":"https:\/\/www.ruiqigo.com\/?post_type=product&#038;p=3468"},"modified":"2025-05-22T17:49:34","modified_gmt":"2025-05-22T09:49:34","slug":"lavender-laundry-detergent","status":"publish","type":"product","link":"https:\/\/www.ruiqigo.com\/de\/product\/lavender-laundry-detergent","title":{"rendered":"Lavendel-Waschmittel"},"content":{"rendered":"<h2 class=\"wp-block-heading\">Herstellung g\u00e4ngiger Formeln f\u00fcr Lavendelwaschmittel<\/h2>\n\n\n\n<p>Als professioneller Waschmittellieferant w\u00e4hlen wir milde und nicht reizende Tenside, nat\u00fcrliche \u00e4therische Pflanzen\u00f6le und multifunktionale Zusatzstoffe aus, um die drei Haupteffekte kraftvolle Reinigung, Farbschutz und Weichmachung sowie lang anhaltenden Duft zu erzielen und so den doppelten Bedarf der Benutzer an Waschkraft und Kleidungsschutz zu erf\u00fcllen.<\/p>\n\n\n\n<p><strong>1. \u00c4therisches Lavendel\u00f6l: <\/strong>Nat\u00fcrlich gewonnenes \u00e4therisches Lavendel\u00f6l hat aromatische Eigenschaften, die K\u00f6rper und Geist beruhigen. Nachdem es an den Fasern der Kleidung haftet, kann es einen lang anhaltenden nat\u00fcrlichen Duft verbreiten, hat eine gewisse antibakterielle Wirkung und verbessert die Sauberkeit und den Tragekomfort der Kleidung.<\/p>\n\n\n\n<p><strong>2. Nat\u00fcrlicher Enzymkomplex:<\/strong> Es zersetzt Protein-, St\u00e4rke- und Fettflecken durch biologische Enzyme. Es eignet sich besonders zur Beseitigung allt\u00e4glicher Verschmutzungen wie Schwei\u00dfflecken und Speiseflecken und reduziert die wiederholte Reibung auf Textilien.<\/p>\n\n\n\n<p><strong>3. Cocamidopropylbetain:<\/strong> Es wird aus nat\u00fcrlichem Kokosnuss\u00f6l gewonnen und ist ein mildes nichtionisches Tensid, das \u00d6lflecken effektiv emulgieren und die Reinigungskraft verbessern kann. Gleichzeitig ist es sehr sanft zu Haut und Textilien und besch\u00e4digt die Kleidung nicht.<\/p>\n\n\n\n<p><strong>4. Natriumpolycarboxylat: <\/strong>Dieser Inhaltsstoff kann Wasser enth\u00e4rten und die Ablagerung von Kalzium- und Magnesiumionen verhindern, das Verh\u00e4rten von Kleidung verhindern, Waschr\u00fcckst\u00e4nde entfernen und dazu beitragen, die Lebensdauer von Kleidung zu verl\u00e4ngern.<\/p>\n\n\n\n<h2 class=\"wp-block-heading\">Die Funktionen von Lavendelwaschmittel<\/h2>\n\n\n\n<p>Lavendelwaschmittel ist aufgrund seiner hervorragenden Reinigungsleistung, seiner milden Pflegewirkung und seines nat\u00fcrlichen Duftes f\u00fcr Kunden in vielen Branchen zur ersten Wahl geworden. Ob t\u00e4gliche W\u00e4sche und Pflege im Haushalt oder Reinigung von Hotelbettw\u00e4sche \u2013 dieses Produkt erf\u00fcllt mit seinen Vorteilen wie geringer Schaumbildung, einfacher Sp\u00fclbarkeit, Sicherheit und Umweltschutz verschiedene anspruchsvolle Waschanforderungen und bietet den Drei-in-Eins-Effekt aus Reinigung, Pflege und Duft.<\/p>\n\n\n\n<p><strong>1. Effiziente Fleckenentfernung: <\/strong>Lavendelwaschmittel enth\u00e4lt leistungsstarke aktive Fleckenentfernungsfaktoren, die tief in die Fasern eindringen und dort hartn\u00e4ckige Flecken wie Schwei\u00dfflecken, \u00d6lflecken usw. entfernen k\u00f6nnen. Es verf\u00fcgt \u00fcber eine hervorragende Reinigungsleistung und kann die Wascheffizienz erheblich verbessern.<\/p>\n\n\n\n<p><strong>2. Wenig Schaum und einfaches Absp\u00fclen:<\/strong> Die schaumarme Formel des Lavendelwaschmittels ist f\u00fcr alle Waschmaschinentypen geeignet. Es sch\u00e4umt beim Waschen m\u00e4\u00dfig, hinterl\u00e4sst keine R\u00fcckst\u00e4nde und l\u00e4sst sich leichter aussp\u00fclen. Das spart effektiv Wasser und Strom und verbessert die Gesamtnutzungseffizienz.<\/p>\n\n\n\n<p><strong>3. Nat\u00fcrlicher Duft:<\/strong> Der nat\u00fcrliche Lavendelduft ist frisch und wohltuend, nicht stechend, und die Kleidung hat nach dem Waschen einen langanhaltenden Duft. Es eignet sich f\u00fcr die Mutter- und Kinderpflege, das W\u00e4schewaschen und andere Zwecke.<\/p>\n\n\n\n<p><strong>4. Umweltfreundlich und nicht reizend:<\/strong> Lavendel-Waschmittel enth\u00e4lt keine sch\u00e4dlichen Inhaltsstoffe wie Phosphor und fluoreszierende Aufheller und erf\u00fcllt umweltfreundliche Wasch- und Pflegestandards. Das Produkt wurde auf Hautreizungen getestet, ist hypoallergen und mild und eignet sich auch f\u00fcr Menschen mit empfindlicher Haut zum Reinigen von Kleidung.<\/p>\n\n\n\n<p><strong>5. Schonende W\u00e4schepflege:<\/strong> Der Formel werden stoffweichmachende Inhaltsstoffe hinzugef\u00fcgt, die die Kleidungsfasern beim Reinigen von Flecken sch\u00fctzen, die Lebensdauer der Kleidung verl\u00e4ngern und ein Ausbleichen, Verformen und Einlaufen verhindern k\u00f6nnen.<\/p>\n\n\n\n<h2 class=\"wp-block-heading\">So verwenden Sie Lavendelwaschmittel<\/h2>\n\n\n\n<p><strong>1. Maschinenw\u00e4sche: <\/strong>Geben Sie je nach Kapazit\u00e4t der Waschmaschine und Verschmutzungsgrad der Kleidung eine angemessene Menge Waschmittel hinzu, normalerweise 30\u201350 ml pro Mal. Dieses kann direkt in die Waschmittelbox gegeben oder vor Gebrauch mit Wasser gemischt werden.<\/p>\n\n\n\n<p><strong>2. H\u00e4ndewaschen: <\/strong>Geben Sie 5\u201310 ml Waschmittel in 1 l Wasser, verd\u00fcnnen und r\u00fchren Sie es gleichm\u00e4\u00dfig um, lassen Sie die Kleidung 5 Minuten einweichen, schrubben Sie sie dann vorsichtig und sp\u00fclen Sie sie gr\u00fcndlich mit klarem Wasser aus.<\/p>\n\n\n\n<p><strong>Empfehlung: <\/strong>Kann mit Weichsp\u00fcler verwendet werden, um die Weichheit des Stoffes und die Best\u00e4ndigkeit des Duftes zu verbessern.<\/p>\n\n\n\n<h2 class=\"wp-block-heading\">Vorsicht<\/h2>\n\n\n\n<p><strong>1. Vermeiden Sie die Mischung mit anderen Reinigungsmitteln: <\/strong>Das Mischen mit anderen stark alkalischen oder chlorhaltigen Reinigungsmitteln kann die Waschwirkung beeintr\u00e4chtigen oder unn\u00f6tige chemische Reaktionen hervorrufen. Es wird empfohlen, dieses Produkt allein zu verwenden.<\/p>\n\n\n\n<p><strong>2. Nicht direkt auf die Kleidung gie\u00dfen: <\/strong>Um zu verhindern, dass konzentriertes Waschmittel Flecken auf der Oberfl\u00e4che der Kleidung hinterl\u00e4sst, verd\u00fcnnen Sie es vor der Verwendung oder verteilen Sie es gleichm\u00e4\u00dfig im Wasser, bevor Sie es auf die Kleidung geben.<\/p>\n\n\n\n<p><strong>3. Vermeiden Sie direkte Sonneneinstrahlung: <\/strong>Um zu verhindern, dass die Inhaltsstoffe verderben oder der Duft verdunstet, bewahren Sie das Produkt bitte verschlossen an einem k\u00fchlen und trockenen Ort auf.<\/p>\n\n\n\n<p><strong>4. Au\u00dferhalb der Reichweite von Kindern aufbewahren:<\/strong> Um zu verhindern, dass Kinder das Produkt versehentlich verschlucken oder in die Augen bekommen, bewahren Sie es bitte au\u00dferhalb der Reichweite von Kindern auf und verschlie\u00dfen Sie die Flasche nach Gebrauch rechtzeitig wieder.<\/p>\n\n\n\n<h2 class=\"wp-block-heading\">Abschluss<\/h2>\n\n\n\n<p>Lavendelwaschmittel ist ein effizientes Waschmittel mit Tiefenreinigungskraft und nat\u00fcrlichem Duft. Es wird h\u00e4ufig f\u00fcr Alltagskleidung, Hotelbettw\u00e4sche und andere Anwendungen verwendet. Mit seinen zahlreichen Vorteilen wie sanftem Schutz der Kleidung und effizienter Reinigung erf\u00fcllt es die Anforderungen der Anwender an effizientes und sicheres Waschen und ist die ideale Wahl f\u00fcr alle, die Wert auf Qualit\u00e4t und gr\u00fcndliche Reinigung legen.<\/p>","protected":false},"excerpt":{"rendered":"Lavender Laundry Detergent Manufacturing Common Formulas As a professional laundry detergent supplier, we select mild and non-irritating surfactants, natural plant essential oils and multifunctional additives to achieve the three major effects of powerful cleaning, color protection and softening, and long-lasting fragrance, meeting users&#8217; dual needs for washing power and clothing protection. 1. Lavender essential oil: [&hellip;]","protected":false},"featured_media":3469,"menu_order":0,"template":"","meta":[],"product-tag":[],"products":[180],"class_list":["post-3468","product","type-product","status-publish","has-post-thumbnail","hentry","products-laundry-detergent"],"acf":[],"_links":{"self":[{"href":"https:\/\/www.ruiqigo.com\/de\/wp-json\/wp\/v2\/product\/3468","targetHints":{"allow":["GET"]}}],"collection":[{"href":"https:\/\/www.ruiqigo.com\/de\/wp-json\/wp\/v2\/product"}],"about":[{"href":"https:\/\/www.ruiqigo.com\/de\/wp-json\/wp\/v2\/types\/product"}],"version-history":[{"count":0,"href":"https:\/\/www.ruiqigo.com\/de\/wp-json\/wp\/v2\/product\/3468\/revisions"}],"wp:featuredmedia":[{"embeddable":true,"href":"https:\/\/www.ruiqigo.com\/de\/wp-json\/wp\/v2\/media\/3469"}],"wp:attachment":[{"href":"https:\/\/www.ruiqigo.com\/de\/wp-json\/wp\/v2\/media?parent=3468"}],"wp:term":[{"taxonomy":"product-tag","embeddable":true,"href":"https:\/\/www.ruiqigo.com\/de\/wp-json\/wp\/v2\/product-tag?post=3468"},{"taxonomy":"products","embeddable":true,"href":"https:\/\/www.ruiqigo.com\/de\/wp-json\/wp\/v2\/products?post=3468"}],"curies":[{"name":"wp","href":"https:\/\/api.w.org\/{rel}","templated":true}]}}