{"id":3474,"date":"2025-05-22T16:50:37","date_gmt":"2025-05-22T08:50:37","guid":{"rendered":"https:\/\/www.ruiqigo.com\/?post_type=product&#038;p=3474"},"modified":"2025-05-22T16:50:38","modified_gmt":"2025-05-22T08:50:38","slug":"foam-hand-soap","status":"publish","type":"product","link":"https:\/\/www.ruiqigo.com\/de\/product\/foam-hand-soap","title":{"rendered":"Schaum-Handseife"},"content":{"rendered":"<h2 class=\"wp-block-heading\">Herstellung von Schaumhandseife \u2013 g\u00e4ngige Formeln<\/h2>\n\n\n\n<p>F\u00fcr unsere Schaumhandseife wurde eine Vielzahl nat\u00fcrlicher und hautfreundlicher Inhaltsstoffe ausgew\u00e4hlt, wie etwa Cocamidopropylbetain, nat\u00fcrliche Pflanzenextrakte, Glycerin usw. Diese Inhaltsstoffe k\u00f6nnen die H\u00e4nde effektiv befeuchten, die Nagelhaut weich machen und ein Austrocknen verhindern, w\u00e4hrend sie gleichzeitig Bakterien und \u00d6l von der Hautoberfl\u00e4che entfernen.<\/p>\n\n\n\n<p><strong>1. Cocamidopropylbetain: <\/strong>Dies ist ein mildes Reinigungsmittel aus Kokosnuss, das reichhaltigen Schaum und starke Reinigungskraft erzeugt, aber wenig Reizungen verursacht. Es entfernt effektiv Bakterien von den H\u00e4nden, ohne den nat\u00fcrlichen Schutzfilm der Haut zu besch\u00e4digen. Auch Kinder und empfindliche Personen k\u00f6nnen es ber\u00fchren.<\/p>\n\n\n\n<p><strong>2. Aloe Vera Extrakt:<\/strong> Es handelt sich um einen nat\u00fcrlichen, beruhigenden und reparierenden Inhaltsstoff, der leichte Reizungen durch H\u00e4ndewaschen lindert und f\u00fcr Benutzer geeignet ist, die sich h\u00e4ufig die H\u00e4nde waschen.<\/p>\n\n\n\n<p><strong>3. Glycerin:<\/strong> Als klassischer Feuchtigkeitsspender kann Glycerin Feuchtigkeit aus der Luft aufnehmen und einen Schutzfilm bilden, der Feuchtigkeitsverlust der Haut vorbeugt. So kann es die Haut beim H\u00e4ndewaschen mit Feuchtigkeit versorgen und sie weich und spannungsfrei halten.<\/p>\n\n\n\n<p><strong>4. Zitronens\u00e4ure: <\/strong>Es kann den pH-Wert der Schaumhandseife so anpassen, dass er dem S\u00e4ure-Basen-Gleichgewicht der Haut nahe kommt, die Hautbarriere aufrechterhalten hilft und Allergien oder Probleme mit trockener Haut reduziert.<\/p>\n\n\n\n<h2 class=\"wp-block-heading\">Die Funktionen von Schaumhandseife<\/h2>\n\n\n\n<p><strong>1. Starke Reinigungskraft, aber geringe Reizung: <\/strong>Die Formel der Schaumhandseife vereint pflanzliche Tenside und ein schwaches S\u00e4ureregulationssystem, ber\u00fccksichtigt dabei eine starke Dekontamination und eine sanfte Hautpflege und f\u00fchrt bei h\u00e4ufiger Anwendung nicht zu einer Sch\u00e4digung der Hautbarriere.<\/p>\n\n\n\n<p><strong>2. Leicht auszusp\u00fclen, keine R\u00fcckst\u00e4nde: <\/strong>Die Formel ist leicht und nicht fettend und kann ohne fettige R\u00fcckst\u00e4nde mit Wasser abgewaschen werden, was f\u00fcr ein gutes Benutzererlebnis sorgt.<\/p>\n\n\n\n<p><strong>3. Feiner und reichhaltiger Schaum: <\/strong>Schaumhandseife verf\u00fcgt \u00fcber eine effiziente Schaumformel und ein pr\u00e4zises Schaumpumpendesign. Durch leichtes Dr\u00fccken kann dichter Schaum erzeugt werden, der Schmutz schnell umh\u00fcllt und gr\u00fcndlich reinigt. Dies verbessert das Benutzererlebnis und die Reinigungseffizienz.<\/p>\n\n\n\n<p><strong>4. H\u00e4ufig vorkommende Bakterien effektiv entfernen: <\/strong>Schaumhandseife enth\u00e4lt eine Reihe sicherer antibakterieller Inhaltsstoffe, die das Risiko einer Bakterienanhaftung verringern und h\u00e4ufig vorkommende Bakterien entfernen k\u00f6nnen, w\u00e4hrend Handflecken gereinigt werden.<\/p>\n\n\n\n<p><strong>5. Frischer und nat\u00fcrlicher Geruch: <\/strong>F\u00fcr den Duft werden ausgew\u00e4hlte nat\u00fcrliche \u00e4therische \u00d6le wie Zitrus und Lavendel verwendet, die ein angenehmes und hautfreundliches Erlebnis bieten und auch f\u00fcr geruchsempfindliche Benutzer geeignet sind.<\/p>\n\n\n\n<h2 class=\"wp-block-heading\">So verwenden Sie Schaumhandseife<\/h2>\n\n\n\n<p>Die Verwendung von Schaumhandseife ist sehr einfach und effizient. Durch einfaches Dr\u00fccken entstehen Blasen, die den Reinigungsvorgang m\u00fchelos abschlie\u00dfen. Sie eignet sich f\u00fcr schnelle Reinigungsvorg\u00e4nge.<\/p>\n\n\n\n<p><strong>1. H\u00e4nde nass machen: <\/strong>Befeuchten Sie Ihre Handfl\u00e4chen kurz mit sauberem Wasser.<\/p>\n\n\n\n<p><strong>2. Dr\u00fccken Sie den Pumpenkopf: <\/strong>Dr\u00fccken Sie die Schaumhandseife 1\u20132 Mal, um viel Schaum in Ihrer Handfl\u00e4che zu erzeugen.<\/p>\n\n\n\n<p><strong>3. Gr\u00fcndlich einreiben: <\/strong>Reiben Sie Ihre H\u00e4nde l\u00e4nger als 20 Sekunden, um die Handfl\u00e4chen, den Handr\u00fccken und die Fingerzwischenr\u00e4ume zu reinigen.<\/p>\n\n\n\n<p><strong>4. Mit Wasser absp\u00fclen: <\/strong>Sp\u00fclen Sie den Schaum schnell und gr\u00fcndlich mit klarem Wasser aus.<\/p>\n\n\n\n<p><strong>5. Trocknen Sie Ihre H\u00e4nde: <\/strong>Verwenden Sie zum Trocknen Ihrer H\u00e4nde ein sauberes Handtuch oder Papiertuch.<\/p>\n\n\n\n<h2 class=\"wp-block-heading\">Vorsicht<\/h2>\n\n\n\n<p><strong>1. Passend f\u00fcr Schaumpumpenkopf: <\/strong>Bei diesem Produkt handelt es sich um ein Schaum-Handdesinfektionsmittel. Es wird empfohlen, eine spezielle Schaum-Pumpenkopfflasche zu verwenden, um das Benutzererlebnis nicht zu beeintr\u00e4chtigen, da der normale Pumpenkopf nicht sch\u00e4umen kann.<\/p>\n\n\n\n<p><strong>2. Kontakt mit den Augen vermeiden:<\/strong> Sollte es versehentlich in die Augen gelangen, sp\u00fclen Sie diese sofort mit viel Wasser aus. In ernsten F\u00e4llen suchen Sie bitte sofort einen Arzt auf.<\/p>\n\n\n\n<p><strong>3. Vermeiden Sie direkte Sonneneinstrahlung: <\/strong>Bitte lagern Sie dieses Produkt an einem k\u00fchlen und trockenen Ort und vermeiden Sie direkte Sonneneinstrahlung, um die Schaumleistung und die Aktivit\u00e4t der Inhaltsstoffe aufrechtzuerhalten.<\/p>\n\n\n\n<h2 class=\"wp-block-heading\">Abschluss<\/h2>\n\n\n\n<p>Schaumhandseife ist ein Handreinigungsprodukt, das effiziente Reinigung mit sanfter Hautpflege verbindet. Ob zu Hause oder an stark frequentierten \u00f6ffentlichen Orten \u2013 sie sorgt f\u00fcr ein hervorragendes Reinigungserlebnis und steigert die Benutzerzufriedenheit.<\/p>","protected":false},"excerpt":{"rendered":"Foam Hand Soap Manufacturing Common Formulas Our foam hand soap selects a variety of natural and skin-friendly ingredients, such as cocamidopropyl betaine, natural plant extracts, glycerin, etc. These ingredients can effectively moisturize, soften cuticles, and prevent hands from drying out while cleaning bacteria and oil on the skin surface. 1. Cocamidopropyl Betaine: This is a [&hellip;]","protected":false},"featured_media":3475,"menu_order":0,"template":"","meta":[],"product-tag":[],"products":[181],"class_list":["post-3474","product","type-product","status-publish","has-post-thumbnail","hentry","products-hand-soap"],"acf":[],"_links":{"self":[{"href":"https:\/\/www.ruiqigo.com\/de\/wp-json\/wp\/v2\/product\/3474","targetHints":{"allow":["GET"]}}],"collection":[{"href":"https:\/\/www.ruiqigo.com\/de\/wp-json\/wp\/v2\/product"}],"about":[{"href":"https:\/\/www.ruiqigo.com\/de\/wp-json\/wp\/v2\/types\/product"}],"version-history":[{"count":0,"href":"https:\/\/www.ruiqigo.com\/de\/wp-json\/wp\/v2\/product\/3474\/revisions"}],"wp:featuredmedia":[{"embeddable":true,"href":"https:\/\/www.ruiqigo.com\/de\/wp-json\/wp\/v2\/media\/3475"}],"wp:attachment":[{"href":"https:\/\/www.ruiqigo.com\/de\/wp-json\/wp\/v2\/media?parent=3474"}],"wp:term":[{"taxonomy":"product-tag","embeddable":true,"href":"https:\/\/www.ruiqigo.com\/de\/wp-json\/wp\/v2\/product-tag?post=3474"},{"taxonomy":"products","embeddable":true,"href":"https:\/\/www.ruiqigo.com\/de\/wp-json\/wp\/v2\/products?post=3474"}],"curies":[{"name":"wp","href":"https:\/\/api.w.org\/{rel}","templated":true}]}}