{"id":3479,"date":"2025-05-22T17:45:04","date_gmt":"2025-05-22T09:45:04","guid":{"rendered":"https:\/\/www.ruiqigo.com\/?post_type=product&#038;p=3479"},"modified":"2025-05-22T16:53:37","modified_gmt":"2025-05-22T08:53:37","slug":"spray-glass-cleaner","status":"publish","type":"product","link":"https:\/\/www.ruiqigo.com\/de\/product\/spray-glass-cleaner","title":{"rendered":"Glasreiniger-Spr\u00fchger\u00e4t"},"content":{"rendered":"<h2 class=\"wp-block-heading\">Herstellung g\u00e4ngiger Formeln f\u00fcr Glasreiniger-Spr\u00fchreiniger<\/h2>\n\n\n\n<p>Unser Glasreiniger-Spr\u00fchreiniger verwendet eine umweltfreundliche Formel ohne Ammoniak und kombiniert mit verschiedenen Tensiden, nat\u00fcrlichen L\u00f6sungsmitteln, Ethanol und fl\u00fcchtigen Additiven, um die Reinigungskraft und die Schnelltrocknungswirkung synergetisch zu verbessern. Er greift das Glas nach Gebrauch nicht an, hinterl\u00e4sst nach dem Abwischen keine R\u00fcckst\u00e4nde und eignet sich f\u00fcr verschiedene Glas- und Spiegelmaterialien.<\/p>\n\n\n\n<p><strong>1. Nichtionische Tenside: <\/strong>Dies ist ein milder und effizienter Reinigungsbestandteil, der Flecken und Fett schnell umh\u00fcllt und zersetzt, w\u00e4hrend er die Schaumbildung w\u00e4hrend des Reinigungsvorgangs reduziert, die Reinigungseffizienz verbessert und sich zum schnellen Abwischen gro\u00dfer Fl\u00e4chen eignet.<\/p>\n\n\n\n<p><strong>2. Nat\u00fcrliches Citratl\u00f6sungsmittel: <\/strong>Dies ist ein sicheres L\u00f6sungsmittel aus nat\u00fcrlichem Pflanzen\u00f6l. Es kann hartn\u00e4ckige \u00d6lfilme und Ablagerungen effektiv zersetzen, ohne die Glasoberfl\u00e4che anzugreifen. Es ist ein idealer Inhaltsstoff, der sowohl Umweltschutz als auch Leistung ber\u00fccksichtigt.<\/p>\n\n\n\n<p><strong>3. Ethanol:<\/strong> Ethanol verdunstet schnell. Nach Gebrauch trocknet es die Glasoberfl\u00e4che schnell, ohne Wasserflecken oder Streifen zu hinterlassen. Gleichzeitig sorgt es durch seine leicht desinfizierende Wirkung f\u00fcr eine effektive Hygiene der Glasoberfl\u00e4che.<\/p>\n\n\n\n<p><strong>4. Deionisiertes Wasser: <\/strong>Es kann den Mineralgehalt im Wasser reduzieren, Wasserflecken nach dem Abwischen verhindern und daf\u00fcr sorgen, dass das Glas glatt und transparent ist.<\/p>\n\n\n\n<h2 class=\"wp-block-heading\">Die Funktionen von Glasreiniger-Spr\u00fchger\u00e4ten<\/h2>\n\n\n\n<p><strong>1. Umweltfreundliche, ammoniakfreie Formel:<\/strong> Der Glasreiniger-Spr\u00fchreiniger enth\u00e4lt keine reizenden Inhaltsstoffe wie Ammoniak und Bleichmittel, hat keinen stechenden Geruch, ist k\u00f6rpervertr\u00e4glich und eignet sich zur Reinigung geschlossener Innenr\u00e4ume.<\/p>\n\n\n\n<p><strong>2. Flecken und Fingerabdruckr\u00fcckst\u00e4nde schnell l\u00f6sen: <\/strong>Der Glasreiniger-Spr\u00fchreiniger ist speziell mit Tensiden und leichten L\u00f6sungsmitteln formuliert, die schnell in \u00d6lflecken, Rauchflecken und hartn\u00e4ckige Fingerabdr\u00fccke auf der Glasoberfl\u00e4che eindringen und diese zersetzen k\u00f6nnen, wodurch das Abwischen erleichtert und die Reinigungszeit verk\u00fcrzt wird.<\/p>\n\n\n\n<p><strong>3. Schnelltrocknend und r\u00fcckstandsarm:<\/strong> Es verwendet eine schnelltrocknende Ethanolformel, die innerhalb weniger Sekunden nach dem Aufspr\u00fchen verdunstet. Die Oberfl\u00e4che wird nicht durch Staub oder Kratzer verschmutzt und eignet sich f\u00fcr den Einsatz in Vitrinen und anderen Bereichen.<\/p>\n\n\n\n<p><strong>4. Starke Reinigungskraft: <\/strong>Der Spr\u00fchstrahl ist gleichm\u00e4\u00dfig und der Schmutz wird gr\u00fcndlich entfernt. Nach der Reinigung verbleiben keine R\u00fcckst\u00e4nde auf der Glasoberfl\u00e4che, was die Reinigungseffizienz erheblich verbessert und sich f\u00fcr h\u00e4ufige Reinigungsszenarien eignet.<\/p>\n\n\n\n<p><strong>5. Mehrzweckanpassung, kosteng\u00fcnstig: <\/strong>Der Glasreiniger-Spr\u00fchreiniger eignet sich nicht nur f\u00fcr Glasoberfl\u00e4chen, sondern kann auch f\u00fcr Spiegel, glatte Fliesen, Edelstahloberfl\u00e4chen usw. mit hoher Wirtschaftlichkeit verwendet werden.<\/p>\n\n\n\n<h2 class=\"wp-block-heading\">So verwenden Sie Glasreiniger-Spr\u00fchreiniger<\/h2>\n\n\n\n<p>1. Drehen Sie die D\u00fcse auf den Spr\u00fchmodus und zielen Sie auf die Glas- oder Spiegeloberfl\u00e4che.<\/p>\n\n\n\n<p>2. Spr\u00fchen Sie eine angemessene Menge Reinigungsmittel gleichm\u00e4\u00dfig auf, mit einem empfohlenen Abstand von 20\u201330 cm.<\/p>\n\n\n\n<p>3. Wischen Sie mit einem sauberen, fusselfreien Tuch oder Papiertuch, bis die Oberfl\u00e4che sauber und frisch ist.<\/p>\n\n\n\n<p>4. Bei hartn\u00e4ckigen Flecken den Vorgang ein- bis zweimal wiederholen, bis die Reinigung abgeschlossen ist.<\/p>\n\n\n\n<h2 class=\"wp-block-heading\">Vorsicht<\/h2>\n\n\n\n<p><strong>1. Nicht auf unversiegeltem Holz oder por\u00f6sen Oberfl\u00e4chen verwenden: <\/strong>Dieses Produkt ist f\u00fcr nicht saugende Oberfl\u00e4chen geeignet und nicht zum Aufspr\u00fchen auf saugende Materialien wie Holzm\u00f6bel oder Stein geeignet, um Verf\u00e4rbungen oder Besch\u00e4digungen durch Eindringen zu vermeiden.<\/p>\n\n\n\n<p><strong>2. Verschlie\u00dfen Sie die D\u00fcse umgehend nach Gebrauch: <\/strong>Bitte drehen Sie die D\u00fcse nach Gebrauch in die geschlossene Position, um den Verlust fl\u00fcchtiger Bestandteile zu vermeiden und die Wirkung beim n\u00e4chsten Gebrauch sicherzustellen.<\/p>\n\n\n\n<p><strong>3. Nicht mit starken S\u00e4ure- oder Alkalireinigern mischen: <\/strong>Vermeiden Sie das Mischen mit anderen stark \u00e4tzenden oder starken S\u00e4ure- oder Alkalireinigern, um chemische Reaktionen oder Sch\u00e4den an der Glasoberfl\u00e4che zu vermeiden.<\/p>\n\n\n\n<h2 class=\"wp-block-heading\">Abschluss<\/h2>\n\n\n\n<p>Glasreiniger-Spr\u00fchreiniger ist Ihre zuverl\u00e4ssige Wahl f\u00fcr die effiziente Reinigung von Glasoberfl\u00e4chen. Dank seiner hocheffizienten, schnelltrocknenden, r\u00fcckstandsfreien und hochwertigen Formel sowie seiner breiten Anpassbarkeit an eine Vielzahl von Oberfl\u00e4chenmaterialien wird er h\u00e4ufig in Haushalten, Hotels, Superm\u00e4rkten und anderen Bereichen eingesetzt. Er tr\u00e4gt zur Verbesserung der Glasreinigungseffizienz bei und sorgt f\u00fcr eine klare und helle Optik.<\/p>","protected":false},"excerpt":{"rendered":"Spray Glass Cleaner Manufacturing Common Formulas The spray glass cleaner we manufacture uses an environmentally friendly formula that does not contain ammonia, combined with a variety of surfactants, natural solvents, ethanol and volatile additives to synergistically enhance cleaning power and quick-drying effects. It will not corrode the glass after use, and there will be no [&hellip;]","protected":false},"featured_media":3481,"menu_order":0,"template":"","meta":[],"product-tag":[],"products":[182],"class_list":["post-3479","product","type-product","status-publish","has-post-thumbnail","hentry","products-glass-cleaner"],"acf":[],"_links":{"self":[{"href":"https:\/\/www.ruiqigo.com\/de\/wp-json\/wp\/v2\/product\/3479","targetHints":{"allow":["GET"]}}],"collection":[{"href":"https:\/\/www.ruiqigo.com\/de\/wp-json\/wp\/v2\/product"}],"about":[{"href":"https:\/\/www.ruiqigo.com\/de\/wp-json\/wp\/v2\/types\/product"}],"version-history":[{"count":0,"href":"https:\/\/www.ruiqigo.com\/de\/wp-json\/wp\/v2\/product\/3479\/revisions"}],"wp:featuredmedia":[{"embeddable":true,"href":"https:\/\/www.ruiqigo.com\/de\/wp-json\/wp\/v2\/media\/3481"}],"wp:attachment":[{"href":"https:\/\/www.ruiqigo.com\/de\/wp-json\/wp\/v2\/media?parent=3479"}],"wp:term":[{"taxonomy":"product-tag","embeddable":true,"href":"https:\/\/www.ruiqigo.com\/de\/wp-json\/wp\/v2\/product-tag?post=3479"},{"taxonomy":"products","embeddable":true,"href":"https:\/\/www.ruiqigo.com\/de\/wp-json\/wp\/v2\/products?post=3479"}],"curies":[{"name":"wp","href":"https:\/\/api.w.org\/{rel}","templated":true}]}}