{"id":3486,"date":"2025-05-28T17:18:28","date_gmt":"2025-05-28T09:18:28","guid":{"rendered":"https:\/\/www.ruiqigo.com\/?post_type=product&#038;p=3486"},"modified":"2025-05-28T11:19:22","modified_gmt":"2025-05-28T03:19:22","slug":"laser-hair-comb","status":"publish","type":"product","link":"https:\/\/www.ruiqigo.com\/de\/product\/laser-hair-comb","title":{"rendered":"Laser-Haarkamm"},"content":{"rendered":"<h2 class=\"wp-block-heading\">Funktionen des Laser-Haarkamms<\/h2>\n\n\n\n<p>Der Laser-Haarkamm ist ein intelligentes Haarpflegeprodukt, das Pflege und Massage vereint. Er nutzt die LLLT-Technologie, um die Aktivit\u00e4t der Haarfollikel zu stimulieren, die Mikrozirkulation der Kopfhaut zu verbessern und ein gesundes Haarwachstum zu f\u00f6rdern.<\/p>\n\n\n\n<p><strong>1. Niedrigenergielaser: <\/strong>Der vom Laser-Haarkamm verwendete Niederenergielaser kann die Haarfollikel stimulieren und die Vitalit\u00e4t der Kopfhaut steigern.<\/p>\n\n\n\n<p><strong>2. Kompakt und tragbar: <\/strong>Der Laser-Haarkamm ist leicht und ergonomisch f\u00fcr den Handgebrauch konzipiert, was f\u00fcr den t\u00e4glichen Gebrauch und das Tragen sehr praktisch ist.<\/p>\n\n\n\n<p><strong>3. Bequemes Laden: <\/strong>Dieses Produkt verf\u00fcgt \u00fcber einen integrierten wiederaufladbaren Lithium-Akku und unterst\u00fctzt zwei Lademethoden: USB oder eine Dockingstation. Sie m\u00fcssen sich keine Sorgen machen, dass Ihnen unterwegs der Strom ausgeht.<\/p>\n\n\n\n<p><strong>4. Einfache Bedienung: <\/strong>Der Laser-Haarkamm kann mit nur einer Taste verwendet werden, was sehr einfach ist. Es verf\u00fcgt \u00fcber eine mehrstufige Intensit\u00e4tsanpassungsfunktion, die an die pers\u00f6nlichen Bed\u00fcrfnisse des Benutzers angepasst werden kann.<\/p>\n\n\n\n<h2 class=\"wp-block-heading\">Vorteile des Laser-Haarkamms<\/h2>\n\n\n\n<p>Im Vergleich zu herk\u00f6mmlichen K\u00e4mmen oder Massageger\u00e4ten bieten Laser-Haark\u00e4mme erhebliche technische und funktionale Vorteile. Sie k\u00f6nnen das Haar nicht nur physisch k\u00e4mmen, sondern durch Laser bestimmter Wellenl\u00e4ngen auch direkt auf die tiefen Schichten der Kopfhaut einwirken, die Durchblutung f\u00f6rdern und die Atrophie der Haarfollikel verz\u00f6gern. Diese nicht-invasive Technologie eignet sich f\u00fcr den Langzeitgebrauch und kann bei Problemen wie d\u00fcnner werdendem Haar, schlechter Haarqualit\u00e4t und Haarausfall zus\u00e4tzliche Linderung verschaffen.<\/p>\n\n\n\n<p><strong>1. Laserpflegetechnologie: <\/strong>Dieses Produkt verwendet einen Niedrigenergielaser mit einer Wellenl\u00e4nge von 650 nm, um die Haarfollikelzellen tiefgehend zu aktivieren und so eine sichere und effiziente Reparatur und Haarpflege zu gew\u00e4hrleisten.<\/p>\n\n\n\n<p><strong>2. Komfortable und intelligente Bedienung: <\/strong>Der Laser-Haarkamm ist sehr bequem zu bedienen, mit Ein-Knopf-Start, ohne Bedienschwelle und ist au\u00dferdem mit Funktionen wie Zeit- und Intensit\u00e4tseinstellung ausgestattet, was die Verwendung flexibler macht.<\/p>\n\n\n\n<p><strong>3. Linderung von Haarausfallproblemen: <\/strong>Die langfristige Verwendung des Laser-Haarkamms kann dazu beitragen, Haarausfall zu reduzieren, die Haarfollikel zu regulieren und das Wachstum neuer Haare zu f\u00f6rdern.<\/p>\n\n\n\n<p><strong>4. F\u00f6rdern Sie die Durchblutung der Kopfhaut: <\/strong>Die Verwendung des Laser-Haarkamms kann die Mikrozirkulation der Kopfhaut verbessern und den Haarfollikeln helfen, mehr N\u00e4hrstoffe zu erhalten.<\/p>\n\n\n\n<h2 class=\"wp-block-heading\">Zielgruppe des Laser-Haarkamms<\/h2>\n\n\n\n<p>Der Laser-Haarkamm ist vor allem f\u00fcr Anwender gedacht, die Haarpflege ben\u00f6tigen, insbesondere f\u00fcr diejenigen, die unter Haarausfall leiden und sich um die Gesundheit ihrer Kopfhaut sorgen. Er eignet sich sowohl f\u00fcr Menschen mittleren und h\u00f6heren Alters als auch f\u00fcr Sch\u00f6nheitsliebhaber.<\/p>\n\n\n\n<p>1. Menschen mit Haarausfall, d\u00fcnnem Haar und empfindlicher Kopfhaut.<\/p>\n\n\n\n<p>2. Menschen mit erblich bedingtem Haarausfall, wie beispielsweise seborrhoischer Alopezie.<\/p>\n\n\n\n<p>3. Menschen mit trockenem, krausem und leicht br\u00fcchigem Haar.<\/p>\n\n\n\n<p>4. Menschen am Arbeitsplatz, die langfristigem Stress und unregelm\u00e4\u00dfigen Arbeits- und Ruhezeiten ausgesetzt sind, was zu Haarausfall f\u00fchrt.<\/p>\n\n\n\n<p>5. Kunden, die in Sch\u00f6nheitssalons und anderen Orten auf die Haarpflege achten.<\/p>\n\n\n\n<h2 class=\"wp-block-heading\">Herstellungsprozess von Laser-Haark\u00e4mmen<\/h2>\n\n\n\n<p>Der Produktionsprozess des Laser-Haarkamms kombiniert elektronische Technologie und Pr\u00e4zisionsformtechnik. Wellenl\u00e4nge, Stabilit\u00e4t und elektrische Sicherheit der Lichtquelle werden w\u00e4hrend des Produktionsprozesses streng kontrolliert. Zu den Hauptprozessen geh\u00f6ren das Spritzgie\u00dfen von Kunststoffschalen, die Montage von Lasermodulen, das Schwei\u00dfen von Leiterplatten, Funktionstests und die Montage der gesamten Maschine.<\/p>\n\n\n\n<h2 class=\"wp-block-heading\">Laser-Haarkamm-Anwendungen<\/h2>\n\n\n\n<p>Laser-Haark\u00e4mme werden h\u00e4ufig in der t\u00e4glichen Haarpflege zu Hause, in Friseursalons, Sch\u00f6nheitssalons, professionellen Physiotherapiezentren und an anderen Orten verwendet.<\/p>\n\n\n\n<p>1. T\u00e4gliche Kopfhautpflege und Haarausfallpr\u00e4vention zu Hause.<\/p>\n\n\n\n<p>2. Haarpflegeprojekte in Friseursalons.<\/p>\n\n\n\n<p>3. Physiotherapieprojekte in Sch\u00f6nheitssalons.<\/p>\n\n\n\n<p>4. Nehmen Sie auf Gesch\u00e4ftsreisen Haarpflegeutensilien mit.<\/p>\n\n\n\n<h2 class=\"wp-block-heading\">So verwenden Sie den Laser-Haarkamm<\/h2>\n\n\n\n<p>Der Laser-Haarkamm ist sehr einfach zu verwenden. Es wird generell empfohlen, ihn 3-4 Mal pro Woche jeweils 10-15 Minuten lang zu verwenden und den Pflegeeffekt nach 8-12 Wochen Anwendung zu beobachten.<\/p>\n\n\n\n<p>1. Reinigen Sie Ihr Haar und stellen Sie sicher, dass es trocken und fettfrei ist.<\/p>\n\n\n\n<p>2. Dr\u00fccken Sie lange auf die Einschalttaste und w\u00e4hlen Sie den entsprechenden Gang.<\/p>\n\n\n\n<p>3. Setzen Sie die Kammz\u00e4hne nahe an die Kopfhaut an und k\u00e4mmen Sie gleichm\u00e4\u00dfig von der Stirn nach hinten.<\/p>\n\n\n\n<p>4. Bleiben Sie einige Sekunden in jedem Bereich und gehen Sie dann langsam zum n\u00e4chsten Bereich \u00fcber.<\/p>\n\n\n\n<p>5. Schalten Sie nach Gebrauch das Ger\u00e4t aus und wischen Sie die Kammoberfl\u00e4che vorsichtig mit einem trockenen Tuch ab.<\/p>","protected":false},"excerpt":{"rendered":"Laser Hair Comb Features The laser hair comb is an intelligent hair care product that integrates care and massage. It uses LLLT technology to help stimulate hair follicle activity, improve scalp microcirculation, and promote healthy hair growth. 1. Low-energy laser: The low-energy laser used by the laser hair comb can stimulate hair follicles and enhance [&hellip;]","protected":false},"featured_media":3487,"menu_order":0,"template":"","meta":[],"product-tag":[],"products":[164],"class_list":["post-3486","product","type-product","status-publish","has-post-thumbnail","hentry","products-laser-hair-comb"],"acf":[],"_links":{"self":[{"href":"https:\/\/www.ruiqigo.com\/de\/wp-json\/wp\/v2\/product\/3486","targetHints":{"allow":["GET"]}}],"collection":[{"href":"https:\/\/www.ruiqigo.com\/de\/wp-json\/wp\/v2\/product"}],"about":[{"href":"https:\/\/www.ruiqigo.com\/de\/wp-json\/wp\/v2\/types\/product"}],"version-history":[{"count":0,"href":"https:\/\/www.ruiqigo.com\/de\/wp-json\/wp\/v2\/product\/3486\/revisions"}],"wp:featuredmedia":[{"embeddable":true,"href":"https:\/\/www.ruiqigo.com\/de\/wp-json\/wp\/v2\/media\/3487"}],"wp:attachment":[{"href":"https:\/\/www.ruiqigo.com\/de\/wp-json\/wp\/v2\/media?parent=3486"}],"wp:term":[{"taxonomy":"product-tag","embeddable":true,"href":"https:\/\/www.ruiqigo.com\/de\/wp-json\/wp\/v2\/product-tag?post=3486"},{"taxonomy":"products","embeddable":true,"href":"https:\/\/www.ruiqigo.com\/de\/wp-json\/wp\/v2\/products?post=3486"}],"curies":[{"name":"wp","href":"https:\/\/api.w.org\/{rel}","templated":true}]}}