{"id":3499,"date":"2025-05-30T15:45:20","date_gmt":"2025-05-30T07:45:20","guid":{"rendered":"https:\/\/www.ruiqigo.com\/?post_type=product&#038;p=3499"},"modified":"2025-05-30T15:45:21","modified_gmt":"2025-05-30T07:45:21","slug":"whitening-face-cream","status":"publish","type":"product","link":"https:\/\/www.ruiqigo.com\/de\/product\/whitening-face-cream","title":{"rendered":"Aufhellende Gesichtscreme"},"content":{"rendered":"<h2 class=\"wp-block-heading\">Herstellung g\u00e4ngiger Formeln f\u00fcr aufhellende Gesichtscremes<\/h2>\n\n\n\n<p>Als professioneller Hersteller von aufhellenden Gesichtscremes verwenden wir eine Vielzahl nat\u00fcrlicher aufhellender Wirkstoffe wie Niacinamid und Arbutin, die synergistisch wirken. Diese Inhaltsstoffe hemmen nicht nur die Melaninbildung, sondern wirken auch feuchtigkeitsspendend und antioxidativ, sodass die Haut beim Aufhellen ihren Glanz und ihre Elastizit\u00e4t beh\u00e4lt.<\/p>\n\n\n\n<p><strong>1. Niacinamid:<\/strong> Niacinamid ist ein wasserl\u00f6slicher Inhaltsstoff, der den Transport von Melanin zu den Epidermiszellen wirksam hemmen und so die Entstehung von Flecken verhindern kann. Gleichzeitig kann es die Barrierefunktion der Haut verbessern, Rauheit, vergr\u00f6\u00dferte Poren und andere Probleme lindern und eignet sich sehr gut f\u00fcr die t\u00e4gliche Aufhellungspflege.<\/p>\n\n\n\n<p><strong>2. Arbutin: <\/strong>Arbutin ist ein nat\u00fcrlicher, aufhellender Inhaltsstoff aus Pflanzen. Es ist mild und nicht reizend. Es kann die Aktivit\u00e4t der Tyrosinase wirksam hemmen und die Melaninsynthese reduzieren. Im Vergleich zu anderen wirksamen Inhaltsstoffen eignet sich Arbutin besser f\u00fcr die Langzeitanwendung und hat einen signifikanten Einfluss auf das Verblassen von Aknenarben und Sonnenflecken.<\/p>\n\n\n\n<p><strong>3. S\u00fc\u00dfholzextrakt: <\/strong>S\u00fc\u00dfholz ist reich an Glycyrrhizins\u00e4ure, die eine starke entz\u00fcndungshemmende und aufhellende Wirkung hat. Es eignet sich zur Reparatur empfindlicher Haut. Gleichzeitig hemmt es sanft die Melaninproduktion und verleiht der Haut einen nat\u00fcrlichen Aufhellungseffekt.<\/p>\n\n\n\n<p><strong>4. Vitamin C-Derivate: <\/strong>Dieser Inhaltsstoff verf\u00fcgt \u00fcber hervorragende antioxidative Eigenschaften, kann freie Radikale neutralisieren, die Kollagensynthese f\u00f6rdern und gleichzeitig den Hautton aufhellen und die allgemeine Ausstrahlung der Haut verbessern.<\/p>\n\n\n\n<h2 class=\"wp-block-heading\">Die Funktionen der aufhellenden Gesichtscreme<\/h2>\n\n\n\n<p>Unsere aufhellende Gesichtscreme bietet erhebliche Vorteile hinsichtlich Wirksamkeit, Sicherheit und Benutzerfreundlichkeit und erf\u00fcllt die doppelten Anforderungen der Benutzer nach effektiver Aufhellung und sanfter Hautpflege.<\/p>\n\n\n\n<p><strong>1. Deutliche Wirkung, hellt Flecken auf und hellt auf: <\/strong>Die Formel der aufhellenden Gesichtscreme enth\u00e4lt eine Vielzahl von Wirkstoffen, die synergetisch wirken und tief in die Haut eindringen, um Flecken, Mattheit und Aknemale aufzuhellen, den Hautton gleichm\u00e4\u00dfiger und transparenter zu machen und die allgemeine Hautqualit\u00e4t zu verbessern.<\/p>\n\n\n\n<p><strong>2. Mehrere feuchtigkeitsspendende Inhaltsstoffe: <\/strong>Wir haben Hyalurons\u00e4ure, Glycerin und andere hochwirksame feuchtigkeitsspendende Inhaltsstoffe hinzugef\u00fcgt, um die Haut beim Aufhellen tiefenwirksam zu n\u00e4hren, die Hautbarriere zu st\u00e4rken und Hautalterung oder einen ungleichm\u00e4\u00dfigen Hautton aufgrund von Trockenheit zu vermeiden.<\/p>\n\n\n\n<p><strong>3. Sanft und nicht reizend: <\/strong>Die Formel dieses Produkts enth\u00e4lt keine reizenden Inhaltsstoffe wie Alkohol, Hormone und Quecksilber. Es wurde an empfindlicher Haut getestet und ist \u00e4u\u00dferst sicher, sanft und nicht reizend. Es kann sicher auf empfindlicher Haut angewendet werden.<\/p>\n\n\n\n<p><strong>4. Leichte Textur und schnelle Absorption: <\/strong>Die aufhellende Gesichtscreme hat eine erfrischende Cremetextur, die leicht und nicht fettend ist, leicht einzieht, die Poren nicht verstopft und sich sehr gut f\u00fcr die Verwendung in hei\u00dfen Klimazonen eignet.<\/p>\n\n\n\n<p><strong>5. Geeignet f\u00fcr verschiedene Hauttypen: <\/strong>Dieses Produkt ist f\u00fcr verschiedene Hauttypen geeignet, beispielsweise fettige, trockene und empfindliche Haut, und kann die Bed\u00fcrfnisse verschiedener Verbrauchergruppen erf\u00fcllen.<\/p>\n\n\n\n<h2 class=\"wp-block-heading\">So verwenden Sie eine aufhellende Gesichtscreme<\/h2>\n\n\n\n<p>Als wichtiger Bestandteil der t\u00e4glichen Hautpflege empfiehlt sich die Anwendung einer aufhellenden Gesichtscreme nach der Reinigung und Grundpflege, um die aufhellende und feuchtigkeitsspendende Wirkung zu maximieren. Die Anwendung sollte einmal t\u00e4glich morgens und abends erfolgen.<\/p>\n\n\n\n<p><strong>1. Reinigung:<\/strong> Verwenden Sie ein mildes Reinigungsmittel, um das Gesicht zu reinigen und Staub und \u00d6l zu entfernen.<\/p>\n\n\n\n<p><strong>2. Toner:<\/strong> Verwenden Sie Toner, um die Haut mit Feuchtigkeit zu versorgen.<\/p>\n\n\n\n<p><strong>3. Essenz:<\/strong> Tragen Sie eine aufhellende Essenz auf, um die Wirkung der Fleckenaufhellung und Erhellung zu beschleunigen.<\/p>\n\n\n\n<p><strong>4. Aufhellende Gesichtscreme: <\/strong>Nehmen Sie eine angemessene Menge der aufhellenden Gesichtscreme, tragen Sie sie gleichm\u00e4\u00dfig auf das Gesicht auf und klopfen Sie sie ein, bis sie eingezogen ist.<\/p>\n\n\n\n<h2 class=\"wp-block-heading\">Vorsicht<\/h2>\n\n\n\n<p><strong>1. Hauttest wird empfohlen: <\/strong>Probieren Sie vor der ersten Anwendung eine kleine Menge hinter dem Ohr oder Handgelenk aus, beobachten Sie es 24 Stunden lang und stellen Sie sicher, dass keine R\u00f6tungen, Schwellungen oder Allergien auftreten, bevor Sie es im gesamten Gesicht anwenden.<\/p>\n\n\n\n<p><strong>2. Kontakt mit den Augen vermeiden: <\/strong>Die Anwendung der Whitening Face Cream im Augenbereich wird nicht empfohlen. Sollte sie versehentlich in die Augen gelangen, sp\u00fclen Sie diese bitte sofort mit klarem Wasser aus.<\/p>\n\n\n\n<p><strong>3. Vermeiden Sie die Verwendung von Produkten mit stark s\u00e4urehaltigen Inhaltsstoffen:<\/strong> Produkte, die Fruchts\u00e4ure oder Salicyls\u00e4ure enthalten, k\u00f6nnen mit den Inhaltsstoffen der aufhellenden Gesichtscreme in Konflikt geraten. Es wird empfohlen, sie zu unterschiedlichen Zeitpunkten anzuwenden, um Reizungen oder Barrieresch\u00e4den zu vermeiden.<\/p>\n\n\n\n<p><strong>4. K\u00fchl und trocken lagern:<\/strong> Vermeiden Sie direkte Sonneneinstrahlung und hohe Temperaturen bei der Lagerung. Das Produkt sollte versiegelt aufbewahrt werden, um die Wirksamkeit der Inhaltsstoffe zu gew\u00e4hrleisten.<\/p>\n\n\n\n<h2 class=\"wp-block-heading\">Abschluss<\/h2>\n\n\n\n<p>Die Whitening Face Cream ist eine aufhellende und feuchtigkeitsspendende Creme mit verschiedenen Wirkstoffen wie Niacinamid, S\u00fc\u00dfholzextrakt und Vitamin-C-Derivaten, die einen ungleichm\u00e4\u00dfigen Hautton effektiv verbessern und Hautflecken reduzieren. Das Produkt hat eine leichte Textur und ist f\u00fcr alle Hauttypen geeignet.<\/p>","protected":false},"excerpt":{"rendered":"Whitening Face Cream Manufacturing Common Formulas As a professional manufacturer of whitening face cream, we select a variety of natural whitening active ingredients, such as niacinamide, arbutin, etc., which work synergistically. These ingredients can not only inhibit the formation of melanin, but also have moisturizing and anti-oxidation effects, allowing the skin to maintain luster and [&hellip;]","protected":false},"featured_media":3500,"menu_order":0,"template":"","meta":[],"product-tag":[],"products":[161],"class_list":["post-3499","product","type-product","status-publish","has-post-thumbnail","hentry","products-face-cream"],"acf":[],"_links":{"self":[{"href":"https:\/\/www.ruiqigo.com\/de\/wp-json\/wp\/v2\/product\/3499","targetHints":{"allow":["GET"]}}],"collection":[{"href":"https:\/\/www.ruiqigo.com\/de\/wp-json\/wp\/v2\/product"}],"about":[{"href":"https:\/\/www.ruiqigo.com\/de\/wp-json\/wp\/v2\/types\/product"}],"version-history":[{"count":0,"href":"https:\/\/www.ruiqigo.com\/de\/wp-json\/wp\/v2\/product\/3499\/revisions"}],"wp:featuredmedia":[{"embeddable":true,"href":"https:\/\/www.ruiqigo.com\/de\/wp-json\/wp\/v2\/media\/3500"}],"wp:attachment":[{"href":"https:\/\/www.ruiqigo.com\/de\/wp-json\/wp\/v2\/media?parent=3499"}],"wp:term":[{"taxonomy":"product-tag","embeddable":true,"href":"https:\/\/www.ruiqigo.com\/de\/wp-json\/wp\/v2\/product-tag?post=3499"},{"taxonomy":"products","embeddable":true,"href":"https:\/\/www.ruiqigo.com\/de\/wp-json\/wp\/v2\/products?post=3499"}],"curies":[{"name":"wp","href":"https:\/\/api.w.org\/{rel}","templated":true}]}}