{"id":351,"date":"2024-07-08T10:26:59","date_gmt":"2024-07-08T02:26:59","guid":{"rendered":"https:\/\/ruiqigo.com\/?post_type=product&#038;p=351"},"modified":"2024-10-28T11:36:11","modified_gmt":"2024-10-28T03:36:11","slug":"antibacterial-body-wash","status":"publish","type":"product","link":"https:\/\/www.ruiqigo.com\/de\/product\/antibacterial-body-wash","title":{"rendered":"Antibakterielles Duschgel"},"content":{"rendered":"<h3 class=\"wp-block-heading\">Antibakterielle Duschgels G\u00e4ngige Formeln<\/h3>\n\n\n\n<p>Die Hauptbestandteile dieses antibakteriellen Duschgels sind Calendula-Extrakt und Centella asiatica-Extrakt. Calendula ist reich an Flavonoiden, die hervorragende antibakterielle Eigenschaften haben und das Bakterienwachstum wirksam hemmen k\u00f6nnen. Centella asiatica ist reich an Polysacchariden und Aminos\u00e4uren, die die Haut tiefenwirksam n\u00e4hren und Trockenheit lindern. Diese beiden nat\u00fcrlichen Pflanzenextrakte wirken zusammen, um Ihrer Haut eine umfassende Reinigungspflege zu bieten und sie jederzeit sauber und erfrischt zu halten. Gleichzeitig enth\u00e4lt das Produkt sanfte Reinigungsbestandteile, die die Poren tiefenwirksam reinigen und Ihr Badeerlebnis angenehm machen.<\/p>\n\n\n\n<h3 class=\"wp-block-heading\">Antibakterielles Duschgel Anwendbare Szenarien<\/h3>\n\n\n\n<p>Dieses antibakterielle Duschgel ist ein Allwetter-Duschgel, insbesondere f\u00fcr Situationen, in denen antibakterielle Hygiene erforderlich ist. In den hei\u00dfen und feuchten Sommermonaten hemmt es das Bakterienwachstum und sorgt f\u00fcr frische, saubere Hautpflege; in den kalten und trockenen Wintermonaten pflegen seine reichhaltigen feuchtigkeitsspendenden Inhaltsstoffe die Haut und lindern durch die K\u00e4lte verursachte Trockenheit. Besonders f\u00fcr Sportbegeisterte bietet es eine Tiefenreinigung und antibakterielle Pflege der Haut nach dem Training, sodass Sie jederzeit Frische und Komfort genie\u00dfen k\u00f6nnen.<\/p>\n\n\n\n<h3 class=\"wp-block-heading\">F\u00fcr wen ist das antibakterielle Duschgel geeignet?<\/h3>\n\n\n\n<p>Dieses antibakterielle Duschgel ist f\u00fcr Menschen gedacht, die eine besondere Hautpflege ben\u00f6tigen, insbesondere f\u00fcr Menschen mit empfindlicher Haut, zu Ekzemen neigender Haut oder besonderen Reinigungsbed\u00fcrfnissen. Seine sanfte Formel bek\u00e4mpft Bakterien effektiv und pflegt gleichzeitig die Haut. Daher eignet es sich f\u00fcr die t\u00e4gliche Anwendung durch die ganze Familie zur Verbesserung der pers\u00f6nlichen Hygiene. Es ist auch f\u00fcr diejenigen geeignet, die gerne Sport treiben, da es die Haut nach dem Training gr\u00fcndlich reinigt und antibakteriell pflegt.<\/p>\n\n\n\n<h3 class=\"wp-block-heading\">Produktionsprozess f\u00fcr antibakterielle Duschgels<\/h3>\n\n\n\n<p>Bei der Herstellung dieses antibakteriellen Duschgels kommt ein schonendes Extraktionsverfahren zum Einsatz, um die Wirkstoffe der Calendula- und Centella-asiatica-Extrakte zu erhalten. Der gesamte Prozess wird in einer aseptischen Umgebung durchgef\u00fchrt, um die Reinheit des Produkts zu gew\u00e4hrleisten. Gleichzeitig wird eine Verarbeitung bei niedrigen Temperaturen durchgef\u00fchrt, um die Zerst\u00f6rung der Wirkstoffe zu vermeiden und so die hochwirksame antibakterielle und beruhigende Wirkung des Duschgels sicherzustellen.<\/p>","protected":false},"excerpt":{"rendered":"Antibacterial body wash Common Formulas The core ingredients of this antibacterial body wash are calendula extract and Centella asiatica extract. Calendula is rich in flavonoids, which have excellent antibacterial properties and can effectively inhibit the growth of bacteria. Centella asiatica is rich in polysaccharides and amino acids that deeply nourish the skin and improve dryness. [&hellip;]","protected":false},"featured_media":352,"menu_order":0,"template":"","meta":[],"product-tag":[],"products":[57],"class_list":["post-351","product","type-product","status-publish","has-post-thumbnail","hentry","products-body-wash"],"acf":[],"_links":{"self":[{"href":"https:\/\/www.ruiqigo.com\/de\/wp-json\/wp\/v2\/product\/351","targetHints":{"allow":["GET"]}}],"collection":[{"href":"https:\/\/www.ruiqigo.com\/de\/wp-json\/wp\/v2\/product"}],"about":[{"href":"https:\/\/www.ruiqigo.com\/de\/wp-json\/wp\/v2\/types\/product"}],"version-history":[{"count":0,"href":"https:\/\/www.ruiqigo.com\/de\/wp-json\/wp\/v2\/product\/351\/revisions"}],"wp:featuredmedia":[{"embeddable":true,"href":"https:\/\/www.ruiqigo.com\/de\/wp-json\/wp\/v2\/media\/352"}],"wp:attachment":[{"href":"https:\/\/www.ruiqigo.com\/de\/wp-json\/wp\/v2\/media?parent=351"}],"wp:term":[{"taxonomy":"product-tag","embeddable":true,"href":"https:\/\/www.ruiqigo.com\/de\/wp-json\/wp\/v2\/product-tag?post=351"},{"taxonomy":"products","embeddable":true,"href":"https:\/\/www.ruiqigo.com\/de\/wp-json\/wp\/v2\/products?post=351"}],"curies":[{"name":"wp","href":"https:\/\/api.w.org\/{rel}","templated":true}]}}