{"id":3542,"date":"2025-06-06T15:37:19","date_gmt":"2025-06-06T07:37:19","guid":{"rendered":"https:\/\/www.ruiqigo.com\/?post_type=product&#038;p=3542"},"modified":"2025-06-06T15:37:20","modified_gmt":"2025-06-06T07:37:20","slug":"silicone-bath-brush","status":"publish","type":"product","link":"https:\/\/www.ruiqigo.com\/de\/product\/silicone-bath-brush","title":{"rendered":"Silikon-Badeb\u00fcrste"},"content":{"rendered":"<h2 class=\"wp-block-heading\">Eigenschaften der Silikon-Badeb\u00fcrste<\/h2>\n\n\n\n<p>Eine Silikon-Badeb\u00fcrste ist ein Badreinigungswerkzeug aus Silikon. Sie zeichnet sich durch viele Eigenschaften wie Weichheit, Haltbarkeit und hohe Effizienz aus. Im Vergleich zu herk\u00f6mmlichen Kunststoffb\u00fcrsten sind Silikon-Badeb\u00fcrsten sanfter und hautfreundlicher und verursachen keine Hautreizungen oder Kratzer. Einige Produkte sind zudem mit Haken oder Massagepartikeln ausgestattet, um unterschiedlichen Badebed\u00fcrfnissen gerecht zu werden.<\/p>\n\n\n\n<p><strong>1. Sanft und sicher:<\/strong> Silikon-Badeb\u00fcrsten bestehen normalerweise aus lebensmittelechtem oder medizinischem Silikon, das umweltfreundlich, sicher, sanft und ungiftig ist.&nbsp;<\/p>\n\n\n\n<p><strong>2. Weich und elastisch: <\/strong>Das Silikonmaterial ist sehr weich, die Borsten sind au\u00dferdem flexibel und dicht, mit hervorragender Elastizit\u00e4t, nicht leicht zu besch\u00e4digen und ausgezeichneter Haltbarkeit.&nbsp;<\/p>\n\n\n\n<p><strong>3. Leicht zu reinigen:<\/strong> Die Silikon-Badeb\u00fcrste ist nicht leicht fleckig und verbirgt Schmutz nicht so leicht. Sie kann nach dem Waschen schnell trocknen, wodurch Bakterienwachstum vermieden und die Haltbarkeit der Badeb\u00fcrste gew\u00e4hrleistet wird.&nbsp;<\/p>\n\n\n\n<p><strong>4. Kann wiederverwendet werden: <\/strong>Eine Badeb\u00fcrste aus Silikon ist langlebig, best\u00e4ndig gegen hohe Temperaturen und altert nicht so schnell, sodass sie wiederverwendet werden kann und eine lange Lebensdauer hat.<\/p>\n\n\n\n<h2 class=\"wp-block-heading\">Vorteile der Silikon-Badeb\u00fcrste<\/h2>\n\n\n\n<p>Eine Badeb\u00fcrste aus Silikon bietet viele bedeutende Vorteile hinsichtlich Reinigungskraft, Haltbarkeit, Hygiene usw. und vereint die Vorteile einer sanften W\u00e4sche und einer gr\u00fcndlichen Reinigung. <\/p>\n\n\n\n<p><strong>1. Hautschonende Tiefenreinigung: <\/strong>Die Borsten sind weich und dicht, reizen oder reiben die Haut jedoch nicht \u00fcberm\u00e4\u00dfig. Sie k\u00f6nnen die Poren gr\u00fcndlich reinigen und die Haut von \u00d6l befreien.&nbsp;<\/p>\n\n\n\n<p><strong>2. Hohe Haltbarkeit: <\/strong>Silikon weist eine ausgezeichnete Hochtemperaturbest\u00e4ndigkeit und Haltbarkeit auf und kann zudem Alterung vorbeugen. Es eignet sich sehr gut f\u00fcr den Einsatz in hei\u00dfen und feuchten Badezimmerumgebungen und hat eine wesentlich l\u00e4ngere Lebensdauer als herk\u00f6mmliche Badeb\u00fcrsten aus Kunststoff.&nbsp;<\/p>\n\n\n\n<p><strong>3. Gute antibakterielle Eigenschaften: <\/strong>Silikonmaterial verf\u00fcgt von Natur aus \u00fcber hervorragende antibakterielle Eigenschaften, Bakterien und Schimmel neigen nicht so leicht dazu und sorgen f\u00fcr Hygiene und Gesundheit w\u00e4hrend der Verwendung.&nbsp;<\/p>\n\n\n\n<p><strong>4. Leicht zu reinigen: <\/strong>Die Silikon-Badeb\u00fcrste l\u00e4sst sich nach dem Gebrauch durch einfaches Absp\u00fclen reinigen, was sehr praktisch ist und Schaum- und Schmutzr\u00fcckst\u00e4nde vermeidet.&nbsp;<\/p>\n\n\n\n<p><strong>5. Breite Anwendbarkeit: <\/strong>Die Silikon-Badeb\u00fcrste ist f\u00fcr Menschen mit jedem Hauttyp geeignet, von Kindern \u00fcber Erwachsene bis hin zu \u00e4lteren Menschen. Selbst Menschen mit empfindlicher Haut k\u00f6nnen sie bedenkenlos und ohne Beschwerden verwenden.<\/p>\n\n\n\n<h2 class=\"wp-block-heading\">Zielgruppe der Silikon-Badeb\u00fcrste<\/h2>\n\n\n\n<p>Die Silikon-Badeb\u00fcrste ist f\u00fcr Menschen unterschiedlichen Alters und Hauttyps geeignet, insbesondere f\u00fcr Kinder, \u00e4ltere Menschen, Menschen mit empfindlicher Haut und andere Gruppen, die eine sanfte Reinigung und Pflege ben\u00f6tigen.<\/p>\n\n\n\n<p><strong>1. S\u00e4uglinge und Kinder: <\/strong>Ihre empfindliche Haut kann \u00fcberm\u00e4\u00dfiger Stimulation nicht standhalten, daher sind die zarten und weichen Silikonborsten sicherer f\u00fcr sie und reizen ihre Haut nicht.&nbsp;<\/p>\n\n\n\n<p><strong>2. Menschen mittleren Alters und \u00e4ltere Menschen: <\/strong>Ihre Haut ist empfindlicher und sie k\u00f6nnen zum Reinigen ihres K\u00f6rpers keine zu starke Badeb\u00fcrste verwenden, w\u00e4hrend die Verwendung einer Badeb\u00fcrste aus Silikon angenehmer ist.&nbsp;<\/p>\n\n\n\n<p><strong>3. Benutzer, die K\u00f6rperpflege betreiben: <\/strong>Sie legen den Schwerpunkt auf ein angenehmes Badeerlebnis und eine gute K\u00f6rperreinigungswirkung, und Badeb\u00fcrsten aus Silikon k\u00f6nnen beides erreichen.&nbsp;<\/p>\n\n\n\n<p><strong>4. Personen, die h\u00e4ufig im Freien aktiv sind:<\/strong> Es kann gr\u00fcndlicher reinigen und Schwei\u00df und Geruch effektiver entfernen.<\/p>\n\n\n\n<h2 class=\"wp-block-heading\">Herstellungsprozess von Silikonbadeb\u00fcrsten<\/h2>\n\n\n\n<p>Silikonbadeb\u00fcrsten werden \u00fcberwiegend im einteiligen Spritzguss- oder Laminierverfahren hergestellt. Borstendichte und Ma\u00dfgenauigkeit werden durch die Formgebung gew\u00e4hrleistet. Nach der Oberfl\u00e4chenbehandlung und Politur f\u00fchlt sich der B\u00fcrstenk\u00f6rper zart an, und die Borsten sind weich und dornenfrei. Anschlie\u00dfend werden \u00fcbersch\u00fcssige Kanten und Grate entfernt, um ein sauberes Erscheinungsbild zu gew\u00e4hrleisten. Abschlie\u00dfend werden die Produktionsr\u00fcckst\u00e4nde gr\u00fcndlich gereinigt, Hochtemperatursterilisation und Endpr\u00fcfung durchgef\u00fchrt.&nbsp;<\/p>\n\n\n\n<p>Der gesamte Prozess wird mehreren Qualit\u00e4tskontrollen und Polituren unterzogen, um eine hochwertige Oberfl\u00e4chenbehandlung und Formkonsistenz sicherzustellen, die Anforderungen der Massenproduktion und verschiedener Anpassungen zu erf\u00fcllen und sicherzustellen, dass die Produkte den Standards entsprechen, wasserdicht und schimmelresistent sowie langlebig sind.<\/p>\n\n\n\n<h2 class=\"wp-block-heading\">Silikon-Badeb\u00fcrstenanwendungen<\/h2>\n\n\n\n<p>Die Silikon-Badeb\u00fcrste eignet sich nicht nur f\u00fcr die t\u00e4gliche K\u00f6rperpflege zu Hause, sondern auch f\u00fcr eine Vielzahl von Bade- und K\u00f6rperpflegeszenarien, Hotels, Sch\u00f6nheitssalons und anderen Pflegezentren.<\/p>\n\n\n\n<p><strong>1. Baden und Reinigen zu Hause: <\/strong>Eine Badeb\u00fcrste aus Silikon kann herk\u00f6mmliche Badet\u00fccher ersetzen, da sie weicher und hygienischer sind.<\/p>\n\n\n\n<p><strong>2. Reisetoilettenartikel:<\/strong> Die Silikon-Badeb\u00fcrste ist klein und leicht, effizient und sehr gut f\u00fcr Gesch\u00e4ftsreisen und Reisen geeignet.<\/p>\n\n\n\n<p><strong>3. Konfiguration der Hotelbadeprodukte: <\/strong>Das Hotel konfiguriert dieses Produkt, um das Badeerlebnis des Kunden zu verbessern, die individuellen Badebed\u00fcrfnisse des Kunden zu erf\u00fcllen und die Konfiguration hochwertiger G\u00e4stezimmerausstattung zu erf\u00fcllen.<\/p>\n\n\n\n<p><strong>4. Geschenkset f\u00fcr die K\u00f6rperpflege: <\/strong>Die Silikon-Badeb\u00fcrste eignet sich f\u00fcr den Einsatz in K\u00f6rperpflege-Kombi-Sets und kann als wichtiger Bestandteil beim Verschenken eingesetzt werden.<\/p>\n\n\n\n<h2 class=\"wp-block-heading\">So verwenden Sie die Silikon-Badeb\u00fcrste<\/h2>\n\n\n\n<p>Die Silikon-Badeb\u00fcrste ist einfach zu verwenden und eignet sich f\u00fcr verschiedene Reinigungsbed\u00fcrfnisse. Sie kann mit Duschgel oder Wasser f\u00fcr die t\u00e4gliche Reinigung verwendet werden. Sie eignet sich f\u00fcr den ganzen K\u00f6rper, einschlie\u00dflich R\u00fccken, Beine und Arme.<\/p>\n\n\n\n<p><strong>1. Pinsel und K\u00f6rper anfeuchten:<\/strong> Befeuchten Sie den K\u00f6rper und die Badeb\u00fcrste mit warmem Wasser, um die Hautoberfl\u00e4che allm\u00e4hlich aufzuweichen.<\/p>\n\n\n\n<p><strong>2. Duschgel hinzuf\u00fcgen: <\/strong>Geben Sie das Duschgel auf die B\u00fcrstenoberfl\u00e4che, reiben Sie es sanft, bis sich Blasen bilden, und schrubben Sie die K\u00f6rperteile sanft in kreisenden Bewegungen oder vor- und zur\u00fcck. Mit der R\u00fcckseite der B\u00fcrste k\u00f6nnen Sie Schultern, Nacken oder Beine mit entsprechender Kraft massieren.<\/p>\n\n\n\n<p><strong>3. Badeb\u00fcrste reinigen: <\/strong>Reinigen Sie nach der K\u00f6rperreinigung die B\u00fcrstenoberfl\u00e4che gr\u00fcndlich und trocknen Sie sie ab, um die Badeb\u00fcrste hygienisch zu halten und das Wachstum von Bakterien oder Schimmel zu verhindern.<\/p>\n\n\n\n<p><strong>4. H\u00e4ngende Lagerung: <\/strong>Befestigen Sie die Silikon-Badeb\u00fcrste mit dem Aufh\u00e4ngeloch oder Saugnapf an der Wand, um Feuchtigkeitsansammlungen und Bakterien in feuchter Umgebung zu vermeiden.<\/p>","protected":false},"excerpt":{"rendered":"Silicone Bath Brush Features A silicone bath brush is a bath cleaning tool made of silicone as the main material. It has many characteristics such as softness, durability, and high efficiency. Compared with traditional plastic brushes, silicone bath brushes are more gentle and skin-friendly, and are not easy to irritate or scratch the skin. Some [&hellip;]","protected":false},"featured_media":3552,"menu_order":0,"template":"","meta":[],"product-tag":[],"products":[166],"class_list":["post-3542","product","type-product","status-publish","has-post-thumbnail","hentry","products-bath-brush"],"acf":[],"_links":{"self":[{"href":"https:\/\/www.ruiqigo.com\/de\/wp-json\/wp\/v2\/product\/3542","targetHints":{"allow":["GET"]}}],"collection":[{"href":"https:\/\/www.ruiqigo.com\/de\/wp-json\/wp\/v2\/product"}],"about":[{"href":"https:\/\/www.ruiqigo.com\/de\/wp-json\/wp\/v2\/types\/product"}],"version-history":[{"count":0,"href":"https:\/\/www.ruiqigo.com\/de\/wp-json\/wp\/v2\/product\/3542\/revisions"}],"wp:featuredmedia":[{"embeddable":true,"href":"https:\/\/www.ruiqigo.com\/de\/wp-json\/wp\/v2\/media\/3552"}],"wp:attachment":[{"href":"https:\/\/www.ruiqigo.com\/de\/wp-json\/wp\/v2\/media?parent=3542"}],"wp:term":[{"taxonomy":"product-tag","embeddable":true,"href":"https:\/\/www.ruiqigo.com\/de\/wp-json\/wp\/v2\/product-tag?post=3542"},{"taxonomy":"products","embeddable":true,"href":"https:\/\/www.ruiqigo.com\/de\/wp-json\/wp\/v2\/products?post=3542"}],"curies":[{"name":"wp","href":"https:\/\/api.w.org\/{rel}","templated":true}]}}