{"id":356,"date":"2024-07-08T10:08:37","date_gmt":"2024-07-08T02:08:37","guid":{"rendered":"https:\/\/ruiqigo.com\/?post_type=product&#038;p=356"},"modified":"2024-10-28T15:39:54","modified_gmt":"2024-10-28T07:39:54","slug":"raw-sugar-body-wash","status":"publish","type":"product","link":"https:\/\/www.ruiqigo.com\/de\/product\/raw-sugar-body-wash","title":{"rendered":"Rohzucker-Duschgel"},"content":{"rendered":"<h3 class=\"wp-block-heading\">Herstellung von Duschgels aus Rohzucker \u2013 g\u00e4ngige Formeln<\/h3>\n\n\n\n<p>Der Hauptbestandteil dieses Rohzucker-Duschgels ist nat\u00fcrlicher Rohzucker. Rohzucker ist reich an Zucker, Mineralien, Vitaminen und anderen N\u00e4hrstoffen. Er reinigt und entfernt sanft alle Arten von Unreinheiten und Peelings, w\u00e4hrend er gleichzeitig hervorragende Feuchtigkeit spendet und Trockenheit lindert. Wir haben der Formel auch sanfte Reinigungsbestandteile hinzugef\u00fcgt, um die Reinigungswirkung weiter zu verbessern und Ihrer Haut einen sauberen, strahlenden Glanz zu verleihen. Dar\u00fcber hinaus werden nat\u00fcrliche Pflanzenextrakte hinzugef\u00fcgt, um die Haut zus\u00e4tzlich zu n\u00e4hren.<\/p>\n\n\n\n<h3 class=\"wp-block-heading\">Rohzucker-Duschgel Anwendbare Szenarien<\/h3>\n\n\n\n<p>Dieses Raw Sugar Duschgel ist ein Ganztagsduschgel mit reichhaltigen feuchtigkeitsspendenden Inhaltsstoffen, das Trockenheit durch hohe Temperaturen lindert. W\u00e4hrend der kalten, trockenen Wintermonate reinigt die sanfte Reinigungsformel die Haut gr\u00fcndlich, w\u00e4hrend die feuchtigkeitsspendenden Inhaltsstoffe eine umfassende Hautpflege und Linderung von k\u00e4ltebedingten Hautproblemen bieten.<\/p>\n\n\n\n<h3 class=\"wp-block-heading\">F\u00fcr wen ist das Raw Sugar Duschgel geeignet?<\/h3>\n\n\n\n<p>Mit seinen nat\u00fcrlichen Peeling- und Feuchtigkeitseigenschaften ist Raw Sugar Body Wash f\u00fcr Menschen geeignet, die nat\u00fcrliche Hautpflegeergebnisse suchen. Es eignet sich besonders f\u00fcr Personen, deren Haut sanft gereinigt und gepflegt werden muss, wie z. B. Benutzer trockener oder empfindlicher Haut, sowie f\u00fcr Verbraucher, die Produkte mit nat\u00fcrlichen Inhaltsstoffen bevorzugen. Es eignet sich auch f\u00fcr diejenigen, die Spa-Behandlungen genie\u00dfen, die eine Rundumpflege f\u00fcr Ihre Haut bieten.<\/p>\n\n\n\n<h3 class=\"wp-block-heading\">Produktionsprozess von Rohzucker-Duschgel<\/h3>\n\n\n\n<p>Raw Sugar Body Wash wird mit einer Kombination aus traditioneller Handwerkskunst und moderner Technologie hergestellt, indem hochwertiger Rohzucker von Hand ausgew\u00e4hlt und mit einem Niedrigtemperatur-Extraktionsverfahren kombiniert wird, um seine nat\u00fcrlichen Peeling- und Feuchtigkeitswirkstoffe zu erhalten. Eine strenge Qualit\u00e4tskontrolle w\u00e4hrend der Produktion stellt sicher, dass keine chemischen Zus\u00e4tze verwendet werden, was ein reines, sanftes Badeerlebnis bietet.<\/p>","protected":false},"excerpt":{"rendered":"Raw sugar body wash manufacturing Common Formulas The core ingredient of this raw sugar body wash is natural raw sugar. Rich in sugars, minerals, vitamins and other nutrients, Raw Sugar cleanses and gently removes all types of impurities and exfoliants, while providing excellent moisturization and relief from dryness. We&#8217;ve also added gentle cleansing ingredients to [&hellip;]","protected":false},"featured_media":357,"menu_order":0,"template":"","meta":[],"product-tag":[],"products":[57],"class_list":["post-356","product","type-product","status-publish","has-post-thumbnail","hentry","products-body-wash"],"acf":[],"_links":{"self":[{"href":"https:\/\/www.ruiqigo.com\/de\/wp-json\/wp\/v2\/product\/356","targetHints":{"allow":["GET"]}}],"collection":[{"href":"https:\/\/www.ruiqigo.com\/de\/wp-json\/wp\/v2\/product"}],"about":[{"href":"https:\/\/www.ruiqigo.com\/de\/wp-json\/wp\/v2\/types\/product"}],"version-history":[{"count":0,"href":"https:\/\/www.ruiqigo.com\/de\/wp-json\/wp\/v2\/product\/356\/revisions"}],"wp:featuredmedia":[{"embeddable":true,"href":"https:\/\/www.ruiqigo.com\/de\/wp-json\/wp\/v2\/media\/357"}],"wp:attachment":[{"href":"https:\/\/www.ruiqigo.com\/de\/wp-json\/wp\/v2\/media?parent=356"}],"wp:term":[{"taxonomy":"product-tag","embeddable":true,"href":"https:\/\/www.ruiqigo.com\/de\/wp-json\/wp\/v2\/product-tag?post=356"},{"taxonomy":"products","embeddable":true,"href":"https:\/\/www.ruiqigo.com\/de\/wp-json\/wp\/v2\/products?post=356"}],"curies":[{"name":"wp","href":"https:\/\/api.w.org\/{rel}","templated":true}]}}