{"id":3563,"date":"2025-06-06T16:25:54","date_gmt":"2025-06-06T08:25:54","guid":{"rendered":"https:\/\/www.ruiqigo.com\/?post_type=product&#038;p=3563"},"modified":"2025-06-09T09:21:28","modified_gmt":"2025-06-09T01:21:28","slug":"helichrysum-essential-oil","status":"publish","type":"product","link":"https:\/\/www.ruiqigo.com\/de\/product\/helichrysum-essential-oil","title":{"rendered":"\u00c4therisches Helichrysum\u00f6l"},"content":{"rendered":"<h2 class=\"wp-block-heading\">Herstellung von \u00e4therischem Helichrysum\u00f6l \u2013 g\u00e4ngige Formeln<\/h2>\n\n\n\n<p>Wir sind ein professioneller Hersteller von \u00e4therischem Strohblumen\u00f6l. Wir verwenden ausschlie\u00dflich hochwertige Strohblumenbl\u00fcten als Rohstoffe und nutzen Niedertemperatur-Wasserdampfdestillation, um den Erhalt nat\u00fcrlicher Wirkstoffe wie Diketon zu maximieren. Diese nat\u00fcrlichen Wirkstoffe k\u00f6nnen die Durchblutung der Kopfhaut f\u00f6rdern und Haarsch\u00e4den reparieren.&nbsp;<\/p>\n\n\n\n<p><strong>1. Diketon: <\/strong>Dies ist einer der einzigartigen und wichtigsten Inhaltsstoffe des \u00e4therischen Helichrysum\u00f6ls. Es hat eine stark entz\u00fcndungshemmende Wirkung, kann die Wundheilung effektiv f\u00f6rdern, Narben und rote Flecken verblassen lassen und wird h\u00e4ufig in Reparaturessenzen und Kopfhautpflegeessenzen verwendet.&nbsp;<\/p>\n\n\n\n<p><strong>2. Geraniol: <\/strong>Geraniol hat eine nat\u00fcrliche weichmachende Wirkung, die die Geschmeidigkeit verbessern kann. In der Haarpflege tr\u00e4gt es dazu bei, den Haarglanz zu verbessern und Frizz und Spliss zu reduzieren.&nbsp;<\/p>\n\n\n\n<p><strong>3. Bornylacetat: <\/strong>Dies ist ein wichtiger Bestandteil des \u00e4therischen Helichrysum\u00f6ls. Es hat eine ausgezeichnete beruhigende und entz\u00fcndungshemmende Wirkung und kann Hautr\u00f6tungen und -empfindlichkeiten, die durch Stress oder Umweltfaktoren verursacht werden, reduzieren. Gleichzeitig kann es die Kopfhaut beruhigen und Juckreiz und Spannungsgef\u00fchle lindern.&nbsp;&nbsp;<\/p>\n\n\n\n<p><strong>4. \u03b1-Pinen:<\/strong> Es hat eine hervorragende reinigende und antibakterielle Wirkung, kann die Poren und die Kopfhautumgebung reinigen, die \u00d6lsekretion verbessern und Schuppenprobleme lindern und kann au\u00dferdem die Haut beruhigen.&nbsp;<\/p>\n\n\n\n<p><strong>5. Linalool:<\/strong> Es hat reinigende und antibakterielle Funktionen. Es kann die Hautfettsekretion regulieren, die Poren reinigen, durch \u00d6lblockaden verursachte Follikulitis lindern und eine gute Umgebung f\u00fcr gesundes Haar schaffen.<\/p>\n\n\n\n<h2 class=\"wp-block-heading\">Die Funktionen des \u00e4therischen Helichrysum\u00f6ls<\/h2>\n\n\n\n<p>Aufgrund seiner hervorragenden Wirkstoffe und des aufw\u00e4ndigen Extraktionsverfahrens ist das \u00e4therische \u00d6l der Strohblume ein unverzichtbares Starprodukt in der hochwertigen Haarpflege.<\/p>\n\n\n\n<p><strong>1. Nat\u00fcrlich, mild und nicht reizend:<\/strong> Die Formel des \u00e4therischen Helichrysum\u00f6ls ist nat\u00fcrlich und mild, enth\u00e4lt keine reizenden Inhaltsstoffe und birgt ein sehr geringes Allergierisiko. Selbst Babys oder Menschen mit empfindlicher Haut k\u00f6nnen es sicher verwenden.&nbsp;<\/p>\n\n\n\n<p><strong>2. Hochreine Wirkstoffe: <\/strong>Durch die Extraktion bei niedriger Temperatur wird die Wirkstoffretention in der Immortelle maximiert, wodurch sichergestellt wird, dass jede Charge \u00e4therisches Immortelle\u00f6l eine effiziente und konsistente Wirkung beh\u00e4lt.&nbsp;<\/p>\n\n\n\n<p><strong>3. Umweltfreundlich und nachhaltig:<\/strong> Die Inhaltsstoffe sind reinen Ursprungs und der Anbau ist r\u00fcckverfolgbar, was dem Trend der nat\u00fcrlichen Hautpflege entspricht und f\u00fcr hochwertige Bio- und gr\u00fcne Haarpflegeserien geeignet ist.&nbsp;<\/p>\n\n\n\n<p><strong>4. Milder Geruch: <\/strong>Das \u00e4therische Helichrysum\u00f6l hat ein warmes, sanftes Kr\u00e4uteraroma, das nicht so stark ist wie Lavendel oder Eukalyptus. Es kann bei der Anwendung Entspannung und Gl\u00fccksgef\u00fchle hervorrufen und das allgemeine Anwendererlebnis verbessern.&nbsp;<\/p>\n\n\n\n<p><strong>5. Mehrere Effekte in einem:<\/strong> Das \u00e4therische \u00d6l der Strohblume kann nicht nur \u00fcberm\u00e4\u00dfige Fettigkeit und Entz\u00fcndungen der Kopfhaut wirksam lindern, sondern auch Juckreiz lindern und gesch\u00e4digtes Haar reparieren. Es bietet vielf\u00e4ltige Anwendungsm\u00f6glichkeiten und vielf\u00e4ltige Wirkungen in einer Flasche.<\/p>\n\n\n\n<h2 class=\"wp-block-heading\">So verwenden Sie \u00e4therisches Helichrysum\u00f6l<\/h2>\n\n\n\n<p>Wenn \u00e4therisches Helichrysum\u00f6l allein verwendet wird, muss es vor Gebrauch verd\u00fcnnt werden. Bei der Zugabe als Formel muss es proportional in das Produkt eingemischt werden, um seine beruhigende und reparierende Wirkung voll zu entfalten und die Gesamtwirksamkeit des Produkts zu verbessern.<\/p>\n\n\n\n<p><strong>1. Sauberes Haar: <\/strong>Reinigen Sie das Haar vor der Anwendung, um die Aufnahme bei der nachfolgenden Haarpflege zu gew\u00e4hrleisten.<\/p>\n\n\n\n<p><strong>2. \u00c4therisches Helichrysum\u00f6l verd\u00fcnnen: <\/strong>Mischen Sie \u00e4therisches \u00d6l und Basis\u00f6l (z. B. Jojoba\u00f6l) im Verh\u00e4ltnis 1:5 oder mehr.<\/p>\n\n\n\n<p><strong>3. Sanft auftragen und einmassieren: <\/strong>Wenn Sie \u00e4therisches \u00d6l auf die Haut auftragen, klopfen Sie es sanft ein, damit es besser einziehen kann. Bei der Anwendung auf der Kopfhaut kann eine Massage die Durchblutung f\u00f6rdern.<\/p>\n\n\n\n<p><strong>4. Kann mit anderen Produkten verwendet werden: <\/strong>Es kann Shampoo, Sp\u00fclung und anderen Haarpflegeprodukten zugesetzt werden, um die Wirksamkeit des Produkts zu verbessern.<\/p>\n\n\n\n<p><strong>Empfehlung: <\/strong>Bei 2-3-mal w\u00f6chentlicher Anwendung ist die Wirkung umso gr\u00f6\u00dfer, je l\u00e4nger Sie dabei bleiben.<\/p>\n\n\n\n<h2 class=\"wp-block-heading\">Vorsicht<\/h2>\n\n\n\n<p>Das \u00e4therische Helichrysum\u00f6l ist eine hochkonzentrierte Pflanzenessenz. Um ein optimales Anwendungserlebnis zu gew\u00e4hrleisten und allergische Reaktionen zu vermeiden, m\u00fcssen Sie auf die Anwendungs- und Lagerungsbedingungen achten.&nbsp;<\/p>\n\n\n\n<p><strong>1. Hauttest:<\/strong> Vor der ersten Anwendung ist ein Hauttest erforderlich, insbesondere bei Allergien. Ein kleiner Test sollte hinter dem Ohr oder an der Innenseite des Handgelenks durchgef\u00fchrt werden, um sicherzustellen, dass vor der ersten Anwendung keine Nebenwirkungen auftreten.<\/p>\n\n\n\n<p><strong>2. Vermeiden Sie die unverd\u00fcnnte direkte Anwendung auf der Haut: <\/strong>Das \u00e4therische Helichrysum\u00f6l ist hochkonzentriert. Es wird empfohlen, es vor der Anwendung zu verd\u00fcnnen, um Hautreizungen oder allergische Beschwerden zu vermeiden.&nbsp;<\/p>\n\n\n\n<p><strong>3. Vermeiden Sie den Kontakt mit den Augen: <\/strong>Sollte es versehentlich in die Augen gelangen, sp\u00fclen Sie diese bitte sofort mit viel Wasser aus. Nicht direkt auf empfindliche Bereiche wie Augenpartie, Mund und Nase anwenden.&nbsp;<\/p>\n\n\n\n<p><strong>4. Schwangere und Stillende sollten bei der Anwendung von Folgendem Vorsicht walten lassen: <\/strong>Obwohl dieses Produkt sehr mild ist, wird speziellen Gruppen empfohlen, vor der Verwendung einen Fachmann zu konsultieren, um die Sicherheit zu gew\u00e4hrleisten.&nbsp;<\/p>\n\n\n\n<p><strong>5. Vor hohen Temperaturen und direkter Sonneneinstrahlung sch\u00fctzen: <\/strong>Um die Stabilit\u00e4t der Wirkstoffe nicht zu beeintr\u00e4chtigen, sollten \u00e4therische \u00d6le verschlossen und k\u00fchl sowie lichtgesch\u00fctzt gelagert werden.<\/p>\n\n\n\n<h2 class=\"wp-block-heading\">Abschluss<\/h2>\n\n\n\n<p>Das \u00e4therische Helichrysum\u00f6l zeichnet sich in hochwertigen Haarpflege- und Aromatherapieprodukten durch seine hervorragenden entz\u00fcndungshemmenden und reparierenden Eigenschaften aus. Wir stellen sicher, dass jede Charge \u00e4therischer \u00d6le stabile und reine Wirkstoffe enth\u00e4lt. Dies erreichen wir durch strenge Rohstoffauswahl, fortschrittliche Extraktionstechnologie und strenge Qualit\u00e4tskontrollen. Es ist nicht nur sanft und f\u00fcr alle Hauttypen geeignet, sondern kann auch in verschiedene Haarpflegeprodukte integriert werden, um vielf\u00e4ltige Effekte zu erzielen.<\/p>","protected":false},"excerpt":{"rendered":"Helichrysum Essential Oil Manufacturing Common Formulas We are a professional manufacturer of helichrysum essential oil. We insist on using high-quality helichrysum flowers as raw materials and use low-temperature steam distillation to maximize the retention of natural active ingredients such as diketone. These natural active ingredients can promote scalp circulation and repair hair damage.&nbsp; 1. Diketone: [&hellip;]","protected":false},"featured_media":3570,"menu_order":0,"template":"","meta":[],"product-tag":[],"products":[53],"class_list":["post-3563","product","type-product","status-publish","has-post-thumbnail","hentry","products-essential-oil"],"acf":[],"_links":{"self":[{"href":"https:\/\/www.ruiqigo.com\/de\/wp-json\/wp\/v2\/product\/3563","targetHints":{"allow":["GET"]}}],"collection":[{"href":"https:\/\/www.ruiqigo.com\/de\/wp-json\/wp\/v2\/product"}],"about":[{"href":"https:\/\/www.ruiqigo.com\/de\/wp-json\/wp\/v2\/types\/product"}],"version-history":[{"count":0,"href":"https:\/\/www.ruiqigo.com\/de\/wp-json\/wp\/v2\/product\/3563\/revisions"}],"wp:featuredmedia":[{"embeddable":true,"href":"https:\/\/www.ruiqigo.com\/de\/wp-json\/wp\/v2\/media\/3570"}],"wp:attachment":[{"href":"https:\/\/www.ruiqigo.com\/de\/wp-json\/wp\/v2\/media?parent=3563"}],"wp:term":[{"taxonomy":"product-tag","embeddable":true,"href":"https:\/\/www.ruiqigo.com\/de\/wp-json\/wp\/v2\/product-tag?post=3563"},{"taxonomy":"products","embeddable":true,"href":"https:\/\/www.ruiqigo.com\/de\/wp-json\/wp\/v2\/products?post=3563"}],"curies":[{"name":"wp","href":"https:\/\/api.w.org\/{rel}","templated":true}]}}