{"id":3598,"date":"2025-06-09T11:43:18","date_gmt":"2025-06-09T03:43:18","guid":{"rendered":"https:\/\/www.ruiqigo.com\/?post_type=product&#038;p=3598"},"modified":"2025-06-09T16:12:57","modified_gmt":"2025-06-09T08:12:57","slug":"copiba-essential-oil","status":"publish","type":"product","link":"https:\/\/www.ruiqigo.com\/de\/product\/copiba-essential-oil","title":{"rendered":"\u00c4therisches Copiba-\u00d6l"},"content":{"rendered":"<h2 class=\"wp-block-heading\">Herstellung von \u00e4therischem Copiba-\u00d6l \u2013 Allgemeine Formeln<\/h2>\n\n\n\n<p>Wir sind ein professioneller Hersteller von \u00e4therischem Copiba-\u00d6l. Wir verwenden ausschlie\u00dflich hochwertiges Copifera-Baumharz als Rohstoff und nutzen das Wasserdampfdestillationsverfahren, um nat\u00fcrliche Wirkstoffe wie \u03b2-Caryophyllen optimal zu erhalten. Diese Inhaltsstoffe dringen in die Kopfhautfollikel ein und spielen eine wichtige Rolle f\u00fcr die Gesundheit von Haar und Kopfhaut.<\/p>\n\n\n\n<p><strong>1. \u03b2-Caryophyllen<\/strong>: Es ist ein einzigartiger Hauptbestandteil des \u00e4therischen Copaiba\u00f6ls. Es hat starke entz\u00fcndungshemmende und antibakterielle Eigenschaften. Es kann Kopfhautentz\u00fcndungen wirksam lindern und Juckreiz und R\u00f6tungen der Kopfhaut, die durch Bakterien und Allergien verursacht werden, reduzieren. Es tr\u00e4gt zu einem gesunden Kopfhautmilieu bei, st\u00e4rkt die Haarwurzeln und reduziert Haarausfall.<\/p>\n\n\n\n<p><strong>2. Copibas\u00e4ure<\/strong>: Es hat eine nat\u00fcrliche adstringierende und \u00f6lkontrollierende Wirkung, kann die Poren der Kopfhaut verkleinern, eine \u00fcberm\u00e4\u00dfige Talgsekretion regulieren, fettige Kopfhaut und Haare vermeiden, das Haar erfrischender und flauschiger machen und die Gl\u00e4tte der Haarschuppen verbessern.<\/p>\n\n\n\n<p><strong>3. Humulen<\/strong>: Es ist der wichtigste Haarpflegebestandteil im \u00e4therischen \u00d6l des Kubabalsams. Es hat eine ausgezeichnete beruhigende und reparierende Wirkung, lindert Kopfhautbeschwerden, die durch h\u00e4ufiges Dauerwellen und F\u00e4rben verursacht werden, hilft bei der Reparatur gesch\u00e4digter Haarfasern, verbessert die Haarfestigkeit und reduziert Haarbruch.<\/p>\n\n\n\n<p><strong>4. Pinen<\/strong>: Es hat gute reinigende und erfrischende Eigenschaften, reinigt die Haarfollikel gr\u00fcndlich, entfernt Schmutz und R\u00fcckst\u00e4nde von Stylingprodukten und h\u00e4lt die Kopfhaut sauber. In der Aromatherapie-Haarpflege kann es auch K\u00f6rper und Geist beruhigen, Stress abbauen und indirekt das durch psychischen Stress beeintr\u00e4chtigte Haarwachstumsumfeld verbessern.<\/p>\n\n\n\n<h2 class=\"wp-block-heading\">Die Funktionen des \u00e4therischen Copiba-\u00d6ls<\/h2>\n\n\n\n<p>Das \u00e4therische Copiba-\u00d6l ist aufgrund seiner vielf\u00e4ltigen Funktionen und Anwendungsm\u00f6glichkeiten beliebt. Es ist bekannt f\u00fcr seine entz\u00fcndungshemmenden, antibakteriellen und schmerzlindernden Eigenschaften und eignet sich daher besonders gut zur Kopfhautpflege.<\/p>\n\n\n\n<p><strong>1. Sanft und hautfreundlich<\/strong>: Das \u00e4therische Copiba-\u00d6l hat eine milde Formel und verursacht selten Reizungen und allergische Reaktionen. Es ist f\u00fcr verschiedene Haut- und Kopfhauttypen geeignet und kann auch von Menschen mit empfindlicher Kopfhaut sicher angewendet werden.<\/p>\n\n\n\n<p><strong>2. Reich an Wirkstoffen<\/strong>: Es wird mithilfe modernster Technologie extrahiert und beh\u00e4lt einen hohen Anteil an Wirkstoffen wie \u03b2-Caryophyllen, wodurch eine stabile und wirksame Pflege f\u00fcr Haar und Kopfhaut gew\u00e4hrleistet wird.<\/p>\n\n\n\n<p><strong>3. Nachhaltige Rohstoffquelle<\/strong>: Das Harz als Rohstoff wird vom Copifera-Baum gewonnen und der Produktionsprozess steht im Einklang mit dem Konzept der \u00f6kologischen Nachhaltigkeit und dem Streben nach hochwertiger, umweltfreundlicher Haarpflege.<\/p>\n\n\n\n<p><strong>4. Einzigartiges Aroma<\/strong>: \u00c4therisches Copiba-\u00d6l hat ein beruhigendes, holziges Aroma, das zur F\u00f6rderung von Entspannung und Wohlbefinden verwendet werden kann. Bei der Haarpflege schafft es eine angenehme und entspannende Atmosph\u00e4re und verbessert das Sinneserlebnis des Anwenders.<\/p>\n\n\n\n<p><strong>5. Multieffekt-Haarpflege<\/strong>: Es kann die Talgproduktion der Kopfhaut regulieren, Entz\u00fcndungen und Juckreiz lindern, das Haar st\u00e4rken, Haarbruch reduzieren und die allgemeine Festigkeit und den Glanz des Haares verbessern. Eine Flasche kann mehrere Haarpflegeeffekte erzielen.<\/p>\n\n\n\n<h2 class=\"wp-block-heading\">So verwenden Sie das \u00e4therische Copiba-\u00d6l<\/h2>\n\n\n\n<p>Copiba ist ein hochkonzentriertes \u00e4therisches \u00d6l. Bitte verd\u00fcnnen Sie es unbedingt mit einem Tr\u00e4ger\u00f6l. Unverd\u00fcnnte Anwendung kann Hautreizungen verursachen. Bei Verwendung mit anderen Produkten muss es proportional zum Produkt hinzugef\u00fcgt werden, um die Gesamtwirkung zu verst\u00e4rken.<\/p>\n\n\n\n<p><strong>1. Kopfhautmassage\u00f6l<\/strong>: Mischen Sie 3\u20135 Tropfen \u00e4therisches Copiba-\u00d6l mit 10 ml Basis\u00f6l (z. B. Kokosnuss\u00f6l), um die Fettproduktion der Kopfhaut zu regulieren, Juckreiz zu lindern und die Vitalit\u00e4t der Haarwurzeln zu verbessern.<\/p>\n\n\n\n<p><strong>2. Verd\u00fcnnungsvorgang<\/strong>: Mischen Sie 1\u20132 Tropfen \u00e4therisches Copiba-\u00d6l mit 5 ml gereinigtem Wasser oder Leave-in-Conditioner, um statische Elektrizit\u00e4t zu reduzieren, das Haar geschmeidiger zu machen und einen leichten und angenehmen Duft zu erhalten, der f\u00fcr den t\u00e4glichen Gebrauch geeignet ist.<\/p>\n\n\n\n<p><strong>3. Sanft auftragen und einmassieren<\/strong>Bei der Anwendung auf der Kopfhaut das verd\u00fcnnte \u00e4therische \u00d6l mit den Fingerspitzen eintauchen und 2\u20133 Minuten lang mit kreisenden Bewegungen einmassieren, um die Durchblutung und Aufnahme zu f\u00f6rdern. Bei Anwendung auf der Haut einklopfen, bis es eingezogen ist.<\/p>\n\n\n\n<p><strong>4. Mit Haarpflegeprodukten mischen<\/strong>: Geben Sie einen Tropfen \u00e4therisches Copiba-\u00d6l in Ihr t\u00e4gliches Shampoo, Ihre Sp\u00fclung oder Haarmaske, r\u00fchren Sie gut um und verwenden Sie es, um die Feuchtigkeitsversorgung zu verbessern, Frizz vorzubeugen und die Kopfhaut zu beruhigen.<br><strong>Empfehlung<\/strong>: Wenden Sie es 2\u20133 Mal pro Woche an, und die Gesundheit Ihrer Kopfhaut, die Haarqualit\u00e4t und die Beschwerden auf der Kopfhaut werden sich allm\u00e4hlich verbessern.<\/p>\n\n\n\n<h2 class=\"wp-block-heading\">Vorsicht<\/h2>\n\n\n\n<p>Das \u00e4therische \u00d6l des Kubabalsams ist ein konzentrierter Pflanzenextrakt. Um eine sichere Anwendung zu gew\u00e4hrleisten und die Wirksamkeit zu erhalten, sollten bei der Anwendung und Lagerung folgende Punkte beachtet werden.<\/p>\n\n\n\n<p><strong>1. Anforderungen an den Hauttest<\/strong>: Vor der ersten Anwendung, insbesondere bei Personen mit empfindlicher Haut und Allergien, ist ein Patch-Test erforderlich. Wenn nach einer Beobachtungsphase keine R\u00f6tungen, Juckreiz, Stechen usw. auftreten, wenden Sie es auf einer gro\u00dfen Fl\u00e4che an.<\/p>\n\n\n\n<p><strong>2. Anwendung auf der Haut erfordert Verd\u00fcnnung<\/strong>: Aufgrund der hohen Konzentration nicht direkt auf die Haut auftragen. Achten Sie darauf, es in einem sicheren Verh\u00e4ltnis mit Basis\u00f6l zu verd\u00fcnnen, um Reizungen zu vermeiden.<\/p>\n\n\n\n<p><strong>3. Sorgen Sie f\u00fcr guten Schutz<\/strong>: Vermeiden Sie den Kontakt mit Schleimh\u00e4uten wie Augen, Mund und Nase. Bei versehentlichem Kontakt sofort mit viel Wasser aussp\u00fclen, nicht reiben und bei anhaltenden Beschwerden rechtzeitig einen Arzt aufsuchen.<\/p>\n\n\n\n<p><strong>4. Vorsicht bei der Anwendung in speziellen Gruppen<\/strong>: Schwangere Frauen, stillende Frauen, S\u00e4uglinge und Kleinkinder sollten es nicht alleine verwenden, es sei denn, sie werden von professionellen Aromatherapeuten oder medizinischem Personal angeleitet.<\/p>\n\n\n\n<p><strong>5. Anforderungen an die Speicherumgebung<\/strong>: An einem k\u00fchlen, dunklen Ort aufbewahren und den Flaschendeckel gut verschlie\u00dfen, um Oxidation zu verhindern und die Stabilit\u00e4t der Wirkstoffe zu erhalten.<\/p>\n\n\n\n<h2 class=\"wp-block-heading\">Abschluss<\/h2>\n\n\n\n<p>Mit seinen hervorragenden entz\u00fcndungshemmenden, beruhigenden und reparierenden Eigenschaften zeichnet sich \u00e4therisches Copaiba\u00f6l im Bereich hochwertiger Haar- und Hautpflegeprodukte aus. Durch strenge Rohstoffpr\u00fcfung, fortschrittliche Extraktionstechnologie und hochwertige Qualit\u00e4tskontrollen stellen wir sicher, dass jede Charge \u00e4therisches \u00d6l stabile und reine Wirkstoffe enth\u00e4lt. Es erf\u00fcllt vielf\u00e4ltige Funktionen, wie die Regulierung der Kopfhautfettproduktion, die Linderung von Hautbeschwerden und die Verbesserung des Dufterlebnisses und ist daher ein wertvoller Bestandteil \u00e4therischer \u00d6le in K\u00f6rperpflegeprodukten.<\/p>\n\n\n\n<p><\/p>","protected":false},"excerpt":{"rendered":"Copiba Essential Oil Manufacturing Common Formulas We are a professional manufacturer of copiba essential oil. We always use high-quality Copifera tree resin as raw material and adopt steam distillation process to retain natural active ingredients such as \u03b2-caryophyllene to the greatest extent. These ingredients can penetrate into the scalp follicles and play multiple beneficial roles [&hellip;]","protected":false},"featured_media":3599,"menu_order":0,"template":"","meta":[],"product-tag":[],"products":[53],"class_list":["post-3598","product","type-product","status-publish","has-post-thumbnail","hentry","products-essential-oil"],"acf":[],"_links":{"self":[{"href":"https:\/\/www.ruiqigo.com\/de\/wp-json\/wp\/v2\/product\/3598","targetHints":{"allow":["GET"]}}],"collection":[{"href":"https:\/\/www.ruiqigo.com\/de\/wp-json\/wp\/v2\/product"}],"about":[{"href":"https:\/\/www.ruiqigo.com\/de\/wp-json\/wp\/v2\/types\/product"}],"version-history":[{"count":0,"href":"https:\/\/www.ruiqigo.com\/de\/wp-json\/wp\/v2\/product\/3598\/revisions"}],"wp:featuredmedia":[{"embeddable":true,"href":"https:\/\/www.ruiqigo.com\/de\/wp-json\/wp\/v2\/media\/3599"}],"wp:attachment":[{"href":"https:\/\/www.ruiqigo.com\/de\/wp-json\/wp\/v2\/media?parent=3598"}],"wp:term":[{"taxonomy":"product-tag","embeddable":true,"href":"https:\/\/www.ruiqigo.com\/de\/wp-json\/wp\/v2\/product-tag?post=3598"},{"taxonomy":"products","embeddable":true,"href":"https:\/\/www.ruiqigo.com\/de\/wp-json\/wp\/v2\/products?post=3598"}],"curies":[{"name":"wp","href":"https:\/\/api.w.org\/{rel}","templated":true}]}}