{"id":361,"date":"2024-07-08T10:02:18","date_gmt":"2024-07-08T02:02:18","guid":{"rendered":"https:\/\/ruiqigo.com\/?post_type=product&#038;p=361"},"modified":"2024-10-28T15:38:16","modified_gmt":"2024-10-28T07:38:16","slug":"salicylic-acid-body-wash","status":"publish","type":"product","link":"https:\/\/www.ruiqigo.com\/de\/product\/salicylic-acid-body-wash","title":{"rendered":"Duschgel mit Salicyls\u00e4ure"},"content":{"rendered":"<h3 class=\"wp-block-heading\">Herstellung von Duschgels mit Salicyls\u00e4ure \u2013 g\u00e4ngige Formeln<\/h3>\n\n\n\n<p>Der Hauptbestandteil dieses Salicyls\u00e4ure-Duschgels ist Salicyls\u00e4ure. Salicyls\u00e4ure ist eine nat\u00fcrlich vorkommende Beta-Hydroxys\u00e4ure mit hervorragenden keratolytischen und antibakteriellen Eigenschaften, die die Hautoberfl\u00e4che effektiv von gealtertem Keratin und verschiedenen Unreinheiten befreit. Die Formel enth\u00e4lt au\u00dferdem Aloe Vera, gr\u00fcnen Tee und andere nat\u00fcrliche Pflanzenextrakte, die die Haut mit reichhaltigen N\u00e4hrstoffen wie Vitaminen, Mineralien usw. versorgen und sie stets mit Feuchtigkeit versorgen und geschmeidig halten. Alle Rohstoffe wurden strengen Tests und Kontrollen unterzogen, um die Sicherheit und Wirksamkeit des Produkts zu gew\u00e4hrleisten.<\/p>\n\n\n\n<h3 class=\"wp-block-heading\">Salicyls\u00e4ure-K\u00f6rperwaschmittel Anwendbare Szenarien<\/h3>\n\n\n\n<p>Dieses Duschgel mit Salicyls\u00e4ure ist f\u00fcr alle Jahreszeiten und Klimazonen geeignet. Im hei\u00dfen und feuchten Sommer reinigt es angesammelten Schmutz und alterndes Keratin gr\u00fcndlich und beugt so Pickeln und Akne vor. Im kalten und trockenen Winter ist es reich an pflegenden Inhaltsstoffen, die die Haut umfassend pflegen und Trockenheit und andere Probleme lindern.<\/p>\n\n\n\n<h3 class=\"wp-block-heading\">F\u00fcr wen ist Salicyls\u00e4ure-K\u00f6rperwaschmittel geeignet?<\/h3>\n\n\n\n<p>Das Salicyls\u00e4ure-Duschgel eignet sich f\u00fcr Menschen mit Akne, Pickeln oder fettiger Haut. Es enth\u00e4lt Salicyls\u00e4ure, die abgestorbene Hautzellen entfernt, die Poren porentief reinigt und die Talgproduktion reduziert. Es eignet sich daher f\u00fcr alle, die ihren Hautzustand verbessern und Hautunreinheiten vorbeugen m\u00f6chten. Es ist auch f\u00fcr Beauty-Liebhaber geeignet, die ihrer Haut beim t\u00e4glichen Bad einen frischen und strahlenden Glanz verleihen m\u00f6chten.<\/p>\n\n\n\n<h3 class=\"wp-block-heading\">Herstellungsprozess von Duschgel mit Salicyls\u00e4ure<\/h3>\n\n\n\n<p>Dieses Salicyls\u00e4ure-Duschgel wird mit besonderem Augenmerk auf die Kontrolle der Salicyls\u00e4urekonzentration und den pH-Wert hergestellt, um sicherzustellen, dass das Produkt sowohl wirksam als auch schonend ist. Der Einsatz fortschrittlicher Emulgierungstechnologie gew\u00e4hrleistet eine gleichm\u00e4\u00dfige Verteilung der Inhaltsstoffe und besteht Empfindlichkeitstests, um Produktsicherheit und Hautpflegewirksamkeit zu gew\u00e4hrleisten.<\/p>","protected":false},"excerpt":{"rendered":"Salicylic acid body wash manufacturing Common Formulas The core ingredient of this Salicylic Acid Body Wash is Salicylic Acid. Salicylic Acid is a naturally occurring Beta Hydroxy Acid with excellent keratolytic and antibacterial properties that effectively cleanses the skin&#8217;s surface of aged keratin and various impurities. In the formula, we also added aloe vera, green [&hellip;]","protected":false},"featured_media":362,"menu_order":0,"template":"","meta":[],"product-tag":[],"products":[57],"class_list":["post-361","product","type-product","status-publish","has-post-thumbnail","hentry","products-body-wash"],"acf":[],"_links":{"self":[{"href":"https:\/\/www.ruiqigo.com\/de\/wp-json\/wp\/v2\/product\/361","targetHints":{"allow":["GET"]}}],"collection":[{"href":"https:\/\/www.ruiqigo.com\/de\/wp-json\/wp\/v2\/product"}],"about":[{"href":"https:\/\/www.ruiqigo.com\/de\/wp-json\/wp\/v2\/types\/product"}],"version-history":[{"count":0,"href":"https:\/\/www.ruiqigo.com\/de\/wp-json\/wp\/v2\/product\/361\/revisions"}],"wp:featuredmedia":[{"embeddable":true,"href":"https:\/\/www.ruiqigo.com\/de\/wp-json\/wp\/v2\/media\/362"}],"wp:attachment":[{"href":"https:\/\/www.ruiqigo.com\/de\/wp-json\/wp\/v2\/media?parent=361"}],"wp:term":[{"taxonomy":"product-tag","embeddable":true,"href":"https:\/\/www.ruiqigo.com\/de\/wp-json\/wp\/v2\/product-tag?post=361"},{"taxonomy":"products","embeddable":true,"href":"https:\/\/www.ruiqigo.com\/de\/wp-json\/wp\/v2\/products?post=361"}],"curies":[{"name":"wp","href":"https:\/\/api.w.org\/{rel}","templated":true}]}}