{"id":3610,"date":"2025-06-11T10:19:53","date_gmt":"2025-06-11T02:19:53","guid":{"rendered":"https:\/\/www.ruiqigo.com\/?post_type=product&#038;p=3610"},"modified":"2025-06-11T10:19:53","modified_gmt":"2025-06-11T02:19:53","slug":"bergamot-essential-oil","status":"publish","type":"product","link":"https:\/\/www.ruiqigo.com\/de\/product\/bergamot-essential-oil","title":{"rendered":"\u00c4therisches Bergamotte\u00f6l"},"content":{"rendered":"<h2 class=\"wp-block-heading\">Herstellung von \u00e4therischem Bergamotte\u00f6l \u2013 Allgemeine Formeln<\/h2>\n\n\n\n<p>Als Hersteller und langj\u00e4hriger Lieferant von \u00e4therischem Bergamotte\u00f6l w\u00e4hlen wir ausschlie\u00dflich reife Bergamottefr\u00fcchte aus und verwenden hochentwickelte Technologien, um nat\u00fcrliche Inhaltsstoffe wie Limonen, Linalool, Linaloolacetat usw. zu extrahieren und zu erhalten, um eine sichere, nat\u00fcrliche und dauerhafte Unterst\u00fctzung der Haarpflege zu gew\u00e4hrleisten. <\/p>\n\n\n\n<p><strong>1. Limonen:<\/strong> Limonen ist eine nat\u00fcrliche Substanz, die im \u00e4therischen Bergamotte\u00f6l eine dominierende Rolle spielt. Es verf\u00fcgt \u00fcber hervorragende antioxidative, fettl\u00f6sende und reinigende Eigenschaften. Es kann dazu beitragen, \u00fcbersch\u00fcssiges \u00d6l und Schmutzpartikel von der Kopfhaut zu entfernen, verstopfte Haarfollikel zu lindern und die Kopfhaut frisch und klar zu machen. Dar\u00fcber hinaus kann sein nat\u00fcrlicher Duft auch den Geist erfrischen.&nbsp;<\/p>\n\n\n\n<p><strong>2. Linalool:<\/strong> Linalool ist ein Inhaltsstoff mit milder antibakterieller und reinigender Wirkung, der dazu beitr\u00e4gt, sch\u00e4dliche Bakterien in der Mikro\u00f6kologie der Kopfhaut zu hemmen, Schuppen und Geruch durch Bakterienwachstum vorzubeugen und das Haar sauber und hygienisch zu halten.&nbsp;<\/p>\n\n\n\n<p><strong>3. Linaloolacetat: <\/strong>Dies ist ein Star-Inhaltsstoff, der eine beruhigende, lindernde und wohltuende Wirkung auf die Kopfhaut hat. Er kann Spannungsgef\u00fchle und Reizungen der Kopfhaut wirksam reduzieren, Juckreiz, Kribbeln und andere durch Verspannungen und Umweltreize verursachte Beschwerden lindern und das Benutzererlebnis verbessern.&nbsp;<\/p>\n\n\n\n<p><strong>4. Geraniol:<\/strong> Geraniol wirkt auf nat\u00fcrliche Weise insektenabweisend und antibakteriell. Es st\u00e4rkt die Kopfhautbarriere und lindert Juckreiz. Es kann au\u00dferdem die Mikrozirkulation der Kopfhaut f\u00f6rdern, die N\u00e4hrstoffzufuhr verbessern und den Haarfollikeln ein besseres Wachstumsumfeld bieten.&nbsp;<\/p>\n\n\n\n<p><strong>5. \u03b1-Pinen:<\/strong> Dieser Inhaltsstoff wirkt entz\u00fcndungshemmend und kann Entz\u00fcndungen, R\u00f6tungen und Schwellungen der Kopfhaut lindern. Er eignet sich zur Reparatur von Kopfhautsch\u00e4den, die durch Dauerwellen, F\u00e4rben, l\u00e4ngere Sonneneinstrahlung usw. verursacht wurden.<\/p>\n\n\n\n<h2 class=\"wp-block-heading\">Die Funktionen des \u00e4therischen Bergamotte\u00f6ls<\/h2>\n\n\n\n<p><strong>1. Nat\u00fcrliche Gewinnung:<\/strong> Das \u00e4therische Bergamotte\u00f6l wird durch Niedertemperaturextraktion aus der Bergamotte gewonnen, wodurch die urspr\u00fcnglichen Inhaltsstoffe und Aromastoffe weitestgehend erhalten bleiben. Es wird ohne chemische L\u00f6sungsmittel verarbeitet, um die Reinheit und Nat\u00fcrlichkeit des \u00e4therischen \u00d6ls zu gew\u00e4hrleisten.&nbsp;<\/p>\n\n\n\n<p><strong>2. Hervorragende antibakterielle und reinigende Funktion:<\/strong> Die nat\u00fcrlichen Inhaltsstoffe des \u00e4therischen Bergamotte\u00f6ls wirken entz\u00fcndungshemmend und antibakteriell, wodurch die durch \u00d6l verstopften Haarfollikel verursachten Probleme wirksam gemindert, Schuppen und Juckreiz auf der Kopfhaut gelindert und das \u00f6kologische Gleichgewicht der Kopfhaut erhalten werden k\u00f6nnen.&nbsp;<\/p>\n\n\n\n<p><strong>3. \u00dcberragendes Sinneserlebnis: <\/strong>Der frische, fruchtige Duft hat eine weiche, s\u00fc\u00dfe Note, die beruhigend und angenehm ist und den gesamten Sinnesgenuss des Benutzers bei der Haarpflege steigern kann.&nbsp;<\/p>\n\n\n\n<p><strong>4. Stimmung verbessern und Stress abbauen:<\/strong> Die Duftstoffe des \u00e4therischen Bergamotten\u00f6ls k\u00f6nnen Depressionen lindern und nerv\u00f6se Anspannungen l\u00f6sen. Bei Anwendern, die lange unter Druck stehen, kann es eine doppelte Entspannung von der Haut bis zum Geist bewirken. Bei der Haarpflege kann es auch psychischen Stress abbauen.<\/p>\n\n\n\n<h2 class=\"wp-block-heading\">So verwenden Sie \u00e4therisches Bergamotte\u00f6l<\/h2>\n\n\n\n<p>Das \u00e4therische Bergamotte\u00f6l ist sehr einfach anzuwenden. Es kann direkt zu Basis\u00f6len oder Haarpflegeprodukten hinzugef\u00fcgt oder allein zur Kopfhautmassage oder Aromatherapie verwendet werden.&nbsp;<\/p>\n\n\n\n<p><strong>1. Verd\u00fcnnung und Zubereitung:<\/strong> Nehmen Sie vor der Anwendung 2\u20133 Tropfen \u00e4therisches Bergamotte\u00f6l, geben Sie 10 ml Basis\u00f6l, beispielsweise Jojoba\u00f6l oder S\u00fc\u00dfmandel\u00f6l, hinzu und vermischen Sie alles gut.&nbsp;<\/p>\n\n\n\n<p><strong>2. Massieren Sie die Kopfhaut:<\/strong> Geben Sie das verd\u00fcnnte \u00e4therische \u00d6l gleichm\u00e4\u00dfig auf die Kopfhaut und massieren Sie es 5\u201310 Minuten lang sanft mit den Fingerspitzen ein.<\/p>\n\n\n\n<p><strong>3. Penetration und Absorption: <\/strong>Warten Sie 15\u201320 Minuten, bis das \u00e4therische \u00d6l vollst\u00e4ndig eingezogen ist, in die Kopfhaut eindringen und sie tiefenwirksam n\u00e4hren kann.<\/p>\n\n\n\n<p><strong>4. Mit klarem Wasser waschen: <\/strong>Reinigen Sie es anschlie\u00dfend gr\u00fcndlich mit warmem Wasser und milden Shampoos, um fettige R\u00fcckst\u00e4nde auf dem Kopf zu vermeiden.<\/p>\n\n\n\n<p><strong>Empfehlung:<\/strong> F\u00fcr eine bessere und kontinuierliche Pflege wird eine regelm\u00e4\u00dfige Anwendung 1-2 Mal pro Woche empfohlen.<\/p>\n\n\n\n<h2 class=\"wp-block-heading\">Vorsicht<\/h2>\n\n\n\n<p><strong>1. Hauttest:<\/strong> Unabh\u00e4ngig davon, ob Sie schwanger sind oder empfindliche Haut haben, empfehlen wir Ihnen, vor der Anwendung einen Hauttest hinter dem Ohr durchzuf\u00fchren. Erst wenn sichergestellt ist, dass keine Reizungen auftreten, kann das Produkt offiziell verwendet werden.<\/p>\n\n\n\n<p><strong>2. Vor Gebrauch verd\u00fcnnen:<\/strong> Das urspr\u00fcngliche \u00e4therische \u00d6l ist hochkonzentriert. Direkter Kontakt mit der Haut kann Allergien oder Reizungen ausl\u00f6sen. Daher muss es vor der Haarpflege verd\u00fcnnt werden, um Sch\u00e4den an der Kopfhaut zu vermeiden.<\/p>\n\n\n\n<p><strong>3. Achten Sie darauf, Licht zu vermeiden:<\/strong> Das \u00e4therische Bergamotte\u00f6l enth\u00e4lt lichtempfindliche Inhaltsstoffe. Es wird empfohlen, die Anwendung tags\u00fcber sowie unmittelbar vor oder nach Sonneneinstrahlung zu vermeiden und nach der Anwendung mindestens 12 Stunden lang Licht zu meiden.<\/p>\n\n\n\n<p><strong>4. Kontakt mit Augen und Wunden vermeiden:<\/strong> Vermeiden Sie den Kontakt \u00e4therischer \u00d6le mit Augen oder gesch\u00e4digter Haut. Sollte es versehentlich in die Augen gelangen, sp\u00fclen Sie diese sofort mit viel Wasser aus und suchen Sie umgehend einen Arzt auf.<\/p>\n\n\n\n<h2 class=\"wp-block-heading\">Abschluss<\/h2>\n\n\n\n<p>Als hochwertiges \u00e4therisches \u00d6l f\u00fcr die nat\u00fcrliche Haarpflege nimmt Bergamotte\u00f6l mit seiner hervorragenden Pflegewirkung und seinem frischen, angenehmen Duft eine einzigartige Stellung in der Haarpflege ein. Seine reichhaltigen nat\u00fcrlichen Wirkstoffe k\u00f6nnen das Kopfhautmilieu effektiv verbessern und Stress abbauen. Es l\u00e4sst sich mit einer Vielzahl \u00e4therischer \u00d6le mischen und bietet eine hohe Anpassungsf\u00e4higkeit und breite Anwendungsm\u00f6glichkeiten.&nbsp;<\/p>\n\n\n\n<p>Ob zur Haar- oder Kopfhautbehandlung oder zur Entspannung in der Aromatherapie, \u00e4therisches Bergamotte\u00f6l ist eine nat\u00fcrliche Wahl.<\/p>","protected":false},"excerpt":{"rendered":"Bergamot Essential Oil Manufacturing Common Formulas As the manufacturer and long-term supplier of bergamot essential oil, we strictly select ripe bergamot fruits and use sophisticated technology to extract and retain natural ingredients such as limonene, linalool, linalool acetate, etc., to provide safe, natural, and lasting support for hair care. 1. Limonene: Limonene is a natural [&hellip;]","protected":false},"featured_media":3611,"menu_order":0,"template":"","meta":[],"product-tag":[],"products":[53],"class_list":["post-3610","product","type-product","status-publish","has-post-thumbnail","hentry","products-essential-oil"],"acf":[],"_links":{"self":[{"href":"https:\/\/www.ruiqigo.com\/de\/wp-json\/wp\/v2\/product\/3610","targetHints":{"allow":["GET"]}}],"collection":[{"href":"https:\/\/www.ruiqigo.com\/de\/wp-json\/wp\/v2\/product"}],"about":[{"href":"https:\/\/www.ruiqigo.com\/de\/wp-json\/wp\/v2\/types\/product"}],"version-history":[{"count":0,"href":"https:\/\/www.ruiqigo.com\/de\/wp-json\/wp\/v2\/product\/3610\/revisions"}],"wp:featuredmedia":[{"embeddable":true,"href":"https:\/\/www.ruiqigo.com\/de\/wp-json\/wp\/v2\/media\/3611"}],"wp:attachment":[{"href":"https:\/\/www.ruiqigo.com\/de\/wp-json\/wp\/v2\/media?parent=3610"}],"wp:term":[{"taxonomy":"product-tag","embeddable":true,"href":"https:\/\/www.ruiqigo.com\/de\/wp-json\/wp\/v2\/product-tag?post=3610"},{"taxonomy":"products","embeddable":true,"href":"https:\/\/www.ruiqigo.com\/de\/wp-json\/wp\/v2\/products?post=3610"}],"curies":[{"name":"wp","href":"https:\/\/api.w.org\/{rel}","templated":true}]}}