{"id":3620,"date":"2025-06-12T11:24:09","date_gmt":"2025-06-12T03:24:09","guid":{"rendered":"https:\/\/www.ruiqigo.com\/?post_type=product&#038;p=3620"},"modified":"2025-06-12T11:24:10","modified_gmt":"2025-06-12T03:24:10","slug":"wooden-bath-brush","status":"publish","type":"product","link":"https:\/\/www.ruiqigo.com\/de\/product\/wooden-bath-brush","title":{"rendered":"Badeb\u00fcrste aus Holz"},"content":{"rendered":"<h2 class=\"wp-block-heading\">Eigenschaften der h\u00f6lzernen Badeb\u00fcrste<\/h2>\n\n\n\n<p>Die Badeb\u00fcrste aus Holz ist nat\u00fcrlich und praktisch zugleich. Sie bewahrt nicht nur den rustikalen Stil traditioneller handgefertigter B\u00fcrsten, sondern integriert auch das ergonomische Konzept modernen Designs. Ihr Holzk\u00f6rper ist robust und langlebig, f\u00fchlt sich warm an und die passenden Borsten bieten vielf\u00e4ltige Hautpflegem\u00f6glichkeiten.<\/p>\n\n\n\n<p><strong>1. B\u00fcrstenk\u00f6rper aus nat\u00fcrlichem Massivholz: <\/strong>Badeb\u00fcrsten aus Holz werden oft aus naturbelassener Buche, Eiche oder anderen Harth\u00f6lzern hergestellt. Sie haben eine kompakte Struktur, brechen nicht so leicht, sind griffig und rutschfest und von ausgezeichneter Qualit\u00e4t.&nbsp;<\/p>\n\n\n\n<p><strong>2. Exquisite Oberfl\u00e4chenbehandlungstechnologie:<\/strong> Die Oberfl\u00e4che der Badeb\u00fcrste ist sehr glatt poliert und mit Pflanzen\u00f6l oder umweltfreundlicher Farbe versiegelt, um ihre Feuchtigkeits- und Schimmelbest\u00e4ndigkeit zu verbessern.&nbsp;<\/p>\n\n\n\n<p><strong>3. Lange Lebensdauer: <\/strong>Die Haarpflanzstruktur ist fest und verf\u00fcgt \u00fcber einen Griffgurt zum einfachen Halten. Gleichzeitig l\u00e4sst sie sich leicht trocknen oder aufbewahren, was die Lebensdauer der Badeb\u00fcrste verl\u00e4ngern kann.&nbsp;<\/p>\n\n\n\n<p><strong>4. Geeignet f\u00fcr vielf\u00e4ltige Wasch- und Pflegeszenarien:<\/strong> Unsere Badeb\u00fcrste aus Holz kann sowohl zum Trockenb\u00fcrsten als auch zum Nassb\u00fcrsten verwendet werden. Sie eignet sich f\u00fcr vielf\u00e4ltige Wasch- und Pflegeanwendungen, sei es das t\u00e4gliche Baden oder die Trockenb\u00fcrstenmassage, und ist in ihren Funktionen sehr flexibel.&nbsp;<\/p>\n\n\n\n<p><strong>5. Vielf\u00e4ltige Borstenoptionen:<\/strong> Badeb\u00fcrsten aus Holz k\u00f6nnen mit Naturborsten wie Wildschweinborsten und Pferdehaar oder flexiblen Kunstfasern kombiniert werden, um den Bed\u00fcrfnissen verschiedener Hauttypen (wie empfindlicher Haut, fettiger Haut usw.) gerecht zu werden.<\/p>\n\n\n\n<h2 class=\"wp-block-heading\">Vorteile einer Badeb\u00fcrste aus Holz<\/h2>\n\n\n\n<p>Im Vergleich zu Badeb\u00fcrsten aus Kunststoff bieten Badeb\u00fcrsten aus Holz nat\u00fcrliche Vorteile hinsichtlich Benutzerfreundlichkeit, Umweltfreundlichkeit und Textur. Sie bieten nicht nur einen soliden Peeling- und Massageeffekt, sondern erf\u00fcllen auch den Wunsch moderner Benutzer nach Nat\u00fcrlichkeit und Nachhaltigkeit.&nbsp;<\/p>\n\n\n\n<p><strong>1. Nat\u00fcrlich und umweltfreundlich:<\/strong> Holzbadeb\u00fcrsten bestehen vollst\u00e4ndig aus ungiftigem, nat\u00fcrlichem und biologisch abbaubarem Holz und Borsten, was dem Konzept des nachhaltigen und gr\u00fcnen Konsums entspricht und sehr umweltfreundlich ist.&nbsp;<\/p>\n\n\n\n<p><strong>2. Langlebig:<\/strong> Der B\u00fcrstenk\u00f6rper aus Naturholz hat eine stabile Struktur, ist verschlei\u00dffest, druckbest\u00e4ndig und langlebig. Seine Lebensdauer \u00fcbertrifft die von gew\u00f6hnlichen Badeb\u00fcrsten aus Kunststoff bei weitem.&nbsp;<\/p>\n\n\n\n<p><strong>3. Kraftvolle Reinigung und Peeling:<\/strong> Naturborsten wie Wildschweinborsten haben eine mittlere H\u00e4rte und k\u00f6nnen Schwei\u00dfflecken, Schmutz und abgestorbene Haut effektiv entfernen, ohne die Haut zu reizen oder zu sch\u00e4digen.&nbsp;<\/p>\n\n\n\n<p><strong>4. F\u00f6rdert die Durchblutung: <\/strong>Die Verwendung einer Badeb\u00fcrste aus Holz kann die Nervenenden sanft stimulieren, die Vitalit\u00e4t der Haut wecken und die Durchblutung, den Stoffwechsel und die Straffung der Haut im K\u00f6rper f\u00f6rdern.&nbsp;<\/p>\n\n\n\n<p><strong>5. Hohe Kostenleistung:<\/strong> Die Badeb\u00fcrste aus Holz muss lediglich regelm\u00e4\u00dfig getrocknet und in einer bel\u00fcfteten Umgebung aufbewahrt werden. Sie erfordert keine komplizierte Wartung und ist einfach und bequem zu verwenden, sodass sie sehr kosteng\u00fcnstig ist.<\/p>\n\n\n\n<h2 class=\"wp-block-heading\">Zielgruppe der Holzbadeb\u00fcrste<\/h2>\n\n\n\n<p>Holzbadeb\u00fcrsten werden aufgrund ihrer hervorragenden Eigenschaften, wie nat\u00fcrlichem Material, stabiler Struktur und vielf\u00e4ltigen Funktionen, von Menschen jeden Alters und Lebensstils gerne verwendet. Ob Nutzer f\u00fcr die t\u00e4gliche Grundreinigung und -pflege oder f\u00fcr Massage- und Peeling-Anwendungen \u2013 mit diesem Produkt genie\u00dfen Sie optimale Ergebnisse.&nbsp;<\/p>\n\n\n\n<p><strong>1. T\u00e4gliche Haushaltsnutzer:<\/strong> Geeignet f\u00fcr die t\u00e4gliche Reinigung und Badekomfort.<\/p>\n\n\n\n<p><strong>2. Menschen mittleren Alters und \u00e4ltere Menschen: <\/strong>Weiche Borsten eignen sich f\u00fcr Menschen mit empfindlicher Haut oder eingeschr\u00e4nkter Mobilit\u00e4t, da sie die Durchblutung des K\u00f6rpers f\u00f6rdern und die Gesundheit verbessern.<\/p>\n\n\n\n<p><strong>3. Menschen mit empfindlicher Haut:<\/strong> Sie k\u00f6nnen zwischen weichen Borsten, beispielsweise aus mildem Pferdehaar und synthetischen Fasern, w\u00e4hlen, um die Haut sanft zu reinigen, ohne Reizungen oder Sch\u00e4den zu verursachen.<\/p>\n\n\n\n<p><strong>4. Menschen, die Sport treiben und sich fit halten:<\/strong> Nach dem Training k\u00f6nnen Sie eine Badeb\u00fcrste aus Holz zum Trocken- oder Nassb\u00fcrsten verwenden, was hilft, Muskelerm\u00fcdung zu lindern, Poren zu \u00f6ffnen und Schwei\u00df zu entfernen.<\/p>\n\n\n\n<h2 class=\"wp-block-heading\">Herstellungsprozess einer h\u00f6lzernen Badeb\u00fcrste<\/h2>\n\n\n\n<p>Der Herstellungsprozess der h\u00f6lzernen Badeb\u00fcrste konzentriert sich auf Auswahl und feine Handwerkskunst. Von der Auswahl der Rohstoffe bis zur Implantation der Borsten sind mehrere Prozesse erforderlich, um sicherzustellen, dass das Produkt robust, langlebig, glatt und gratfrei ist.<\/p>\n\n\n\n<p><strong>1. Rohstoffauswahl:<\/strong> Um Rissbildung und Schimmelbildung vorzubeugen, wird entfettetes und getrocknetes Naturholz verwendet.<\/p>\n\n\n\n<p><strong>2. Borstenimplantation: <\/strong>Die Borsten werden manuell oder halbautomatisch implantiert und dicht und gleichm\u00e4\u00dfig angeordnet.<\/p>\n\n\n\n<p><strong>3. Polieren: <\/strong>Die Oberfl\u00e4che der Badeb\u00fcrste wird mehreren Schleifg\u00e4ngen unterzogen, um Grate und Unebenheiten zu entfernen und so einen glatten und sicheren Griff zu gew\u00e4hrleisten.<\/p>\n\n\n\n<p><strong>4. Wasserdichte Beschichtung:<\/strong> Auf die Oberfl\u00e4che des B\u00fcrstenk\u00f6rpers wird nat\u00fcrliches Holzwachs, -\u00f6l oder -lack aufgetragen, um die Feuchtigkeitsbest\u00e4ndigkeit, Schimmelresistenz und Haltbarkeit des B\u00fcrstenk\u00f6rpers zu verbessern.<\/p>\n\n\n\n<p><strong>5. Produktqualit\u00e4tspr\u00fcfung:<\/strong> Jede Produktcharge muss vor Verlassen des Werks verschiedenen Qualit\u00e4tspr\u00fcfungen, wie beispielsweise einer Hygienepr\u00fcfung, unterzogen werden, um sicherzustellen, dass jede Produktcharge den Marktstandards und Kundenanforderungen entspricht.<\/p>\n\n\n\n<h2 class=\"wp-block-heading\">Anwendungen f\u00fcr Badeb\u00fcrsten aus Holz<\/h2>\n\n\n\n<p>Die Badeb\u00fcrste aus Holz ist vielseitig einsetzbar. Sie eignet sich nicht nur f\u00fcr das t\u00e4gliche Baden zu Hause, sondern wird auch h\u00e4ufig in professionellen Pflegebereichen wie Fitnessstudios und Spas eingesetzt. Sie eignet sich hervorragend zum Aufwachen am Morgen, zur Entspannung nach dem Training, zur gr\u00fcndlichen Reinigung und f\u00fcr andere Anwendungen.<\/p>\n\n\n\n<p>1. Bei der t\u00e4glichen Reinigung und beim Baden zu Hause kann es zum Reinigen des R\u00fcckens, der Beine und anderer K\u00f6rperteile verwendet werden, die sich nur schwer gr\u00fcndlich b\u00fcrsten lassen.<\/p>\n\n\n\n<p>2. Nach dem Aufwachen am Morgen k\u00f6nnen Sie es auch zum Trockenb\u00fcrsten verwenden, um in den neuen Tag zu starten, die Durchblutung im K\u00f6rper zu f\u00f6rdern und die Vitalit\u00e4t zu steigern.<\/p>\n\n\n\n<p>3. Nach dem Training k\u00f6nnen Sie mit einer Badeb\u00fcrste aus Holz die durch das Training verursachten Muskelverspannungen l\u00f6sen und die Ausscheidung von Stoffwechselabfallprodukten unterst\u00fctzen.<\/p>\n\n\n\n<h2 class=\"wp-block-heading\">So verwenden Sie die Badeb\u00fcrste aus Holz<\/h2>\n\n\n\n<p>Die Badeb\u00fcrste aus Holz ist einfach zu verwenden. Sie k\u00f6nnen je nach Reinigungsbedarf zwischen einer Trockenb\u00fcrste und einer Nassb\u00fcrste w\u00e4hlen.<\/p>\n\n\n\n<p><strong>1. Trockenb\u00fcrsten:<\/strong> B\u00fcrsten Sie Ihren K\u00f6rper jeden Morgen nach dem Aufstehen etwa 5 Minuten lang trocken. Dies f\u00f6rdert die Durchblutung und stimuliert die Vitalit\u00e4t des K\u00f6rpers.<\/p>\n\n\n\n<p><strong>2. Nasse B\u00fcrste:<\/strong> Geeignet f\u00fcr die Reinigung w\u00e4hrend des Badens. Die Borsten anfeuchten, eine kleine Menge Duschgel hineingeben und den K\u00f6rper mit kreisenden Bewegungen reinigen.<\/p>\n\n\n\n<p><strong>Notiz:<\/strong> W\u00e4hrend des Reinigungsvorgangs ist es nicht leicht, stark zu reiben, um Hautreizungen zu vermeiden. Nach dem Gebrauch wird empfohlen, die Borsten mit klarem Wasser abzusp\u00fclen, zu trocknen und ein l\u00e4ngeres Einweichen in Wasser zu vermeiden, um die Lebensdauer zu verl\u00e4ngern.<\/p>","protected":false},"excerpt":{"rendered":"Wooden Bath Brush Features The wooden bath brush is both natural and practical. It not only retains the rustic style of traditional handmade brushes but also incorporates the ergonomics concept of modern design. Its wooden brush body is sturdy and durable, feels warm, and the appropriate bristles provide a variety of skin care options. 1. [&hellip;]","protected":false},"featured_media":3621,"menu_order":0,"template":"","meta":[],"product-tag":[],"products":[166],"class_list":["post-3620","product","type-product","status-publish","has-post-thumbnail","hentry","products-bath-brush"],"acf":[],"_links":{"self":[{"href":"https:\/\/www.ruiqigo.com\/de\/wp-json\/wp\/v2\/product\/3620","targetHints":{"allow":["GET"]}}],"collection":[{"href":"https:\/\/www.ruiqigo.com\/de\/wp-json\/wp\/v2\/product"}],"about":[{"href":"https:\/\/www.ruiqigo.com\/de\/wp-json\/wp\/v2\/types\/product"}],"version-history":[{"count":0,"href":"https:\/\/www.ruiqigo.com\/de\/wp-json\/wp\/v2\/product\/3620\/revisions"}],"wp:featuredmedia":[{"embeddable":true,"href":"https:\/\/www.ruiqigo.com\/de\/wp-json\/wp\/v2\/media\/3621"}],"wp:attachment":[{"href":"https:\/\/www.ruiqigo.com\/de\/wp-json\/wp\/v2\/media?parent=3620"}],"wp:term":[{"taxonomy":"product-tag","embeddable":true,"href":"https:\/\/www.ruiqigo.com\/de\/wp-json\/wp\/v2\/product-tag?post=3620"},{"taxonomy":"products","embeddable":true,"href":"https:\/\/www.ruiqigo.com\/de\/wp-json\/wp\/v2\/products?post=3620"}],"curies":[{"name":"wp","href":"https:\/\/api.w.org\/{rel}","templated":true}]}}