{"id":3626,"date":"2025-06-12T14:04:02","date_gmt":"2025-06-12T06:04:02","guid":{"rendered":"https:\/\/www.ruiqigo.com\/?post_type=product&#038;p=3626"},"modified":"2025-06-19T09:23:36","modified_gmt":"2025-06-19T01:23:36","slug":"beard-conditioner","status":"publish","type":"product","link":"https:\/\/www.ruiqigo.com\/de\/product\/beard-conditioner","title":{"rendered":"Bartpflege"},"content":{"rendered":"<h2 class=\"wp-block-heading\">Herstellung von Bartpflegemitteln \u2013 g\u00e4ngige Formeln<\/h2>\n\n\n\n<p>Wir entwickeln engagierte Bartpflege-Formeln. Wir konzentrieren uns auf die besonderen Bed\u00fcrfnisse von Bart und Haut und w\u00e4hlen Inhaltsstoffe mit feuchtigkeitsspendenden, weichmachenden, beruhigenden und weiteren Funktionen aus. Durch wissenschaftliche Rezepturen entwickeln wir wirksame Pflegesp\u00fclungen, die die Gesundheit und das Wohlbefinden des Bartes verbessern.<\/p>\n\n\n\n<p><strong>1. Jojoba\u00f6l:<\/strong> Es ist der Hauptbestandteil von Bartpflegemitteln und dringt in den Bart und die darunterliegende Haut ein. Es spendet Feuchtigkeit, ohne die Poren zu verstopfen, macht raue B\u00e4rte weich, tr\u00e4gt zur Erhaltung der nat\u00fcrlichen Feuchtigkeitsbarriere der Haut bei, beugt Barttrockenheit und Hautirritationen vor und sorgt f\u00fcr eine glatte Bartstruktur.<\/p>\n\n\n\n<p><strong>2.Argan\u00f6l:<\/strong> Reich an Fetts\u00e4uren und Vitamin E ist es ein \u00e4u\u00dferst nahrhafter Zusatzstoff. In der Bartpflege n\u00e4hrt es die Haarfollikel, st\u00e4rkt die Haarsch\u00e4fte, reduziert Frizz und verleiht gesunden Glanz. Seine antioxidativen Inhaltsstoffe k\u00f6nnen zudem Bart und Haut vor Umweltsch\u00e4den sch\u00fctzen und die vorzeitige Alterung des Gesichtshaars verz\u00f6gern.<\/p>\n\n\n\n<p><strong>3.Sheabutter:<\/strong> Als nat\u00fcrliches Lipid sorgt es f\u00fcr eine starke Feuchtigkeitsversorgung. Schlie\u00dft Feuchtigkeit ein, macht raue und widerspenstige B\u00e4rte geschmeidig und beruhigt gereizte Haut unter dem Bart, insbesondere bei trockenen und rauen B\u00e4rten.<\/p>\n\n\n\n<p><strong>4.Glycerin:<\/strong> Als g\u00e4ngiges Feuchthaltemittel in Pflegesp\u00fclungen spendet es Bart und Haut Feuchtigkeit und beugt so Trockenheit und Br\u00fcchigkeit vor. Es erh\u00f6ht den Gesamtfeuchtigkeitsgehalt des Bartes, macht ihn flexibler und weniger bruchanf\u00e4llig und unterst\u00fctzt die Wirkung anderer feuchtigkeitsspendender Inhaltsstoffe.<\/p>\n\n\n\n<p><strong>5.Panthenol:<\/strong> Auch als Provitamin B5 bekannt, verf\u00fcgt es \u00fcber hervorragende reparierende Eigenschaften. Es dringt in den Bart ein und verbessert dessen Elastizit\u00e4t und Kraft. Es beruhigt gereizte Haut unter dem Bart, f\u00f6rdert die Hautreparatur, reduziert R\u00f6tungen und repariert besch\u00e4digte B\u00e4rte f\u00fcr ein dichteres und ges\u00fcnderes Aussehen.<\/p>\n\n\n\n<h2 class=\"wp-block-heading\">Die Funktionen von Bartpflegemitteln<\/h2>\n\n\n\n<p>Bartpflege ist eine spezielle Pflege, die auf die besonderen Bed\u00fcrfnisse des Gesichtshaars und der darunterliegenden Haut eingeht. Die spezielle Formel bietet zahlreiche Vorteile f\u00fcr einen ges\u00fcnderen, leichter zu handhabenden Bart.<\/p>\n\n\n\n<p><strong>1. Spendet tiefenwirksam Feuchtigkeit und gl\u00e4ttet:<\/strong> Sp\u00fclungen verwenden Weichmacher wie Jojoba- und Sheabutter, um in den Haarschaft einzudringen, Feuchtigkeit wieder aufzuf\u00fcllen und Rauheit effektiv zu reduzieren, sodass sich der Bart weicher anf\u00fchlt und leichter frisierbar ist.<\/p>\n\n\n\n<p><strong>2. Beruhigt die Haut und lindert Reizungen:<\/strong> Sp\u00fclungen enthalten oft Inhaltsstoffe wie Aloe Vera oder Panthenol, um R\u00f6tungen, Juckreiz und Entz\u00fcndungen zu lindern und die nat\u00fcrliche \u00d6lproduktion der Haut auszugleichen, um eine \u00fcberm\u00e4\u00dfige \u00d6lsekretion oder Trockenheit zu verhindern.<\/p>\n\n\n\n<p><strong>3. St\u00e4rkt und repariert:<\/strong> Die Proteine und Vitamine in Sp\u00fclungen st\u00e4rken die Struktur Ihres Bartes, reduzieren Haarbruch und Spliss und helfen, Trockenheit und Br\u00fcchigkeit zu verbessern.<\/p>\n\n\n\n<p><strong>4. Kontrolliert Frizz und verbessert den Glanz: <\/strong>Silikonfreie Polymere oder nat\u00fcrliche \u00d6le im Produkt legen sich auf die Haarschuppen, gl\u00e4tten abstehende Barthaare und verleihen ihnen einen nat\u00fcrlichen Glanz.<\/p>\n\n\n\n<p><strong>5. Langfristige Unterst\u00fctzung der Bartgesundheit: <\/strong>Die regelm\u00e4\u00dfige Anwendung einer Bartpflege kann die Haarfollikel n\u00e4hren und mit der Zeit ein dickeres und kr\u00e4ftigeres Bartwachstum f\u00f6rdern. Bei l\u00fcckenhaftem oder langsam wachsendem Bart kann regelm\u00e4\u00dfige Pflege die Dichte und F\u00fclle verbessern.<\/p>\n\n\n\n<h2 class=\"wp-block-heading\">So verwenden Sie Bartpflegesp\u00fclung<\/h2>\n\n\n\n<p>Bartpflege muss richtig angewendet werden, um Ihren Bart optimal mit Feuchtigkeit zu versorgen, weich zu machen und zu pflegen. Befolgen Sie diese Schritte, um Ihren Bart gesund und pflegeleicht zu halten.<\/p>\n\n\n\n<p><strong>1. Reinigen Sie zuerst Ihren Bart:<\/strong> Waschen Sie Ihren Bart vor der Anwendung mit einem milden Bartshampoo (normales mildes Shampoo ohne Sulfate reicht aus), um eine saubere Basisumgebung f\u00fcr die Wirkung der Sp\u00fclung zu schaffen.<\/p>\n\n\n\n<p><strong>2. Geben Sie die richtige Menge ab:<\/strong> Die Menge h\u00e4ngt von der L\u00e4nge und Dicke Ihres Bartes ab. Dr\u00fccken Sie den Conditioner in Ihre Handfl\u00e4che.<\/p>\n\n\n\n<p><strong>3. Gleichm\u00e4\u00dfig im Bart auftragen: <\/strong>Tragen Sie das Produkt von der Bartwurzel bis zur Spitze auf, achten Sie darauf, den gesamten Bart abzudecken, und massieren Sie es in die Haut unter dem Bart ein.<\/p>\n\n\n\n<p><strong>4. Lassen Sie es f\u00fcr eine optimale Absorption einwirken: <\/strong>Nach dem Auftragen die Pflegesp\u00fclung 2\u20135 Minuten im Bart einwirken lassen. So kann das Produkt tief in den Haarschaft eindringen und die darunterliegende Haut bearbeiten.<\/p>\n\n\n\n<p><strong>5. Gr\u00fcndlich aussp\u00fclen:<\/strong> Sp\u00fclen Sie den Bart mit warmem Wasser aus, bis die gesamte Sp\u00fclung ausgewaschen ist.<\/p>\n\n\n\n<p><strong>6. Trocknen und stylen wie gewohnt: <\/strong>Tupfe den Bart mit einem sauberen Handtuch trocken. Anschlie\u00dfend kannst du ihn mit einer Bartb\u00fcrste oder einem Kamm stylen.<\/p>\n\n\n\n<p><strong>Empfehlung:<\/strong>Normalerweise reichen 2\u20133 Mal pro Woche aus. Passen Sie die Anwendung an das Gef\u00fchl Ihres Bartes an.<\/p>\n\n\n\n<h2 class=\"wp-block-heading\">Vorsicht<\/h2>\n\n\n\n<p>Bartpflege ist f\u00fcr das Gesichtshaar und die darunterliegende Haut konzipiert. Um eine sichere und angenehme Anwendung zu gew\u00e4hrleisten und m\u00f6gliche Beschwerden oder Probleme zu vermeiden, beachten Sie bitte die folgenden Hinweise.<\/p>\n\n\n\n<p><strong>1. Hauttest: <\/strong>Vor der ersten Anwendung ist ein Hauttest erforderlich. Tragen Sie eine kleine Menge Conditioner auf eine kleine Stelle auf, z. B. hinter dem Ohr und an der Innenseite des Handgelenks. Nachdem Sie sichergestellt haben, dass keine Nebenwirkungen auftreten, tragen Sie die Pflege gro\u00dffl\u00e4chig auf Bart und Haut auf.<\/p>\n\n\n\n<p><strong>2. Vermeiden Sie unsachgem\u00e4\u00dfe Anwendung: <\/strong>Tragen Sie die Sp\u00fclung nicht auf gesch\u00e4digte Haut unter dem Bart auf. Die Inhaltsstoffe des Produkts k\u00f6nnen die gesch\u00e4digten Bereiche reizen und das Unbehagen verst\u00e4rken.<\/p>\n\n\n\n<p><strong>3. Kontakt mit den Augen vermeiden:<\/strong> Bei versehentlichem Augenkontakt sofort mit viel Wasser aussp\u00fclen. Bei anhaltender Reizung rechtzeitig einen Arzt aufsuchen.<\/p>\n\n\n\n<p><strong>4. Richtige Lagerung:<\/strong> Bewahren Sie den Bartconditioner an einem k\u00fchlen und trockenen Ort auf und vermeiden Sie direkte Sonneneinstrahlung und hohe Temperaturen, um eine Verschlechterung zu vermeiden.<\/p>\n\n\n\n<h2 class=\"wp-block-heading\">Abschluss<\/h2>\n\n\n\n<p>Bart-Conditioner ist ein sorgf\u00e4ltig ausgew\u00e4hltes und wissenschaftlich entwickeltes Produkt, das eine wesentliche Rolle in der Bartpflege spielt. Es spendet effektiv Feuchtigkeit, macht das Gesichtshaar und die darunterliegende Haut geschmeidig und sch\u00fctzt sie. Bei regelm\u00e4\u00dfiger Anwendung verhilft es zu einem angenehm gepflegten Bart, der den pers\u00f6nlichen Stil und das Selbstbewusstsein st\u00e4rkt.<\/p>\n\n\n\n<p><\/p>","protected":false},"excerpt":{"rendered":"Beard Conditioner Manufacturing Common Formulas We are dedicated beard care formula developers. Focusing on the unique needs of facial hair and the skin underneath, we select ingredients based on moisturizing, softening, soothing and other functions, and through scientific compounding, we create effective conditioners that improve the health and comfort of beards. 1. Jojoba oil: It [&hellip;]","protected":false},"featured_media":3629,"menu_order":0,"template":"","meta":[],"product-tag":[],"products":[52],"class_list":["post-3626","product","type-product","status-publish","has-post-thumbnail","hentry","products-conditioner"],"acf":[],"_links":{"self":[{"href":"https:\/\/www.ruiqigo.com\/de\/wp-json\/wp\/v2\/product\/3626","targetHints":{"allow":["GET"]}}],"collection":[{"href":"https:\/\/www.ruiqigo.com\/de\/wp-json\/wp\/v2\/product"}],"about":[{"href":"https:\/\/www.ruiqigo.com\/de\/wp-json\/wp\/v2\/types\/product"}],"version-history":[{"count":0,"href":"https:\/\/www.ruiqigo.com\/de\/wp-json\/wp\/v2\/product\/3626\/revisions"}],"wp:featuredmedia":[{"embeddable":true,"href":"https:\/\/www.ruiqigo.com\/de\/wp-json\/wp\/v2\/media\/3629"}],"wp:attachment":[{"href":"https:\/\/www.ruiqigo.com\/de\/wp-json\/wp\/v2\/media?parent=3626"}],"wp:term":[{"taxonomy":"product-tag","embeddable":true,"href":"https:\/\/www.ruiqigo.com\/de\/wp-json\/wp\/v2\/product-tag?post=3626"},{"taxonomy":"products","embeddable":true,"href":"https:\/\/www.ruiqigo.com\/de\/wp-json\/wp\/v2\/products?post=3626"}],"curies":[{"name":"wp","href":"https:\/\/api.w.org\/{rel}","templated":true}]}}