{"id":3645,"date":"2025-06-16T11:20:07","date_gmt":"2025-06-16T03:20:07","guid":{"rendered":"https:\/\/www.ruiqigo.com\/?post_type=product&#038;p=3645"},"modified":"2025-06-19T09:22:49","modified_gmt":"2025-06-19T01:22:49","slug":"sensitive-toothpaste","status":"publish","type":"product","link":"https:\/\/www.ruiqigo.com\/de\/product\/sensitive-toothpaste","title":{"rendered":"Zahnpasta f\u00fcr empfindliche Z\u00e4hne"},"content":{"rendered":"<h2 class=\"wp-block-heading\">Herstellung von Zahnpasta f\u00fcr empfindliche Z\u00e4hne \u2013 g\u00e4ngige Formeln<\/h2>\n\n\n\n<p>Es verwendet haupts\u00e4chlich die Wirkstoffe Kaliumnitrat und Nano-Hydroxylapatit, um die Zahnempfindlichkeit zu verringern, starke, durch Stimulation verursachte Schmerzen wirksam zu lindern, indem Schmerzsignale daran gehindert werden, die Nervenenden zu erreichen, und eine dichte Schutzschicht auf der Zahnoberfl\u00e4che zu bilden, die nicht nur \u00e4u\u00dferen Reizen standh\u00e4lt, sondern auch die Remineralisierung des Zahnschmelzes f\u00f6rdert, die Widerstandsf\u00e4higkeit der Z\u00e4hne gegen S\u00e4ureerosion verbessert, das Problem der Zahnempfindlichkeit grundlegend lindert und einen umfassenden Schutz der Mundgesundheit bietet.<\/p>\n\n\n\n<h2 class=\"wp-block-heading\">Anwendungsszenarien f\u00fcr Zahnpasta f\u00fcr empfindliche Z\u00e4hne<\/h2>\n\n\n\n<p>Zahnpasta f\u00fcr empfindliche Z\u00e4hne eignet sich f\u00fcr verschiedene Situationen, l\u00f6st Zahnempfindlichkeitsprobleme und f\u00f6rdert die Mundgesundheit, insbesondere in folgenden F\u00e4llen: Bei Zahnempfindlichkeit aufgrund von Zahnschmelzerosion kann die Anwendung von Zahnpasta f\u00fcr empfindliche Z\u00e4hne die durch Reizung verursachten Schmerzen lindern, indem sie die Nerven l\u00e4hmt und eine Schutzschicht bildet. Bei Patienten mit Zahnfleischr\u00fcckgang kann sie Beschwerden lindern und freiliegende Bereiche sch\u00fctzen. Nach einer Zahnaufhellung kann sie diese Nebenwirkung neutralisieren, sodass Sie weiterhin Bleaching-Produkte verwenden k\u00f6nnen.<\/p>\n\n\n\n<h2 class=\"wp-block-heading\">F\u00fcr wen ist die Sensitiv-Zahnpasta geeignet?<\/h2>\n\n\n\n<p>Die Zahnpasta \u201eSensitive\u201c ist f\u00fcr bestimmte Personengruppen geeignet, die unter Zahnempfindlichkeitsproblemen leiden, und wird insbesondere folgenden Verbrauchern empfohlen:<\/p>\n\n\n\n<p>1. Menschen, die h\u00e4ufig unter empfindlichen Z\u00e4hnen leiden.<\/p>\n\n\n\n<p>2. Menschen mit Problemen mit dem Zahnschmelzverschlei\u00df.<\/p>\n\n\n\n<p>3. Personen, die aufgrund von Zahnfleischr\u00fcckgang und freiliegenden Zahnwurzeln empfindlich sind.<\/p>\n\n\n\n<p>4. Menschen, die aufgrund genetischer Faktoren oder der nat\u00fcrlichen Ausd\u00fcnnung des Zahnschmelzes mit zunehmendem Alter zu empfindlichen Z\u00e4hnen neigen.<\/p>\n\n\n\n<p>5. Menschen, die Zahnempfindlichkeiten aktiv vorbeugen und ihre Mundgesundheit langfristig erhalten m\u00f6chten.<\/p>\n\n\n\n<h2 class=\"wp-block-heading\">Herstellungsprozess von Sensitive-Zahnpasta<\/h2>\n\n\n\n<p>Als professioneller Hersteller von Zahnpasta f\u00fcr empfindliche Z\u00e4hne setzen wir die folgenden standardisierten und hochentwickelten Produktionsprozesse ein, um die Qualit\u00e4t und Wirksamkeit unserer Produkte sicherzustellen:<\/p>\n\n\n\n<p>1) W\u00e4hlen Sie Rohstoffe wie Kaliumnitrat, Nanohydroxylapatit (n-Ha) und Fluorid streng aus, um sicherzustellen, dass die Inhaltsstoffe den Standards der Mundpflege entsprechen.<\/p>\n\n\n\n<p>2) Verh\u00e4ltniskontrolle: Wirkstoffe und Hilfsstoffe genau messen und mischen.<\/p>\n\n\n\n<p>3) Gleichm\u00e4\u00dfiges Mischen: Verwenden Sie moderne Mischger\u00e4te, um eine gleichm\u00e4\u00dfige Verteilung zu gew\u00e4hrleisten und eine stabile Pastenstruktur zu bilden, um eine gleichbleibende Wirksamkeit zu gew\u00e4hrleisten.<\/p>\n\n\n\n<p>4) Verwenden Sie die Niedertemperatur-Dispersionstechnologie, um n-Ha und andere Mineralien vollst\u00e4ndig zu aktivieren und ihnen so zu helfen, Zahnschmelzdefekte besser zu reparieren und eine Schutzbarriere gegen empfindliche Ausl\u00f6ser zu bilden.<\/p>\n\n\n\n<p>5) F\u00fcllen Sie in einer sauberen und sterilen Umgebung ab, um eine Kontamination zu verhindern und gleichzeitig die Aktivit\u00e4t der Inhaltsstoffe aufrechtzuerhalten sowie die Produktsicherheit und Haltbarkeit zu gew\u00e4hrleisten.<\/p>","protected":false},"excerpt":{"rendered":"Sensitive Toothpaste Manufacturing Common Formulas It mainly uses potassium nitrate and nano-hydroxyapatite active ingredients to reduce tooth sensitivity, effectively reduce the severe pain caused by stimulation by blocking pain signals from reaching nerve endings, and form a dense protective layer on the tooth surface, which can not only resist external stimuli, but also promote enamel [&hellip;]","protected":false},"featured_media":3646,"menu_order":0,"template":"","meta":[],"product-tag":[],"products":[71],"class_list":["post-3645","product","type-product","status-publish","has-post-thumbnail","hentry","products-toothpaste"],"acf":[],"_links":{"self":[{"href":"https:\/\/www.ruiqigo.com\/de\/wp-json\/wp\/v2\/product\/3645","targetHints":{"allow":["GET"]}}],"collection":[{"href":"https:\/\/www.ruiqigo.com\/de\/wp-json\/wp\/v2\/product"}],"about":[{"href":"https:\/\/www.ruiqigo.com\/de\/wp-json\/wp\/v2\/types\/product"}],"version-history":[{"count":0,"href":"https:\/\/www.ruiqigo.com\/de\/wp-json\/wp\/v2\/product\/3645\/revisions"}],"wp:featuredmedia":[{"embeddable":true,"href":"https:\/\/www.ruiqigo.com\/de\/wp-json\/wp\/v2\/media\/3646"}],"wp:attachment":[{"href":"https:\/\/www.ruiqigo.com\/de\/wp-json\/wp\/v2\/media?parent=3645"}],"wp:term":[{"taxonomy":"product-tag","embeddable":true,"href":"https:\/\/www.ruiqigo.com\/de\/wp-json\/wp\/v2\/product-tag?post=3645"},{"taxonomy":"products","embeddable":true,"href":"https:\/\/www.ruiqigo.com\/de\/wp-json\/wp\/v2\/products?post=3645"}],"curies":[{"name":"wp","href":"https:\/\/api.w.org\/{rel}","templated":true}]}}