{"id":3650,"date":"2025-06-16T16:18:09","date_gmt":"2025-06-16T08:18:09","guid":{"rendered":"https:\/\/www.ruiqigo.com\/?post_type=product&#038;p=3650"},"modified":"2025-06-19T09:17:47","modified_gmt":"2025-06-19T01:17:47","slug":"restorative-conditioner","status":"publish","type":"product","link":"https:\/\/www.ruiqigo.com\/de\/product\/restorative-conditioner","title":{"rendered":"Aufbauender Conditioner"},"content":{"rendered":"<h2 class=\"wp-block-heading\">G\u00e4ngige Formeln zur Herstellung von regenerierenden Conditionern<\/h2>\n\n\n\n<p>Aufbausp\u00fclungen bestehen haupts\u00e4chlich aus Aminos\u00e4uren, Kokosnuss- und Jackfruchtextrakten sowie Chiasamen. Aminos\u00e4uren haben eine hervorragende feuchtigkeitsspendende und pflegende Wirkung und versorgen Haar und Kopfhaut tiefenwirksam mit N\u00e4hrstoffen. Kokosnuss- und Jackfruchtextrakte sind reich an nat\u00fcrlichen N\u00e4hrstoffen, spenden Feuchtigkeit, pflegen das Haar und machen es weicher. Chiasamen k\u00f6nnen bestehende Sch\u00e4den reparieren und zuk\u00fcnftigen Sch\u00e4den vorbeugen. Als professioneller Hersteller aufbauender Sp\u00fclungen haben wir uns zum Ziel gesetzt, krauses Haar bei gesch\u00e4digtem Haar zu gl\u00e4tten, tiefenwirksam Feuchtigkeit zu spenden, stumpfes Haar zu verbessern und ihm von innen heraus Geschmeidigkeit und Gesundheit zu verleihen.<\/p>\n\n\n\n<h2 class=\"wp-block-heading\">Anwendungsszenarien f\u00fcr restaurative Sp\u00fclungen<\/h2>\n\n\n\n<p>Aufbauende Sp\u00fclungen sind in der Haarpflege unverzichtbar. Nach chemischen Behandlungen wie Dauerwellen und F\u00e4rben wird das Haar br\u00fcchig und stumpf. Diese Sp\u00fclung enth\u00e4lt Aminos\u00e4uren und Pflanzenextrakte, um gesch\u00e4digte Haarkutikeln zu reparieren und dem Haar Geschmeidigkeit und Glanz zur\u00fcckzugeben. F\u00fcr alle, die h\u00e4ufig Hitzestyling-Tools verwenden, kann die Formel mit aufbauenden Inhaltsstoffen wie Chiasamen Hitzesch\u00e4den ausgleichen und Haarbruch reduzieren. Ob Sie \u00fcberstrapaziertes Haar retten, es nach dem Hitzestyling sch\u00fctzen oder nat\u00fcrlich krauses und trockenes Haar b\u00e4ndigen m\u00f6chten \u2013 aufbauende Sp\u00fclungen erf\u00fcllen Ihre Bed\u00fcrfnisse.<\/p>\n\n\n\n<h2 class=\"wp-block-heading\">Herstellungsprozess von regenerierendem Conditioner<\/h2>\n\n\n\n<p>Die regenerierende Sp\u00fclung folgt einem professionellen Produktionsprozess. Rohstoffe wie Aminos\u00e4uren, Kokosnuss- und Jackfruchtextrakte werden streng gepr\u00fcft, um Qualit\u00e4t und Reinheit zu gew\u00e4hrleisten. W\u00e4hrend der Produktion werden Temperatur und Druck in Prozessen wie der Emulgierung streng kontrolliert, um den Verlust von Wirkstoffen zu vermeiden. Schlie\u00dflich werden umweltfreundliche und ungiftige Verpackungsmaterialien verwendet. Dieser Produktionsprozess garantiert die Qualit\u00e4t und Wirksamkeit der regenerierenden Sp\u00fclung und sorgt f\u00fcr eine effektive Haarreparatur.<\/p>","protected":false},"excerpt":{"rendered":"Restorative conditioner manufacturing common formulas Restorative conditioner is mainly composed of amino acids, coconut and jackfruit plant extracts, and chia seeds. Amino acids have excellent moisturizing and nourishing effects, deeply replenishing nutrients for hair and scalp; coconut and jackfruit extracts are rich in natural nutrients, further replenishing moisture and nourishing, and improving hair softness; chia [&hellip;]","protected":false},"featured_media":3652,"menu_order":0,"template":"","meta":[],"product-tag":[],"products":[52],"class_list":["post-3650","product","type-product","status-publish","has-post-thumbnail","hentry","products-conditioner"],"acf":[],"_links":{"self":[{"href":"https:\/\/www.ruiqigo.com\/de\/wp-json\/wp\/v2\/product\/3650","targetHints":{"allow":["GET"]}}],"collection":[{"href":"https:\/\/www.ruiqigo.com\/de\/wp-json\/wp\/v2\/product"}],"about":[{"href":"https:\/\/www.ruiqigo.com\/de\/wp-json\/wp\/v2\/types\/product"}],"version-history":[{"count":0,"href":"https:\/\/www.ruiqigo.com\/de\/wp-json\/wp\/v2\/product\/3650\/revisions"}],"wp:featuredmedia":[{"embeddable":true,"href":"https:\/\/www.ruiqigo.com\/de\/wp-json\/wp\/v2\/media\/3652"}],"wp:attachment":[{"href":"https:\/\/www.ruiqigo.com\/de\/wp-json\/wp\/v2\/media?parent=3650"}],"wp:term":[{"taxonomy":"product-tag","embeddable":true,"href":"https:\/\/www.ruiqigo.com\/de\/wp-json\/wp\/v2\/product-tag?post=3650"},{"taxonomy":"products","embeddable":true,"href":"https:\/\/www.ruiqigo.com\/de\/wp-json\/wp\/v2\/products?post=3650"}],"curies":[{"name":"wp","href":"https:\/\/api.w.org\/{rel}","templated":true}]}}