{"id":3659,"date":"2025-06-17T11:21:26","date_gmt":"2025-06-17T03:21:26","guid":{"rendered":"https:\/\/www.ruiqigo.com\/?post_type=product&#038;p=3659"},"modified":"2025-06-19T09:15:23","modified_gmt":"2025-06-19T01:15:23","slug":"cleansing-conditioner","status":"publish","type":"product","link":"https:\/\/www.ruiqigo.com\/de\/product\/cleansing-conditioner","title":{"rendered":"Reinigungssp\u00fclung"},"content":{"rendered":"<h2 class=\"wp-block-heading\">Herstellung g\u00e4ngiger Formeln f\u00fcr Reinigungssp\u00fclungen<\/h2>\n\n\n\n<p>Die reinigende Sp\u00fclung wurde sorgf\u00e4ltig mit einer Vielzahl wichtiger nat\u00fcrlicher Inhaltsstoffe formuliert, um eine sanfte Reinigung und n\u00e4hrende Pflege zu gew\u00e4hrleisten. \u00c4therisches Rosmarin\u00f6l hat erfrischende Eigenschaften, die nicht nur Trockenheit und Juckreiz der Kopfhaut bek\u00e4mpfen und die Kopfhaut reinigen, sondern auch Schuppenprobleme l\u00f6sen und ein ges\u00fcnderes Kopfhautmilieu schaffen k\u00f6nnen. Argan\u00f6l ist reich an Fetts\u00e4uren und Vitaminen, die tief ins Haar eindringen, Feuchtigkeit spenden, Frizz gl\u00e4tten, den nat\u00fcrlichen Glanz des Haares verst\u00e4rken und das Haar weich und leicht frisierbar machen. Jojoba\u00f6l \u00e4hnelt in seiner Zusammensetzung dem nat\u00fcrlichen Talg der Kopfhaut. Es ist ein leichter Feuchtigkeitsspender, der das Haar pflegt, ohne es zu beschweren, gesch\u00e4digtes Haar repariert und die Haarelastizit\u00e4t verbessert. Diese sorgf\u00e4ltig ausgew\u00e4hlten Inhaltsstoffe wirken zusammen, um eine reinigende Sp\u00fclung zu kreieren, die das Haar effektiv reinigt, pflegt, repariert und sch\u00fctzt. Das Haar bleibt sauber, erfrischt und strahlt nat\u00fcrlichen Glanz aus.<\/p>\n\n\n\n<h2 class=\"wp-block-heading\">Anwendungsszenarien f\u00fcr Reinigungssp\u00fclungen<\/h2>\n\n\n\n<p>Kl\u00e4rende Sp\u00fclungen sind perfekt f\u00fcr jede Haarpflegeroutine. F\u00fcr den t\u00e4glichen Gebrauch eignen sie sich perfekt f\u00fcr alle, die eine sanfte Reinigung w\u00fcnschen, ohne dem Haar seine nat\u00fcrlichen \u00d6le zu entziehen. Nach dem Sport erfrischen sie verschwitztes, fettiges Haar und pflegen es gleichzeitig. Auch f\u00fcr gesch\u00e4digtes oder coloriertes Haar eignen sie sich hervorragend, da die sanfte Formel empfindliche Str\u00e4hnen sch\u00fctzt. Ob f\u00fcr eine schnelle Haarw\u00e4sche zu Hause, unterwegs oder nach dem Aufenthalt im Freien \u2013 kl\u00e4rende Sp\u00fclungen sorgen in jeder Situation f\u00fcr sauberes, geschmeidiges und leicht k\u00e4mmbares Haar.<\/p>\n\n\n\n<h2 class=\"wp-block-heading\">F\u00fcr wen ist die Reinigungssp\u00fclung geeignet?<\/h2>\n\n\n\n<p>Clarifying Conditioner ist f\u00fcr jeden geeignet. Trockenes und strapaziertes Haar durch h\u00e4ufiges F\u00e4rben, Hitzestyling oder Umwelteinfl\u00fcsse kann durch die feuchtigkeitsspendende und reparierende Formel wieder Geschmeidigkeit und Kraft erlangen. Bei fettigem Haar k\u00f6nnen die sanft reinigenden, nicht reizenden und die Kopfhaut erfrischenden Eigenschaften helfen, die Fettigkeit zu verbessern. Gesundes Haar kann zudem Feuchtigkeit und K\u00e4mmbarkeit bewahren. Ob spr\u00f6des Haar nach chemischen Behandlungen, fettiges Haar, das eine sanfte Erfrischung ben\u00f6tigt, oder einfach nur Ihr Haar in bestem Zustand halten m\u00f6chten \u2013 Clarifying Conditioner bietet Ihnen ma\u00dfgeschneiderte Pflege f\u00fcr geschmeidigeres, lebendigeres Haar.<\/p>\n\n\n\n<h2 class=\"wp-block-heading\">Herstellungsprozess von Reinigungssp\u00fclungen<\/h2>\n\n\n\n<p>Die Herstellung von Reinigungssp\u00fclungen erfordert einen strengen Prozess zur Qualit\u00e4tssicherung. Nat\u00fcrliche Inhaltsstoffe wie Argan\u00f6l und Jojoba\u00f6l werden sorgf\u00e4ltig ausgew\u00e4hlt, um ihre Reinheit und Wirksamkeit zu gew\u00e4hrleisten. W\u00e4hrend der Rezepturentwicklung werden diese Inhaltsstoffe mit milden Tensiden und Pflegestoffen kombiniert. W\u00e4hrend des Produktionsprozesses werden Temperatur und Zeit streng kontrolliert, um die Synergie der Inhaltsstoffe zu optimieren und die Wirksamkeit der pflegenden Inhaltsstoffe zu erhalten. Schlie\u00dflich werden umweltfreundliche und ungiftige Verpackungsmaterialien verwendet, um die Produktintegrit\u00e4t und Anwendersicherheit zu gew\u00e4hrleisten. Jeder Schritt, von der Inhaltsstoffpr\u00fcfung bis zur Verpackung, zielt darauf ab, eine Reinigungssp\u00fclung zu entwickeln, die das Haar effektiv reinigt, pflegt und sch\u00fctzt und gleichzeitig hohe Qualit\u00e4ts- und Nachhaltigkeitsstandards erf\u00fcllt.<\/p>\n\n\n\n<p><\/p>","protected":false},"excerpt":{"rendered":"Cleansing conditioner manufacturing common formulas The cleansing conditioner is carefully formulated with a variety of key natural ingredients to achieve gentle cleansing and nourishing care. Rosemary essential oil has refreshing properties, which can not only fight dryness and itching of the scalp, purify the scalp, but also solve dandruff problems and create a healthier scalp [&hellip;]","protected":false},"featured_media":3660,"menu_order":0,"template":"","meta":[],"product-tag":[],"products":[52],"class_list":["post-3659","product","type-product","status-publish","has-post-thumbnail","hentry","products-conditioner"],"acf":[],"_links":{"self":[{"href":"https:\/\/www.ruiqigo.com\/de\/wp-json\/wp\/v2\/product\/3659","targetHints":{"allow":["GET"]}}],"collection":[{"href":"https:\/\/www.ruiqigo.com\/de\/wp-json\/wp\/v2\/product"}],"about":[{"href":"https:\/\/www.ruiqigo.com\/de\/wp-json\/wp\/v2\/types\/product"}],"version-history":[{"count":0,"href":"https:\/\/www.ruiqigo.com\/de\/wp-json\/wp\/v2\/product\/3659\/revisions"}],"wp:featuredmedia":[{"embeddable":true,"href":"https:\/\/www.ruiqigo.com\/de\/wp-json\/wp\/v2\/media\/3660"}],"wp:attachment":[{"href":"https:\/\/www.ruiqigo.com\/de\/wp-json\/wp\/v2\/media?parent=3659"}],"wp:term":[{"taxonomy":"product-tag","embeddable":true,"href":"https:\/\/www.ruiqigo.com\/de\/wp-json\/wp\/v2\/product-tag?post=3659"},{"taxonomy":"products","embeddable":true,"href":"https:\/\/www.ruiqigo.com\/de\/wp-json\/wp\/v2\/products?post=3659"}],"curies":[{"name":"wp","href":"https:\/\/api.w.org\/{rel}","templated":true}]}}