{"id":366,"date":"2024-07-08T09:50:29","date_gmt":"2024-07-08T01:50:29","guid":{"rendered":"https:\/\/ruiqigo.com\/?post_type=product&#038;p=366"},"modified":"2024-10-28T15:36:38","modified_gmt":"2024-10-28T07:36:38","slug":"vanilla-body-wash","status":"publish","type":"product","link":"https:\/\/www.ruiqigo.com\/de\/product\/vanilla-body-wash","title":{"rendered":"Vanille-Duschgel"},"content":{"rendered":"<h3 class=\"wp-block-heading\">Herstellung von Vanille-Duschgel \u2013 g\u00e4ngige Formeln<\/h3>\n\n\n\n<p>Der Hauptbestandteil dieses Vanille-Duschgels ist nat\u00fcrliches \u00e4therisches Vanille\u00f6l. Das \u00e4therische Vanille\u00f6l ist reich an nat\u00fcrlichen Phyton\u00e4hrstoffen wie Vitaminen und Mineralien, die nicht nur dem Bad einen angenehmen Duft verleihen, sondern auch die Haut n\u00e4hren. Gleichzeitig haben wir der Formel auch Haferflocken, Kamille und andere nat\u00fcrliche Pflanzenextrakte hinzugef\u00fcgt, die die Haut sanft reinigen und ihr auch eine st\u00e4rkere Pflegewirkung verleihen. Alle Inhaltsstoffe werden streng gepr\u00fcft, um die Sicherheit und Wirksamkeit des Produkts zu gew\u00e4hrleisten, damit Sie ein hochwertiges nat\u00fcrliches Badeprodukt erhalten.<\/p>\n\n\n\n<h3 class=\"wp-block-heading\">Vanille-Duschgel Anwendbare Szenarien<\/h3>\n\n\n\n<p>Dieses Vanille-Duschgel ist f\u00fcr alle Jahreszeiten und Klimazonen geeignet. Im leidenschaftlichen Sommer kann sein frischer und angenehmer Duft f\u00fcr v\u00f6llige Entspannung sorgen, aber auch die Haut frisch und sauber halten; im kalten und trockenen Winter k\u00f6nnen seine reichhaltigen, pflegenden Inhaltsstoffe die Haut umfassend pflegen und Trockenheit und andere Probleme lindern.<\/p>\n\n\n\n<h3 class=\"wp-block-heading\">F\u00fcr wen ist das Vanilla Duschgel geeignet?<\/h3>\n\n\n\n<p>Mit seinen beruhigenden und feuchtigkeitsspendenden Eigenschaften ist Vanille-Duschgel f\u00fcr alle Hauttypen geeignet, insbesondere f\u00fcr Benutzer, die ein nat\u00fcrliches Aromaerlebnis suchen. F\u00fcr Menschen mit trockener Haut oder Entspannungsbed\u00fcrfnissen bietet die sanfte und feuchtigkeitsspendende Wirkung von Vanille das ideale Badevergn\u00fcgen. Es ist auch f\u00fcr Umweltbewusste geeignet, da das Produkt in umweltfreundlichen Materialien verpackt ist.<\/p>\n\n\n\n<h3 class=\"wp-block-heading\">Herstellungsprozess von Vanille-Duschgel<\/h3>\n\n\n\n<p>Bei der Herstellung von Vanilla Body Wash werden sorgf\u00e4ltig ausgew\u00e4hlte Vanilleschoten verwendet, um den Duft zu extrahieren, und das nat\u00fcrliche Aroma und die hautpflegenden Inhaltsstoffe der Vanille bleiben durch ein Kaltextraktionsverfahren erhalten. W\u00e4hrend des Produktionsprozesses werden das Verh\u00e4ltnis und der pH-Wert der Formel streng kontrolliert, um sicherzustellen, dass das Produkt mild und nicht reizend ist und gleichzeitig den nat\u00fcrlichen pH-Wert der Haut aufrechterh\u00e4lt.<\/p>","protected":false},"excerpt":{"rendered":"Vanilla body wash manufacturing Common Formulas The core ingredient of this Vanilla Body Wash is natural vanilla essential oil. Vanilla essential oil is rich in natural phytonutrients such as vitamins and minerals, which not only make bath time scented, but also nourish the skin. At the same time, we also added oatmeal, chamomile and other [&hellip;]","protected":false},"featured_media":367,"menu_order":0,"template":"","meta":[],"product-tag":[],"products":[57],"class_list":["post-366","product","type-product","status-publish","has-post-thumbnail","hentry","products-body-wash"],"acf":[],"_links":{"self":[{"href":"https:\/\/www.ruiqigo.com\/de\/wp-json\/wp\/v2\/product\/366","targetHints":{"allow":["GET"]}}],"collection":[{"href":"https:\/\/www.ruiqigo.com\/de\/wp-json\/wp\/v2\/product"}],"about":[{"href":"https:\/\/www.ruiqigo.com\/de\/wp-json\/wp\/v2\/types\/product"}],"version-history":[{"count":0,"href":"https:\/\/www.ruiqigo.com\/de\/wp-json\/wp\/v2\/product\/366\/revisions"}],"wp:featuredmedia":[{"embeddable":true,"href":"https:\/\/www.ruiqigo.com\/de\/wp-json\/wp\/v2\/media\/367"}],"wp:attachment":[{"href":"https:\/\/www.ruiqigo.com\/de\/wp-json\/wp\/v2\/media?parent=366"}],"wp:term":[{"taxonomy":"product-tag","embeddable":true,"href":"https:\/\/www.ruiqigo.com\/de\/wp-json\/wp\/v2\/product-tag?post=366"},{"taxonomy":"products","embeddable":true,"href":"https:\/\/www.ruiqigo.com\/de\/wp-json\/wp\/v2\/products?post=366"}],"curies":[{"name":"wp","href":"https:\/\/api.w.org\/{rel}","templated":true}]}}