{"id":3665,"date":"2025-06-18T15:07:52","date_gmt":"2025-06-18T07:07:52","guid":{"rendered":"https:\/\/www.ruiqigo.com\/?post_type=product&#038;p=3665"},"modified":"2025-06-18T15:07:52","modified_gmt":"2025-06-18T07:07:52","slug":"body-wash-for-women","status":"publish","type":"product","link":"https:\/\/www.ruiqigo.com\/de\/product\/body-wash-for-women","title":{"rendered":"Duschgel f\u00fcr Frauen"},"content":{"rendered":"<h2 class=\"wp-block-heading\">Duschgel f\u00fcr Frauen Herstellung g\u00e4ngiger Formeln<\/h2>\n\n\n\n<p>Als professioneller Hersteller von Duschgels f\u00fcr Frauen w\u00e4hlen wir nat\u00fcrliche Pflanzenessenzen sowie hochwirksame feuchtigkeitsspendende und tiefenpflegende Inhaltsstoffe aus und setzen uns f\u00fcr eine sanfte und effektive Reinigung und feuchtigkeitsspendende Regeneration der Haut ein. Diese Inhaltsstoffe spenden der Haut tiefenwirksam Feuchtigkeit, st\u00e4rken ihre nat\u00fcrliche Barriere, helfen ihr, hydratisiert, gesund und gl\u00e4nzend zu bleiben und machen jedes Bad zu einem Moment sanfter Pflege.\u00a0 <\/p>\n\n\n\n<p><strong>1. Kokos\u00f6l:<\/strong> Als nat\u00fcrliches Reinigungsmittel entfernt Kokos\u00f6l sanft Schmutz und \u00d6l und spendet gleichzeitig der Haut Feuchtigkeit. Seine reichhaltige Fetts\u00e4urezusammensetzung tr\u00e4gt au\u00dferdem dazu bei, die Hautbarriere zu erhalten, Feuchtigkeitsverlust vorzubeugen und die Haut nach der Reinigung glatt und elastisch zu halten.&nbsp;<\/p>\n\n\n\n<p><strong>2. Glycerin: <\/strong>Glycerin ist ein hochwirksames Feuchtigkeitsmolek\u00fcl, das Feuchtigkeit aus der Luft absorbiert, die Haut langanhaltend mit Feuchtigkeit versorgt, Trockenheit und Spannungsgef\u00fchl nach dem Waschen effektiv reduziert und f\u00fcr weiche und mit Feuchtigkeit versorgte Haut sorgt. Seine milden Eigenschaften eignen sich besonders f\u00fcr empfindliche Haut und tragen zum angenehmen Hautgef\u00fchl bei.&nbsp;<\/p>\n\n\n\n<p><strong>3. Vitamin E: <\/strong>Dieser starke antioxidative Inhaltsstoff kann die Haut vor Sch\u00e4den durch freie Radikale sch\u00fctzen, sie vor Umwelteinfl\u00fcssen sch\u00fctzen und die Hautalterung verz\u00f6gern. Er hat au\u00dferdem reparierende und beruhigende Wirkungen, sodass Baden der erste Schritt in der Anti-Aging-Pflege ist.&nbsp;<\/p>\n\n\n\n<p><strong>4. Sheabutter:<\/strong> Sheabutter ist ein tief feuchtigkeitsspendender Inhaltsstoff, reich an nat\u00fcrlichen Fetts\u00e4uren und Vitamin E. Sie kann einen Schutzfilm auf der Hautoberfl\u00e4che bilden, Trockenheit und Rauheit wirksam vorbeugen und die Weichheit und Elastizit\u00e4t der Haut verbessern.&nbsp;<\/p>\n\n\n\n<p><strong>5. Ceramid:<\/strong> Es handelt sich um eine nat\u00fcrliche Lipidkomponente und einen wichtigen Bestandteil der Hautbarriere. Es kann den Schutz der Hornschicht verbessern, den Wasserverlust reduzieren und die Widerstandsf\u00e4higkeit der Haut gegen \u00e4u\u00dfere Reize verbessern. Es eignet sich sehr gut f\u00fcr trockene und empfindliche Haut.&nbsp;<\/p>\n\n\n\n<p><strong>6. Natriumhyaluronat:<\/strong> Natriumhyaluronat ist ein kraftvoller Feuchtigkeitsspender mit hervorragender Wasserbindungsf\u00e4higkeit. Es versorgt die Haut nach dem Baden kontinuierlich mit Feuchtigkeit und sorgt f\u00fcr ein strahlendes Hautgef\u00fchl. Es ist f\u00fcr Frauen jeden Alters geeignet.&nbsp;<\/p>\n\n\n\n<h2 class=\"wp-block-heading\">Die Funktionen von Duschgel f\u00fcr Frauen<\/h2>\n\n\n\n<p>Unser Duschgel f\u00fcr Frauen hat eine einzigartige Formel und hervorragende Leistung. Es kombiniert nat\u00fcrliche Inhaltsstoffe und fortschrittliche Technologie, um der Haut zahlreiche Vorteile zu bieten.&nbsp;<\/p>\n\n\n\n<p><strong>1. Sanfte Reinigung:<\/strong> Die Formel des Duschgels f\u00fcr Frauen verwendet milde Tenside, die die Haut effektiv reinigen, ohne die nat\u00fcrliche Hautbarriere zu sch\u00e4digen. Es ist besonders f\u00fcr empfindliche Haut geeignet, um Reizungen und Beschwerden zu vermeiden.&nbsp;<\/p>\n\n\n\n<p><strong>2. Langanhaltende Tiefenfeuchtigkeit:<\/strong> Duschgel f\u00fcr Frauen ist reich an verschiedenen feuchtigkeitsspendenden Inhaltsstoffen wie Glycerin, Panthenol usw., die die Haut tiefenwirksam mit Feuchtigkeit versorgen, die Feuchtigkeit nach dem Baden einschlie\u00dfen, die Haut hydratisiert, weich und nicht trocken halten und Spannungsgef\u00fchle reduzieren.\u00a0<\/p>\n\n\n\n<p><strong>3. St\u00e4rkung der Hautbarriere:<\/strong> Dieses Produkt enth\u00e4lt Inhaltsstoffe wie Ceramid und Vitamin E, die die Selbstreparatur- und Widerstandsf\u00e4higkeit der Haut nach dem Baden wirksam verbessern, die Hautbarriere st\u00e4rken, die Widerstandsf\u00e4higkeit der Haut gegen \u00e4u\u00dfere Reize verbessern und einen gesunden Hautzustand bewahren k\u00f6nnen.&nbsp;<\/p>\n\n\n\n<p><strong>4. Empfindliches hautfreundliches Design:<\/strong> Unser Duschgel f\u00fcr Frauen besteht aus einer seifenfreien, alkoholfreien und wenig reizenden Formel, kombiniert mit beruhigenden Inhaltsstoffen, die die Haut nicht sch\u00e4digen und sehr sanft zu empfindlicher Haut sind.\u00a0<\/p>\n\n\n\n<p><strong>5. Langanhaltender und angenehmer Duft:<\/strong> Das Duschgel f\u00fcr Frauen verwendet einen nat\u00fcrlichen Pflanzenduft. Der Duft ist nat\u00fcrlich und langanhaltend, was das Vergn\u00fcgen bei der Anwendung effektiv steigern kann.&nbsp;<\/p>\n\n\n\n<h2 class=\"wp-block-heading\">So verwenden Sie Duschgel f\u00fcr Frauen<\/h2>\n\n\n\n<p>Mit nur wenigen Handgriffen genie\u00dfen Sie die vielf\u00e4ltigen Effekte der sanften Reinigung, tiefenwirksamen Feuchtigkeitsversorgung und des langanhaltenden Duftes. Zur Verst\u00e4rkung der Reinigungskraft empfiehlt sich die Anwendung mit einem Badeball oder Schaumnetz.&nbsp;<\/p>\n\n\n\n<p>1. Befeuchten Sie Ihre gesamte Haut, geben Sie eine angemessene Menge Duschgel auf Ihre Handfl\u00e4che oder einen Badeball und reiben Sie es sanft, bis reichhaltiger Schaum entsteht.<\/p>\n\n\n\n<p>2. Tragen Sie es gleichm\u00e4\u00dfig auf Ihren ganzen K\u00f6rper auf und massieren Sie Ihre Haut sanft. Achten Sie dabei besonders auf trockene oder raue Stellen.<\/p>\n\n\n\n<p>3. Gr\u00fcndlich mit klarem Wasser absp\u00fclen, um sicherzustellen, dass keine R\u00fcckst\u00e4nde zur\u00fcckbleiben.<\/p>\n\n\n\n<p>4. Nach dem Baden k\u00f6nnen Sie es mit K\u00f6rperlotion oder \u00e4therischem \u00d6l verwenden, um die feuchtigkeitsspendende Wirkung zu verst\u00e4rken.<\/p>\n\n\n\n<h2 class=\"wp-block-heading\">Vorsicht<\/h2>\n\n\n\n<p>Um eine sichere und wirksame Anwendung des Duschgels f\u00fcr Frauen zu gew\u00e4hrleisten, befolgen Sie diese Tipps, um das beste Behandlungserlebnis zu erzielen und potenzielle Probleme zu vermeiden.&nbsp;<\/p>\n\n\n\n<p><strong>1. Allergietest:<\/strong> Es wird empfohlen, vor der ersten Anwendung einen lokalen Hauttest durchzuf\u00fchren, um sicherzustellen, dass keine allergischen Reaktionen auftreten, bevor Sie das Produkt gro\u00dffl\u00e4chig anwenden. Sollten allergische Reaktionen oder Beschwerden auftreten, beenden Sie die Anwendung bitte sofort und suchen Sie einen Arzt auf.&nbsp;<\/p>\n\n\n\n<p><strong>2. Kontakt mit den Augen vermeiden:<\/strong> Vermeiden Sie w\u00e4hrend der Anwendung den Kontakt des Duschgels mit den Augen. Sollte es versehentlich in die Augen gelangen, sp\u00fclen Sie diese sofort mit klarem Wasser aus, um Beschwerden oder Reizungen zu vermeiden.&nbsp;<\/p>\n\n\n\n<p><strong>3. Vorsichtsma\u00dfnahmen f\u00fcr die Lagerung:<\/strong> Bitte k\u00fchl und trocken lagern und direkte Sonneneinstrahlung vermeiden. Au\u00dferhalb der Reichweite von Kindern aufbewahren, um versehentliches Verschlucken zu vermeiden.&nbsp;<\/p>\n\n\n\n<p><strong>4. Empfohlene Anwendungsh\u00e4ufigkeit: <\/strong>Es wird empfohlen, es einmal t\u00e4glich zu verwenden, um \u00fcberm\u00e4\u00dfiges Reinigen zu vermeiden, das die Barriere besch\u00e4digen k\u00f6nnte.&nbsp;<\/p>\n\n\n\n<h2 class=\"wp-block-heading\">Abschluss<\/h2>\n\n\n\n<p>Duschgel f\u00fcr Frauen ist ein hochwertiges K\u00f6rperpflegeprodukt, das sanft, reinigend und intensiv pflegend wirkt. Seine Hauptvorteile sind die sichere Formel, die komfortable Anwendung und die hervorragende Wirkung, die den vielf\u00e4ltigen Bed\u00fcrfnissen von Frauen nach Reinigung, Feuchtigkeitspflege und Wohlbefinden gerecht wird. Regelm\u00e4\u00dfige Anwendung kann Hautrauheit und Trockenheit effektiv lindern und das Hautgef\u00fchl und den Glanz verbessern.<\/p>","protected":false},"excerpt":{"rendered":"Body Wash For Women Manufacturing Common Formulas As a professional body wash for women manufacturer, we select natural plant essences, highly effective moisturizing and deeply nourishing ingredients, and are committed to providing gentle and effective cleansing and moisturizing repair for women. These ingredients deeply moisturize the skin, strengthen its natural barrier, help the skin stay [&hellip;]","protected":false},"featured_media":3666,"menu_order":0,"template":"","meta":[],"product-tag":[],"products":[57],"class_list":["post-3665","product","type-product","status-publish","has-post-thumbnail","hentry","products-body-wash"],"acf":[],"_links":{"self":[{"href":"https:\/\/www.ruiqigo.com\/de\/wp-json\/wp\/v2\/product\/3665","targetHints":{"allow":["GET"]}}],"collection":[{"href":"https:\/\/www.ruiqigo.com\/de\/wp-json\/wp\/v2\/product"}],"about":[{"href":"https:\/\/www.ruiqigo.com\/de\/wp-json\/wp\/v2\/types\/product"}],"version-history":[{"count":0,"href":"https:\/\/www.ruiqigo.com\/de\/wp-json\/wp\/v2\/product\/3665\/revisions"}],"wp:featuredmedia":[{"embeddable":true,"href":"https:\/\/www.ruiqigo.com\/de\/wp-json\/wp\/v2\/media\/3666"}],"wp:attachment":[{"href":"https:\/\/www.ruiqigo.com\/de\/wp-json\/wp\/v2\/media?parent=3665"}],"wp:term":[{"taxonomy":"product-tag","embeddable":true,"href":"https:\/\/www.ruiqigo.com\/de\/wp-json\/wp\/v2\/product-tag?post=3665"},{"taxonomy":"products","embeddable":true,"href":"https:\/\/www.ruiqigo.com\/de\/wp-json\/wp\/v2\/products?post=3665"}],"curies":[{"name":"wp","href":"https:\/\/api.w.org\/{rel}","templated":true}]}}