{"id":3671,"date":"2025-06-18T11:10:21","date_gmt":"2025-06-18T03:10:21","guid":{"rendered":"https:\/\/www.ruiqigo.com\/?post_type=product&#038;p=3671"},"modified":"2025-06-19T09:09:34","modified_gmt":"2025-06-19T01:09:34","slug":"herbal-essences-conditioner","status":"publish","type":"product","link":"https:\/\/www.ruiqigo.com\/de\/product\/herbal-essences-conditioner","title":{"rendered":"Herbal Essences Sp\u00fclung"},"content":{"rendered":"<h2 class=\"wp-block-heading\">Herstellung von Conditionern mit Kr\u00e4uteressenzen \u2013 g\u00e4ngige Formeln<\/h2>\n\n\n\n<p>Dieser REAL SPRING Herbal Essences Conditioner verwendet eine Vielzahl nat\u00fcrlicher Inhaltsstoffe f\u00fcr eine sanfte und effektive Haarpflegel\u00f6sung. Kokos\u00f6l ist reich an Fetts\u00e4uren, die in das Haar eindringen, Feuchtigkeit speichern, Trockenheit bek\u00e4mpfen und die Geschmeidigkeit verbessern. Argan\u00f6l ist reich an Vitaminen und Antioxidantien, gl\u00e4ttet Frizz, verleiht Glanz und st\u00e4rkt das Haar von der Wurzel bis zur Spitze. Avocado\u00f6l enth\u00e4lt N\u00e4hrstoffe wie \u00d6ls\u00e4ure, um das Haar tiefenwirksam zu n\u00e4hren, Sch\u00e4den zu reparieren und die Elastizit\u00e4t zu verbessern. Dank dieser Inhaltsstoffe reinigt der Conditioner sanft R\u00fcckst\u00e4nde und pflegt das Haar umfassend. Das Ergebnis ist ein seidiges, leicht frisierbares Haar mit nat\u00fcrlichem Glanz.<\/p>\n\n\n\n<h2 class=\"wp-block-heading\">Anwendungsszenarien f\u00fcr den Conditioner mit Kr\u00e4uteressenzen<\/h2>\n\n\n\n<p>Herbal Essence Conditioner eignen sich f\u00fcr vielf\u00e4ltige Haarpflegebed\u00fcrfnisse. F\u00fcr die t\u00e4gliche Haarpflege pflegen und gl\u00e4tten sie das Haar sanft und machen es weich und leicht frisierbar, ohne es zu belasten. Nach einem Tag voller Sonne und Wind spenden sie Feuchtigkeit und reparieren kleinere, durch Umwelteinfl\u00fcsse verursachte Sch\u00e4den. Bei trockenem und krausem Haar kann die regelm\u00e4\u00dfige Anwendung das Haar geschmeidiger machen und seinen nat\u00fcrlichen Glanz verst\u00e4rken. Ob f\u00fcr die regelm\u00e4\u00dfige Pflege zu Hause, die Pflege auf Reisen oder nach der Anwendung von Stylingprodukten \u2013 Herbal Essence Conditioner pflegen effektiv und sorgen daf\u00fcr, dass Ihr Haar gesund aussieht und sich in verschiedenen Situationen leicht stylen l\u00e4sst.<\/p>\n\n\n\n<h2 class=\"wp-block-heading\">F\u00fcr wen ist Herbal Essences Conditioner geeignet?<\/h2>\n\n\n\n<p>Herbal Essence Conditioner ist f\u00fcr viele Menschen geeignet. Er eignet sich f\u00fcr trockenes und krauses Haar. \u00c4therische Pflanzen\u00f6le (wie Kokosnuss- und Argan\u00f6l) spenden tiefenwirksam Feuchtigkeit und b\u00e4ndigen krauses Haar. Auch gef\u00e4rbtes Haar profitiert von den sanften Kr\u00e4uterextrakten, die die Farbe sch\u00fctzen und fixieren, ohne das Haar zu sch\u00e4digen. Durch Hitzestyling und chemische Einfl\u00fcsse gesch\u00e4digtes Haar kann die pflegende Formel das Haar reparieren und st\u00e4rken. Selbst fettiges Haar wird durch die leichten nat\u00fcrlichen Inhaltsstoffe sanft gereinigt und der Fetthaushalt ausgeglichen, ohne das Haar auszutrocknen. Ob zur t\u00e4glichen Pflege gesunder Haare oder zur gezielten Reparatur gesch\u00e4digter Haare \u2013 Herbal Essence Conditioner pflegt und macht das Haar geschmeidiger und kr\u00e4ftiger.<\/p>\n\n\n\n<h2 class=\"wp-block-heading\">Herstellungsprozess von Herbal Essences Conditioner<\/h2>\n\n\n\n<p>Die Herstellung des Herbal Essence Conditioners erfolgt in einem strengen, mehrstufigen Prozess zur Qualit\u00e4tssicherung. Nat\u00fcrliche Inhaltsstoffe wie Kokosnuss\u00f6l, Nuss\u00f6l und Pflanzenextrakte werden sorgf\u00e4ltig ausgew\u00e4hlt und die Lieferanten streng gepr\u00fcft, um ihre Reinheit, Nachhaltigkeit und Wirksamkeit sicherzustellen. W\u00e4hrend der Rezepturentwicklung werden diese nat\u00fcrlichen Inhaltsstoffe mit milden Emulgatoren, Feuchtigkeitsspendern und Haarpflegemitteln kombiniert. W\u00e4hrend des Produktionsprozesses werden Temperatur und Mischzeit pr\u00e4zise kontrolliert, um die Synergie der Inhaltsstoffe zu optimieren und die Wirksamkeit der pflegenden Inhaltsstoffe zu erhalten. Nach dem Mischen wird das Produkt auf Konsistenz und Sicherheit gepr\u00fcft. Abschlie\u00dfend wird es in umweltfreundlichen und ungiftigen Verpackungsmaterialien verpackt. Jeder Schritt von der Auswahl der Inhaltsstoffe bis zur Verpackung zielt darauf ab, einen Conditioner zu entwickeln, der das Haar effektiv pflegt, gl\u00e4ttet und sch\u00fctzt und gleichzeitig hohe Qualit\u00e4ts- und Umweltstandards erf\u00fcllt.<\/p>","protected":false},"excerpt":{"rendered":"Herbal essences conditioner manufacturing common formulas This REAL SPRING Herbal Essences Conditioner uses a variety of natural ingredients to create a gentle and effective hair care solution. Coconut oil is rich in fatty acids, which can penetrate the hair to lock in moisture, fight dryness, and improve suppleness; Argan oil is rich in vitamins and [&hellip;]","protected":false},"featured_media":3678,"menu_order":0,"template":"","meta":[],"product-tag":[],"products":[52],"class_list":["post-3671","product","type-product","status-publish","has-post-thumbnail","hentry","products-conditioner"],"acf":[],"_links":{"self":[{"href":"https:\/\/www.ruiqigo.com\/de\/wp-json\/wp\/v2\/product\/3671","targetHints":{"allow":["GET"]}}],"collection":[{"href":"https:\/\/www.ruiqigo.com\/de\/wp-json\/wp\/v2\/product"}],"about":[{"href":"https:\/\/www.ruiqigo.com\/de\/wp-json\/wp\/v2\/types\/product"}],"version-history":[{"count":0,"href":"https:\/\/www.ruiqigo.com\/de\/wp-json\/wp\/v2\/product\/3671\/revisions"}],"wp:featuredmedia":[{"embeddable":true,"href":"https:\/\/www.ruiqigo.com\/de\/wp-json\/wp\/v2\/media\/3678"}],"wp:attachment":[{"href":"https:\/\/www.ruiqigo.com\/de\/wp-json\/wp\/v2\/media?parent=3671"}],"wp:term":[{"taxonomy":"product-tag","embeddable":true,"href":"https:\/\/www.ruiqigo.com\/de\/wp-json\/wp\/v2\/product-tag?post=3671"},{"taxonomy":"products","embeddable":true,"href":"https:\/\/www.ruiqigo.com\/de\/wp-json\/wp\/v2\/products?post=3671"}],"curies":[{"name":"wp","href":"https:\/\/api.w.org\/{rel}","templated":true}]}}