{"id":3680,"date":"2025-06-18T17:20:18","date_gmt":"2025-06-18T09:20:18","guid":{"rendered":"https:\/\/www.ruiqigo.com\/?post_type=product&#038;p=3680"},"modified":"2025-06-19T09:13:24","modified_gmt":"2025-06-19T01:13:24","slug":"biotin-shampoo-and-conditioner","status":"publish","type":"product","link":"https:\/\/www.ruiqigo.com\/de\/product\/biotin-shampoo-and-conditioner","title":{"rendered":"Biotin-Shampoo und -Sp\u00fclung"},"content":{"rendered":"<h2 class=\"wp-block-heading\">Herstellung g\u00e4ngiger Formeln f\u00fcr Biotin-Shampoo und -Sp\u00fclung<\/h2>\n\n\n\n<p>Bei der Herstellung dieses Biotin-Shampoos und -Conditioners verwenden wir eine Vielzahl nat\u00fcrlicher Inhaltsstoffe, die zusammenwirken, um das Haar zu reinigen, zu n\u00e4hren, zu st\u00e4rken und die Kopfhaut zu pflegen.<\/p>\n\n\n\n<p>1. Biotin: Biotin, auch bekannt als Vitamin B7, ist der Hauptbestandteil. Es spielt eine Schl\u00fcsselrolle bei der F\u00f6rderung der Keratinsynthese, reduziert Haarbruch, macht das Haar dicker und verbessert die allgemeine Vitalit\u00e4t des Haares, indem es die Gesundheit der Haarfollikel verbessert und eine solide Grundlage f\u00fcr kr\u00e4ftiges Haar legt.<\/p>\n\n\n\n<p>2. Lavendel: Lavendelextrakt beruhigt die Kopfhaut, lindert Reizungen und Juckreiz, und sein angenehmer Duft sorgt f\u00fcr ein Gef\u00fchl der Entspannung. Seine antioxidativen Eigenschaften sch\u00fctzen das Haar vor Umweltsch\u00e4den, tragen zur Regulierung der Talgproduktion der Kopfhaut bei und verleihen ihm einen leichten, frischen Blumenduft, der das Anwendungserlebnis versch\u00f6nert.<\/p>\n\n\n\n<p>3. Ginseng: Ginseng-Extrakt f\u00f6rdert die Durchblutung der Kopfhaut und erleichtert die N\u00e4hrstoffzufuhr zu den Haarfollikeln. Er revitalisiert stumpfes Haar, verbessert Haarst\u00e4rke und -elastizit\u00e4t und hilft bei Haarausfall, indem er die Haarfollikelfunktion optimiert und dem Haar so zu neuer Vitalit\u00e4t verhilft.<\/p>\n\n\n\n<p>4. Rotalgen: Rotalgen sind reich an Mineralien, Vitaminen und Aminos\u00e4uren, spenden tiefe Feuchtigkeit, bilden einen Schutzfilm, der die Feuchtigkeit einschlie\u00dft, vor \u00e4u\u00dferen Sch\u00e4den wie UV-Strahlen und Umweltverschmutzung sch\u00fctzt und au\u00dferdem die Haarschuppen gl\u00e4ttet, dem Haar Glanz verleiht und f\u00fcr ein ges\u00fcnderes Aussehen sorgt.<\/p>\n\n\n\n<p>5. Gardenie: Gardenienextrakt pflegt das Haar und macht es weicher und leichter frisierbar. Nat\u00fcrliche Inhaltsstoffe n\u00e4hren die Kopfhaut, reduzieren Frizz und verleihen einen leicht blumigen Duft. Sie tragen au\u00dferdem zur Gesundheit des Kopfhautmikrobioms bei und schaffen so eine g\u00fcnstige Umgebung f\u00fcr das Haarwachstum.<\/p>\n\n\n\n<h2 class=\"wp-block-heading\">Die Funktionen von Biotin-Shampoo und Sp\u00fclung<\/h2>\n\n\n\n<p>Als professionelles biotinhaltiges Haarpflegeprodukt vereint es die reinigenden Vorteile eines Shampoos mit den pflegenden Eigenschaften einer Sp\u00fclung und sorgt durch nat\u00fcrliche Inhaltsstoffe wie Biotin, Lavendel und Ginseng f\u00fcr ein sanftes und effektives Haarpflegeerlebnis.<\/p>\n\n\n\n<p>1. Starke N\u00e4hrstoffversorgung: Der Hauptbestandteil Biotin f\u00f6rdert die Keratinproduktion, st\u00e4rkt das Haar von innen heraus und wird mit hydrolysiertem Keratin kombiniert, um gesch\u00e4digtes Haar zu reparieren, Haarbruch zu reduzieren und die allgemeine Vitalit\u00e4t tiefenwirksam zu n\u00e4hren und zu revitalisieren.<\/p>\n\n\n\n<p>2. Feuchtigkeitsspeicherung: Rotalgenextrakt bildet eine wasserspeichernde Barriere, Gardenien- und Lavendelextrakte beruhigen die Kopfhaut, erg\u00e4nzen synergetisch die Feuchtigkeit des Haares, speichern die nat\u00fcrliche Feuchtigkeit, beugen Trockenheit und Kr\u00e4useln vor und machen das Haar weich, geschmeidig und mit Feuchtigkeit versorgt.<\/p>\n\n\n\n<p>3. Sanfte Reinigung: Verzichten Sie auf reizende Sulfate und verwenden Sie sanfte, nat\u00fcrliche Reinigungsstoffe, um Schmutz, \u00d6l und R\u00fcckst\u00e4nde effektiv zu entfernen. Reinigt unter Beibehaltung der nat\u00fcrlichen \u00d6le des Haares, geeignet f\u00fcr den t\u00e4glichen Gebrauch und empfindliche Kopfhaut, erfrischend und nicht reizend nach dem Waschen.<\/p>\n\n\n\n<p>4. Kopfhautpflege und -beruhigung: Ginseng f\u00f6rdert die Durchblutung und versorgt die Haarfollikel mit N\u00e4hrstoffen; Lavendel und Gardenie lindern Reizungen, lindern Juckreiz, gleichen die Fettproduktion der Kopfhaut aus, schaffen ein gesundes Umfeld f\u00fcr das Haarwachstum und verbessern das Wohlbefinden der Kopfhaut.<\/p>\n\n\n\n<p>5. Strahlend und geschmeidig: Hydrolysiertes Keratin gl\u00e4ttet die Haarschuppen, Rotalgen verleihen Glanz, die Formel gl\u00e4ttet krauses Haar, reduziert Verfilzungen, verleiht dem Haar einen nat\u00fcrlichen und gesunden Glanz und verbessert die K\u00e4mmbarkeit und Sch\u00f6nheit.<\/p>\n\n\n\n<p>6. Schonend f\u00fcr gef\u00e4rbtes Haar: Die sanfte Formel sch\u00e4digt die Haarschuppen nicht und beschleunigt nicht das Verblassen der Farbe, hilft dabei, die Leuchtkraft gef\u00e4rbter Haarfarbe zu erhalten, sch\u00fctzt gef\u00e4rbtes Haar vor Umweltsch\u00e4den, verl\u00e4ngert die Haltbarkeit der Haarfarbe und sorgt daf\u00fcr, dass gef\u00e4rbtes Haar strahlend leuchtet.<\/p>\n\n\n\n<h2 class=\"wp-block-heading\">So verwenden Sie Biotin-Shampoo und -Sp\u00fclung<\/h2>\n\n\n\n<p>Unsere Biotin-Shampoo- und Sp\u00fclungsprodukte kombinieren Reinigung und Pflege, eignen sich f\u00fcr eine Vielzahl von Haarpflegebed\u00fcrfnissen und sind einfach anzuwenden.<\/p>\n\n\n\n<p>1. Haare anfeuchten: Befeuchten Sie Ihr Haar zun\u00e4chst mit warmem Wasser, um sicherzustellen, dass jede einzelne Haarstr\u00e4hne mit Feuchtigkeit versorgt ist, damit das Produkt gleichm\u00e4\u00dfig verteilt werden und seine volle Wirkung entfalten kann.<\/p>\n\n\n\n<p>2. Produkt anwenden: Geben Sie eine angemessene Menge des Produkts in Ihre Handfl\u00e4che, reiben Sie Ihre H\u00e4nde sanft, um es leicht zu emulgieren, und tragen Sie es anschlie\u00dfend gleichm\u00e4\u00dfig auf Kopfhaut und Haar auf. Massieren Sie Ihre Kopfhaut 1\u20132 Minuten lang sanft mit kreisenden Bewegungen, um die Durchblutung zu f\u00f6rdern und dem Produkt zu erm\u00f6glichen, Kopfhaut und Haar vollst\u00e4ndig zu pflegen.<\/p>\n\n\n\n<p>3. Gr\u00fcndlich aussp\u00fclen: Nach der Massage das Haar mit warmem Wasser aussp\u00fclen, bis keine Produktr\u00fcckst\u00e4nde mehr vorhanden sind. Achten Sie darauf, dass Schaum und Formelbestandteile vollst\u00e4ndig ausgewaschen werden, damit Ihr Haar frisch und sauber bleibt.<\/p>\n\n\n\n<p>4. Optionale Nachbehandlung: Wenn Ihr Haar trocken oder gesch\u00e4digt ist und Sie die Feuchtigkeitsversorgung verbessern m\u00f6chten, k\u00f6nnen Sie eine kleine Menge \u00e4therisches Haarpflege\u00f6l auf das noch leicht feuchte Haar auftragen. Lassen Sie Ihr Haar anschlie\u00dfend an der Luft trocknen oder f\u00f6hnen Sie es bei niedriger Temperatur, um eine glatte Textur zu erhalten.<\/p>\n\n\n\n<h2 class=\"wp-block-heading\">Vorsicht<\/h2>\n\n\n\n<p>1. W\u00e4hlen Sie das richtige Produkt entsprechend Ihrem Haartyp, um die besten Ergebnisse zu erzielen.<\/p>\n\n\n\n<p>2. Bei der ersten Anwendung eine kleine Menge des Produkts hinter dem Ohr auftragen. Sollten allergische Reaktionen wie Kribbeln oder R\u00f6tungen auftreten, beenden Sie die Anwendung sofort.<\/p>\n\n\n\n<p>3. Verwenden Sie das Produkt nach Bedarf.<\/p>\n\n\n\n<p>4. Bei den meisten Haartypen 2-3 Mal pro Woche anwenden. Bei d\u00fcnnem oder fettigem Haar 3-4 Mal pro Woche anwenden. Sofern Ihr Haar nicht extrem trocken ist, kann h\u00e4ufige Anwendung das nat\u00fcrliche Gleichgewicht Ihrer Kopfhaut st\u00f6ren.<\/p>\n\n\n\n<p>5. Bewahren Sie das Produkt an einem k\u00fchlen und trockenen Ort auf, fern von direkter Sonneneinstrahlung und hohen Temperaturen.<\/p>\n\n\n\n<h2 class=\"wp-block-heading\">Abschluss<\/h2>\n\n\n\n<p>Biotin Shampoo und Sp\u00fclung bieten eine umfassende Haarpflegel\u00f6sung. Es enth\u00e4lt nat\u00fcrliche Inhaltsstoffe wie Biotin, Lavendel, Ginseng usw., die das Haar sanft reinigen, tiefenwirksam pflegen und st\u00e4rken. Die 2-in-1-Formel eignet sich f\u00fcr alle Haartypen und Anwendungsszenarien, von der t\u00e4glichen Pflege bis zur Reparatur nach dem Styling. F\u00fcr ges\u00fcnderes, kr\u00e4ftigeres und lebendigeres Haar. Ob f\u00fcr die t\u00e4gliche Pflege oder die Behandlung spezifischer Haarprobleme \u2013 dieses Produkt vereint Wirksamkeit und Sanftheit und sorgt f\u00fcr optimale Haargesundheit.<\/p>\n\n\n\n<p><\/p>","protected":false},"excerpt":{"rendered":"Biotin Shampoo And Conditioner Manufacturing Common Formulas When producing this biotin shampoo and conditioner, we use a variety of natural ingredients that work together to clean, nourish, strengthen hair, and care for the scalp. 1. Biotin: Biotin, also known as vitamin B7, is the core ingredient. It plays a key role in promoting keratin synthesis, [&hellip;]","protected":false},"featured_media":3683,"menu_order":0,"template":"","meta":[],"product-tag":[],"products":[54],"class_list":["post-3680","product","type-product","status-publish","has-post-thumbnail","hentry","products-shampoo-and-conditioner"],"acf":[],"_links":{"self":[{"href":"https:\/\/www.ruiqigo.com\/de\/wp-json\/wp\/v2\/product\/3680","targetHints":{"allow":["GET"]}}],"collection":[{"href":"https:\/\/www.ruiqigo.com\/de\/wp-json\/wp\/v2\/product"}],"about":[{"href":"https:\/\/www.ruiqigo.com\/de\/wp-json\/wp\/v2\/types\/product"}],"version-history":[{"count":0,"href":"https:\/\/www.ruiqigo.com\/de\/wp-json\/wp\/v2\/product\/3680\/revisions"}],"wp:featuredmedia":[{"embeddable":true,"href":"https:\/\/www.ruiqigo.com\/de\/wp-json\/wp\/v2\/media\/3683"}],"wp:attachment":[{"href":"https:\/\/www.ruiqigo.com\/de\/wp-json\/wp\/v2\/media?parent=3680"}],"wp:term":[{"taxonomy":"product-tag","embeddable":true,"href":"https:\/\/www.ruiqigo.com\/de\/wp-json\/wp\/v2\/product-tag?post=3680"},{"taxonomy":"products","embeddable":true,"href":"https:\/\/www.ruiqigo.com\/de\/wp-json\/wp\/v2\/products?post=3680"}],"curies":[{"name":"wp","href":"https:\/\/api.w.org\/{rel}","templated":true}]}}