{"id":3750,"date":"2025-07-03T11:06:55","date_gmt":"2025-07-03T03:06:55","guid":{"rendered":"https:\/\/www.ruiqigo.com\/?post_type=product&#038;p=3750"},"modified":"2025-07-03T11:06:56","modified_gmt":"2025-07-03T03:06:56","slug":"hand-cream-for-man","status":"publish","type":"product","link":"https:\/\/www.ruiqigo.com\/de\/product\/hand-cream-for-man","title":{"rendered":"Handcreme f\u00fcr M\u00e4nner"},"content":{"rendered":"<h2 class=\"wp-block-heading\">Handcreme f\u00fcr M\u00e4nner \u2013 Herstellung allgemeiner Formeln<\/h2>\n\n\n\n<p>Einer der Hauptbestandteile der Handcreme f\u00fcr M\u00e4nner ist Sheabutter. Sie ist reich an Fetts\u00e4uren und bildet einen feuchtigkeitsbindenden Film, der trockene H\u00e4nde durch h\u00e4ufige Aktivit\u00e4ten bek\u00e4mpft. Vitamin E, ein starkes Antioxidans, neutralisiert freie Radikale, reduziert Umweltsch\u00e4den und verz\u00f6gert die Hautalterung. Die Kombination dieser Inhaltsstoffe mildert raue, durch Arbeit oder Sport entstandene Haut, verbessert die Hautelastizit\u00e4t, lindert Trockenheit, verbessert die Hautstruktur, sorgt f\u00fcr schnelles Einziehen und fettet nicht. Die Creme eignet sich f\u00fcr die t\u00e4gliche Pflege von M\u00e4nnern und sorgt f\u00fcr gesunde und weiche H\u00e4nde.<\/p>\n\n\n\n<h2 class=\"wp-block-heading\">Handcreme f\u00fcr M\u00e4nner Anwendbare Szenarien<\/h2>\n\n\n\n<p>Diese Handcreme f\u00fcr M\u00e4nner eignet sich f\u00fcr viele Alltagssituationen. Nach Outdoor-Sportarten wie Radfahren und Basketball sind die H\u00e4nde trocken und dehydriert. Durch Auftragen wird die Feuchtigkeit schnell wieder aufgef\u00fcllt. Bei k\u00f6rperlicher Arbeit sch\u00fctzt die sch\u00fctzende Formel die H\u00e4nde vor Reibung und verhindert Rauheit und Risse. In einer trockenen B\u00fcroumgebung oder bei schlechtem Wetter wie kaltem Wind und sengender Sonne speichert sie die Feuchtigkeit und beugt rissigen H\u00e4nden vor. Diese Handcreme pflegt die H\u00e4nde von M\u00e4nnern sofort und sorgt f\u00fcr ein angenehmes Tragegef\u00fchl und umfassenden Schutz.<\/p>\n\n\n\n<h2 class=\"wp-block-heading\">F\u00fcr wen ist die Handcreme f\u00fcr M\u00e4nner geeignet?<\/h2>\n\n\n\n<p>Diese Handcreme f\u00fcr M\u00e4nner eignet sich f\u00fcr M\u00e4nner mit unterschiedlichen Handpflegebed\u00fcrfnissen. Sie eignet sich besonders f\u00fcr alle, die sich bei der Arbeit h\u00e4ufig die H\u00e4nde waschen, lange Zeit im Freien Wind und Sonne ausgesetzt sind oder trockene und raue H\u00e4nde haben. Sie spendet effektiv Feuchtigkeit, lindert Beschwerden und bildet eine Schutzschicht. Sie ist f\u00fcr M\u00e4nner jeden Hauttyps geeignet und sorgt f\u00fcr gesunde und angenehme H\u00e4nde.<\/p>\n\n\n\n<h2 class=\"wp-block-heading\">Herstellungsprozess der Handcreme f\u00fcr M\u00e4nner<\/h2>\n\n\n\n<p>Der Herstellungsprozess der Handcreme f\u00fcr M\u00e4nner konzentriert sich auf Wirksamkeit und Vertr\u00e4glichkeit mit der M\u00e4nnerhaut. Hochwertige Inhaltsstoffe wie Sheabutter und Vitamin E werden sorgf\u00e4ltig ausgew\u00e4hlt und durch pr\u00e4zise Extraktion erhalten. Der Anteil an Feuchtigkeitsspendern, Weichmachern und Schutzmitteln wird streng kontrolliert, um eine nicht klebende und leicht einziehende Textur zu schaffen, die den W\u00fcnschen der M\u00e4nner nach effizienter Anwendung entspricht. Es werden keine zus\u00e4tzlichen Duftstoffe oder Pigmente hinzugef\u00fcgt, was Hautreizungen reduziert, selbst wenn die H\u00e4nde h\u00e4ufig rauen Umgebungen ausgesetzt sind. Von der Rohstoffverarbeitung \u00fcber die Emulgierung bis hin zur Qualit\u00e4tskontrolle ist jeder Schritt darauf ausgerichtet, eine Handcreme zu kreieren, die intensiv pflegt und langanhaltend f\u00fcr M\u00e4nnerh\u00e4nde ist.<\/p>\n\n\n\n<p><\/p>","protected":false},"excerpt":{"rendered":"Hand cream for man manufacturing Common Formulas One of the key ingredients in the men&#8217;s hand cream formula is shea butter, which is rich in fatty acids and can form a moisture-locking film to combat dryness caused by frequent hand activities. Vitamin E is added, which is a powerful antioxidant that can neutralize free radicals, [&hellip;]","protected":false},"featured_media":3753,"menu_order":0,"template":"","meta":[],"product-tag":[],"products":[58],"class_list":["post-3750","product","type-product","status-publish","has-post-thumbnail","hentry","products-hand-cream"],"acf":[],"_links":{"self":[{"href":"https:\/\/www.ruiqigo.com\/de\/wp-json\/wp\/v2\/product\/3750","targetHints":{"allow":["GET"]}}],"collection":[{"href":"https:\/\/www.ruiqigo.com\/de\/wp-json\/wp\/v2\/product"}],"about":[{"href":"https:\/\/www.ruiqigo.com\/de\/wp-json\/wp\/v2\/types\/product"}],"version-history":[{"count":0,"href":"https:\/\/www.ruiqigo.com\/de\/wp-json\/wp\/v2\/product\/3750\/revisions"}],"wp:featuredmedia":[{"embeddable":true,"href":"https:\/\/www.ruiqigo.com\/de\/wp-json\/wp\/v2\/media\/3753"}],"wp:attachment":[{"href":"https:\/\/www.ruiqigo.com\/de\/wp-json\/wp\/v2\/media?parent=3750"}],"wp:term":[{"taxonomy":"product-tag","embeddable":true,"href":"https:\/\/www.ruiqigo.com\/de\/wp-json\/wp\/v2\/product-tag?post=3750"},{"taxonomy":"products","embeddable":true,"href":"https:\/\/www.ruiqigo.com\/de\/wp-json\/wp\/v2\/products?post=3750"}],"curies":[{"name":"wp","href":"https:\/\/api.w.org\/{rel}","templated":true}]}}