{"id":3781,"date":"2025-07-09T15:11:38","date_gmt":"2025-07-09T07:11:38","guid":{"rendered":"https:\/\/www.ruiqigo.com\/?post_type=product&#038;p=3781"},"modified":"2025-07-09T15:12:07","modified_gmt":"2025-07-09T07:12:07","slug":"glycolic-facial-toner","status":"publish","type":"product","link":"https:\/\/www.ruiqigo.com\/de\/product\/glycolic-facial-toner","title":{"rendered":"Glykol-Gesichtswasser"},"content":{"rendered":"<h2 class=\"wp-block-heading\">Herstellung g\u00e4ngiger Formeln f\u00fcr Gesichtswasser mit Glykols\u00e4ure<\/h2>\n\n\n\n<p>Als professioneller Hersteller von Glykol-Gesichtswasser w\u00e4hlen wir sorgf\u00e4ltig dermatologisch gepr\u00fcfte Wirkstoffe und Pflanzenextrakte f\u00fcr unsere Formel aus, um ein wirksames Gesichtswasser zu entwickeln, das reinigt, regeneriert und beruhigt. Unsere Produkte sind mild und nicht reizend, tragen zur Erhaltung der Hautgesundheit bei und bilden eine solide Grundlage f\u00fcr die nachfolgende Hautpflege.\u00a0<\/p>\n\n\n\n<p><strong>1. Glykols\u00e4ure: <\/strong>Glykols\u00e4ure dringt schnell in die Haut ein, baut angesammeltes Keratin ab, befreit die Poren schnell und kann gleichzeitig feine F\u00e4ltchen gl\u00e4tten. Sie ist ein wichtiger Inhaltsstoff zur Verbesserung rauer und matter Haut und eignet sich f\u00fcr die t\u00e4gliche Hautverj\u00fcngungspflege.\u00a0<\/p>\n\n\n\n<p><strong>2. Panthenol: <\/strong>Auch als Vitamin B5 bekannt, ist es ein kraftvoller feuchtigkeitsspendender und reparierender Inhaltsstoff mit hervorragenden feuchtigkeitsspendenden und beruhigenden Eigenschaften. Es kann der Haut helfen, Feuchtigkeit zu bewahren und das durch \u00e4u\u00dfere Reize verursachte Brennen und Unbehagen zu lindern.&nbsp;<\/p>\n\n\n\n<p><strong>3. Natriumhyaluronat: <\/strong>Dies ist eine hochwertige Feuchtigkeitscreme, die die Haut schnell mit Feuchtigkeit versorgt und die Feuchtigkeit w\u00e4hrend der Hautpflege einschlie\u00dft, wodurch Wasserverlust vermieden und die Haut mit Feuchtigkeit versorgt wird.&nbsp;<\/p>\n\n\n\n<p><strong>4. Hamamelis-Extrakt: <\/strong>Hamamelisextrakt wirkt adstringierend und beruhigend. Es kann die Hautfettproduktion regulieren, vergr\u00f6\u00dferte Poren verkleinern und Hautreizungen und R\u00f6tungen bei der Hautpflege lindern.&nbsp;<\/p>\n\n\n\n<p><strong>5. Natriumhyaluronat: <\/strong>Natriumhyaluronat ist ein Inhaltsstoff, der der Haut dabei helfen kann, Feuchtigkeit f\u00fcr lange Zeit zu speichern, die Haut weicher zu machen und die Haut weniger trocken und gespannt zu machen.&nbsp;<\/p>\n\n\n\n<h2 class=\"wp-block-heading\">Die Funktionen von Glykol-Gesichtswasser<\/h2>\n\n\n\n<p><strong>1. Verbessern Sie das Problem vergr\u00f6\u00dferter Poren:<\/strong> Die langfristige Verwendung von Glykol-Gesichtswasser kann die Normalisierung des Keratinstoffwechsels f\u00f6rdern und die \u00d6lverteilung der Haut ausgleichen, wodurch die erweiterten Poren auf der Hautoberfl\u00e4che verbessert und die Haut glatter und zarter gemacht werden.&nbsp;<\/p>\n\n\n\n<p><strong>2. Reduzieren Sie feine Linien und raue Haut:<\/strong> Glykols\u00e4ure kann die Kollagenproduktion leicht anregen, feine Linien und raue Haut verbessern und eignet sich sehr gut f\u00fcr Anwender, die eine \u201eAnti-Aging\u201c-Wirkung erzielen m\u00f6chten.&nbsp;<\/p>\n\n\n\n<p><strong>3. Verbessern Sie die Klarheit und Ausstrahlung Ihrer Haut: <\/strong>Die enthaltene Glykols\u00e4ure kann die abgestorbene Hautzellschicht abtragen, wodurch die Klarheit der Haut deutlich verbessert wird und sie heller und strahlender aussieht.&nbsp;<\/p>\n\n\n\n<p><strong>4. Sanfte und nicht reizende Formel: <\/strong>Glykol-Gesichtswasser enth\u00e4lt keinen Alkohol, keine k\u00fcnstlichen Duftstoffe und keine Pigmente und minimiert so Hautreizungen. Es ist f\u00fcr alle Hauttypen geeignet und unverzichtbar f\u00fcr die t\u00e4gliche Hautpflege.\u00a0<\/p>\n\n\n\n<p><strong>5. Signifikante Hautpflegewirkung: <\/strong>Die Glykols\u00e4ure im Glykol-Gesichtswasser kann die Erneuerung der Epidermiszellen beschleunigen, die nat\u00fcrliche Abschuppung von Keratin f\u00f6rdern, die Stoffwechseleffizienz verbessern, der Haut wieder einen gesunden Glanz verleihen und die Pflegewirkung ist sehr ausgepr\u00e4gt.\u00a0<\/p>\n\n\n\n<h2 class=\"wp-block-heading\">So verwenden Sie Glykol-Gesichtswasser<\/h2>\n\n\n\n<p>F\u00fcr eine optimale Hautpflegewirkung empfehlen wir die Anwendung eines Glykol-Gesichtswassers nach der Reinigung. Es kann morgens und abends angewendet werden, um die Haut beim Abbau abgestorbener Hautzellen zu unterst\u00fctzen und ihr Transparenz und Ausstrahlung wiederherzustellen.&nbsp;<\/p>\n\n\n\n<p><strong>1. Reinigung: <\/strong>Reinigen Sie Ihr Gesicht mit einem milden Reinigungsmittel und stellen Sie sicher, dass keine Unreinheiten oder Schmutzreste auf Ihrem Gesicht verbleiben. So legen Sie eine gute Grundlage f\u00fcr die nachfolgende Hautpflege.&nbsp;<\/p>\n\n\n\n<p><strong>2. So verwenden Sie dieses Produkt: <\/strong>Geben Sie eine angemessene Menge Glykol-Gesichtswasser auf ein Wattepad oder in Ihre Handfl\u00e4che und tragen Sie es sanft auf Ihr Gesicht auf. Vermeiden Sie dabei die Haut um die Augen.&nbsp;<\/p>\n\n\n\n<p><strong>3. Warten Sie auf die Absorption: <\/strong>Warten Sie 1\u20132 Minuten, bis die Haut es vollst\u00e4ndig aufgenommen hat, bevor Sie mit dem n\u00e4chsten Schritt der Hautpflege fortfahren.&nbsp;<\/p>\n\n\n\n<p><strong>4. Nachsorge: <\/strong>Dies kann mit Essenz, Lotion oder Creme verwendet werden, um den Effekt einer tiefenwirksamen Hautn\u00e4hrung und feuchtigkeitsspeichernden Reparatur zu erzielen.\u00a0<\/p>\n\n\n\n<p><strong>5. Auf Sonnenschutz achten:<\/strong> Bei der Anwendung tags\u00fcber verwenden Sie bitte Sonnenschutzmittel, um Lichtempfindlichkeitsreaktionen zu vermeiden, die die Wirksamkeit der Hautpflege beeintr\u00e4chtigen.\u00a0<\/p>\n\n\n\n<h2 class=\"wp-block-heading\">Vorsicht<\/h2>\n\n\n\n<p><strong>1. Hauttest: <\/strong>Um Allergien vorzubeugen, empfiehlt sich vor der ersten Anwendung ein Hauttest. Erstanwender sollten die Anwendungsh\u00e4ufigkeit schrittweise steigern, sobald sich eine Toleranz entwickelt hat, um Hautreizungen zu vermeiden.\u00a0<\/p>\n\n\n\n<p><strong>2. Augen und Lippen aussparen: <\/strong>Vermeiden Sie bei der Verwendung von Glykol-Gesichtswasser den Kontakt mit Augen und Lippen, um Reizungen und Beschwerden zu vermeiden.&nbsp;<\/p>\n\n\n\n<p><strong>3. Sonnenschutzma\u00dfnahmen verst\u00e4rken:<\/strong> Glykols\u00e4ure erh\u00f6ht die Lichtempfindlichkeit der Haut. Achten Sie bei der Anwendung unbedingt auf einen verst\u00e4rkten Sonnenschutz, um UV-Verbrennungen oder eine Verdunkelung der Haut zu vermeiden.&nbsp;<\/p>\n\n\n\n<p><strong>4. Schwangere sollten es mit Vorsicht verwenden: <\/strong>Bevor Sie w\u00e4hrend der Schwangerschaft ein Gesichtswasser auf Glykolbasis verwenden, sollten Sie zur Sicherheit unbedingt vorher einen Arzt konsultieren.\u00a0<\/p>\n\n\n\n<p><strong>5. Vermeiden Sie die Verwendung <\/strong>reizende Produkte: Von einer gleichzeitigen Anwendung mit Hautpflegeprodukten mit hohen Konzentrationen an Vitamin C, Retinol und anderen Inhaltsstoffen wird abgeraten, um die Belastung und Reizung der Haut nicht zu erh\u00f6hen.\u00a0<\/p>\n\n\n\n<h2 class=\"wp-block-heading\">Abschluss<\/h2>\n\n\n\n<p>Glykol-Gesichtswasser ist ein Multieffekt-Gesichtswasser zur Revitalisierung und Verbesserung der Hautqualit\u00e4t. Sein Hauptbestandteil, Glykols\u00e4ure, l\u00f6st abgestorbene Hautzellen effektiv auf, verkleinert Poren und feine Linien und sorgt f\u00fcr transparente und gesunde Haut. Die sanfte Formel eignet sich f\u00fcr verschiedene Hauttypen, insbesondere f\u00fcr Anwender mit gro\u00dfen Poren sowie rauer und matter Haut.<\/p>","protected":false},"excerpt":{"rendered":"Glycolic Facial Toner Manufacturing Common Formulas As a professional glycolic facial toner manufacturer, we carefully select active ingredients and plant extracts approved by dermatology in our formula to create an efficient toner that cleanses, rejuvenates and soothes. Our products are mild and non-irritating, helping the skin maintain a healthy state and laying a solid foundation [&hellip;]","protected":false},"featured_media":3782,"menu_order":0,"template":"","meta":[],"product-tag":[],"products":[67],"class_list":["post-3781","product","type-product","status-publish","has-post-thumbnail","hentry","products-facial-toner"],"acf":[],"_links":{"self":[{"href":"https:\/\/www.ruiqigo.com\/de\/wp-json\/wp\/v2\/product\/3781","targetHints":{"allow":["GET"]}}],"collection":[{"href":"https:\/\/www.ruiqigo.com\/de\/wp-json\/wp\/v2\/product"}],"about":[{"href":"https:\/\/www.ruiqigo.com\/de\/wp-json\/wp\/v2\/types\/product"}],"version-history":[{"count":0,"href":"https:\/\/www.ruiqigo.com\/de\/wp-json\/wp\/v2\/product\/3781\/revisions"}],"wp:featuredmedia":[{"embeddable":true,"href":"https:\/\/www.ruiqigo.com\/de\/wp-json\/wp\/v2\/media\/3782"}],"wp:attachment":[{"href":"https:\/\/www.ruiqigo.com\/de\/wp-json\/wp\/v2\/media?parent=3781"}],"wp:term":[{"taxonomy":"product-tag","embeddable":true,"href":"https:\/\/www.ruiqigo.com\/de\/wp-json\/wp\/v2\/product-tag?post=3781"},{"taxonomy":"products","embeddable":true,"href":"https:\/\/www.ruiqigo.com\/de\/wp-json\/wp\/v2\/products?post=3781"}],"curies":[{"name":"wp","href":"https:\/\/api.w.org\/{rel}","templated":true}]}}