{"id":3813,"date":"2025-07-11T17:07:46","date_gmt":"2025-07-11T09:07:46","guid":{"rendered":"https:\/\/www.ruiqigo.com\/?post_type=product&#038;p=3813"},"modified":"2025-07-11T17:07:46","modified_gmt":"2025-07-11T09:07:46","slug":"facial-mask-for-pimples","status":"publish","type":"product","link":"https:\/\/www.ruiqigo.com\/de\/product\/facial-mask-for-pimples","title":{"rendered":"Gesichtsmaske gegen Pickel"},"content":{"rendered":"<h2 class=\"wp-block-heading\">Gesichtsmaske f\u00fcr Pickel Herstellung Allgemeine Formeln<\/h2>\n\n\n\n<p>Als professioneller Hersteller von Gesichtsmasken gegen Pickel w\u00e4hlen wir Inhaltsstoffe mit wissenschaftlich nachgewiesener Wirkung aus, wie beispielsweise Salicyls\u00e4ure und Teebaum\u00f6l usw., und beginnen mit den drei Hauptaspekten \u00d6lkontrolle, Sterilisation und Beruhigung, um Hautprobleme wie Akne, geschlossene Komedonen und Mitesser umfassend zu behandeln.&nbsp;<\/p>\n\n\n\n<p><strong>1. Salicyls\u00e4ure: <\/strong>Salicyls\u00e4ure ist ein klassischer fettl\u00f6slicher Keratin-aufl\u00f6sender Inhaltsstoff, der tief in die Poren eindringen kann, um Talg- und Keratinpfropfen aufzul\u00f6sen, Mitesser und Whiteheads von der Haut zu entfernen, verstopften Poren vorzubeugen und das Auftreten von entz\u00fcndlicher Akne zu reduzieren.&nbsp;<\/p>\n\n\n\n<p><strong>2. \u00c4therisches Teebaum\u00f6l: <\/strong>Es verf\u00fcgt \u00fcber starke nat\u00fcrliche antibakterielle Eigenschaften und kann das Wachstum von Akne verursachenden Bakterien wie Propionibacterium acnes wirksam hemmen. Es hat au\u00dferdem eine gute adstringierende und entz\u00fcndungshemmende Wirkung und lindert R\u00f6tungen und Schwellungen bei Akne.&nbsp;<\/p>\n\n\n\n<p><strong>3. Centella asiatica-Extrakt: <\/strong>Centella asiatica-Extrakt hat hervorragende beruhigende und reparierende Eigenschaften. Es kann helfen, R\u00f6tungen und Juckreiz nach Hautreizungen zu reduzieren, die Heilung von Aknenarben zu f\u00f6rdern und die hauteigene Reparaturbarriere zu st\u00e4rken.&nbsp;<\/p>\n\n\n\n<p><strong>4. Gr\u00fcntee-Extrakt: <\/strong>Es ist reich an Teepolyphenolen, hat antioxidative und \u00f6lregulierende Wirkungen, kann \u00fcbersch\u00fcssiges \u00d6l neutralisieren, die allgemeine Frische der Haut verbessern und Sch\u00e4den durch \u00e4u\u00dfere Umweltverschmutzung bek\u00e4mpfen.&nbsp;<\/p>\n\n\n\n<h2 class=\"wp-block-heading\">Die Funktionen der Gesichtsmaske gegen Pickel<\/h2>\n\n\n\n<p><strong>1. Kraftvolle Wirkung:<\/strong> Die Gesichtsmaske gegen Pickel vereint porenreinigende, antibakterielle und entz\u00fcndungshemmende sowie beruhigende und reparierende Eigenschaften, um Akneprobleme an der Wurzel zu l\u00f6sen und einem erneuten Auftreten wirksam vorzubeugen. Sie eignet sich f\u00fcr die t\u00e4gliche Pflege aller Arten problematischer Haut.&nbsp;<\/p>\n\n\n\n<p><strong>2. Sanft und nicht reizend, geeignet f\u00fcr empfindliche, zu Akne neigende Haut: <\/strong>Unsere Formel enth\u00e4lt keinen Alkohol und keine reizenden Inhaltsstoffe und ist f\u00fcr empfindliche oder zu Entz\u00fcndungen neigende Aknehaut geeignet. W\u00e4hrend sie ihre Akne entfernende Wirkung entfaltet, minimiert sie Beschwerden.&nbsp;<\/p>\n\n\n\n<p><strong>3. Schnelltrocknende Geltextur:<\/strong> Die Gesichtsmaske gegen Pickel verwendet eine transparente Geltextur, die gut auf dem Gesicht haftet und schnell trocknet und einen Schutzfilm bildet. Nach dem Waschen ist die Haut sauber und spannt nicht.&nbsp;<\/p>\n\n\n\n<p><strong>4. Geeignet f\u00fcr verschiedene Hauttypen: <\/strong>Dieses Produkt eignet sich f\u00fcr fettige, Misch- und zu Akne neigende Haut. Es ist sowohl f\u00fcr M\u00e4nner als auch f\u00fcr Frauen geeignet, insbesondere f\u00fcr Jugendliche und Erwachsene mit Akne, die durch Stress und unregelm\u00e4\u00dfige Arbeit und Ruhe verursacht wird.&nbsp;<\/p>\n\n\n\n<p><strong>5. Kann mit einer Vielzahl von Hautpflegeverfahren verwendet werden:<\/strong> Als Nachtpflege oder t\u00e4gliche Reinigungsma\u00dfnahme kann die Gesichtsmaske gegen Pickel mit Reinigungsmitteln, Tonern, Essenzen, Lotionen usw. verwendet werden, um die synergistische Wirkung der Anti-Akne-Hautpflege zu verst\u00e4rken.<\/p>\n\n\n\n<h2 class=\"wp-block-heading\">So verwenden Sie eine Gesichtsmaske gegen Pickel<\/h2>\n\n\n\n<p>Die Gesichtsmaske gegen Pickel wird 2-3 Mal pro Woche als lokale Pflege oder als Ganzk\u00f6rperpflege empfohlen. Reinigen Sie Ihre Gesichtshaut vor der Anwendung gr\u00fcndlich. Um den Reparatureffekt zu erhalten, empfiehlt es sich, nach der Anwendung eine feuchtigkeitsspendende Essenz oder Lotion aufzutragen.&nbsp;<\/p>\n\n\n\n<p><strong>1. Abschminken und Gesichtsreinigung: <\/strong>Wenn Sie an diesem Tag Make-up tragen, verwenden Sie zun\u00e4chst einen milden Make-up-Entferner, um das Make-up gr\u00fcndlich zu entfernen, und verwenden Sie anschlie\u00dfend ein Reinigungsmittel mit mittlerer Reinigungskraft, um Ihr Gesicht zu reinigen.<\/p>\n\n\n\n<p><strong>2. Gesicht trocknen:<\/strong> Dr\u00fccken Sie nach der Reinigung sanft mit einem sauberen Handtuch, um Feuchtigkeit aufzunehmen, die Haut trocken zu halten und die Aufnahme der Maskenbestandteile zu erleichtern.<\/p>\n\n\n\n<p><strong>3. Nehmen Sie eine angemessene Menge der Maske:<\/strong> Verwenden Sie einen sauberen L\u00f6ffel oder Schaber, um eine angemessene Menge der Maske zu entnehmen, vermeiden Sie direkten Kontakt mit Ihren H\u00e4nden und reduzieren Sie die Umweltverschmutzung.<\/p>\n\n\n\n<p><strong>4. Gleichm\u00e4\u00dfig auf das Gesicht auftragen:<\/strong> Tragen Sie die Maske gleichm\u00e4\u00dfig auf die von Akne betroffenen Bereiche oder das gesamte Gesicht auf und vermeiden Sie dabei die empfindlichen Bereiche um die Augen und Lippen.<\/p>\n\n\n\n<p><strong>5. Warten Sie 10\u201315 Minuten:<\/strong> Halten Sie Ihr Gesicht entspannt und warten Sie, bis die Oberfl\u00e4che der Maske leicht, aber nicht vollst\u00e4ndig getrocknet ist.<\/p>\n\n\n\n<p><strong>6. Mit klarem Wasser absp\u00fclen: <\/strong>Sp\u00fclen Sie die Maske gr\u00fcndlich mit warmem Wasser ab und achten Sie dabei auf die Reinigung der R\u00e4nder wie Haaransatz und Nasenfl\u00fcgel.<\/p>\n\n\n\n<p><strong>7. Anschlie\u00dfende Hautpflege und Feuchtigkeitsversorgung:<\/strong> Verwenden Sie beruhigendes Gesichtswasser, Essenz oder Reparaturlotion, um die Haut mit Feuchtigkeit zu versorgen und die Barriere zu st\u00e4rken.<\/p>\n\n\n\n<h2 class=\"wp-block-heading\">Vorsicht<\/h2>\n\n\n\n<p><strong>1. Vermeiden Sie die Anwendung auf offenen Wunden oder gesch\u00e4digter Haut: <\/strong>Wenn die Akne ausgebrochen ist oder eine offensichtliche Wunde auf der Haut vorhanden ist, wird empfohlen, es nach der Wundheilung anzuwenden, um Reizungen oder Infektionen zu vermeiden.&nbsp;<\/p>\n\n\n\n<p><strong>2. Es wird empfohlen, vor der Anwendung einen lokalen Allergietest durchzuf\u00fchren:<\/strong> Bei der ersten Anwendung wird empfohlen, einen kleinen Test hinter dem Ohr oder am Kinn durchzuf\u00fchren und 24 Stunden lang zu beobachten, ob R\u00f6tungen, Schwellungen oder Reizungen auftreten, bevor Sie das Produkt im gesamten Gesicht anwenden.&nbsp;<\/p>\n\n\n\n<p><strong>3. Vermeiden Sie die Verwendung mit hochkonzentrierten S\u00e4uren:<\/strong> Wenn Sie Peelingprodukte wie Fruchts\u00e4ure und Salicyls\u00e4ure verwendet haben, verwenden Sie diese bitte in Abst\u00e4nden, um \u00dcberschneidungen und eine \u00fcberm\u00e4\u00dfige Hautempfindlichkeit zu vermeiden.&nbsp;<\/p>\n\n\n\n<p><strong>4. Feuchtigkeitsspendende und reparierende Wirkung nach der Anwendung verst\u00e4rken: <\/strong>Um zu vermeiden, dass \u00fcberm\u00e4\u00dfige Reinigung zu Trockenheit, Absch\u00e4len und anderen Problemen f\u00fchrt, wird empfohlen, mildes Feuchtigkeitswasser, Essenzen usw. zu verwenden, um den Wasserhaushalt rechtzeitig wieder aufzuf\u00fcllen.&nbsp;<\/p>\n\n\n\n<h2 class=\"wp-block-heading\">Abschluss<\/h2>\n\n\n\n<p>Die Gesichtsmaske gegen Pickel beseitigt Akne an der Wurzel, pflegt die Haut und beugt durch die synergistische Wirkung einer wissenschaftlichen Formel und multiwirksamer pflanzlicher Inhaltsstoffe einem erneuten Auftreten vor. Das Produkt hat eine milde Textur, ist einfach anzuwenden, f\u00fcr verschiedene Hauttypen und Personen geeignet und erf\u00fcllt die t\u00e4glichen Pflegebed\u00fcrfnisse von Aknepatienten \u2013 vom Jugendlichen bis zum Erwachsenen.<\/p>","protected":false},"excerpt":{"rendered":"Facial Mask For Pimples Manufacturing Common Formulas As a professional facial mask for pimples manufacturer, we select ingredients with scientifically proven effects, such as salicylic acid and tea tree oil, etc., and start from the three major aspects of oil control, sterilization, and soothing to comprehensively deal with skin problems such as acne, closed comedones, [&hellip;]","protected":false},"featured_media":3814,"menu_order":0,"template":"","meta":[],"product-tag":[],"products":[69],"class_list":["post-3813","product","type-product","status-publish","has-post-thumbnail","hentry","products-facial-mask"],"acf":[],"_links":{"self":[{"href":"https:\/\/www.ruiqigo.com\/de\/wp-json\/wp\/v2\/product\/3813","targetHints":{"allow":["GET"]}}],"collection":[{"href":"https:\/\/www.ruiqigo.com\/de\/wp-json\/wp\/v2\/product"}],"about":[{"href":"https:\/\/www.ruiqigo.com\/de\/wp-json\/wp\/v2\/types\/product"}],"version-history":[{"count":0,"href":"https:\/\/www.ruiqigo.com\/de\/wp-json\/wp\/v2\/product\/3813\/revisions"}],"wp:featuredmedia":[{"embeddable":true,"href":"https:\/\/www.ruiqigo.com\/de\/wp-json\/wp\/v2\/media\/3814"}],"wp:attachment":[{"href":"https:\/\/www.ruiqigo.com\/de\/wp-json\/wp\/v2\/media?parent=3813"}],"wp:term":[{"taxonomy":"product-tag","embeddable":true,"href":"https:\/\/www.ruiqigo.com\/de\/wp-json\/wp\/v2\/product-tag?post=3813"},{"taxonomy":"products","embeddable":true,"href":"https:\/\/www.ruiqigo.com\/de\/wp-json\/wp\/v2\/products?post=3813"}],"curies":[{"name":"wp","href":"https:\/\/api.w.org\/{rel}","templated":true}]}}