{"id":3827,"date":"2025-07-17T17:42:18","date_gmt":"2025-07-17T09:42:18","guid":{"rendered":"https:\/\/www.ruiqigo.com\/?post_type=product&#038;p=3827"},"modified":"2025-07-17T17:42:19","modified_gmt":"2025-07-17T09:42:19","slug":"eye-makeup-remover","status":"publish","type":"product","link":"https:\/\/www.ruiqigo.com\/de\/product\/eye-makeup-remover","title":{"rendered":"Augen-Make-up-Entferner"},"content":{"rendered":"<h2 class=\"wp-block-heading\">Herstellung g\u00e4ngiger Formeln f\u00fcr Augen-Make-up-Entferner<\/h2>\n\n\n\n<p>F\u00fcr unsere Formel zum Entfernen von Augen-Make-up werden sanfte Reinigungsfaktoren und nat\u00fcrliche Pflegestoffe wie Squalan, Glycerin, Vitamin B5 usw. sorgf\u00e4ltig ausgew\u00e4hlt, um sicherzustellen, dass das Produkt die Augenhaut beruhigt und pflegt und gleichzeitig wasserfestes Make-up effektiv entfernt.&nbsp;<\/p>\n\n\n\n<p><strong>1. Squalan:<\/strong> Squalan ist ein nat\u00fcrlicher, pflegender Inhaltsstoff, der Make-up-R\u00fcckst\u00e4nde entfernen und gleichzeitig die Feuchtigkeitsbarriere um die Augen beim Abschminken aufrechterhalten kann. So wird Trockenheit und feinen Linien um die Augen vorgebeugt.&nbsp;<\/p>\n\n\n\n<p><strong>2. Kamillenextrakt: <\/strong>Es hat eine deutlich beruhigende Wirkung und kann R\u00f6tungen, Schwellungen, Trockenheit und Juckreiz, die durch Make-up-Reizungen verursacht werden, wirksam reduzieren und zur Linderung von Augenerm\u00fcdung und -beschwerden beitragen.&nbsp;<\/p>\n\n\n\n<p><strong>3. Vitamin B5:<\/strong> Es wird auch als Panthenol bezeichnet und verf\u00fcgt \u00fcber reparierende und entz\u00fcndungshemmende Eigenschaften, die die Weichheit und Barrierest\u00e4rke der Haut verbessern und die Haut um die Augen herum kr\u00e4ftiger und stabiler machen k\u00f6nnen.&nbsp;<\/p>\n\n\n\n<p><strong>4. Glycerin: <\/strong>Glycerin ist ein hochwirksamer feuchtigkeitsspendender Inhaltsstoff, der den Wassergehalt der Haut erh\u00f6hen und der Augenpartie nach dem Abschminken die n\u00f6tige Feuchtigkeit spenden kann, wodurch Spannungsgef\u00fchle und Absch\u00e4len der Haut verhindert werden.&nbsp;<\/p>\n\n\n\n<h2 class=\"wp-block-heading\">Die Funktionen des Augen-Make-up-Entferners<\/h2>\n\n\n\n<p><strong>1. Schnelles Make-up-Entfernen ohne R\u00fcckst\u00e4nde: <\/strong>Der Augen-Make-up-Entferner verwendet eine Zweiphasen-Reinigungstechnologie, die wasserfesten und schwei\u00dffesten Eyeliner, Mascara und anderes Make-up ohne starkes Reiben leicht aufl\u00f6st und so die Make-up-Entfernung gr\u00fcndlicher und sanfter macht.\u00a0<\/p>\n\n\n\n<p><strong>2. Milde Textur:<\/strong> Unser Augen-Make-up-Entferner enth\u00e4lt weder Alkohol, Duftstoffe noch Mineral\u00f6l. Er hat eine milde Textur und ist speziell f\u00fcr die empfindliche Augenpartie entwickelt. Er reizt die Tr\u00e4nendr\u00fcsen nicht, verursacht keine verschwommenen Augen und ist \u00e4u\u00dferst sicher.\u00a0<\/p>\n\n\n\n<p><strong>3. Abschminken und Pflege:<\/strong> Dieses Produkt ist reich an feuchtigkeitsspendenden und beruhigenden Inhaltsstoffen. Es pflegt die Augenpartie, entfernt hartn\u00e4ckiges Make-up und reduziert das Risiko feiner Linien, die durch Trockenheit und Spannen entstehen.\u00a0<\/p>\n\n\n\n<p><strong>4. Gut sch\u00fctteln und verwenden, einfache Bedienung: <\/strong>Die Flasche ist in \u00d6l-Wasser-Schichten gestaltet. Sie m\u00fcssen sie nur gut sch\u00fctteln und k\u00f6nnen sie sofort verwenden. Das spart Zeit und M\u00fche. Sie eignet sich f\u00fcr den h\u00e4ufigen Gebrauch durch professionelle Visagisten und Alltagsanwender.&nbsp;<\/p>\n\n\n\n<h2 class=\"wp-block-heading\">So verwenden Sie Augen-Make-up-Entferner<\/h2>\n\n\n\n<p>Es wird empfohlen, das Augen-Make-up mit einem Wattepad sanft abzuwischen, ohne \u00fcberm\u00e4\u00dfig zu ziehen, insbesondere f\u00fcr diejenigen, die wasserfesten Eyeliner oder Mascara verwenden.<\/p>\n\n\n\n<p>1. Sch\u00fctteln Sie die Flasche vorsichtig, um Wasser und \u00d6l zu vermischen.<\/p>\n\n\n\n<p>2. Geben Sie den Augen-Make-up-Entferner auf das Wattepad und tr\u00e4nken Sie es gr\u00fcndlich.<\/p>\n\n\n\n<p>3. Nach dem Schlie\u00dfen der Augen das Wattepad sanft auf die Augen legen und 5\u201310 Sekunden einwirken lassen.<\/p>\n\n\n\n<p>4. Wischen Sie den Make-up-Bereich sanft entlang der Struktur der Augenhaut ab, um das Make-up zu entfernen.<\/p>\n\n\n\n<p>5. Abschlie\u00dfend mit klarem Wasser aussp\u00fclen und die Augen befeuchten.<\/p>\n\n\n\n<h2 class=\"wp-block-heading\">Vorsicht<\/h2>\n\n\n\n<p><strong>1. Vor Gebrauch gut sch\u00fctteln: <\/strong>Vor Gebrauch gut sch\u00fctteln, um sicherzustellen, dass \u00d6l und Wasser vollst\u00e4ndig integriert sind und sich das Make-up besser entfernen l\u00e4sst.<\/p>\n\n\n\n<p><strong>2. Kontakt mit den Augen vermeiden: <\/strong>Bitte achten Sie darauf, dass der Augen-Make-up-Entferner bei der Anwendung nicht direkt in die Augen gelangt. Sollte er versehentlich in die Augen gelangen, sp\u00fclen Sie diese sofort mit viel klarem Wasser aus. Suchen Sie in ernsten F\u00e4llen umgehend einen Arzt auf.<\/p>\n\n\n\n<p><strong>3. Wenden Sie keine \u00fcberm\u00e4\u00dfige Gewalt an: <\/strong>Die Haut um die Augen ist relativ empfindlich. Wischen Sie daher nicht zu stark. Verwenden Sie weiche Wattepads, um \u00fcberm\u00e4\u00dfige Reibung zu vermeiden, die zu R\u00f6tungen und Schwellungen der Augen f\u00fchren kann.<\/p>\n\n\n\n<p><strong>4. Reparatur nach dem Ausbau: <\/strong>Nach dem Abschminken eine gute Feuchtigkeitspflege und Reparatur durchf\u00fchren und rechtzeitig Augenessenz oder Augencreme auftragen, um die Haut mit Feuchtigkeit zu versorgen und weich zu halten.&nbsp;<\/p>\n\n\n\n<h2 class=\"wp-block-heading\">Abschluss<\/h2>\n\n\n\n<p>Der Augen-Make-up-Entferner vereint Make-up-Entfernung und -Reparatur in einem und eignet sich f\u00fcr verschiedene Augen-Make-up-Konzentrationen und verschiedene Anwendungsszenarien. Dank wissenschaftlicher Make-up-Entfernungstechnologie und mehreren milden Inhaltsstoffen vereint er sowohl die Reinigungskraft als auch die Sicherheit f\u00fcr empfindliche Haut und sorgt f\u00fcr ein ausgewogenes Verh\u00e4ltnis zwischen Reinigung und Pflege der Haut um die Augen. Ob leichtes Tages-Make-up, intensives B\u00fchnen-Make-up oder professionelles Make-up \u2013 dieses Produkt entfernt Make-up effizient und schonend und ist ein wichtiger Bestandteil der Augenpflege.<\/p>","protected":false},"excerpt":{"rendered":"Eye Makeup Remover Manufacturing Common Formulas Our eye makeup remover formula carefully selects gentle cleansing factors and natural care ingredients, such as squalane, glycerin, vitamin B5, etc., to ensure that the product soothes and nourishes the eye skin while effectively removing waterproof makeup.&nbsp; 1. Squalane: Squalane is a natural nourishing ingredient that can help relieve [&hellip;]","protected":false},"featured_media":3828,"menu_order":0,"template":"","meta":[],"product-tag":[],"products":[66],"class_list":["post-3827","product","type-product","status-publish","has-post-thumbnail","hentry","products-makeup-remover"],"acf":[],"_links":{"self":[{"href":"https:\/\/www.ruiqigo.com\/de\/wp-json\/wp\/v2\/product\/3827","targetHints":{"allow":["GET"]}}],"collection":[{"href":"https:\/\/www.ruiqigo.com\/de\/wp-json\/wp\/v2\/product"}],"about":[{"href":"https:\/\/www.ruiqigo.com\/de\/wp-json\/wp\/v2\/types\/product"}],"version-history":[{"count":0,"href":"https:\/\/www.ruiqigo.com\/de\/wp-json\/wp\/v2\/product\/3827\/revisions"}],"wp:featuredmedia":[{"embeddable":true,"href":"https:\/\/www.ruiqigo.com\/de\/wp-json\/wp\/v2\/media\/3828"}],"wp:attachment":[{"href":"https:\/\/www.ruiqigo.com\/de\/wp-json\/wp\/v2\/media?parent=3827"}],"wp:term":[{"taxonomy":"product-tag","embeddable":true,"href":"https:\/\/www.ruiqigo.com\/de\/wp-json\/wp\/v2\/product-tag?post=3827"},{"taxonomy":"products","embeddable":true,"href":"https:\/\/www.ruiqigo.com\/de\/wp-json\/wp\/v2\/products?post=3827"}],"curies":[{"name":"wp","href":"https:\/\/api.w.org\/{rel}","templated":true}]}}