{"id":3835,"date":"2025-07-18T13:57:59","date_gmt":"2025-07-18T05:57:59","guid":{"rendered":"https:\/\/www.ruiqigo.com\/?post_type=product&#038;p=3835"},"modified":"2025-07-18T13:58:01","modified_gmt":"2025-07-18T05:58:01","slug":"makeup-remover-balm","status":"publish","type":"product","link":"https:\/\/www.ruiqigo.com\/de\/product\/makeup-remover-balm","title":{"rendered":"Make-up-Entferner-Balsam"},"content":{"rendered":"<h2 class=\"wp-block-heading\">Herstellung von Make-up-Entferner-Balsam \u2013 g\u00e4ngige Formeln<\/h2>\n\n\n\n<p>Als professioneller Hersteller von Make-up-Entferner-Balsam legen wir Wert auf die Auswahl einer Vielzahl hochwertiger aktiver Pflegestoffe wie Sheabutter, Ceramid, S\u00fc\u00dfmandel\u00f6l usw., um den doppelten Effekt einer effizienten Make-up-Entfernung und tiefenwirksamen Hautpflege zu erzielen.&nbsp;<\/p>\n\n\n\n<p><strong>1. Sheabutter: <\/strong>Sheabutter ist reich an unges\u00e4ttigten Fetts\u00e4uren und Antioxidantien. Sie spendet der Haut tiefenwirksam Feuchtigkeit und entfernt Make-up-R\u00fcckst\u00e4nde. Die Haut bleibt weich und spannt nicht. Sie eignet sich besonders f\u00fcr trockene Haut und trockene Jahreszeiten.&nbsp;<\/p>\n\n\n\n<p><strong>2. Ceramid:<\/strong> Es kann die Hautbarriere st\u00e4rken und den Feuchtigkeitsverlust beim Abschminken wirksam reduzieren, sodass die Haut nach dem Abschminken mit Feuchtigkeit versorgt bleibt.&nbsp;<\/p>\n\n\n\n<p><strong>3. S\u00fc\u00dfmandel\u00f6l:<\/strong> S\u00fc\u00dfmandel\u00f6l ist sehr leicht und hautfreundlich. Es kann Augen- und Lippen-Make-up effektiv entfernen. Es ist au\u00dferdem reich an Vitamin E, wirkt beruhigend und antiallergisch und lindert Hautreizungen durch das Entfernen von Make-up.&nbsp;<\/p>\n\n\n\n<p><strong>4. Jojoba\u00f6l: <\/strong>Es kann die Zusammensetzung des menschlichen Talgs simulieren, der Haut helfen, den \u00d6lhaushalt auszugleichen, Reizungen zu reduzieren und den Hautstoffwechsel zu f\u00f6rdern.<\/p>\n\n\n\n<h2 class=\"wp-block-heading\">Die Funktionen des Make-up-Entferner-Balsams<\/h2>\n\n\n\n<p><strong>1. Feine Textur: <\/strong>Die past\u00f6se Textur des Make-up-Entferner-Balsams ist stabil und nicht leicht zu verlieren. Er ist sehr fein. Er schmilzt sofort bei Hautkontakt, l\u00f6st Make-up-Schmutz gr\u00fcndlich auf und l\u00e4sst sich nach der Emulgierung leicht und r\u00fcckstandsfrei absp\u00fclen.&nbsp;<\/p>\n\n\n\n<p><strong>2. Sanft und nicht reizend: <\/strong>Die Formel unseres Make-up-Entferner-Balsams enth\u00e4lt keine Inhaltsstoffe wie Alkohol, k\u00fcnstliche Duftstoffe und reizende Konservierungsstoffe, ist also sehr sanft und sein pH-Wert kommt dem der menschlichen Haut nahe, was die Anwendung sicherer macht.&nbsp;<\/p>\n\n\n\n<p><strong>3. Tragbar und leckt nicht leicht:<\/strong> Bei diesem Produkt handelt es sich um eine feste Paste, sodass Sie sich keine Sorgen \u00fcber das Auslaufen fl\u00fcssiger Produkte machen m\u00fcssen. Es ist sehr leicht und einfach zu verstauen und l\u00e4sst sich auf Gesch\u00e4ftsreisen sehr bequem mitnehmen.&nbsp;<\/p>\n\n\n\n<p><strong>4. Make-up-Entferner und Pflege zwei in einem: <\/strong>Neben der tiefenwirksamen Make-up-Entfernungswirkung kann der Make-up-Entferner-Balsam die Haut gleichzeitig n\u00e4hren und pflegen, sodass sie weich und strahlend bleibt.&nbsp;<\/p>\n\n\n\n<p><strong>5. Eine Flasche mit mehreren Effekten, gr\u00fcndliche Make-up-Entfernung: <\/strong>Sie m\u00fcssen keinen zus\u00e4tzlichen Augen- und Lippen-Make-up-Entferner verwenden, eine Flasche Make-up-Entferner-Balsam kann das gesamte Gesichts-Make-up entfernen, wodurch Schritte zum Entfernen des Make-ups eingespart werden und es sehr praktisch ist.&nbsp;<\/p>\n\n\n\n<h2 class=\"wp-block-heading\">So verwenden Sie Make-up-Entferner-Balsam<\/h2>\n\n\n\n<p>Wir empfehlen, den Make-up-Entferner-Balsam mit trockenen H\u00e4nden und Gesicht zu verwenden, um die Wirkung der Make-up-Entfernung zu maximieren.<\/p>\n\n\n\n<p>1. Halten Sie Ihr Gesicht trocken, geben Sie eine 1-Yuan-M\u00fcnze gro\u00dfe Menge Make-up-Entferner-Balsam in Ihre Handfl\u00e4che und verwenden Sie die Temperatur Ihrer Handfl\u00e4che, um den Balsam zu schmelzen und ihn in einen \u00f6ligen Zustand zu versetzen.<\/p>\n\n\n\n<p>2. Tragen Sie es gleichm\u00e4\u00dfig auf das gesamte Gesicht auf und massieren Sie es etwa 1 Minute lang sanft ein, um das Make-up im Gesicht aufzul\u00f6sen.<\/p>\n\n\n\n<p>3. Befeuchten Sie Ihre H\u00e4nde mit Wasser und massieren Sie Ihr Gesicht weiter, um das Make-up zu einer wei\u00dfen Lotion zu emulgieren.<\/p>\n\n\n\n<p>4. Gr\u00fcndlich mit klarem Wasser absp\u00fclen und mit der anschlie\u00dfenden Hautpflege fortfahren.<\/p>\n\n\n\n<h2 class=\"wp-block-heading\">Vorsicht<\/h2>\n\n\n\n<p><strong>1. Stellen Sie sicher, dass Ihre H\u00e4nde und Ihr Gesicht trocken sind, bevor Sie Make-up entfernen: <\/strong>Ein nasses Gesicht verringert die Emulgierwirkung des Make-ups. Daher wird empfohlen, das Make-up zu entfernen, wenn Ihr Gesicht und Ihre H\u00e4nde trocken sind.&nbsp;<\/p>\n\n\n\n<p><strong>2. Nach dem Abschminken gr\u00fcndlich absp\u00fclen: <\/strong>Sp\u00fclen Sie Ihr Gesicht nach dem Abschminken mit reichlich Wasser ab, um zu vermeiden, dass \u00d6lr\u00fcckst\u00e4nde Ihre Poren verstopfen.&nbsp;<\/p>\n\n\n\n<p><strong>3. Kontakt mit der Augeninnenseite vermeiden: <\/strong>Obwohl dieses Produkt mild und nicht reizend ist, sollte der direkte Kontakt mit den Augen vermieden werden, um Beschwerden vorzubeugen.&nbsp;<\/p>\n\n\n\n<p><strong>4. Nach Gebrauch verschlie\u00dfen und aufbewahren:<\/strong> Um die optimale Wirkung des Make-up-Entferner-Balsams zu erhalten und Oxidation und Zersetzung zu verhindern, verschlie\u00dfen Sie ihn nach Gebrauch bitte wieder fest und versiegeln Sie ihn.&nbsp;<\/p>\n\n\n\n<h2 class=\"wp-block-heading\">Abschluss<\/h2>\n\n\n\n<p>Der Make-up-Entferner-Balsam vereint effizientes Make-up-Entfernen und Hautpflege. Seine feste Pastentextur verschmilzt mit der Haut und entfernt Make-up gr\u00fcndlich. Er ist f\u00fcr verschiedene Hauttypen und Make-up-Arten geeignet. Eine Flasche reicht f\u00fcr die Entfernung verschiedener Make-up-Typen. Er ist sehr ergiebig und eignet sich auch f\u00fcr empfindliche Haut und Gesch\u00e4ftsreisende.<\/p>","protected":false},"excerpt":{"rendered":"Makeup Remover Balm Manufacturing Common Formulas As a professional manufacturer of makeup remover balm, we insist on selecting a variety of high-quality active care ingredients, such as shea butter, ceramide, sweet almond oil, etc., to effectively achieve the dual effects of efficient makeup removal and deep skin care.&nbsp; 1. Shea butter: Shea butter is rich [&hellip;]","protected":false},"featured_media":3836,"menu_order":0,"template":"","meta":[],"product-tag":[],"products":[66],"class_list":["post-3835","product","type-product","status-publish","has-post-thumbnail","hentry","products-makeup-remover"],"acf":[],"_links":{"self":[{"href":"https:\/\/www.ruiqigo.com\/de\/wp-json\/wp\/v2\/product\/3835","targetHints":{"allow":["GET"]}}],"collection":[{"href":"https:\/\/www.ruiqigo.com\/de\/wp-json\/wp\/v2\/product"}],"about":[{"href":"https:\/\/www.ruiqigo.com\/de\/wp-json\/wp\/v2\/types\/product"}],"version-history":[{"count":0,"href":"https:\/\/www.ruiqigo.com\/de\/wp-json\/wp\/v2\/product\/3835\/revisions"}],"wp:featuredmedia":[{"embeddable":true,"href":"https:\/\/www.ruiqigo.com\/de\/wp-json\/wp\/v2\/media\/3836"}],"wp:attachment":[{"href":"https:\/\/www.ruiqigo.com\/de\/wp-json\/wp\/v2\/media?parent=3835"}],"wp:term":[{"taxonomy":"product-tag","embeddable":true,"href":"https:\/\/www.ruiqigo.com\/de\/wp-json\/wp\/v2\/product-tag?post=3835"},{"taxonomy":"products","embeddable":true,"href":"https:\/\/www.ruiqigo.com\/de\/wp-json\/wp\/v2\/products?post=3835"}],"curies":[{"name":"wp","href":"https:\/\/api.w.org\/{rel}","templated":true}]}}