{"id":3840,"date":"2025-07-18T16:41:32","date_gmt":"2025-07-18T08:41:32","guid":{"rendered":"https:\/\/www.ruiqigo.com\/?post_type=product&#038;p=3840"},"modified":"2025-07-18T16:41:33","modified_gmt":"2025-07-18T08:41:33","slug":"facial-moisturizer-mask","status":"publish","type":"product","link":"https:\/\/www.ruiqigo.com\/de\/product\/facial-moisturizer-mask","title":{"rendered":"Feuchtigkeitsmaske f\u00fcrs Gesicht"},"content":{"rendered":"<h2 class=\"wp-block-heading\">Herstellung g\u00e4ngiger Formeln f\u00fcr Feuchtigkeitsmasken<\/h2>\n\n\n\n<p>Die Formel unserer Feuchtigkeitsmaske f\u00fcr das Gesicht enth\u00e4lt ausgew\u00e4hlte klassische feuchtigkeitsspendende Inhaltsstoffe wie Hyalurons\u00e4ure, Ceramid und Panthenol. Diese versorgen die Haut tiefenwirksam mit Feuchtigkeit, st\u00e4rken die Barriere und beruhigen und stabilisieren sie. Sie ist f\u00fcr viele Menschen geeignet.&nbsp;<\/p>\n\n\n\n<p><strong>1. Hyalurons\u00e4ure: <\/strong>Dies ist ein Inhaltsstoff, der Wasser effizient aufnimmt. Er kann den Wassergehalt der Hornschicht der Haut schnell erh\u00f6hen, die Haut tiefenwirksam n\u00e4hren und die Gesichtshaut prall und hydratisiert machen.&nbsp;<\/p>\n\n\n\n<p><strong>2. Ceramid: <\/strong>Es kann die besch\u00e4digte Hornschichtbarriere reparieren, die Widerstandskraft der Haut st\u00e4rken und Feuchtigkeitsverlust wirksam vorbeugen. Es ist besonders f\u00fcr Anwender mit empfindlicher Haut und einer besch\u00e4digten Hautbarriere geeignet.\u00a0\u00a0<\/p>\n\n\n\n<p><strong>3. Panthenol: <\/strong>Panthenol kann die Selbstheilungskr\u00e4fte der Haut steigern, trockene Haut verbessern und gleichzeitig ihre F\u00e4higkeit verbessern, Feuchtigkeit zu speichern, wodurch die Haut dauerhaft mit Feuchtigkeit versorgt und gl\u00e4nzend wird.&nbsp;<\/p>\n\n\n\n<p><strong>4. Aloe Vera Extrakt: <\/strong>Ein nat\u00fcrlicher Pflanzenbestandteil mit hervorragender beruhigender und entz\u00fcndungshemmender Wirkung. Er hilft, Hautr\u00f6tungen, Schwellungen, Trockenheit, Juckreiz und andere Beschwerden zu lindern und das Hautgef\u00fchl zu verbessern.&nbsp;<\/p>\n\n\n\n<h2 class=\"wp-block-heading\">Die Funktionen der Feuchtigkeitsmaske f\u00fcr das Gesicht<\/h2>\n\n\n\n<p><strong>1. Schnelle Fl\u00fcssigkeitszufuhr: <\/strong>Durch die Verwendung einer Feuchtigkeitsmaske f\u00fcr das Gesicht kann in nur 10\u201315 Minuten eine schnelle Feuchtigkeitsversorgung erreicht werden, wodurch sich trockene Haut deutlich verbessert.\u00a0<\/p>\n\n\n\n<p><strong>2. Sanft und antiallergen:<\/strong> Die Formel dieses Produkts ist sehr sanft und enth\u00e4lt keinen Alkohol, keine allergenen Duftstoffe und keine anderen Inhaltsstoffe. Daher eignet es sich auch sehr gut zur t\u00e4glichen Feuchtigkeitsversorgung und Hydratisierung empfindlicher Haut.&nbsp;<\/p>\n\n\n\n<p><strong>3. Verbessern Sie die F\u00e4higkeit der Haut, Feuchtigkeit zu speichern:<\/strong> Eine Feuchtigkeitsmaske f\u00fcr das Gesicht kann die Hautbarriere reparieren, die nat\u00fcrliche Schutzschicht wiederherstellen und gleichzeitig die Feuchtigkeit einschlie\u00dfen und der Haut helfen, l\u00e4nger anhaltenden Feuchtigkeitszustand aufrechtzuerhalten.\u00a0<\/p>\n\n\n\n<p><strong>4. Geeignet f\u00fcr verschiedene Hauttypen:<\/strong> Unsere Feuchtigkeitsmaske f\u00fcr das Gesicht hat eine sanfte Formel und eine effektive Wirkung und ist f\u00fcr alle Hauttypen geeignet, einschlie\u00dflich trockener und fettiger Haut.&nbsp;<\/p>\n\n\n\n<h2 class=\"wp-block-heading\">So verwenden Sie eine Feuchtigkeitsmaske f\u00fcr das Gesicht<\/h2>\n\n\n\n<p>Es wird empfohlen, die Feuchtigkeitsmaske f\u00fcr das Gesicht nach der Reinigung der Haut zu verwenden, um die Feuchtigkeitsversorgung und den feuchtigkeitsspeichernden Effekt zu maximieren.<\/p>\n\n\n\n<p>1. Nehmen Sie nach der Reinigung die Feuchtigkeitsmaske f\u00fcr das Gesicht heraus und tragen Sie sie auf das Gesicht auf.<\/p>\n\n\n\n<p>2. Warten Sie 10\u201315 Minuten, bis die Haut die Feuchtigkeit und Essenz aufgenommen hat.<\/p>\n\n\n\n<p>3. Nehmen Sie die Maske vom Gesicht und tupfen Sie sie sanft ab, um die Aufnahme zu f\u00f6rdern.<\/p>\n\n\n\n<p>4. Mit klarem Wasser absp\u00fclen und mit der anschlie\u00dfenden Hautpflege fortfahren, um die feuchtigkeitsbindende Wirkung zu verst\u00e4rken.<\/p>\n\n\n\n<h2 class=\"wp-block-heading\">Vorsicht<\/h2>\n\n\n\n<p><strong>1. Sensibilit\u00e4tstest:<\/strong> Wenn Sie dieses Produkt zum ersten Mal verwenden, wird empfohlen, zun\u00e4chst einen Hautempfindlichkeitstest hinter dem Ohr oder am Kinn durchzuf\u00fchren und es erst dann vollst\u00e4ndig zu verwenden, wenn keine Beschwerden auftreten.&nbsp;<\/p>\n\n\n\n<p><strong>2. Nicht auf gesch\u00e4digter Haut anwenden:<\/strong> Bei gesch\u00e4digter, ger\u00f6teter, geschwollener oder allergischer Haut sollte die Feuchtigkeitsmaske f\u00fcr das Gesicht nicht verwendet werden, um Hautreizungen zu vermeiden.\u00a0<\/p>\n\n\n\n<p><strong>3. K\u00fchl und lichtgesch\u00fctzt lagern:<\/strong> Bitte lagern Sie dieses Produkt an einem k\u00fchlen und trockenen Ort, fern von hohen Temperaturen und Sonnenlicht, um die Aktivit\u00e4t und Wirkung des Produkts zu gew\u00e4hrleisten.\u00a0<\/p>\n\n\n\n<p><strong>4. Die Nutzungsdauer sollte nicht zu lang sein: <\/strong>Die empfohlene Anwendungsdauer richtet sich nach der Produktanleitung und sollte nicht zu lang sein, um Nebenwirkungen zu vermeiden.<\/p>\n\n\n\n<h2 class=\"wp-block-heading\">Abschluss<\/h2>\n\n\n\n<p>Die Feuchtigkeitsmaske f\u00fcrs Gesicht ist ein hochwirksames feuchtigkeitsspendendes Hautpflegeprodukt, das Feuchtigkeit schnell regeneriert und speichert. Wir haben sorgf\u00e4ltig hochwirksame feuchtigkeitsspendende Inhaltsstoffe ausgew\u00e4hlt, um den Feuchtigkeitsbedarf aller Hauttypen zu decken. Ob t\u00e4gliche Feuchtigkeitspflege oder Notfall-Feuchtigkeitspflege f\u00fcr trockene und empfindliche Haut \u2013 diese Maske ist eine gute Wahl.<\/p>","protected":false},"excerpt":{"rendered":"Facial Moisturizer Mask Manufacturing Common Formulas Our facial moisturizer mask formula contains selected classic hydrating and moisturizing ingredients such as hyaluronic acid, ceramide, panthenol, etc., which can deeply hydrate the skin, strengthen the barrier, and soothe and stabilize the skin. It is suitable for a wide range of people.&nbsp; 1. Hyaluronic acid: This is an [&hellip;]","protected":false},"featured_media":3841,"menu_order":0,"template":"","meta":[],"product-tag":[],"products":[69],"class_list":["post-3840","product","type-product","status-publish","has-post-thumbnail","hentry","products-facial-mask"],"acf":[],"_links":{"self":[{"href":"https:\/\/www.ruiqigo.com\/de\/wp-json\/wp\/v2\/product\/3840","targetHints":{"allow":["GET"]}}],"collection":[{"href":"https:\/\/www.ruiqigo.com\/de\/wp-json\/wp\/v2\/product"}],"about":[{"href":"https:\/\/www.ruiqigo.com\/de\/wp-json\/wp\/v2\/types\/product"}],"version-history":[{"count":0,"href":"https:\/\/www.ruiqigo.com\/de\/wp-json\/wp\/v2\/product\/3840\/revisions"}],"wp:featuredmedia":[{"embeddable":true,"href":"https:\/\/www.ruiqigo.com\/de\/wp-json\/wp\/v2\/media\/3841"}],"wp:attachment":[{"href":"https:\/\/www.ruiqigo.com\/de\/wp-json\/wp\/v2\/media?parent=3840"}],"wp:term":[{"taxonomy":"product-tag","embeddable":true,"href":"https:\/\/www.ruiqigo.com\/de\/wp-json\/wp\/v2\/product-tag?post=3840"},{"taxonomy":"products","embeddable":true,"href":"https:\/\/www.ruiqigo.com\/de\/wp-json\/wp\/v2\/products?post=3840"}],"curies":[{"name":"wp","href":"https:\/\/api.w.org\/{rel}","templated":true}]}}