{"id":3855,"date":"2025-07-23T16:19:49","date_gmt":"2025-07-23T08:19:49","guid":{"rendered":"https:\/\/www.ruiqigo.com\/?post_type=product&#038;p=3855"},"modified":"2025-07-23T16:19:49","modified_gmt":"2025-07-23T08:19:49","slug":"gentle-facial-cleanser","status":"publish","type":"product","link":"https:\/\/www.ruiqigo.com\/de\/product\/gentle-facial-cleanser","title":{"rendered":"Sanftes Gesichtsreinigungsmittel"},"content":{"rendered":"<h2 class=\"wp-block-heading\">Herstellung sanfter Gesichtsreiniger \u2013 G\u00e4ngige Formeln<\/h2>\n\n\n\n<p>Wir w\u00e4hlen sorgf\u00e4ltig eine Vielzahl pflanzlicher Inhaltsstoffe und milder Tenside aus, um die Formel des sanften Gesichtsreinigers zu erg\u00e4nzen und sicherzustellen, dass die Haut w\u00e4hrend des gr\u00fcndlichen Reinigungsvorgangs umfassend gesch\u00fctzt und gepflegt wird. Die Produktbestandteile sind pr\u00e4gnant und wirksam, haupts\u00e4chlich Aminos\u00e4uretenside, beruhigende Faktoren pflanzlichen Ursprungs und nat\u00fcrliche Feuchtigkeitsspender.&nbsp;<\/p>\n\n\n\n<p><strong>1. Natriumcocoylglutamat: <\/strong>Dies ist ein mildes Tensid aus Kokosnuss\u00f6l und Aminos\u00e4uren. Es ist von Natur aus mild, enth\u00e4lt keine Seifenbasis, hat gute Schaum- und Reinigungseigenschaften, kann Schmutz und \u00fcbersch\u00fcssigen Talg effektiv entfernen und hinterl\u00e4sst nach der Reinigung kein Spannungsgef\u00fchl oder Trockenheit im Gesicht.&nbsp;<\/p>\n\n\n\n<p><strong>2. Natriumcocoylglycinat:<\/strong> Es geh\u00f6rt ebenfalls zum Aminos\u00e4uresystem, ist sehr sanft, hat einen reichhaltigen Schaum und ist der zentrale Reinigungsbestandteil vieler hochwertiger Reinigungsprodukte. Gleichzeitig bietet es ein hervorragendes Hautgef\u00fchl und feuchtigkeitsspendende Eigenschaften, die der Haut helfen k\u00f6nnen, Feuchtigkeit und Geschmeidigkeit zu bewahren.\u00a0<\/p>\n\n\n\n<p><strong>3. Glycerin: <\/strong>Glycerin ist ein klassischer Feuchtigkeitsspender, der Feuchtigkeit einschlie\u00dfen und Trockenheit w\u00e4hrend der Reinigung lindern kann. So wird verhindert, dass die Haut durch die Reinigung spannt. Es kann au\u00dferdem den Wassergehalt der Hornschicht erh\u00f6hen und ist ein unverzichtbarer Feuchtigkeitsspender f\u00fcr die sanfte Reinigung.&nbsp;<\/p>\n\n\n\n<p><strong>4. Panthenol: <\/strong>Panthenol kann tief in die Hornschicht eindringen und hilft der Haut, Feuchtigkeit zu speichern. Es wirkt zudem beruhigend und entz\u00fcndungshemmend. Es kann Mikrosch\u00e4den reparieren und die Haut w\u00e4hrend der Reinigung weicher machen, wodurch die Haut glatter und zarter wird.&nbsp;<\/p>\n\n\n\n<p><strong>5. Aloe Vera Extrakt:<\/strong> Dieser Inhaltsstoff ist reich an verschiedenen Aminos\u00e4uren und Vitaminen. Er hat eine stark beruhigende, antioxidative und reparierende Wirkung. Er kann leichte, durch die Reinigung verursachte Reizungen lindern und die allgemeine Stabilit\u00e4t und das Hautgef\u00fchl verbessern.&nbsp;<\/p>\n\n\n\n<h2 class=\"wp-block-heading\">Die Funktionen des sanften Gesichtsreinigers<\/h2>\n\n\n\n<p><strong>1. Sanft und nicht reizend: <\/strong>Ein sanfter Gesichtsreiniger verzichtet auf k\u00fcnstliche Duftstoffe, Seifenbasen oder Alkohol, ist daher besonders sanft und reduziert das Risiko einer Hautreizung deutlich. Er eignet sich f\u00fcr S\u00e4uglinge, Schwangere und Menschen mit gesch\u00e4digter Hautbarriere und sorgt so f\u00fcr eine sicherere Reinigung.\u00a0<\/p>\n\n\n\n<p><strong>2. Reichhaltiger und zarter Schaum:<\/strong> Unser sanfter Gesichtsreiniger hat einen reichhaltigen Schaum und l\u00e4sst sich ohne viele Schritte leicht aufsch\u00e4umen. Der Schaum umschlie\u00dft den Schmutz fest und der Reinigungsvorgang ist sehr effektiv, ohne die Haut zu zerren.&nbsp;<\/p>\n\n\n\n<p><strong>3. Reinigt und spendet gleichzeitig Feuchtigkeit:<\/strong> Eine sanfte Gesichtsreinigung befreit Ihr Gesicht nicht nur gr\u00fcndlich von Schmutz, sondern bewahrt auch die notwendigen Wasser- und Fettbestandteile in Ihrer Haut, vermeidet so ein Spannungsgef\u00fchl nach der Reinigung und sorgt f\u00fcr eine wirklich sanfte Reinigung.\u00a0<\/p>\n\n\n\n<p><strong>4. Hohe Anpassungsf\u00e4higkeit:<\/strong> Der sanfte Gesichtsreiniger ist f\u00fcr eine Vielzahl von Hautzust\u00e4nden geeignet, darunter trockene Haut, fettige Haut, Mischhaut und empfindliche Haut, und verf\u00fcgt daher \u00fcber eine hohe Anpassungsf\u00e4higkeit.\u00a0<\/p>\n\n\n\n<h2 class=\"wp-block-heading\">So verwenden Sie den sanften Gesichtsreiniger<\/h2>\n\n\n\n<p>Die richtige Anwendung eines sanften Gesichtsreinigers gew\u00e4hrleistet eine reinigende Wirkung und minimiert gleichzeitig Hautsch\u00e4den. Es wird empfohlen, ihn einmal t\u00e4glich, morgens und abends, in Kombination mit warmem Wasser anzuwenden, um die reinigende und beruhigende Wirkung zu verst\u00e4rken.<\/p>\n\n\n\n<p>1. Befeuchten Sie Ihr Gesicht mit warmem Wasser, geben Sie eine angemessene Menge Gesichtsreiniger auf Ihre Handfl\u00e4che, f\u00fcgen Sie Wasser hinzu und reiben Sie, bis Schaum entsteht.<\/p>\n\n\n\n<p>2. Tragen Sie den Schaum gleichm\u00e4\u00dfig auf Ihr Gesicht auf und massieren Sie ihn 30 Sekunden bis 1 Minute lang sanft in kreisenden Bewegungen ein.<\/p>\n\n\n\n<p>3. Sp\u00fclen Sie Ihr Gesicht gr\u00fcndlich mit klarem Wasser ab.<\/p>\n\n\n\n<p>4. Dr\u00fccken Sie mit einem sauberen Handtuch sanft auf Ihr Gesicht, um die Feuchtigkeit aufzunehmen, und vermeiden Sie \u00fcberm\u00e4\u00dfiges Wischen und Ziehen der Haut.&nbsp;<\/p>\n\n\n\n<h2 class=\"wp-block-heading\">Vorsicht<\/h2>\n\n\n\n<p><strong>1. Hauttest: <\/strong>Wir empfehlen Ihnen, vor der gro\u00dffl\u00e4chigen Anwendung zun\u00e4chst einen lokalen Test hinter dem Ohr oder am Kiefer durchzuf\u00fchren, um sicherzustellen, dass die Haut nicht gereizt wird.\u00a0<\/p>\n\n\n\n<p><strong>2. Kontakt mit den Augen vermeiden: <\/strong>Bei versehentlichem Kontakt mit den Augen sp\u00fclen Sie diese bitte sofort mit viel Wasser aus, um Reizungen oder Beschwerden zu vermeiden.&nbsp;<\/p>\n\n\n\n<p><strong>3. Anwendung mit warmem Wasser:<\/strong> Hei\u00dfes Wasser kann die Talgschicht der Haut sch\u00e4digen, w\u00e4hrend kaltes Wasser die Haut m\u00f6glicherweise nicht effektiv reinigt. Daher empfehlen wir, das Gesicht mit warmem Wasser zu waschen, da es hilft, \u00d6l zu l\u00f6sen und die Nagelhaut zu sch\u00fctzen.\u00a0<\/p>\n\n\n\n<p><strong>4. Achten Sie auf die anschlie\u00dfende Feuchtigkeitspflege: <\/strong>Nach der Reinigung sollten Sie zur anschlie\u00dfenden Hautpflege m\u00f6glichst zeitnah Toner und Feuchtigkeitscreme verwenden, um die Feuchtigkeit zu speichern.&nbsp;<\/p>\n\n\n\n<h2 class=\"wp-block-heading\">Abschluss<\/h2>\n\n\n\n<p>Der sanfte Gesichtsreiniger bietet nicht nur die ideale Balance zwischen Reinigungskraft und Milde, sondern pflegt mit sorgf\u00e4ltig ausgew\u00e4hlten Inhaltsstoffen auch jeden Zentimeter Ihrer Haut. Unsere seifenfreie, alkoholfreie, hypoallergene Formel, kombiniert mit mehreren beruhigenden und feuchtigkeitsspendenden Inhaltsstoffen, bietet ein sicheres Reinigungserlebnis f\u00fcr alle Hauttypen.<\/p>","protected":false},"excerpt":{"rendered":"Gentle Facial Cleanser Manufacturing Common Formulas We carefully select a variety of plant-based ingredients and mild surfactants to add to the gentle facial cleanser formula to ensure that the skin is fully protected and nourished during the thorough cleansing process. The product ingredients are concise and effective, mainly amino acid surfactants, plant-extracted soothing factors, and [&hellip;]","protected":false},"featured_media":3856,"menu_order":0,"template":"","meta":[],"product-tag":[],"products":[65],"class_list":["post-3855","product","type-product","status-publish","has-post-thumbnail","hentry","products-facial-cleanser"],"acf":[],"_links":{"self":[{"href":"https:\/\/www.ruiqigo.com\/de\/wp-json\/wp\/v2\/product\/3855","targetHints":{"allow":["GET"]}}],"collection":[{"href":"https:\/\/www.ruiqigo.com\/de\/wp-json\/wp\/v2\/product"}],"about":[{"href":"https:\/\/www.ruiqigo.com\/de\/wp-json\/wp\/v2\/types\/product"}],"version-history":[{"count":0,"href":"https:\/\/www.ruiqigo.com\/de\/wp-json\/wp\/v2\/product\/3855\/revisions"}],"wp:featuredmedia":[{"embeddable":true,"href":"https:\/\/www.ruiqigo.com\/de\/wp-json\/wp\/v2\/media\/3856"}],"wp:attachment":[{"href":"https:\/\/www.ruiqigo.com\/de\/wp-json\/wp\/v2\/media?parent=3855"}],"wp:term":[{"taxonomy":"product-tag","embeddable":true,"href":"https:\/\/www.ruiqigo.com\/de\/wp-json\/wp\/v2\/product-tag?post=3855"},{"taxonomy":"products","embeddable":true,"href":"https:\/\/www.ruiqigo.com\/de\/wp-json\/wp\/v2\/products?post=3855"}],"curies":[{"name":"wp","href":"https:\/\/api.w.org\/{rel}","templated":true}]}}