{"id":402,"date":"2024-07-08T10:46:59","date_gmt":"2024-07-08T02:46:59","guid":{"rendered":"https:\/\/ruiqigo.com\/?post_type=product&#038;p=402"},"modified":"2024-10-28T15:41:34","modified_gmt":"2024-10-28T07:41:34","slug":"tea-tree-body-wash","status":"publish","type":"product","link":"https:\/\/www.ruiqigo.com\/de\/product\/tea-tree-body-wash","title":{"rendered":"Duschgel mit Teebaum\u00f6l"},"content":{"rendered":"<h3 class=\"wp-block-heading\">Herstellung von Duschgel mit Teebaum\u00f6l \u2013 g\u00e4ngige Formeln<\/h3>\n\n\n\n<p>Der Hauptbestandteil dieses Tea Tree Body Wash ist \u00e4therisches Teebaum\u00f6l. Teebaum\u00f6l ist ein nat\u00fcrlicher antibakterieller und entz\u00fcndungshemmender Inhaltsstoff, der nicht nur die Haut reinigt, sondern auch gesch\u00e4digte Haut repariert und Hautproblemen vorbeugt. Wir haben au\u00dferdem Pflanzenextrakte wie Melaleuca alternifolia-Blatt\u00f6l und Menthol hinzugef\u00fcgt, um die reinigende und beruhigende Wirkung noch weiter zu verst\u00e4rken und die Haut umfassender zu pflegen. Alle Inhaltsstoffe werden streng getestet und \u00fcberpr\u00fcft, um die Sicherheit und Wirksamkeit der Produkte zu gew\u00e4hrleisten und Ihnen ein hochwertiges nat\u00fcrliches Badeerlebnis zu bieten.<\/p>\n\n\n\n<h3 class=\"wp-block-heading\">Teebaum-Duschgel Anwendbare Szenarien<\/h3>\n\n\n\n<p>Dieses Duschgel mit Teebaum\u00f6l ist perfekt f\u00fcr hei\u00dfe und feuchte Sommerbedingungen. Sein erfrischender Teebaumduft sorgt f\u00fcr ein erfrischendes und belebendes Badeerlebnis und sorgt daf\u00fcr, dass Sie sich in der Sommerhitze sofort erfrischt f\u00fchlen. Gleichzeitig beugen seine nat\u00fcrlichen antibakteriellen Inhaltsstoffe schwei\u00dfbedingten Hautproblemen wirksam vor, sodass Sie auch bei hei\u00dfem Wetter immer eine frische und reine Haut haben.<\/p>\n\n\n\n<h3 class=\"wp-block-heading\">F\u00fcr wen ist das Duschgel mit Teebaum\u00f6l geeignet?<\/h3>\n\n\n\n<p>Dieses Duschgel mit Teebaum\u00f6l ist ideal f\u00fcr alle, die Wert auf Sauberkeit und Hygiene legen und sich um die Gesundheit ihrer Haut sorgen. Seine nat\u00fcrlichen antibakteriellen Inhaltsstoffe k\u00f6nnen sch\u00e4dliche Bakterien effektiv abt\u00f6ten und sorgen so f\u00fcr eine sicherere und effektivere Reinigung der Haut. Gleichzeitig k\u00f6nnen seine reichhaltigen, pflegenden Inhaltsstoffe Anwendern aller Hauttypen eine umfassende Pflege bieten, um Trockenheit, Empfindlichkeit und andere Probleme zu lindern. Dar\u00fcber hinaus kann sein frischer Duft auch denjenigen, die ein frisches Erlebnis m\u00f6gen, ein angenehmes Badeerlebnis bescheren.<\/p>\n\n\n\n<h3 class=\"wp-block-heading\">Produktionsprozess des Duschgels mit Teebaum\u00f6l<\/h3>\n\n\n\n<p>Bei der Herstellung unseres Teebaum-Duschgels verwenden wir reines Teebaum\u00f6l und ein schonendes Extraktionsverfahren, um sicherzustellen, dass die Wirkstoffe erhalten bleiben. W\u00e4hrend des Produktionsprozesses kontrollieren wir den pH-Wert und die Konzentration des Teebaum\u00f6ls in unseren Rezepturen streng, um die beste Hautpflegewirkung und das beste Anwendungserlebnis zu erzielen. Dar\u00fcber hinaus konzentrieren wir uns auf Umweltschutz und Nachhaltigkeit, um sicherzustellen, dass unsere Produkte umweltfreundlich sind.<\/p>","protected":false},"excerpt":{"rendered":"Tea tree body wash manufacturing Common Formulas The main ingredient in this Tea Tree Body Wash is natural tea tree essential oil. Tea Tree oil is a natural anti-bacterial and anti-inflammatory ingredient that not only cleanses the skin, but also repairs damaged skin and prevents skin problems from occurring. We have also added plant extracts [&hellip;]","protected":false},"featured_media":406,"menu_order":0,"template":"","meta":[],"product-tag":[],"products":[57],"class_list":["post-402","product","type-product","status-publish","has-post-thumbnail","hentry","products-body-wash"],"acf":[],"_links":{"self":[{"href":"https:\/\/www.ruiqigo.com\/de\/wp-json\/wp\/v2\/product\/402","targetHints":{"allow":["GET"]}}],"collection":[{"href":"https:\/\/www.ruiqigo.com\/de\/wp-json\/wp\/v2\/product"}],"about":[{"href":"https:\/\/www.ruiqigo.com\/de\/wp-json\/wp\/v2\/types\/product"}],"version-history":[{"count":0,"href":"https:\/\/www.ruiqigo.com\/de\/wp-json\/wp\/v2\/product\/402\/revisions"}],"wp:featuredmedia":[{"embeddable":true,"href":"https:\/\/www.ruiqigo.com\/de\/wp-json\/wp\/v2\/media\/406"}],"wp:attachment":[{"href":"https:\/\/www.ruiqigo.com\/de\/wp-json\/wp\/v2\/media?parent=402"}],"wp:term":[{"taxonomy":"product-tag","embeddable":true,"href":"https:\/\/www.ruiqigo.com\/de\/wp-json\/wp\/v2\/product-tag?post=402"},{"taxonomy":"products","embeddable":true,"href":"https:\/\/www.ruiqigo.com\/de\/wp-json\/wp\/v2\/products?post=402"}],"curies":[{"name":"wp","href":"https:\/\/api.w.org\/{rel}","templated":true}]}}