{"id":403,"date":"2024-07-08T10:56:54","date_gmt":"2024-07-08T02:56:54","guid":{"rendered":"https:\/\/ruiqigo.com\/?post_type=product&#038;p=403"},"modified":"2024-10-28T11:35:04","modified_gmt":"2024-10-28T03:35:04","slug":"travel-size-body-wash","status":"publish","type":"product","link":"https:\/\/www.ruiqigo.com\/de\/product\/travel-size-body-wash","title":{"rendered":"Duschgel in Reisegr\u00f6\u00dfe"},"content":{"rendered":"<h3 class=\"wp-block-heading\">Herstellung von Duschgels in Reisegr\u00f6\u00dfe \u2013 G\u00e4ngige Formeln<\/h3>\n\n\n\n<p>Dieses Duschgel in Reisegr\u00f6\u00dfe enth\u00e4lt sanfte, nicht reizende, pflanzliche Reinigungsstoffe, die die Haut gr\u00fcndlich reinigen, Unreinheiten entfernen und gleichzeitig die Hautbarriere sch\u00fctzen und einen guten Hautzustand aufrechterhalten. Dar\u00fcber hinaus haben wir der Formel n\u00e4hrende und feuchtigkeitsspendende Inhaltsstoffe wie Sheabutter und Wei\u00dftee-Extrakt hinzugef\u00fcgt, die die Haut umfassend pflegen und die N\u00e4hrstoffe liefern, die sie braucht, um Ihre Haut w\u00e4hrend der gesamten Reise mit Feuchtigkeit zu versorgen und geschmeidig zu halten. Alle Inhaltsstoffe werden sorgf\u00e4ltig ausgew\u00e4hlt, um die Sicherheit und Wirksamkeit des Produkts zu gew\u00e4hrleisten und Ihnen ein angenehmes und sicheres Erlebnis zu bieten.<\/p>\n\n\n\n<h3 class=\"wp-block-heading\">Duschgel in Reisegr\u00f6\u00dfe Anwendbare Szenarien<\/h3>\n\n\n\n<p>Das Duschgel in Reisegr\u00f6\u00dfe ist ein individueller Reinigungsbegleiter f\u00fcr Reisende. Es eignet sich f\u00fcr Kurzreisen, zur Erfrischung nach langen Fl\u00fcgen, zur schnellen Reinigung nach Outdoor-Aktivit\u00e4ten, zur K\u00f6rperpflege auf Gesch\u00e4ftsreisen, zum bequemen Baden nach dem Training im Fitnessstudio und zum Hygieneschutz bei Hotelaufenthalten. Das leichte Verpackungsdesign erleichtert das Tragen und sorgt f\u00fcr ein angenehmes Badeerlebnis auf jeder Reise.<\/p>\n\n\n\n<h3 class=\"wp-block-heading\">F\u00fcr wen ist der Duschgel in Reisegr\u00f6\u00dfe geeignet?<\/h3>\n\n\n\n<p>Das Duschgel in Reisegr\u00f6\u00dfe wurde f\u00fcr Vielreisende entwickelt und eignet sich f\u00fcr Reisende, Gesch\u00e4ftsleute oder Abenteuerlustige, die eine praktische K\u00f6rperpflege ben\u00f6tigen. Die tragbare Verpackung und die multifunktionale Formel erf\u00fcllen den Bedarf an Reinigung und Feuchtigkeitspflege f\u00fcr unterwegs und sind f\u00fcr alle Hauttypen geeignet, insbesondere f\u00fcr Benutzer, die nach einer einfachen und effizienten Hautpflegel\u00f6sung suchen.<\/p>\n\n\n\n<h3 class=\"wp-block-heading\">Produktionsprozess von Duschgel in Reisegr\u00f6\u00dfe<\/h3>\n\n\n\n<p>Bei der Herstellung des Duschgels in Reisegr\u00f6\u00dfe haben wir uns auf die Tragbarkeit und Zweckm\u00e4\u00dfigkeit des Produkts konzentriert. Das leichte Verpackungsdesign sorgt daf\u00fcr, dass es leicht zu transportieren ist und nicht zu viel Platz in Ihrem Gep\u00e4ck einnimmt. Gleichzeitig ist die Formel sowohl f\u00fcr eine sanfte Reinigung als auch f\u00fcr eine langanhaltende Feuchtigkeitsversorgung optimiert. W\u00e4hrend des Herstellungsprozesses werden strenge Qualit\u00e4tskontrollstandards eingehalten, um sicherzustellen, dass jede Flasche Duschgel ein gleichbleibendes Erlebnis bietet.<\/p>","protected":false},"excerpt":{"rendered":"Travel size body wash manufacturing Common Formulas This travel size body wash is formulated with gentle, non-irritating, plant-based cleansing ingredients that deeply cleanse the skin, removing impurities while also protecting the skin barrier and maintaining good skin condition. In addition, we have added nourishing and moisturizing ingredients such as Shea Butter and White Tea Extract [&hellip;]","protected":false},"featured_media":410,"menu_order":0,"template":"","meta":[],"product-tag":[],"products":[57],"class_list":["post-403","product","type-product","status-publish","has-post-thumbnail","hentry","products-body-wash"],"acf":[],"_links":{"self":[{"href":"https:\/\/www.ruiqigo.com\/de\/wp-json\/wp\/v2\/product\/403","targetHints":{"allow":["GET"]}}],"collection":[{"href":"https:\/\/www.ruiqigo.com\/de\/wp-json\/wp\/v2\/product"}],"about":[{"href":"https:\/\/www.ruiqigo.com\/de\/wp-json\/wp\/v2\/types\/product"}],"version-history":[{"count":0,"href":"https:\/\/www.ruiqigo.com\/de\/wp-json\/wp\/v2\/product\/403\/revisions"}],"wp:featuredmedia":[{"embeddable":true,"href":"https:\/\/www.ruiqigo.com\/de\/wp-json\/wp\/v2\/media\/410"}],"wp:attachment":[{"href":"https:\/\/www.ruiqigo.com\/de\/wp-json\/wp\/v2\/media?parent=403"}],"wp:term":[{"taxonomy":"product-tag","embeddable":true,"href":"https:\/\/www.ruiqigo.com\/de\/wp-json\/wp\/v2\/product-tag?post=403"},{"taxonomy":"products","embeddable":true,"href":"https:\/\/www.ruiqigo.com\/de\/wp-json\/wp\/v2\/products?post=403"}],"curies":[{"name":"wp","href":"https:\/\/api.w.org\/{rel}","templated":true}]}}