{"id":405,"date":"2024-07-08T11:19:22","date_gmt":"2024-07-08T03:19:22","guid":{"rendered":"https:\/\/ruiqigo.com\/?post_type=product&#038;p=405"},"modified":"2024-10-28T11:15:36","modified_gmt":"2024-10-28T03:15:36","slug":"retinol-hand-cream","status":"publish","type":"product","link":"https:\/\/www.ruiqigo.com\/de\/product\/retinol-hand-cream","title":{"rendered":"Retinol-Handcreme"},"content":{"rendered":"<h3 class=\"wp-block-heading\">Herstellung von Retinol-Handcremes \u2013 g\u00e4ngige Formeln<\/h3>\n\n\n\n<p>Die Hauptbestandteile dieser Retinol-Handcreme sind Retinol und Jojoba\u00f6l. Retinol ist ein fettl\u00f6sliches Vitamin, das die Zellerneuerung stimuliert und besch\u00e4digte Haut an den H\u00e4nden repariert, w\u00e4hrend Jojoba\u00f6l reich an einer Vielzahl nat\u00fcrlicher Fetts\u00e4uren ist, die die Haut tiefenwirksam n\u00e4hren und Trockenheit und Rauheit verbessern. Dar\u00fcber hinaus enth\u00e4lt die Formel auch S\u00fc\u00dfmandel\u00f6l, Sesam\u00f6l und andere feuchtigkeitsspendende Inhaltsstoffe, die den Feuchtigkeitsbedarf der Haut effektiv decken und das optimale Wasser-\u00d6l-Gleichgewicht aufrechterhalten k\u00f6nnen.<\/p>\n\n\n\n<h3 class=\"wp-block-heading\">Retinol-Handcreme Anwendbare Szenarien<\/h3>\n\n\n\n<p>Diese Retinol-Handcreme ist ideal f\u00fcr den Einsatz in trockenem und kaltem Klima. Kalte Wintertemperaturen und k\u00fcnstliche Heizung k\u00f6nnen trockene, schuppige und sogar rissige H\u00e4nde verursachen. Die reichhaltigen feuchtigkeitsspendenden Inhaltsstoffe dieser Handcreme n\u00e4hren Ihre H\u00e4nde tiefenwirksam, geben ihnen die ben\u00f6tigte Feuchtigkeit zur\u00fcck, reparieren besch\u00e4digte Zellen und stellen ihre Weichheit und Ausstrahlung wieder her. Dar\u00fcber hinaus kann sie auch eine Schutzbarriere f\u00fcr die H\u00e4nde bilden und so das Auftreten von Trockenheit, Frostrissen und anderen Problemen wirksam verhindern. Ob im Winter oder in der trockenen und windigen Jahreszeit, diese Handcreme bietet Ihnen eine umfassende Pflege f\u00fcr Ihre H\u00e4nde.<\/p>\n\n\n\n<h3 class=\"wp-block-heading\">F\u00fcr wen ist Retinol-Handcreme geeignet?<\/h3>\n\n\n\n<p>Diese Retinol-Handcreme ist ideal f\u00fcr Anwender mit trockener Haut. Egal, ob Ihre H\u00e4nde durch h\u00e4ufiges H\u00e4ndewaschen oder Kontakt mit Chemikalien trocken sind oder Ihre Haut aufgrund des kalten Winterwetters schuppig ist, diese Handcreme versorgt Sie mit der n\u00f6tigen Pflege. Sie dringt tief in die Haut ein, um die ben\u00f6tigten N\u00e4hrstoffe wieder aufzuf\u00fcllen und besch\u00e4digte Zellen zu reparieren, sodass die H\u00e4nde weich und geschmeidig bleiben. Gleichzeitig zieht sie schnell ein, ohne ein klebriges Gef\u00fchl zu hinterlassen, und ist daher f\u00fcr alle Hauttypen geeignet.<\/p>\n\n\n\n<h3 class=\"wp-block-heading\">Produktionsprozess f\u00fcr Retinol-Handcreme<\/h3>\n\n\n\n<p>Der spezielle Herstellungsprozess der Retinol-Handcreme umfasst die Verwendung einer stabilisierten Retinol-Formel zur Aufrechterhaltung ihrer antioxidativen Wirkung und einen Niedrigtemperatur-Extraktionsprozess zur Minimierung der Zerst\u00f6rung der Inhaltsstoffe. Eine strenge Kontrolle des pH-Werts und der Umgebungsfeuchtigkeit w\u00e4hrend der Produktion gew\u00e4hrleistet die Stabilit\u00e4t und Wirksamkeit von Retinol. Dar\u00fcber hinaus werden speziell hinzugef\u00fcgte feuchtigkeitsspendende Inhaltsstoffe wie Glycerin und Hyalurons\u00e4ure genau dosiert, um eine tiefe Pflege ohne Fettigkeit f\u00fcr alle Hauttypen zu erreichen.<\/p>","protected":false},"excerpt":{"rendered":"Retinol hand cream manufacturing Common Formulas The core ingredients of this Retinol Hand Cream include Retinol and Jojoba Seed Oil. Retinol is a fat-soluble vitamin that stimulates cell renewal and repairs damaged skin on the hands, while Jojoba Seed Oil is rich in a variety of natural fatty acids that deeply nourish the skin and [&hellip;]","protected":false},"featured_media":414,"menu_order":0,"template":"","meta":[],"product-tag":[],"products":[58],"class_list":["post-405","product","type-product","status-publish","has-post-thumbnail","hentry","products-hand-cream"],"acf":[],"_links":{"self":[{"href":"https:\/\/www.ruiqigo.com\/de\/wp-json\/wp\/v2\/product\/405","targetHints":{"allow":["GET"]}}],"collection":[{"href":"https:\/\/www.ruiqigo.com\/de\/wp-json\/wp\/v2\/product"}],"about":[{"href":"https:\/\/www.ruiqigo.com\/de\/wp-json\/wp\/v2\/types\/product"}],"version-history":[{"count":0,"href":"https:\/\/www.ruiqigo.com\/de\/wp-json\/wp\/v2\/product\/405\/revisions"}],"wp:featuredmedia":[{"embeddable":true,"href":"https:\/\/www.ruiqigo.com\/de\/wp-json\/wp\/v2\/media\/414"}],"wp:attachment":[{"href":"https:\/\/www.ruiqigo.com\/de\/wp-json\/wp\/v2\/media?parent=405"}],"wp:term":[{"taxonomy":"product-tag","embeddable":true,"href":"https:\/\/www.ruiqigo.com\/de\/wp-json\/wp\/v2\/product-tag?post=405"},{"taxonomy":"products","embeddable":true,"href":"https:\/\/www.ruiqigo.com\/de\/wp-json\/wp\/v2\/products?post=405"}],"curies":[{"name":"wp","href":"https:\/\/api.w.org\/{rel}","templated":true}]}}