{"id":423,"date":"2024-07-08T11:46:52","date_gmt":"2024-07-08T03:46:52","guid":{"rendered":"https:\/\/ruiqigo.com\/?post_type=product&#038;p=423"},"modified":"2024-11-12T22:37:58","modified_gmt":"2024-11-12T14:37:58","slug":"shea-butter-hand-cream","status":"publish","type":"product","link":"https:\/\/www.ruiqigo.com\/de\/product\/shea-butter-hand-cream","title":{"rendered":"Sheabutter Handcreme"},"content":{"rendered":"<h3 class=\"wp-block-heading\">Herstellung von Sheabutter-Handcremes \u2013 g\u00e4ngige Formeln<\/h3>\n\n\n\n<p>Der Hauptbestandteil dieser Sheabutter-Handcreme ist nat\u00fcrliche Sheabutter. Sheabutter ist reich an Fetts\u00e4uren und Vitaminen und n\u00e4hrt und repariert trockene und raue Handhaut tiefenwirksam. Dar\u00fcber hinaus enth\u00e4lt die Formel auch N\u00e4hrstoffe wie Sheabutter, die die Hautfeuchtigkeit effektiv wieder auff\u00fcllen, die Elastizit\u00e4t verbessern und die H\u00e4nde wieder weich und geschmeidig machen k\u00f6nnen. Diese hochwertigen nat\u00fcrlichen Inhaltsstoffe sind nicht nur sicher und nicht reizend, sondern bieten auch eine umfassende Pflege f\u00fcr Ihre H\u00e4nde, sodass die Haut immer weich und geschmeidig ist.<\/p>\n\n\n\n<h3 class=\"wp-block-heading\">Anwendungsszenarien f\u00fcr Sheabutter-Handcreme<\/h3>\n\n\n\n<p>Diese Sheabutter-Handcreme eignet sich besonders f\u00fcr trockenes und kaltes Klima. Kalte Wintertemperaturen und k\u00fcnstliche Heizungen k\u00f6nnen zu trockenen, schuppigen und sogar rissigen H\u00e4nden f\u00fchren. Die reichhaltigen, pflegenden Inhaltsstoffe dieser Handcreme reparieren die Haut tiefenwirksam und spenden der Haut die n\u00f6tige Feuchtigkeit, damit Ihre H\u00e4nde wieder weich und geschmeidig werden. Dar\u00fcber hinaus kann sie auch eine Schutzbarriere f\u00fcr die H\u00e4nde bilden und so das Auftreten von Trockenheit, Frostrissen und anderen Problemen wirksam verhindern. Ob kalter Winter oder trockene, windige Jahreszeit \u2013 diese Handcreme gibt Ihren H\u00e4nden die umfassende Pflege, die sie brauchen.<\/p>\n\n\n\n<h3 class=\"wp-block-heading\">F\u00fcr wen ist die Sheabutter-Handcreme geeignet?<\/h3>\n\n\n\n<p>Diese Handcreme mit Sheabutter ist ideal f\u00fcr Benutzer mit trockener Haut. Egal, ob Ihre H\u00e4nde durch h\u00e4ufiges H\u00e4ndewaschen oder Kontakt mit Chemikalien trocken sind oder Ihre Haut aufgrund des kalten Winterwetters schuppig ist, diese Handcreme versorgt Sie mit der Pflege, die Sie brauchen. Sie n\u00e4hrt und repariert die Haut Ihrer H\u00e4nde tiefenwirksam und versorgt sie mit der Feuchtigkeit und den N\u00e4hrstoffen, die sie brauchen, um weich und geschmeidig zu sein. Gleichzeitig zieht sie schnell ein, ohne ein klebriges Gef\u00fchl zu hinterlassen, und ist daher f\u00fcr alle Hauttypen geeignet. Egal, in welchem Zustand sich Ihre H\u00e4nde befinden, diese Handcreme bietet ihnen die umfassende Pflege, die sie brauchen, um mit Feuchtigkeit versorgt und gesund zu sein.<\/p>\n\n\n\n<h3 class=\"wp-block-heading\">Produktionsprozess der Sheabutter-Handcreme<\/h3>\n\n\n\n<p>Bei der Herstellung der Sheabutter-Handcreme wird besonderes Augenmerk auf die Qualit\u00e4t der Inhaltsstoffe und die Wissenschaft der Formel gelegt. Ausgew\u00e4hlte hochwertige Sheabutter, kombiniert mit Vitamin E und anderen nat\u00fcrlichen feuchtigkeitsspendenden Inhaltsstoffen, wird in einem schonenden Emulgierungsverfahren verwendet, um sicherzustellen, dass die Produkttextur zart ist und schnell einzieht. Der gesamte Produktionsprozess folgt den GMP-Standards, um die Reinheit und Wirksamkeit des Produkts sicherzustellen.<\/p>","protected":false},"excerpt":{"rendered":"Shea butter hand cream manufacturing Common Formulas The core ingredient of this Shea Butter Hand Cream is natural Shea Butter. Rich in fatty acids and vitamins, shea butter deeply nourishes and repairs dry and rough hand skin. In addition, the formula also adds nutrients such as shea butter, which can effectively replenish skin moisture, enhance [&hellip;]","protected":false},"featured_media":426,"menu_order":0,"template":"","meta":[],"product-tag":[],"products":[58],"class_list":["post-423","product","type-product","status-publish","has-post-thumbnail","hentry","products-hand-cream"],"acf":[],"_links":{"self":[{"href":"https:\/\/www.ruiqigo.com\/de\/wp-json\/wp\/v2\/product\/423","targetHints":{"allow":["GET"]}}],"collection":[{"href":"https:\/\/www.ruiqigo.com\/de\/wp-json\/wp\/v2\/product"}],"about":[{"href":"https:\/\/www.ruiqigo.com\/de\/wp-json\/wp\/v2\/types\/product"}],"version-history":[{"count":0,"href":"https:\/\/www.ruiqigo.com\/de\/wp-json\/wp\/v2\/product\/423\/revisions"}],"wp:featuredmedia":[{"embeddable":true,"href":"https:\/\/www.ruiqigo.com\/de\/wp-json\/wp\/v2\/media\/426"}],"wp:attachment":[{"href":"https:\/\/www.ruiqigo.com\/de\/wp-json\/wp\/v2\/media?parent=423"}],"wp:term":[{"taxonomy":"product-tag","embeddable":true,"href":"https:\/\/www.ruiqigo.com\/de\/wp-json\/wp\/v2\/product-tag?post=423"},{"taxonomy":"products","embeddable":true,"href":"https:\/\/www.ruiqigo.com\/de\/wp-json\/wp\/v2\/products?post=423"}],"curies":[{"name":"wp","href":"https:\/\/api.w.org\/{rel}","templated":true}]}}