{"id":424,"date":"2024-07-08T11:52:15","date_gmt":"2024-07-08T03:52:15","guid":{"rendered":"https:\/\/ruiqigo.com\/?post_type=product&#038;p=424"},"modified":"2024-11-06T15:04:57","modified_gmt":"2024-11-06T07:04:57","slug":"coconut-massage-oil","status":"publish","type":"product","link":"https:\/\/www.ruiqigo.com\/de\/product\/coconut-massage-oil","title":{"rendered":"Kokosnuss-Massage\u00f6l"},"content":{"rendered":"<h2 class=\"wp-block-heading\">G\u00e4ngige Formeln f\u00fcr die Herstellung von Kokosnuss-Massage\u00f6l<\/h2>\n\n\n\n<p>Die Hauptbestandteile dieses Kokosnuss-Massage\u00f6ls sind nat\u00fcrliches reines Kokosnuss\u00f6l und Sonnenblumenkern\u00f6l. Kokosnuss\u00f6l ist reich an mittelkettigen Fetts\u00e4uren, die schnell tief in die Haut eindringen und eine starke feuchtigkeitsspendende und reparierende Wirkung haben. Sonnenblumenkern\u00f6l ist reich an Vitaminen und Antioxidantien, die Muskelschmerzen lindern und den Hautzustand verbessern. Als professioneller Hersteller von Kokosnuss-Massage\u00f6l sind diese hochwertigen nat\u00fcrlichen Inhaltsstoffe nicht nur sicher und nicht reizend, sondern nutzen auch die schmierende, massierende und beruhigende Wirkung voll aus, um Haut, K\u00f6rper und Geist umfassend zu pflegen.<\/p>\n\n\n\n<h2 class=\"wp-block-heading\">Anwendungsszenarien f\u00fcr Kokosnuss-Massage\u00f6l<\/h2>\n\n\n\n<p>Dieses Kokosnuss-Massage\u00f6l ist ideal f\u00fcr den Einsatz in hei\u00dfen, trockenen Klimazonen. W\u00e4hrend der hei\u00dfen und schw\u00fclen Sommermonate neigt die Haut zu Trockenheit und Schuppenbildung und die Muskeln sind anf\u00e4llig f\u00fcr Schmerzen. Dieses Massage\u00f6l dringt schnell ein und zieht ein, ohne ein klebriges Gef\u00fchl auf der Haut zu hinterlassen. Gleichzeitig versorgt es die Haut tiefgehend mit N\u00e4hrstoffen und lindert M\u00fcdigkeit, sodass Sie sich in der Hitze des Tages k\u00fchl und wohl f\u00fchlen. Es sch\u00fctzt die Haut auch vor Sonnensch\u00e4den und erm\u00f6glicht so eine umfassende Pflege in den unterschiedlichsten Umgebungen.<\/p>\n\n\n\n<h2 class=\"wp-block-heading\">F\u00fcr wen ist Kokosnuss-Massage\u00f6l geeignet?<\/h2>\n\n\n\n<p>Dieses Kokosnuss-Massage\u00f6l ist f\u00fcr alle Hauttypen geeignet. Egal, ob Sie trockene, empfindliche oder fettige Haut haben, Sie werden von diesem Massage\u00f6l profitieren. Es dringt schnell ein und zieht ein, ohne die Haut zu belasten, und versorgt sie gleichzeitig mit tiefenwirksamer Nahrung und lindert Schmerzen. Besonders f\u00fcr diejenigen, die trainieren oder k\u00f6rperliche Arbeit verrichten, hilft dieses \u00d6l, die Muskeln zu entspannen, M\u00fcdigkeit zu lindern und sie wieder in einen Zustand der Entspannung und des Wohlbefindens zu versetzen. Unabh\u00e4ngig von Ihrem Hautzustand wird dieses Kokosnuss-Massage\u00f6l Sie rundum verw\u00f6hnen.<\/p>\n\n\n\n<h2 class=\"wp-block-heading\">Herstellungsprozess von Kokosnuss-Massage\u00f6l<\/h2>\n\n\n\n<p>Der spezielle Herstellungsprozess von Kokosnuss-Massage\u00f6l legt Wert auf die Extraktion von reinem Pflanzen\u00f6l aus Kokosn\u00fcssen h\u00f6chster Qualit\u00e4t. Durch Kaltpressung wird die Integrit\u00e4t der nat\u00fcrlichen Fetts\u00e4uren und des Vitamins E im \u00d6l bewahrt. Als f\u00fchrender Hersteller von Kokosnuss-Massage\u00f6l werden w\u00e4hrend des Herstellungsprozesses Temperatur und Druck streng kontrolliert, um eine Besch\u00e4digung des \u00d6ls durch hohe Temperaturen zu vermeiden und die Reinheit und pflegende Wirkung des Massage\u00f6ls sicherzustellen. Dar\u00fcber hinaus werden Verunreinigungen durch Feinfiltration entfernt, um ein geschmeidiges Gef\u00fchl und eine tief feuchtigkeitsspendende Wirkung zu erzielen.<\/p>\n\n\n\n<p><\/p>","protected":false},"excerpt":{"rendered":"Coconut massage oil manufacturing common formulas The main ingredients of this Coconut Massage Oil are naturally pure coconut oil and sunflower seed oil. Coconut oil is rich in medium-chain fatty acids, which penetrate deep into the skin quickly and provide powerful moisturizing and repairing effects. Sunflower Seed Oil is rich in vitamins and antioxidants to [&hellip;]","protected":false},"featured_media":430,"menu_order":0,"template":"","meta":[],"product-tag":[],"products":[59],"class_list":["post-424","product","type-product","status-publish","has-post-thumbnail","hentry","products-massage-oil"],"acf":[],"_links":{"self":[{"href":"https:\/\/www.ruiqigo.com\/de\/wp-json\/wp\/v2\/product\/424","targetHints":{"allow":["GET"]}}],"collection":[{"href":"https:\/\/www.ruiqigo.com\/de\/wp-json\/wp\/v2\/product"}],"about":[{"href":"https:\/\/www.ruiqigo.com\/de\/wp-json\/wp\/v2\/types\/product"}],"version-history":[{"count":0,"href":"https:\/\/www.ruiqigo.com\/de\/wp-json\/wp\/v2\/product\/424\/revisions"}],"wp:featuredmedia":[{"embeddable":true,"href":"https:\/\/www.ruiqigo.com\/de\/wp-json\/wp\/v2\/media\/430"}],"wp:attachment":[{"href":"https:\/\/www.ruiqigo.com\/de\/wp-json\/wp\/v2\/media?parent=424"}],"wp:term":[{"taxonomy":"product-tag","embeddable":true,"href":"https:\/\/www.ruiqigo.com\/de\/wp-json\/wp\/v2\/product-tag?post=424"},{"taxonomy":"products","embeddable":true,"href":"https:\/\/www.ruiqigo.com\/de\/wp-json\/wp\/v2\/products?post=424"}],"curies":[{"name":"wp","href":"https:\/\/api.w.org\/{rel}","templated":true}]}}