{"id":425,"date":"2024-07-08T11:57:29","date_gmt":"2024-07-08T03:57:29","guid":{"rendered":"https:\/\/ruiqigo.com\/?post_type=product&#038;p=425"},"modified":"2024-11-06T15:07:05","modified_gmt":"2024-11-06T07:07:05","slug":"lavender-massage-oil","status":"publish","type":"product","link":"https:\/\/www.ruiqigo.com\/de\/product\/lavender-massage-oil","title":{"rendered":"Lavendel Massage\u00f6l"},"content":{"rendered":"<h3 class=\"wp-block-heading\">Herstellung von Lavendel-Massage\u00f6l \u2013 g\u00e4ngige Formeln<\/h3>\n\n\n\n<p>Die Hauptbestandteile dieses Lavendel-Massage\u00f6ls sind nat\u00fcrliches reines \u00e4therisches Lavendel\u00f6l und Sonnenblumenkern\u00f6l. Das \u00e4therische Lavendel\u00f6l ist reich an bioaktiven Inhaltsstoffen und hat hervorragende aromatherapeutische Eigenschaften, die helfen, emotionalen Stress abzubauen und das geistige Wohlbefinden zu steigern. Als vertrauensw\u00fcrdiger Hersteller von Lavendel-Massage\u00f6l wissen wir, dass Sonnenblumenkern\u00f6l reich an Vitaminen und Linols\u00e4ure ist, die die Haut effektiv n\u00e4hren und reparieren und den Zustand trockener und rauer Haut verbessern k\u00f6nnen. Diese hochwertigen Inhaltsstoffe sind nicht nur sicher und nicht reizend, sondern entfalten bei der Anwendung auch die vielf\u00e4ltigen entspannenden, beruhigenden und pflegenden Wirkungen voll und ganz und bieten umfassende Pflege f\u00fcr Haut und Geist.<\/p>\n\n\n\n<h3 class=\"wp-block-heading\">Anwendungsszenarien f\u00fcr Lavendel-Massage\u00f6l<\/h3>\n\n\n\n<p>Dieses Lavendel-Massage\u00f6l ist perfekt f\u00fcr hei\u00dfe, schw\u00fcle Sommertage. Bei hei\u00dfem, schw\u00fclem Wetter neigt die Haut zu Trockenheit und Rauheit sowie zu M\u00fcdigkeit und Angst. Dieses Massage\u00f6l dringt schnell in die Haut ein, ohne ein klebriges Gef\u00fchl zu hinterlassen, und bietet gleichzeitig ein entspannendes und pflegendes Aroma, das Ihnen in der Hitze ein frisches und angenehmes Gef\u00fchl gibt. Dar\u00fcber hinaus sch\u00fctzt es die Haut vor Sonnensch\u00e4den und erm\u00f6glicht so ein erholsames und angenehmes Erlebnis in jeder Umgebung.<\/p>\n\n\n\n<h3 class=\"wp-block-heading\">F\u00fcr wen ist Lavendel Massage\u00f6l geeignet?<\/h3>\n\n\n\n<p>Dieses Lavendel-Massage\u00f6l ist f\u00fcr alle Hauttypen geeignet. Bei Stress und Reizbarkeit kann es helfen, \u00c4ngste abzubauen, die geistige Verfassung zu verbessern und K\u00f6rper und Geist durch Aromatherapie zu entspannen. Gleichzeitig kann es die Haut tiefenwirksam n\u00e4hren, Trockenheit und Rauheit lindern, sodass die Haut wieder weich und geschmeidig wird. Besonders bei Personen, die h\u00e4ufig hochintensiv arbeiten, kann dieses Massage\u00f6l helfen, die Muskeln zu entspannen, M\u00fcdigkeit zu lindern und eine umfassende Pflege zu bieten.<\/p>\n\n\n\n<h3 class=\"wp-block-heading\">Herstellungsprozess von Lavendel-Massage\u00f6l<\/h3>\n\n\n\n<p>Der spezielle Herstellungsprozess von Lavendel-Massage\u00f6l umfasst die Extraktion des \u00e4therischen \u00d6ls aus ausgew\u00e4hlten Lavendelbl\u00fcten durch Wasserdampfdestillation, ein Verfahren, bei dem das nat\u00fcrliche Aroma und die heilenden Eigenschaften des Lavendels erhalten bleiben. Anschlie\u00dfend werden die \u00e4therischen \u00d6le in genauen Proportionen mit hochwertigen Tr\u00e4ger\u00f6len wie S\u00fc\u00dfmandel\u00f6l oder Traubenkern\u00f6l vermischt, um sicherzustellen, dass das Massage\u00f6l eindringt und n\u00e4hrt. Als zuverl\u00e4ssiger Hersteller von Lavendel-Massage\u00f6l findet der gesamte Produktionsprozess in einer streng kontrollierten Umgebung statt, in der Licht und Hitze vermieden werden, um die Stabilit\u00e4t und Reinheit des \u00d6ls zu erhalten.<\/p>","protected":false},"excerpt":{"rendered":"Lavender massage oil manufacturing common formulas The main ingredients of this lavender massage oil are natural pure lavender essential oil and sunflower seed oil. Lavender essential oil is rich in bio-active ingredients and has excellent aromatherapeutic properties, helping to relieve emotional stress and enhance mental well-being. As a trustworthy Lavender massage oil manufacturer, we know [&hellip;]","protected":false},"featured_media":434,"menu_order":0,"template":"","meta":[],"product-tag":[],"products":[59],"class_list":["post-425","product","type-product","status-publish","has-post-thumbnail","hentry","products-massage-oil"],"acf":[],"_links":{"self":[{"href":"https:\/\/www.ruiqigo.com\/de\/wp-json\/wp\/v2\/product\/425","targetHints":{"allow":["GET"]}}],"collection":[{"href":"https:\/\/www.ruiqigo.com\/de\/wp-json\/wp\/v2\/product"}],"about":[{"href":"https:\/\/www.ruiqigo.com\/de\/wp-json\/wp\/v2\/types\/product"}],"version-history":[{"count":0,"href":"https:\/\/www.ruiqigo.com\/de\/wp-json\/wp\/v2\/product\/425\/revisions"}],"wp:featuredmedia":[{"embeddable":true,"href":"https:\/\/www.ruiqigo.com\/de\/wp-json\/wp\/v2\/media\/434"}],"wp:attachment":[{"href":"https:\/\/www.ruiqigo.com\/de\/wp-json\/wp\/v2\/media?parent=425"}],"wp:term":[{"taxonomy":"product-tag","embeddable":true,"href":"https:\/\/www.ruiqigo.com\/de\/wp-json\/wp\/v2\/product-tag?post=425"},{"taxonomy":"products","embeddable":true,"href":"https:\/\/www.ruiqigo.com\/de\/wp-json\/wp\/v2\/products?post=425"}],"curies":[{"name":"wp","href":"https:\/\/api.w.org\/{rel}","templated":true}]}}